{"id":16207,"date":"2021-10-11T04:10:45","date_gmt":"2021-10-11T07:10:45","guid":{"rendered":"https:\/\/bonfimnoticias.com.br\/contato\/"},"modified":"2021-10-11T04:10:45","modified_gmt":"2021-10-11T07:10:45","slug":"contato","status":"publish","type":"page","link":"https:\/\/bonfimnoticias.com.br\/tr\/contato\/","title":{"rendered":"Temas etmek"},"content":{"rendered":"<p><!-- wp_cf5e68:paragraph --><\/p>\n<p>\u0130leti\u015fim e-postas\u0131: Contato@bonfimnoticias.com.br<\/p>\n<p><!-- \/wp_cf5e68:paragraph --><\/p>\n<p><!-- wp_cf5e68:paragraph --><\/p>\n<p>Telefon: 83999500972<\/p>\n<p><!-- \/wp_cf5e68:paragraph --><\/p>","protected":false},"excerpt":{"rendered":"<p>Email para contato: Contato@bonfimnoticias.com.br Telefone: 83999500972<\/p>","protected":false},"author":19,"featured_media":0,"parent":0,"menu_order":0,"comment_status":"closed","ping_status":"closed","template":"","meta":{"footnotes":""},"class_list":["post-16207","page","type-page","status-publish","hentry"],"_links":{"self":[{"href":"https:\/\/bonfimnoticias.com.br\/tr\/wp-json\/wp\/v2\/pages\/16207","targetHints":{"allow":["GET"]}}],"collection":[{"href":"https:\/\/bonfimnoticias.com.br\/tr\/wp-json\/wp\/v2\/pages"}],"about":[{"href":"https:\/\/bonfimnoticias.com.br\/tr\/wp-json\/wp\/v2\/types\/page"}],"author":[{"embeddable":true,"href":"https:\/\/bonfimnoticias.com.br\/tr\/wp-json\/wp\/v2\/users\/19"}],"replies":[{"embeddable":true,"href":"https:\/\/bonfimnoticias.com.br\/tr\/wp-json\/wp\/v2\/comments?post=16207"}],"version-history":[{"count":0,"href":"https:\/\/bonfimnoticias.com.br\/tr\/wp-json\/wp\/v2\/pages\/16207\/revisions"}],"wp:attachment":[{"href":"https:\/\/bonfimnoticias.com.br\/tr\/wp-json\/wp\/v2\/media?parent=16207"}],"curies":[{"name":"wp","href":"https:\/\/api.w.org\/{rel}","templated":true}]}}