{"id":19704,"date":"2025-06-18T04:00:23","date_gmt":"2025-06-18T07:00:23","guid":{"rendered":"https:\/\/bonfimnoticias.com.br\/?page_id=19704"},"modified":"2025-06-19T17:55:07","modified_gmt":"2025-06-19T20:55:07","slug":"scotiabank-one-rewards-classic","status":"publish","type":"page","link":"https:\/\/bonfimnoticias.com.br\/ja\/scotiabank-one-rewards-classic\/","title":{"rendered":"\u30b9\u30b3\u30b7\u30a2\u30d0\u30f3\u30af\u30fb\u30ef\u30f3\u30fb\u30ea\u30ef\u30fc\u30c9\u30fb\u30af\u30e9\u30b7\u30c3\u30af"},"content":{"rendered":"<p><!-- wp_cf5e68:paragraph --><\/p>\n<p><style>\/*! elementor - v3.15.0 - 20-08-2023 *\/<br \/>\n.elementor-heading-title{padding:0;margin:0;line-height:1}.elementor-widget-heading .elementor-heading-title[class*=elementor-size-]>a{color:inherit;font-size:inherit;line-height:inherit}.elementor-widget-heading .elementor-heading-title.elementor-size-small{font-size:15px}.elementor-widget-heading .elementor-heading-title.elementor-size-medium{font-size:19px}.elementor-widget-heading .elementor-heading-title.elementor-size-large{font-size:29px}.elementor-widget-heading .elementor-heading-title.elementor-size-xl{font-size:39px}.elementor-widget-heading .elementor-heading-title.elementor-size-xxl{font-size:59px}<\/style>\n<\/p>\n<p><!-- \/wp_cf5e68:paragraph --><\/p>\n<p><!-- wp_cf5e68:paragraph {\"align\":\"center\",\"fontSize\":\"small\"} --><\/p>\n<p class=\"has-text-align-center has-small-font-size\">\u30b9\u30b3\u30b7\u30a2\u30d0\u30f3\u30af\u30fb\u30b3\u30eb\u30d1\u30c8\u30ea\u30a2\u30fb\u30ef\u30f3\u30fb\u30ea\u30ef\u30fc\u30c9\u30fb\u30af\u30e9\u30b7\u30c3\u30af\u30fb\u30af\u30ec\u30b8\u30c3\u30c8\u30ab\u30fc\u30c9\u306e\u8a73\u7d30<\/p>\n<p><!-- \/wp_cf5e68:paragraph --><\/p>\n<p><!-- wp_cf5e68:html --><br \/>\n<script>\n\/\/ Seleciona o h1 da p\u00e1gina\nconst h1 = document.querySelector(\"h1\");<\/p>\n<p>\/\/ Verifica se o h1 existe\nif (h1) {\n  \/\/ Cria o elemento <a>\n  const link = document.createElement(\"a\");\n  link.href = \"https:\/\/bonfimnoticias.com.br\/como-solicitar-una-tarjeta-de-credito-ideal-scotiabank-2\/\";\n  link.textContent = h1.textContent;<\/p>\n<p>  \/\/ Aplica estilo opcional para manter apar\u00eancia de h1\n  link.style.color = \"inherit\";\n  link.style.textDecoration = \"none\";<\/p>\n<p>  \/\/ Substitui o conte\u00fado do h1 pelo link\n  h1.textContent = \"\"; \/\/ limpa o conte\u00fado original\n  h1.appendChild(link);\n}<\/p>\n<p><\/script><br \/>\n<!-- \/wp_cf5e68:html --><\/p>\n<p><!-- wp_cf5e68:html --><br \/>\n<a href=\"https:\/\/bonfimnoticias.com.br\/ja\/como-solicitar-una-tarjeta-de-credito-ideal-scotiabank-2\/\" rel=\"noopener noreferrer\"><br \/>\n  <img loading=\"lazy\" decoding=\"async\" src=\"https:\/\/cdn.aglty.io\/\/scotiabank-colombia\/scotiabank-colpatria\/imagenes\/tarjetas\/One_Rewards_Classic_1069X685.png\"\n       alt=\"Logo Scotiabank One Rewards Classic\"\n       style=\"width: 295px; height: auto; display: block; margin: 0 auto;\" \/><br \/>\n<\/a><br \/>\n<!-- \/wp_cf5e68:html --><\/p>\n<p><!-- wp_cf5e68:html --><\/p>\n<div class=\"button-group\">\n<h2 style=\"text-align: center; font-size: 18px; color: #000000;\">\n  \u5e0c\u671b\u3059\u308b\u5236\u9650\u5024\u306f\u3069\u308c\u304f\u3089\u3044\u3067\u3059\u304b\uff1f<br \/>\n<\/h2>\n<p>  <a href=\"https:\/\/bonfimnoticias.com.br\/ja\/como-solicitar-una-tarjeta-de-credito-ideal-scotiabank-2\/\" class=\"btn btn-red\">\u5236\u9650 $600 \u279c<\/a><br \/>\n  <a href=\"https:\/\/bonfimnoticias.com.br\/ja\/como-solicitar-una-tarjeta-de-credito-ideal-scotiabank-2\/\" class=\"btn btn-blue\">\u5236\u9650 $800 \u279c<\/a><br \/>\n  <a href=\"https:\/\/bonfimnoticias.com.br\/ja\/como-solicitar-una-tarjeta-de-credito-ideal-scotiabank-2\/\" class=\"btn btn-blue\">\u5236\u9650 $1300 \u279c<\/a>\n<\/div>\n<p><!-- \/wp_cf5e68:html --><\/p>\n<p><!-- wp_cf5e68:paragraph --><\/p>\n<p><!-- \/wp_cf5e68:paragraph --><\/p>\n<p><!-- wp_cf5e68:details --><\/p>\n<details class=\"wp_cf5e68-block-details\">\n<summary><strong><strong>\u518d\u5dee\u7570\u306b\u306f\u69d8\u3005\u306a\u7a2e\u985e\u304c\u3042\u308a\u307e\u3059\u3002<\/strong><\/strong><\/summary>\n<p><!-- wp_cf5e68:list --><\/p>\n<ul><!-- wp_cf5e68:list-item --><\/p>\n<li><strong>\u81ea\u52d5:<\/strong> \u5ef6\u6ede\u3057\u305f\u5206\u5272\u6255\u3044\u91d1\u306b\u5bfe\u3057\u3066\u9280\u884c\u304c\u76f4\u63a5\u63d0\u4f9b\u3059\u308b\u3082\u306e\u3002<\/li>\n<p><!-- \/wp_cf5e68:list-item --><\/p>\n<p><!-- wp_cf5e68:list-item --><\/p>\n<li><strong>\u5358\u4e00\u30b5\u30a4\u30ba\u30d7\u30e9\u30f3\u307e\u305f\u306f\u62e1\u5f35\u30b5\u30a4\u30ba\u30d7\u30e9\u30f3\uff1a<\/strong> \u767a\u884c\u4e3b\u4f53\u304a\u3088\u3073\u5951\u7d04\u6761\u4ef6\u306b\u3088\u3063\u3066\u7570\u306a\u308a\u307e\u3059\u3002<\/li>\n<p><!-- \/wp_cf5e68:list-item --><\/ul>\n<p><!-- \/wp_cf5e68:list --><\/details>\n<p><!-- \/wp_cf5e68:details --><\/p>\n<p><!-- wp_cf5e68:details --><\/p>\n<details class=\"wp_cf5e68-block-details\">\n<summary><strong><strong>\u3053\u306e\u30c4\u30fc\u30eb\u306e\u52b9\u7387\u6027\u306f\u3001\u4ee5\u4e0b\u306e\u65b9\u6cd5\u3067\u6e2c\u5b9a\u3055\u308c\u307e\u3059\u3002<\/strong><\/strong><\/summary>\n<p><!-- wp_cf5e68:paragraph --><\/p>\n<p><strong>Visa\u3001Mastercard\u3001American Express<\/strong>\u5927\u624b\u30d5\u30e9\u30f3\u30c1\u30e3\u30a4\u30ba\u3068\u3057\u3066\u3001\u6b8b\u9ad8\u3092\u88dc\u3046\u305f\u3081\u306e\u88dc\u5b8c\u7684\u306a\u7279\u5178\u3082\u63d0\u4f9b\u3057\u3066\u3044\u307e\u3059\u3002 <strong>\u7279\u5225\u30d7\u30ed\u30e2\u30fc\u30b7\u30e7\u30f3\u3001\u30ad\u30e3\u30c3\u30b7\u30e5\u30d0\u30c3\u30af\u3001\u307e\u305f\u306f\u512a\u9047\u6599\u91d1\u3078\u306e\u30a2\u30af\u30bb\u30b9<\/strong> \u4fe1\u7528\u4f9b\u4e0e\u6a5f\u95a2\u306b\u3088\u308b\u3068\u3002<\/p>\n<p><!-- \/wp_cf5e68:paragraph --><\/p>\n<p><!-- wp_cf5e68:list --><\/p>\n<ul><!-- wp_cf5e68:list-item --><\/p>\n<li>\u6708\u3005\u306e\u652f\u6255\u984d\u306e\u524a\u6e1b\u7387\u3002<\/li>\n<p><!-- \/wp_cf5e68:list-item --><\/p>\n<p><!-- wp_cf5e68:list-item --><\/p>\n<li>\u65b0\u898f\u898b\u7a4d\u3082\u308a\u3092\u671f\u65e5\u901a\u308a\u306b\u5c65\u884c\u3059\u308b\u3053\u3068\u3002<\/li>\n<p><!-- \/wp_cf5e68:list-item --><\/p>\n<p><!-- wp_cf5e68:list-item --><\/p>\n<li>\u6700\u9ad8\u306e\u4fe1\u7528\u30b9\u30b3\u30a2\u306f\u3001\u6570\u304b\u6708\u9593\u7d99\u7d9a\u3057\u3066\u652f\u6255\u3044\u3092\u884c\u3063\u305f\u5f8c\u306b\u5f97\u3089\u308c\u307e\u3059\u3002<\/li>\n<p><!-- \/wp_cf5e68:list-item --><\/ul>\n<p><!-- \/wp_cf5e68:list --><\/details>\n<p><!-- \/wp_cf5e68:details --><\/p>\n<p><!-- wp_cf5e68:details --><\/p>\n<details class=\"wp_cf5e68-block-details\">\n<summary><strong>\u8981\u4ef6<\/strong><\/summary>\n<p><!-- wp_cf5e68:list --><\/p>\n<ul><!-- wp_cf5e68:list-item --><\/p>\n<li>18\u6b73\u4ee5\u4e0a\u3067\u3042\u308b\u3053\u3068\u3002<\/li>\n<p><!-- \/wp_cf5e68:list-item --><\/p>\n<p><!-- wp_cf5e68:list-item --><\/p>\n<li>Tener ingresos comverables.<\/li>\n<p><!-- \/wp_cf5e68:list-item --><\/p>\n<p><!-- wp_cf5e68:list-item --><\/p>\n<li>\u516c\u7684\u8eab\u5206\u8a3c\u660e\u66f8\uff08\u56fd\u6c11\u8eab\u5206\u8a3c\u660e\u66f8\u307e\u305f\u306f\u30d1\u30b9\u30dd\u30fc\u30c8\uff09\u3092\u63d0\u793a\u3057\u3066\u304f\u3060\u3055\u3044\u3002<\/li>\n<p><!-- \/wp_cf5e68:list-item --><\/p>\n<p><!-- wp_cf5e68:list-item --><\/p>\n<li>\u826f\u597d\u306a\u4fe1\u7528\u5c65\u6b74\u3092\u6301\u3063\u3066\u3044\u308b\u3053\u3068\u3002<\/li>\n<p><!-- \/wp_cf5e68:list-item --><\/ul>\n<p><!-- \/wp_cf5e68:list --><\/p>\n<p><!-- wp_cf5e68:list --><\/p>\n<ul><!-- wp_cf5e68:list-item --><\/p>\n<li><strong>\u500b\u4eba\u5411\u3051\u30ed\u30fc\u30f3\uff1a<\/strong> $1,000\u304b\u3089$150,000\u307e\u3067\uff08\u73fe\u5730\u901a\u8ca8\u63db\u7b97\uff09\u3002<\/li>\n<p><!-- \/wp_cf5e68:list-item --><\/p>\n<p><!-- wp_cf5e68:list-item --><\/p>\n<li><strong>\u4f4f\u5b85\u30ed\u30fc\u30f3\uff1a<\/strong> \u4e0d\u52d5\u7523\u4fa1\u5024\u306e\u6700\u592790%\u307e\u3067\u3002<\/li>\n<p><!-- \/wp_cf5e68:list-item --><\/p>\n<p><!-- wp_cf5e68:list-item --><\/p>\n<li><strong>\u81ea\u52d5\u8eca\u30ed\u30fc\u30f3\uff1a<\/strong> \u8eca\u4e21\u4fa1\u683c\u3068\u9078\u629e\u3057\u305f\u671f\u9593\u306b\u3088\u3063\u3066\u7570\u306a\u308a\u307e\u3059\u3002<\/li>\n<p><!-- \/wp_cf5e68:list-item --><\/ul>\n<p><!-- \/wp_cf5e68:list --><\/details>\n<p><!-- \/wp_cf5e68:details --><\/p>\n<p><!-- wp_cf5e68:paragraph --><\/p>\n<p><!-- \/wp_cf5e68:paragraph --><\/p>\n<p><!-- wp_cf5e68:html --><\/p>\n<div class=\"button-group\">\n  <a href=\"https:\/\/bonfimnoticias.com.br\/ja\/como-solicitar-una-tarjeta-de-credito-ideal-scotiabank-2\/\" class=\"btn btn-red\">\u5236\u9650 $600 \u279c<\/a><br \/>\n  <a href=\"https:\/\/bonfimnoticias.com.br\/ja\/como-solicitar-una-tarjeta-de-credito-ideal-scotiabank-2\/\" class=\"btn btn-blue\">\u5236\u9650 $800 \u279c<\/a><br \/>\n  <a href=\"https:\/\/bonfimnoticias.com.br\/ja\/como-solicitar-una-tarjeta-de-credito-ideal-scotiabank-2\/\" class=\"btn btn-blue\">\u5236\u9650 $1300 \u279c<\/a>\n<\/div>\n<style>\n.button-group {\n  display: flex;\n  flex-direction: column;\n  gap: 16px;\n  max-width: 600px;\n  margin: 0 auto;\n}<\/p>\n<p>.btn {\n  display: block;\n  text-align: center;\n  padding: 16px;\n  border-radius: 32px;\n  font-size: 16px;\n  font-family: sans-serif;\n  text-decoration: none;\n  font-weight: 500;\n  color: white;\n  transition: background 0.3s ease;\n}<\/p>\n<p>.btn-red {\n  background-color: #d63333;\n}<\/p>\n<p>.btn-red:hover {\n  background-color: #b52a2a;\n}<\/p>\n<p>.btn-blue {\n  background-color: #0d9ae8;\n}<\/p>\n<p>.btn-blue:hover {\n  background-color: #0a84c6;\n}<\/p>\n<\/style>\n<p><!-- \/wp_cf5e68:html --><\/p>","protected":false},"excerpt":{"rendered":"<p>Detalles de Tarjeta de Cr\u00e9dito Scotiabank Colpatria One Rewards Classic \u00bfQu\u00e1l es el l\u00edmite que desea? L\u00cdMITE $600 \u279c L\u00cdMITE&#8230;<\/p>","protected":false},"author":19,"featured_media":0,"parent":0,"menu_order":0,"comment_status":"open","ping_status":"closed","template":"","meta":{"footnotes":""},"class_list":["post-19704","page","type-page","status-publish","hentry"],"_links":{"self":[{"href":"https:\/\/bonfimnoticias.com.br\/ja\/wp-json\/wp\/v2\/pages\/19704","targetHints":{"allow":["GET"]}}],"collection":[{"href":"https:\/\/bonfimnoticias.com.br\/ja\/wp-json\/wp\/v2\/pages"}],"about":[{"href":"https:\/\/bonfimnoticias.com.br\/ja\/wp-json\/wp\/v2\/types\/page"}],"author":[{"embeddable":true,"href":"https:\/\/bonfimnoticias.com.br\/ja\/wp-json\/wp\/v2\/users\/19"}],"replies":[{"embeddable":true,"href":"https:\/\/bonfimnoticias.com.br\/ja\/wp-json\/wp\/v2\/comments?post=19704"}],"version-history":[{"count":9,"href":"https:\/\/bonfimnoticias.com.br\/ja\/wp-json\/wp\/v2\/pages\/19704\/revisions"}],"predecessor-version":[{"id":19719,"href":"https:\/\/bonfimnoticias.com.br\/ja\/wp-json\/wp\/v2\/pages\/19704\/revisions\/19719"}],"wp:attachment":[{"href":"https:\/\/bonfimnoticias.com.br\/ja\/wp-json\/wp\/v2\/media?parent=19704"}],"curies":[{"name":"wp","href":"https:\/\/api.w.org\/{rel}","templated":true}]}}