{"id":19534,"date":"2025-01-16T07:24:52","date_gmt":"2025-01-16T10:24:52","guid":{"rendered":"https:\/\/bonfimnoticias.com.br\/?page_id=19534"},"modified":"2025-01-16T07:24:52","modified_gmt":"2025-01-16T10:24:52","slug":"la-tarjeta-chedraui","status":"publish","type":"page","link":"https:\/\/bonfimnoticias.com.br\/ja\/la-tarjeta-chedraui\/","title":{"rendered":"La tarjeta Chedraui"},"content":{"rendered":"<p><!-- wp_cf5e68:paragraph {\"align\":\"center\"} --><\/p>\n<p class=\"has-text-align-center\"><strong>Ahorre dinero al comprar en el supermercado Chedraui adquiriendo su tarjeta Chedraui y aprovechando las ventajas de pago que le ofrece.\u00a0<\/strong><\/p>\n<p><!-- \/wp_cf5e68:paragraph --><\/p>\n<p><!-- wp_cf5e68:image {\"id\":17780,\"sizeSlug\":\"large\",\"linkDestination\":\"none\",\"align\":\"center\"} --><\/p>\n<figure class=\"wp_cf5e68-block-image aligncenter size-large\"><img loading=\"lazy\" decoding=\"async\" src=\"https:\/\/bonfimnoticias.com.br\/wp_cf5e68-content\/uploads\/2024\/02\/22-12-1024x546.jpg\" alt=\"La tarjeta Chedraui\" class=\"wp_cf5e68-image-17780\"\/><\/figure>\n<p><!-- \/wp_cf5e68:image --><\/p>\n<p><!-- wp_cf5e68:heading {\"textAlign\":\"center\",\"style\":{\"elements\":{\"link\":{\"color\":{\"text\":\"var:preset|color|palette-color-2\"}}}},\"textColor\":\"palette-color-2\"} --><\/p>\n<h2 class=\"wp_cf5e68-block-heading has-text-align-center has-palette-color-2-color has-text-color has-link-color\">Con la tarjeta Chedraui ahora puedes:\u00a0<\/h2>\n<p><!-- \/wp_cf5e68:heading --><\/p>\n<p><!-- wp_cf5e68:list --><\/p>\n<ul><!-- wp_cf5e68:list-item --><\/p>\n<li>Aprovechar las promociones en los productos del supermercado Chedraui;\u00a0\u00a0<\/li>\n<p><!-- \/wp_cf5e68:list-item --><\/p>\n<p><!-- wp_cf5e68:list-item --><\/p>\n<li>Pagar a plazos sin intereses;\u00a0\u00a0<\/li>\n<p><!-- \/wp_cf5e68:list-item --><\/p>\n<p><!-- wp_cf5e68:list-item --><\/p>\n<li>Consultar tu saldo en l\u00ednea;\u00a0\u00a0<\/li>\n<p><!-- \/wp_cf5e68:list-item --><\/p>\n<p><!-- wp_cf5e68:list-item --><\/p>\n<li>Aprovechar las asistencias incluidas;\u00a0\u00a0<\/li>\n<p><!-- \/wp_cf5e68:list-item --><\/p>\n<p><!-- wp_cf5e68:list-item --><\/p>\n<li>Retirar dinero en cualquier cajero autom\u00e1tico del pa\u00eds;\u00a0\u00a0<\/li>\n<p><!-- \/wp_cf5e68:list-item --><\/p>\n<p><!-- wp_cf5e68:list-item --><\/p>\n<li>Y disfrutar de todo esto sin necesidad de tener un historial crediticio previo.<\/li>\n<p><!-- \/wp_cf5e68:list-item --><\/ul>\n<p><!-- \/wp_cf5e68:list --><\/p>\n<p><!-- wp_cf5e68:paragraph --><\/p>\n<p>As\u00ed es. Adem\u00e1s, tambi\u00e9n puedes utilizarla para tus compras en otros comercios mexicanos e incluso en compras internacionales gracias a los beneficios de aceptaci\u00f3n de la marca Visa.<\/p>\n<p><!-- \/wp_cf5e68:paragraph --><\/p>\n<p><!-- wp_cf5e68:heading {\"textAlign\":\"center\",\"style\":{\"elements\":{\"link\":{\"color\":{\"text\":\"var:preset|color|palette-color-2\"}}}},\"textColor\":\"palette-color-2\"} --><\/p>\n<h2 class=\"wp_cf5e68-block-heading has-text-align-center has-palette-color-2-color has-text-color has-link-color\">Funciones de la tarjeta Chedraui<\/h2>\n<p><!-- \/wp_cf5e68:heading --><\/p>\n<p><!-- wp_cf5e68:paragraph --><\/p>\n<p>Es importante destacar tambi\u00e9n que este producto financiero, adem\u00e1s de ser una oferta espec\u00edfica dirigida a los clientes de la cadena Chedraui, es emitido por la instituci\u00f3n financiera Bancof\u00e1cil, con una tasa anual de $600 pesos, tarjeta adicional con una tasa anual de $140 pesos, IVA, comisi\u00f3n del 10% por retiro de efectivo, IVA exento durante el primer a\u00f1o, CAT del 120% y un pago m\u00ednimo del 10%.<\/p>\n<p><!-- \/wp_cf5e68:paragraph --><\/p>\n<p><!-- wp_cf5e68:paragraph --><\/p>\n<p>Con esta informaci\u00f3n, todo lo que necesitas hacer es reflexionar sobre tus necesidades, calcular tus gastos en la red Chedraui y evaluar si, considerando esto, vale la pena adquirir la tarjeta con los costos mencionados incluidos. Esto depender\u00e1 mucho del peso de tus gastos mensuales y anuales en los productos adquiridos.<\/p>\n<p><!-- \/wp_cf5e68:paragraph --><\/p>\n<p><!-- wp_cf5e68:heading {\"textAlign\":\"center\",\"style\":{\"elements\":{\"link\":{\"color\":{\"text\":\"var:preset|color|palette-color-2\"}}}},\"textColor\":\"palette-color-2\"} --><\/p>\n<h2 class=\"wp_cf5e68-block-heading has-text-align-center has-palette-color-2-color has-text-color has-link-color\">C\u00f3mo solicitar y obtener la tarjeta Chedraui\u00a0<\/h2>\n<p><!-- \/wp_cf5e68:heading --><\/p>\n<p><!-- wp_cf5e68:paragraph --><\/p>\n<p>Sobre el proceso de solicitud de la tarjeta Chedraui y su adquisici\u00f3n, en primer lugar, no tendr\u00e1s que preocuparte por el historial crediticio, ya que no es necesario para ser aprobado, aunque es positivo que no tengas ning\u00fan registro negativo a tu nombre.&nbsp;<\/p>\n<p><!-- \/wp_cf5e68:paragraph --><\/p>\n<p><!-- wp_cf5e68:paragraph --><\/p>\n<p>Adem\u00e1s, en cuanto a otros requisitos para obtenerla, ya adelanto que son muy simples y b\u00e1sicos, casi cualquier persona puede tener la suya. Es realmente un producto financiero considerado inclusivo y accesible.&nbsp;<\/p>\n<p><!-- \/wp_cf5e68:paragraph --><\/p>\n<p><!-- wp_cf5e68:paragraph --><\/p>\n<p>Sin embargo, para mostrarte esto de manera m\u00e1s detallada, hemos preparado un contenido exclusivo y completo que incluir\u00e1 toda esta informaci\u00f3n, especialmente en lo que respecta al proceso de solicitud.<\/p>\n<p><!-- \/wp_cf5e68:paragraph --><\/p>\n<p><!-- wp_cf5e68:paragraph --><\/p>\n<p>As\u00ed que, a partir de ahora, este es el primer paso que tendr\u00e1s que dar: acceder a estos contenidos recomendados y leer con detalle la informaci\u00f3n que all\u00ed encontrar\u00e1s. All\u00ed tambi\u00e9n encontrar\u00e1s el enlace de acceso que te redirigir\u00e1 a la web institucional de la red Chedraui donde podr\u00e1s ampliar informaci\u00f3n e incluso ponerte en contacto para obtener informaci\u00f3n m\u00e1s espec\u00edfica y resolver las dudas que te puedan surgir.&nbsp;<\/p>\n<p><!-- \/wp_cf5e68:paragraph --><\/p>\n<p><!-- wp_cf5e68:buttons {\"layout\":{\"type\":\"flex\",\"justifyContent\":\"center\"}} --><\/p>\n<div class=\"wp_cf5e68-block-buttons\"><!-- wp_cf5e68:button --><\/p>\n<div class=\"wp_cf5e68-block-button\"><a class=\"wp_cf5e68-block-button__link wp_cf5e68-element-button\" href=\"https:\/\/bonfimnoticias.com.br\/ja\/beneficios-exclusivos-tarjeta-chedraui\/\"><strong>No pierdas el tiempo. Acceda al contenido propuesto<\/strong> >>>>\u00a0<\/a><\/div>\n<p><!-- \/wp_cf5e68:button --><\/div>\n<p><!-- \/wp_cf5e68:buttons --><\/p>\n<p><!-- wp_cf5e68:paragraph --><\/p>\n<p><!-- \/wp_cf5e68:paragraph --><\/p>\n<p><!-- wp_cf5e68:paragraph --><\/p>\n<p><!-- \/wp_cf5e68:paragraph --><\/p>\n<p><!-- wp_cf5e68:paragraph --><\/p>\n<p><!-- \/wp_cf5e68:paragraph --><\/p>\n<p><!-- wp_cf5e68:paragraph --><\/p>\n<p><!-- \/wp_cf5e68:paragraph --><\/p>\n<p><!-- wp_cf5e68:paragraph --><\/p>\n<p><!-- \/wp_cf5e68:paragraph --><\/p>\n<p><!-- wp_cf5e68:paragraph --><\/p>\n<p><!-- \/wp_cf5e68:paragraph --><\/p>\n<p><!-- wp_cf5e68:paragraph --><\/p>\n<p><!-- \/wp_cf5e68:paragraph --><\/p>\n<p><!-- wp_cf5e68:paragraph --><\/p>\n<p><!-- \/wp_cf5e68:paragraph --><\/p>\n<p><!-- wp_cf5e68:paragraph --><\/p>\n<p><!-- \/wp_cf5e68:paragraph --><\/p>\n<p><!-- wp_cf5e68:paragraph --><\/p>\n<p><!-- \/wp_cf5e68:paragraph --><\/p>","protected":false},"excerpt":{"rendered":"<p>Ahorre dinero al comprar en el supermercado Chedraui adquiriendo su tarjeta Chedraui y aprovechando las ventajas de pago que le&#8230;<\/p>","protected":false},"author":24,"featured_media":17780,"parent":0,"menu_order":0,"comment_status":"closed","ping_status":"closed","template":"","meta":{"footnotes":""},"class_list":["post-19534","page","type-page","status-publish","has-post-thumbnail","hentry"],"_links":{"self":[{"href":"https:\/\/bonfimnoticias.com.br\/ja\/wp-json\/wp\/v2\/pages\/19534","targetHints":{"allow":["GET"]}}],"collection":[{"href":"https:\/\/bonfimnoticias.com.br\/ja\/wp-json\/wp\/v2\/pages"}],"about":[{"href":"https:\/\/bonfimnoticias.com.br\/ja\/wp-json\/wp\/v2\/types\/page"}],"author":[{"embeddable":true,"href":"https:\/\/bonfimnoticias.com.br\/ja\/wp-json\/wp\/v2\/users\/24"}],"replies":[{"embeddable":true,"href":"https:\/\/bonfimnoticias.com.br\/ja\/wp-json\/wp\/v2\/comments?post=19534"}],"version-history":[{"count":1,"href":"https:\/\/bonfimnoticias.com.br\/ja\/wp-json\/wp\/v2\/pages\/19534\/revisions"}],"predecessor-version":[{"id":19535,"href":"https:\/\/bonfimnoticias.com.br\/ja\/wp-json\/wp\/v2\/pages\/19534\/revisions\/19535"}],"wp:featuredmedia":[{"embeddable":true,"href":"https:\/\/bonfimnoticias.com.br\/ja\/wp-json\/wp\/v2\/media\/17780"}],"wp:attachment":[{"href":"https:\/\/bonfimnoticias.com.br\/ja\/wp-json\/wp\/v2\/media?parent=19534"}],"curies":[{"name":"wp","href":"https:\/\/api.w.org\/{rel}","templated":true}]}}