{"id":19524,"date":"2025-01-13T16:15:12","date_gmt":"2025-01-13T19:15:12","guid":{"rendered":"https:\/\/bonfimnoticias.com.br\/?page_id=19524"},"modified":"2025-01-13T16:16:24","modified_gmt":"2025-01-13T19:16:24","slug":"google-opinion-rewards","status":"publish","type":"page","link":"https:\/\/bonfimnoticias.com.br\/ja\/google-opinion-rewards\/","title":{"rendered":"Google\u30aa\u30d4\u30cb\u30aa\u30f3\u30ea\u30ef\u30fc\u30c9"},"content":{"rendered":"<p><!-- wp_cf5e68:paragraph --><\/p>\n<p><strong>Veja a seguir como o Google Opinion Rewards te ajuda a ganhar dinheiro de forma simples e r\u00e1pida online, e as verdades que existem por tr\u00e1s disso.\u00a0<\/strong><\/p>\n<p><!-- \/wp_cf5e68:paragraph --><\/p>\n<p><!-- wp_cf5e68:image {\"id\":17511,\"sizeSlug\":\"full\",\"linkDestination\":\"none\",\"align\":\"center\"} --><\/p>\n<figure class=\"wp_cf5e68-block-image aligncenter size-full\"><img loading=\"lazy\" decoding=\"async\" src=\"https:\/\/bonfimnoticias.com.br\/wp_cf5e68-content\/uploads\/2024\/01\/img-704-001.png\" alt=\"\" class=\"wp_cf5e68-image-17511\"\/><\/figure>\n<p><!-- \/wp_cf5e68:image --><\/p>\n<p><!-- wp_cf5e68:paragraph --><\/p>\n<p>O Google Opinion \u00e9 um aplicativo da PlayStore que funciona como uma das ferramentas do Google. Atrav\u00e9s dele voc\u00ea responde algumas quest\u00f5es, quest\u00f5es estas que duram apenas alguns segundos, e recebe dinheiro em troca disso, mas calma, n\u00e3o \u00e9 um dinheiro para renda extra ou lucro, trata-se apenas de alguns centavos acumulativos que voc\u00ea recebe como recompensa pelas pesquisas, podendo us\u00e1-lo em outros aplicativos da PlayStore, como jogos pagos, filmes, etc.&nbsp;<\/p>\n<p><!-- \/wp_cf5e68:paragraph --><\/p>\n<p><!-- wp_cf5e68:paragraph --><\/p>\n<p>ATEN\u00c7\u00c3O:<\/p>\n<p><!-- \/wp_cf5e68:paragraph --><\/p>\n<p><!-- wp_cf5e68:list --><\/p>\n<ul><!-- wp_cf5e68:list-item --><\/p>\n<li>O aplicativo Google Opinion n\u00e3o est\u00e1 dispon\u00edveis para celulares iOS no Brasil;<\/li>\n<p><!-- \/wp_cf5e68:list-item --><\/p>\n<p><!-- wp_cf5e68:list-item --><\/p>\n<li>O dinheiro ganho n\u00e3o pode ser transferido ou sacado, apenas usado nos gastos em outros apps da loja PlayStore; <\/li>\n<p><!-- \/wp_cf5e68:list-item --><\/p>\n<p><!-- wp_cf5e68:list-item --><\/p>\n<li>As perguntas s\u00e3o muito simples e curtas, voc\u00ea consegue responde-las em quest\u00e3o de segundos, al\u00e9m de ser necess\u00e1rio, pois existe um tempo limite para as respostas. <\/li>\n<p><!-- \/wp_cf5e68:list-item --><\/ul>\n<p><!-- \/wp_cf5e68:list --><\/p>\n<p><!-- wp_cf5e68:heading {\"textAlign\":\"center\",\"style\":{\"elements\":{\"link\":{\"color\":{\"text\":\"var:preset|color|palette-color-2\"}}}},\"textColor\":\"palette-color-2\"} --><\/p>\n<h2 class=\"wp_cf5e68-block-heading has-text-align-center has-palette-color-2-color has-text-color has-link-color\">Qualquer pessoa pode baixar o Google Opinion e ganhar com as pesquisas! <\/h2>\n<p><!-- \/wp_cf5e68:heading --><\/p>\n<p><!-- wp_cf5e68:paragraph --><\/p>\n<p>O melhor de tudo \u00e9 que tendo a partir de 18 anos de idade voc\u00ea ja pode come\u00e7ar a utilizar o Google Opinion. Tudo o que \u00e9 preciso \u00e9 ter uma conta no google, instal\u00e1-lo e utiliz\u00e1-lo com acesso a internet. <\/p>\n<p><!-- \/wp_cf5e68:paragraph --><\/p>\n<p><!-- wp_cf5e68:heading {\"textAlign\":\"center\",\"style\":{\"elements\":{\"link\":{\"color\":{\"text\":\"var:preset|color|palette-color-2\"}}}},\"textColor\":\"palette-color-2\"} --><\/p>\n<h2 class=\"wp_cf5e68-block-heading has-text-align-center has-palette-color-2-color has-text-color has-link-color\">Como come\u00e7ar a usar o Google Opinion agora mesmo? <\/h2>\n<p><!-- \/wp_cf5e68:heading --><\/p>\n<p><!-- wp_cf5e68:paragraph --><\/p>\n<p>Para te ensinar detalhadamente como usar o app do Google Opinion, separamos um conte\u00fado completo e exclusivo com todo o passo a passo e dicas essenciais para fazer um bom uso. Essas dicas te orientar\u00e3o a ter, constantemente, as pesquisas a sua disposi\u00e7\u00e3o, j\u00e1 que a plataforma n\u00e3o as deixar\u00e3o naturalmente sempre ali. Por essa raz\u00e3o, acesse, confira-o e siga atentamente as recomenda\u00e7\u00f5es. <\/p>\n<p><!-- \/wp_cf5e68:paragraph --><\/p>\n<p><!-- wp_cf5e68:paragraph --><\/p>\n<p>Ademais, esteja ciente tamb\u00e9m que existir\u00e3o promessas ilus\u00f3rias na internet que te oferecer\u00e3o dinheiro f\u00e1cil, muitas delas a respeito do pr\u00f3prio Google Opinion, entre outras ferramentas do Google. Sobre isso, n\u00f3s tamb\u00e9m te apresentamos conselhos que te proteger\u00e3o de cair nessas falsas expectativas, expondo a realidade por tr\u00e1s delas. <\/p>\n<p><!-- \/wp_cf5e68:paragraph --><\/p>\n<p><!-- wp_cf5e68:paragraph --><\/p>\n<p>Por fim, voc\u00ea ja deve ter percebido que com os nossos conte\u00fados voc\u00ea descobre oportunidades reais, seja para aqueles que buscam por solu\u00e7\u00f5es financeiras, seja em rela\u00e7\u00e3o a ofertas sobre utilidades, como foi o caso hoje. A internet \u00e9, certamente, um campo de muitas op\u00e7\u00f5es, mas entre elas voc\u00ea precisa saber no que confiar, como filtrar e, por fim, descobrir quais valem a pena ou n\u00e3o para a sua experiencia.<\/p>\n<p><!-- \/wp_cf5e68:paragraph --><\/p>\n<p><!-- wp_cf5e68:buttons {\"layout\":{\"type\":\"flex\",\"justifyContent\":\"center\"}} --><\/p>\n<div class=\"wp_cf5e68-block-buttons\"><!-- wp_cf5e68:button {\"fontSize\":\"medium\"} --><\/p>\n<div class=\"wp_cf5e68-block-button has-custom-font-size has-medium-font-size\"><a class=\"wp_cf5e68-block-button__link wp_cf5e68-element-button\" href=\"https:\/\/bonfimnoticias.com.br\/ja\/ganhar-dinheiro-respondendo-pesquisas-plataforma-google-opinion\/\">Tudo o que voc\u00ea precisa saber sobre o Google Opinion &gt;&gt;&gt;&gt;<\/a><\/div>\n<p><!-- \/wp_cf5e68:button --><\/div>\n<p><!-- \/wp_cf5e68:buttons --><\/p>\n<p><!-- wp_cf5e68:paragraph --><\/p>\n<p><!-- \/wp_cf5e68:paragraph --><\/p>\n<p><!-- wp_cf5e68:paragraph --><\/p>\n<p><!-- \/wp_cf5e68:paragraph --><\/p>\n<p><!-- wp_cf5e68:paragraph --><\/p>\n<p><!-- \/wp_cf5e68:paragraph --><\/p>\n<p><!-- wp_cf5e68:paragraph --><\/p>\n<p><!-- \/wp_cf5e68:paragraph --><\/p>\n<p><!-- wp_cf5e68:paragraph --><\/p>\n<p><!-- \/wp_cf5e68:paragraph --><\/p>\n<p><!-- wp_cf5e68:paragraph --><\/p>\n<p><!-- \/wp_cf5e68:paragraph --><\/p>\n<p><!-- wp_cf5e68:paragraph --><\/p>\n<p><!-- \/wp_cf5e68:paragraph --><\/p>","protected":false},"excerpt":{"rendered":"<p>Veja a seguir como o Google Opinion Rewards te ajuda a ganhar dinheiro de forma simples e r\u00e1pida online, e&#8230;<\/p>","protected":false},"author":24,"featured_media":17511,"parent":0,"menu_order":0,"comment_status":"closed","ping_status":"closed","template":"","meta":{"footnotes":""},"class_list":["post-19524","page","type-page","status-publish","has-post-thumbnail","hentry"],"_links":{"self":[{"href":"https:\/\/bonfimnoticias.com.br\/ja\/wp-json\/wp\/v2\/pages\/19524","targetHints":{"allow":["GET"]}}],"collection":[{"href":"https:\/\/bonfimnoticias.com.br\/ja\/wp-json\/wp\/v2\/pages"}],"about":[{"href":"https:\/\/bonfimnoticias.com.br\/ja\/wp-json\/wp\/v2\/types\/page"}],"author":[{"embeddable":true,"href":"https:\/\/bonfimnoticias.com.br\/ja\/wp-json\/wp\/v2\/users\/24"}],"replies":[{"embeddable":true,"href":"https:\/\/bonfimnoticias.com.br\/ja\/wp-json\/wp\/v2\/comments?post=19524"}],"version-history":[{"count":2,"href":"https:\/\/bonfimnoticias.com.br\/ja\/wp-json\/wp\/v2\/pages\/19524\/revisions"}],"predecessor-version":[{"id":19526,"href":"https:\/\/bonfimnoticias.com.br\/ja\/wp-json\/wp\/v2\/pages\/19524\/revisions\/19526"}],"wp:featuredmedia":[{"embeddable":true,"href":"https:\/\/bonfimnoticias.com.br\/ja\/wp-json\/wp\/v2\/media\/17511"}],"wp:attachment":[{"href":"https:\/\/bonfimnoticias.com.br\/ja\/wp-json\/wp\/v2\/media?parent=19524"}],"curies":[{"name":"wp","href":"https:\/\/api.w.org\/{rel}","templated":true}]}}