{"id":19499,"date":"2025-01-07T13:02:44","date_gmt":"2025-01-07T16:02:44","guid":{"rendered":"https:\/\/bonfimnoticias.com.br\/?page_id=19499"},"modified":"2025-01-07T13:06:57","modified_gmt":"2025-01-07T16:06:57","slug":"las-tarjetas-empresariales-banco-galicia-resumen","status":"publish","type":"page","link":"https:\/\/bonfimnoticias.com.br\/ja\/las-tarjetas-empresariales-banco-galicia-resumen\/","title":{"rendered":"Las tarjetas empresariales del Banco Galicia: un breve resumen"},"content":{"rendered":"<h2>novidades<\/h2>\n<h2>Las tarjetas empresariales del Banco Galicia: un breve resumen <\/h2>\n<h2>Consult\u00e1 las ofertas de tarjetas de cr\u00e9dito y d\u00e9bito corporativas de Banco Galicia a continuaci\u00f3n <\/h2>\n<p>\t\t\t\t\t\t\t\t\t\t\t\t\t<img loading=\"lazy\" decoding=\"async\" width=\"615\" height=\"300\" src=\"https:\/\/bonfimnoticias.com.br\/wp_cf5e68-content\/uploads\/2024\/02\/saque-dinheiro-salario-fgts-recebimento-1487001871429_615x300.jpg.webp\" alt=\"\" srcset=\"https:\/\/bonfimnoticias.com.br\/wp_cf5e68-content\/uploads\/2024\/02\/saque-dinheiro-salario-fgts-recebimento-1487001871429_615x300.jpg.webp 615w, https:\/\/bonfimnoticias.com.br\/wp_cf5e68-content\/uploads\/2024\/02\/saque-dinheiro-salario-fgts-recebimento-1487001871429_615x300.jpg-150x73.webp 150w\" sizes=\"auto, (max-width: 615px) 100vw, 615px\" \/>\t\t\t\t\t\t\t\t\t\t\t\t\t<\/p>\n<p>Entre las ofertas de tarjetas empresariales del Banco Galicia se encuentran la tarjeta de cr\u00e9dito Visa Business y la tarjeta de d\u00e9bito Visa Business.<\/p>\n<p>Ambas presentan algunas funcionalidades diferentes, sin embargo, en general tienen muchos puntos en com\u00fan, comenzando por las siguientes ventajas: la gesti\u00f3n eficiente de los gastos a trav\u00e9s de la plataforma digital; los informes detallados que la plataforma ofrece sobre el uso y los gastos de la tarjeta; los seguros y protecciones; los programas de recompensas incluidos; y la incre\u00edble facilidad de pago gracias a la aceptaci\u00f3n nacional e internacional de la tarjeta para sus compras.<\/p>\n<p>Sin embargo, para guiarle a trav\u00e9s de los detalles m\u00e1s espec\u00edficos y separados de estas dos ofertas financieras, hemos preparado un contenido especial que le mostrar\u00e1 m\u00e1s claramente qu\u00e9 tarjeta puede ser la ideal para las necesidades de su empresa.<\/p>\n<p>\t\t\t\t\t<a href=\"https:\/\/bonfimnoticias.com.br\/ja\/todo-sobre-las-tarjetas-empresariales-del-banco-galicia\/\"><br \/>\n\t\t\t\t\t\t\t\t\t\u30d0\u30f3\u30b3\u30fb\u30ac\u30ea\u30b7\u30a2\u306e\u540d\u523a\u306b\u95a2\u3059\u308b\u3059\u3079\u3066<br \/>\n\t\t\t\t\t<\/a><\/p>\n<p>Otro punto muy importante a destacar de las dos tarjetas de presentaci\u00f3n del Banco Galicia es que no importa el tama\u00f1o de tu empresa, pod\u00e9s sacarlas como quieras.<\/p>\n<p>Por supuesto, es necesario cumplir algunos requisitos para obtener realmente la tarjeta, pero no debes preocuparte por ello, ya que el banco es totalmente transparente con esta informaci\u00f3n para que no tengas ninguna duda.<\/p>\n<p>Es m\u00e1s, para ense\u00f1arte con detalle c\u00f3mo solicitarlo, en este contenido especial que hemos preparado y que hemos mencionado antes, te explicamos todo el proceso paso a paso de c\u00f3mo solicitarlo.<\/p>\n<p>Este contenido tambi\u00e9n contiene el enlace de acceso que te llevar\u00e1 directamente a la web institucional para iniciar el proceso y tambi\u00e9n para saber m\u00e1s sobre cada punto concreto de los productos.<\/p>\n<p>No tienes que preocuparte por nada m\u00e1s, s\u00f3lo seguir todas las recomendaciones. El Banco Galicia es realmente una instituci\u00f3n confiable y segura, y si estas ofertas de tarjetas empresariales no te han convenido, existen otras de importantes instituciones de la misma regi\u00f3n, como el Banco Nacional.<\/p>\n<p>Pero no te saltes los pasos. Ve primero al contenido mencionado y sigue las recomendaciones. Ten en cuenta que cualquier proceso de contrataci\u00f3n de un producto financiero requiere mucha informaci\u00f3n previa, un an\u00e1lisis detallado de las condiciones, especialmente en lo que se refiere al pago, y despu\u00e9s la solicitud.<\/p>\n<p>Tenlo siempre en cuenta: lee, inf\u00f3rmate y accede. El orden nunca puede ser sustituido.<\/p>\n<p>\t\t\t\t\t<a href=\"https:\/\/bonfimnoticias.com.br\/ja\/todo-sobre-las-tarjetas-empresariales-del-banco-galicia\/\"><br \/>\n\t\t\t\t\t\t\t\t\tPaso a paso para adquirir tarjeta empresarial del Banco Galicia<br \/>\n\t\t\t\t\t<\/a><\/p>\n<p><strong>Acerca de nuestros servicios<\/strong><br \/>Nuestro portal nunca solicita datos privados o personales de nadie que nos visita. Funcionamos como una plataforma de informaci\u00f3n, promocionando diversos productos financieros, incluyendo tarjetas y pr\u00e9stamos, entre otros. Le solicitamos que solo comparta su informaci\u00f3n personal en los espacios OFICIALES en l\u00ednea o ubicaciones f\u00edsicas de las empresas que sugerimos.<\/p>\n<p><strong>Asociaciones y Derechos<\/strong><br \/>Tenemos acuerdos de afiliaci\u00f3n con muchos de los productos que presentamos. Recuerde, todas las im\u00e1genes y nombres asociados con los productos pertenecen a sus respectivos titulares de derechos.<\/p>\n<p><strong>Compromiso de Actualizaci\u00f3n<\/strong><br \/>Hacemos todo lo posible para garantizar que toda la informaci\u00f3n sobre los productos est\u00e9 actualizada. Sin embargo, al redirigir a la p\u00e1gina oficial, puede encontrar datos diferentes, ya que las empresas tienen derecho a modificar los t\u00e9rminos de sus productos sin previo aviso. Queremos que sepas que siempre intentamos garantizar que tengas acceso a la informaci\u00f3n m\u00e1s precisa y actualizada.<\/p>\n<p>Recuerde, siempre es importante verificar la informaci\u00f3n directamente en las p\u00e1ginas oficiales de las empresas para garantizar la exactitud y actualidad. \u00a1Gracias por confiar en nosotros!<\/p>\n<p>\t\t\t\t\t\t\t\t\t\t\t\t\t<img loading=\"lazy\" decoding=\"async\" width=\"271\" height=\"298\" src=\"https:\/\/bonfimnoticias.com.br\/wp_cf5e68-content\/uploads\/2024\/11\/logo-bonfim-png.png\" alt=\"\" \/><\/p>","protected":false},"excerpt":{"rendered":"<p>novidades Las tarjetas empresariales del Banco Galicia: un breve resumen Consult\u00e1 las ofertas de tarjetas de cr\u00e9dito y d\u00e9bito corporativas&#8230;<\/p>","protected":false},"author":24,"featured_media":17819,"parent":0,"menu_order":0,"comment_status":"closed","ping_status":"closed","template":"","meta":{"footnotes":""},"class_list":["post-19499","page","type-page","status-publish","has-post-thumbnail","hentry"],"_links":{"self":[{"href":"https:\/\/bonfimnoticias.com.br\/ja\/wp-json\/wp\/v2\/pages\/19499","targetHints":{"allow":["GET"]}}],"collection":[{"href":"https:\/\/bonfimnoticias.com.br\/ja\/wp-json\/wp\/v2\/pages"}],"about":[{"href":"https:\/\/bonfimnoticias.com.br\/ja\/wp-json\/wp\/v2\/types\/page"}],"author":[{"embeddable":true,"href":"https:\/\/bonfimnoticias.com.br\/ja\/wp-json\/wp\/v2\/users\/24"}],"replies":[{"embeddable":true,"href":"https:\/\/bonfimnoticias.com.br\/ja\/wp-json\/wp\/v2\/comments?post=19499"}],"version-history":[{"count":4,"href":"https:\/\/bonfimnoticias.com.br\/ja\/wp-json\/wp\/v2\/pages\/19499\/revisions"}],"predecessor-version":[{"id":19503,"href":"https:\/\/bonfimnoticias.com.br\/ja\/wp-json\/wp\/v2\/pages\/19499\/revisions\/19503"}],"wp:featuredmedia":[{"embeddable":true,"href":"https:\/\/bonfimnoticias.com.br\/ja\/wp-json\/wp\/v2\/media\/17819"}],"wp:attachment":[{"href":"https:\/\/bonfimnoticias.com.br\/ja\/wp-json\/wp\/v2\/media?parent=19499"}],"curies":[{"name":"wp","href":"https:\/\/api.w.org\/{rel}","templated":true}]}}