{"id":19492,"date":"2025-01-06T15:11:39","date_gmt":"2025-01-06T18:11:39","guid":{"rendered":"https:\/\/bonfimnoticias.com.br\/?page_id=19492"},"modified":"2025-01-06T15:46:22","modified_gmt":"2025-01-06T18:46:22","slug":"las-tarjetas-empresariales-bbva-resumen","status":"publish","type":"page","link":"https:\/\/bonfimnoticias.com.br\/ja\/las-tarjetas-empresariales-bbva-resumen\/","title":{"rendered":"Las tarjetas empresariales BBVA: un breve resumen"},"content":{"rendered":"<h2>novidades<\/h2>\n<h2>Las tarjetas empresariales BBVA: un breve resumen <\/h2>\n<h2>Descubra las ofertas de tarjetas corporativas BBVA para su negocio. <\/h2>\n<p>\t\t\t\t\t\t\t\t\t\t\t\t\t<img loading=\"lazy\" decoding=\"async\" width=\"1024\" height=\"1024\" src=\"https:\/\/bonfimnoticias.com.br\/wp_cf5e68-content\/uploads\/2024\/05\/bbva-mexico-nueva-imagen-hugo-salazar-jpg_423682103-1024x1024.jpg\" alt=\"Todo sobre las tarjetas empresariales BBVA\" srcset=\"https:\/\/bonfimnoticias.com.br\/wp_cf5e68-content\/uploads\/2024\/05\/bbva-mexico-nueva-imagen-hugo-salazar-jpg_423682103-1024x1024.jpg 1024w, https:\/\/bonfimnoticias.com.br\/wp_cf5e68-content\/uploads\/2024\/05\/bbva-mexico-nueva-imagen-hugo-salazar-jpg_423682103-400x400.jpg 400w, https:\/\/bonfimnoticias.com.br\/wp_cf5e68-content\/uploads\/2024\/05\/bbva-mexico-nueva-imagen-hugo-salazar-jpg_423682103-800x800.jpg 800w, https:\/\/bonfimnoticias.com.br\/wp_cf5e68-content\/uploads\/2024\/05\/bbva-mexico-nueva-imagen-hugo-salazar-jpg_423682103-768x768.jpg 768w, https:\/\/bonfimnoticias.com.br\/wp_cf5e68-content\/uploads\/2024\/05\/bbva-mexico-nueva-imagen-hugo-salazar-jpg_423682103.jpg 1200w\" sizes=\"auto, (max-width: 1024px) 100vw, 1024px\" \/>\t\t\t\t\t\t\t\t\t\t\t\t\t<\/p>\n<p>Las tarjetas empresariales BBVA son soluciones financieras que se dividen en diferentes clasificaciones: existen las tarjetas para PyMES, las tarjetas para empresas de todos los tama\u00f1os y las tarjetas para grandes empresas.<\/p>\n<p>Cada producto, por supuesto, presenta sus propias caracter\u00edsticas y ventajas. Sin embargo, en t\u00e9rminos generales, es com\u00fan que todas las tarjetas ofrezcan una gesti\u00f3n financiera eficiente a trav\u00e9s de la plataforma digital, pagos flexibles, aceptaci\u00f3n nacional e internacional, descuentos y beneficios, seguridad en los pagos, herramientas de control e informes para una mejor gesti\u00f3n de los gastos de tu negocio, soporte especializado, beneficios de viajes y seguros.<\/p>\n<p>\t\t\t\t\t<a href=\"https:\/\/bonfimnoticias.com.br\/ja\/todo-sobre-las-tarjetas-empresariales-bbva\/\"><br \/>\n\t\t\t\t\t\t\t\t\tBBVA\u306e\u540d\u523a\u306b\u95a2\u3059\u308b\u3059\u3079\u3066<br \/>\n\t\t\t\t\t<\/a><\/p>\n<p>Entre las opciones de tarjetas para PyMES (peque\u00f1as empresas) se encuentran: la tarjeta de negocios, la tarjeta de cr\u00e9dito para microempresas y el plan de finanzas. Para empresas de todos los tama\u00f1os est\u00e1 la tarjeta empresarial BBVA. Y, por \u00faltimo, para las grandes empresas, existe la tarjeta corporativa.<\/p>\n<p>Como ya se ha dicho, cada una tiene sus caracter\u00edsticas y ventajas espec\u00edficas, adem\u00e1s de las generales mencionadas.<\/p>\n<p>Un punto muy importante que hay que destacar es que estas ofertas son realmente seguras y fiables, ya que provienen de un banco tan reconocido y popular como el Banco BBVA.<\/p>\n<p>Por \u00faltimo, para conocer de manera m\u00e1s espec\u00edfica estas tarjetas, acceder a ellas y saber c\u00f3mo solicitarlas, hemos preparado un contenido especial con un paso a paso completo sobre el proceso de adquisici\u00f3n. All\u00ed tambi\u00e9n encontrar\u00e1s otros consejos importantes sobre lo que debes tener en cuenta antes de solicitarlas y mucho m\u00e1s. Por eso, te recomendamos que leas el contenido completo y sigas las orientaciones propuestas.<\/p>\n<p>Tambi\u00e9n cabe mencionar que si eres un cliente que prefiere una forma de acceso m\u00e1s tradicional, puedes simplemente acercarte a una oficina bancaria de BBVA para informarte y solicitarlo all\u00ed mismo, llevando contigo tu documentaci\u00f3n, pero si prefieres m\u00e1s comodidad y modernidad en las nuevas formas de acceder y adquirir productos, accede ahora al contenido y compru\u00e9balo. Es f\u00e1cil, r\u00e1pido y muy seguro.<\/p>\n<p>Si despu\u00e9s de leer todo el contenido propuesto y seguir los consejos para conocer en detalle las tarjetas de empresa BBVA, llegas a la conclusi\u00f3n de que no son las mejores opciones para tus necesidades e ideales, tranquilo, porque en este mismo contenido encontrar\u00e1s consejos de otras entidades, tambi\u00e9n fiables, que puedes consultar y descubrir sus ofertas de tarjetas. No tienes nada que perder ni nada que esperar. Accede ahora.\u00a0<\/p>\n<p>\t\t\t\t\t<a href=\"https:\/\/bonfimnoticias.com.br\/ja\/todo-sobre-las-tarjetas-empresariales-bbva\/\"><br \/>\n\t\t\t\t\t\t\t\t\tPaso a paso para adquirir tarjeta empresarial BBVA<br \/>\n\t\t\t\t\t<\/a><\/p>\n<p><strong>Acerca de nuestros servicios<\/strong><br \/>Nuestro portal nunca solicita datos privados o personales de nadie que nos visita. Funcionamos como una plataforma de informaci\u00f3n, promocionando diversos productos financieros, incluyendo tarjetas y pr\u00e9stamos, entre otros. Le solicitamos que solo comparta su informaci\u00f3n personal en los espacios OFICIALES en l\u00ednea o ubicaciones f\u00edsicas de las empresas que sugerimos.<\/p>\n<p><strong>Asociaciones y Derechos<\/strong><br \/>Tenemos acuerdos de afiliaci\u00f3n con muchos de los productos que presentamos. Recuerde, todas las im\u00e1genes y nombres asociados con los productos pertenecen a sus respectivos titulares de derechos.<\/p>\n<p><strong>Compromiso de Actualizaci\u00f3n<\/strong><br \/>Hacemos todo lo posible para garantizar que toda la informaci\u00f3n sobre los productos est\u00e9 actualizada. Sin embargo, al redirigir a la p\u00e1gina oficial, puede encontrar datos diferentes, ya que las empresas tienen derecho a modificar los t\u00e9rminos de sus productos sin previo aviso. Queremos que sepas que siempre intentamos garantizar que tengas acceso a la informaci\u00f3n m\u00e1s precisa y actualizada.<\/p>\n<p>Recuerde, siempre es importante verificar la informaci\u00f3n directamente en las p\u00e1ginas oficiales de las empresas para garantizar la exactitud y actualidad. \u00a1Gracias por confiar en nosotros!<\/p>\n<p>\t\t\t\t\t\t\t\t\t\t\t\t\t<img loading=\"lazy\" decoding=\"async\" width=\"271\" height=\"298\" src=\"https:\/\/bonfimnoticias.com.br\/wp_cf5e68-content\/uploads\/2024\/11\/logo-bonfim-png.png\" alt=\"\" \/><\/p>","protected":false},"excerpt":{"rendered":"<p>novidades Las tarjetas empresariales BBVA: un breve resumen Descubra las ofertas de tarjetas corporativas BBVA para su negocio. Las tarjetas&#8230;<\/p>","protected":false},"author":24,"featured_media":18387,"parent":0,"menu_order":0,"comment_status":"closed","ping_status":"closed","template":"","meta":{"footnotes":""},"class_list":["post-19492","page","type-page","status-publish","has-post-thumbnail","hentry"],"_links":{"self":[{"href":"https:\/\/bonfimnoticias.com.br\/ja\/wp-json\/wp\/v2\/pages\/19492","targetHints":{"allow":["GET"]}}],"collection":[{"href":"https:\/\/bonfimnoticias.com.br\/ja\/wp-json\/wp\/v2\/pages"}],"about":[{"href":"https:\/\/bonfimnoticias.com.br\/ja\/wp-json\/wp\/v2\/types\/page"}],"author":[{"embeddable":true,"href":"https:\/\/bonfimnoticias.com.br\/ja\/wp-json\/wp\/v2\/users\/24"}],"replies":[{"embeddable":true,"href":"https:\/\/bonfimnoticias.com.br\/ja\/wp-json\/wp\/v2\/comments?post=19492"}],"version-history":[{"count":4,"href":"https:\/\/bonfimnoticias.com.br\/ja\/wp-json\/wp\/v2\/pages\/19492\/revisions"}],"predecessor-version":[{"id":19496,"href":"https:\/\/bonfimnoticias.com.br\/ja\/wp-json\/wp\/v2\/pages\/19492\/revisions\/19496"}],"wp:featuredmedia":[{"embeddable":true,"href":"https:\/\/bonfimnoticias.com.br\/ja\/wp-json\/wp\/v2\/media\/18387"}],"wp:attachment":[{"href":"https:\/\/bonfimnoticias.com.br\/ja\/wp-json\/wp\/v2\/media?parent=19492"}],"curies":[{"name":"wp","href":"https:\/\/api.w.org\/{rel}","templated":true}]}}