{"id":19122,"date":"2024-10-11T17:06:44","date_gmt":"2024-10-11T20:06:44","guid":{"rendered":"https:\/\/bonfimnoticias.com.br\/?page_id=19122"},"modified":"2024-10-11T17:50:03","modified_gmt":"2024-10-11T20:50:03","slug":"introduccion-a-los-productos-de-credito-de-caixabank-tarjetas-y-prestamos-personales","status":"publish","type":"page","link":"https:\/\/bonfimnoticias.com.br\/ja\/introduccion-a-los-productos-de-credito-de-caixabank-tarjetas-y-prestamos-personales\/","title":{"rendered":"Introducci\u00f3n a los productos de cr\u00e9dito de Caixabank: tarjetas y pr\u00e9stamos personales"},"content":{"rendered":"<p><!-- wp_cf5e68:paragraph {\"align\":\"center\",\"style\":{\"elements\":{\"link\":{\"color\":{\"text\":\"var:preset|color|white\"}}}},\"backgroundColor\":\"vivid-cyan-blue\",\"textColor\":\"white\"} --><\/p>\n<p class=\"has-text-align-center has-white-color has-vivid-cyan-blue-background-color has-text-color has-background has-link-color\"><strong>CaixaBank es reconocido como una de las mayores instituciones financieras locales. Entre sus productos, ofrece una amplia gama de cr\u00e9ditos, incluidos tarjetas y pr\u00e9stamos personales. Sus tarjetas son oportunidades flexibles y convenientes para fraccionar pagos, mientras que los pr\u00e9stamos personales son soluciones financieras para quienes desean financiar cualquier proyecto. Es por esta raz\u00f3n que hoy conocer\u00e1s las principales razones para solicitar estos productos, partiendo del hecho de que se trata de oportunidades seguras y confiables.<\/strong><\/p>\n<p><!-- \/wp_cf5e68:paragraph --><\/p>\n<p><!-- wp_cf5e68:image {\"id\":19123,\"sizeSlug\":\"large\",\"linkDestination\":\"none\",\"align\":\"center\"} --><\/p>\n<figure class=\"wp_cf5e68-block-image aligncenter size-large\"><img loading=\"lazy\" decoding=\"async\" src=\"https:\/\/bonfimnoticias.com.br\/wp_cf5e68-content\/uploads\/2024\/10\/CaixaBank-Logo-1024x576.png\" alt=\"Introducci\u00f3n a los productos de cr\u00e9dito de Caixabank: tarjetas y pr\u00e9stamos personales\" class=\"wp_cf5e68-image-19123\"\/><\/figure>\n<p><!-- \/wp_cf5e68:image --><\/p>\n<p><!-- wp_cf5e68:heading {\"textAlign\":\"center\",\"style\":{\"elements\":{\"link\":{\"color\":{\"text\":\"var:preset|color|white\"}}}},\"backgroundColor\":\"vivid-cyan-blue\",\"textColor\":\"white\"} --><\/p>\n<h2 class=\"wp_cf5e68-block-heading has-text-align-center has-white-color has-vivid-cyan-blue-background-color has-text-color has-background has-link-color\">En primer lugar, echa un vistazo a los pr\u00e9stamos personales que ofrece Caixabank y sus ventajas<\/h2>\n<p><!-- \/wp_cf5e68:heading --><\/p>\n<p><!-- wp_cf5e68:paragraph --><\/p>\n<p>En CaixaBank encontrar\u00e1s el pr\u00e9stamo personal, el pr\u00e9stamo de adelanto de salario, el pr\u00e9stamo para veh\u00edculos, inmobiliario, hipotecario, electr\u00f3nico y estudiantil. A trav\u00e9s de ellos, puedes financiar cualquier proyecto que tengas; puedes financiar tu veh\u00edculo nuevo, usado, h\u00edbrido o el\u00e9ctrico; puedes renovar tu hogar; invertir en la compra de nuevos productos tecnol\u00f3gicos; cubrir tus gastos anuales estudiantiles; \u00a1y mucho m\u00e1s!<\/p>\n<p><!-- \/wp_cf5e68:paragraph --><\/p>\n<p><!-- wp_cf5e68:heading {\"textAlign\":\"center\",\"style\":{\"elements\":{\"link\":{\"color\":{\"text\":\"var:preset|color|white\"}}}},\"backgroundColor\":\"vivid-cyan-blue\",\"textColor\":\"white\"} --><\/p>\n<h2 class=\"wp_cf5e68-block-heading has-text-align-center has-white-color has-vivid-cyan-blue-background-color has-text-color has-background has-link-color\">Consulta ahora tambi\u00e9n las tarjetas de cr\u00e9dito que ofrece CaixaBank y sus ventajas<\/h2>\n<p><!-- \/wp_cf5e68:heading --><\/p>\n<p><!-- wp_cf5e68:paragraph --><\/p>\n<p>En cuanto a las tarjetas de cr\u00e9dito de CaixaBank, encontrar\u00e1s la MyCard (una oportunidad de fraccionar tus compras en tantas veces como desees, recibir el cobro solo al d\u00eda siguiente de la compra y, adem\u00e1s, gestionar tus gastos de manera sencilla y remota) y la Visa &amp;Go (un producto exclusivo en el que puedes seleccionar el valor que deseas pagar cada mes por la compra que hayas dividido. Las comisiones de emisi\u00f3n y mantenimiento son totalmente gratuitas el primer a\u00f1o, y en el segundo a\u00f1o solo pagas una peque\u00f1a cuota, siempre que la utilices al menos una vez al a\u00f1o. Es ideal para compras m\u00e1s grandes).<\/p>\n<p><!-- \/wp_cf5e68:paragraph --><\/p>\n<p><!-- wp_cf5e68:heading {\"textAlign\":\"center\",\"style\":{\"elements\":{\"link\":{\"color\":{\"text\":\"var:preset|color|white\"}}}},\"backgroundColor\":\"vivid-cyan-blue\",\"textColor\":\"white\"} --><\/p>\n<h2 class=\"wp_cf5e68-block-heading has-text-align-center has-white-color has-vivid-cyan-blue-background-color has-text-color has-background has-link-color\">Algunos consejos \u00fatiles<\/h2>\n<p><!-- \/wp_cf5e68:heading --><\/p>\n<p><!-- wp_cf5e68:paragraph --><\/p>\n<p>Es importante tener en cuenta que en CaixaBank tambi\u00e9n encontrar\u00e1s otros productos de pr\u00e9stamos y tarjetas, pero estos pr\u00e9stamos no son necesariamente personales y estas tarjetas no son necesariamente de cr\u00e9dito, de ah\u00ed esta separaci\u00f3n que hace la propia entidad online.<\/p>\n<p><!-- \/wp_cf5e68:paragraph --><\/p>\n<p><!-- wp_cf5e68:heading {\"textAlign\":\"center\",\"style\":{\"elements\":{\"link\":{\"color\":{\"text\":\"var:preset|color|white\"}}}},\"backgroundColor\":\"vivid-cyan-blue\",\"textColor\":\"white\"} --><\/p>\n<h2 class=\"wp_cf5e68-block-heading has-text-align-center has-white-color has-vivid-cyan-blue-background-color has-text-color has-background has-link-color\">Por \u00faltimo, c\u00f3mo solicitar su producto de cr\u00e9dito con esta entidad<\/h2>\n<p><!-- \/wp_cf5e68:heading --><\/p>\n<p><!-- wp_cf5e68:paragraph --><\/p>\n<p>Para solicitar tu tarjeta de cr\u00e9dito o pr\u00e9stamo personal CaixaBank, te recomiendo que te dirijas a los art\u00edculos oficiales para tener una visi\u00f3n general. All\u00ed encontrar\u00e1s una gu\u00eda completa paso a paso e incluso los requisitos para solicitarlo. Tambi\u00e9n obtendr\u00e1s el enlace que te llevar\u00e1 directamente al primer paso del proceso. Por lo tanto, es fundamental que accedas a ellos, sobre todo para obtener muchos m\u00e1s detalles sobre estas oportunidades.<\/p>\n<p><!-- \/wp_cf5e68:paragraph --><\/p>\n<p><!-- wp_cf5e68:paragraph --><\/p>\n<p>Por \u00faltimo, el propio banco tambi\u00e9n asesora a los interesados en sus productos y a trav\u00e9s de los art\u00edculos te aconsejamos sobre los puntos que cubre la propia entidad, que te servir\u00e1n si quieres solicitarlo con CaixaBank o con otra entidad. Pero recuerda siempre comprobar la fiabilidad de otras entidades, y dar preferencia a las m\u00e1s s\u00f3lidas y populares, como el BBVA, por ejemplo. Por muchas ventajas que tenga una oferta, la mayor ventaja que puede tener es la seguridad. <\/p>\n<p><!-- \/wp_cf5e68:paragraph --><\/p>\n<p><!-- wp_cf5e68:buttons {\"layout\":{\"type\":\"flex\",\"justifyContent\":\"center\"}} --><\/p>\n<div class=\"wp_cf5e68-block-buttons\"><!-- wp_cf5e68:button {\"backgroundColor\":\"vivid-cyan-blue\",\"textColor\":\"white\",\"style\":{\"elements\":{\"link\":{\"color\":{\"text\":\"var:preset|color|white\"}}}}} --><\/p>\n<div class=\"wp_cf5e68-block-button\"><a class=\"wp_cf5e68-block-button__link has-white-color has-vivid-cyan-blue-background-color has-text-color has-background has-link-color wp_cf5e68-element-button\" href=\"https:\/\/bonfimnoticias.com.br\/ja\/prestamos-personales-caixabank-una-vision-completa-y-como-solicitarlos\/\">C\u00f3mo pedir un pr\u00e9stamo personal Caixabank &gt;&gt;&gt;&gt;<\/a><\/div>\n<p><!-- \/wp_cf5e68:button --><\/div>\n<p><!-- \/wp_cf5e68:buttons --><\/p>\n<p><!-- wp_cf5e68:paragraph {\"align\":\"center\",\"style\":{\"elements\":{\"link\":{\"color\":{\"text\":\"var:preset|color|cyan-bluish-gray\"}}}},\"textColor\":\"cyan-bluish-gray\"} --><\/p>\n<p class=\"has-text-align-center has-cyan-bluish-gray-color has-text-color has-link-color\">Se le redirigir\u00e1 al art\u00edculo mencionado sobre el pr\u00e9stamo<\/p>\n<p><!-- \/wp_cf5e68:paragraph --><\/p>\n<p><!-- wp_cf5e68:buttons {\"layout\":{\"type\":\"flex\",\"justifyContent\":\"center\"}} --><\/p>\n<div class=\"wp_cf5e68-block-buttons\"><!-- wp_cf5e68:button {\"backgroundColor\":\"vivid-cyan-blue\"} --><\/p>\n<div class=\"wp_cf5e68-block-button\"><a class=\"wp_cf5e68-block-button__link has-vivid-cyan-blue-background-color has-background wp_cf5e68-element-button\" href=\"https:\/\/bonfimnoticias.com.br\/ja\/tarjetas-de-credito-caixabank-consulta-las-opciones-y-como-solicitarlas\/\">C\u00f3mo solicitar una tarjeta de cr\u00e9dito CaixaBank &gt;&gt;&gt;&gt;<\/a><\/div>\n<p><!-- \/wp_cf5e68:button --><\/div>\n<p><!-- \/wp_cf5e68:buttons --><\/p>\n<p><!-- wp_cf5e68:paragraph {\"align\":\"center\",\"style\":{\"elements\":{\"link\":{\"color\":{\"text\":\"var:preset|color|cyan-bluish-gray\"}}}},\"textColor\":\"cyan-bluish-gray\"} --><\/p>\n<p class=\"has-text-align-center has-cyan-bluish-gray-color has-text-color has-link-color\">Ser\u00e1 redirigido al art\u00edculo mencionado sobre las tarjetas<\/p>\n<p><!-- \/wp_cf5e68:paragraph --><\/p>","protected":false},"excerpt":{"rendered":"<p>CaixaBank es reconocido como una de las mayores instituciones financieras locales. Entre sus productos, ofrece una amplia gama de cr\u00e9ditos,&#8230;<\/p>","protected":false},"author":24,"featured_media":19123,"parent":0,"menu_order":0,"comment_status":"closed","ping_status":"closed","template":"","meta":{"footnotes":""},"class_list":["post-19122","page","type-page","status-publish","has-post-thumbnail","hentry"],"_links":{"self":[{"href":"https:\/\/bonfimnoticias.com.br\/ja\/wp-json\/wp\/v2\/pages\/19122","targetHints":{"allow":["GET"]}}],"collection":[{"href":"https:\/\/bonfimnoticias.com.br\/ja\/wp-json\/wp\/v2\/pages"}],"about":[{"href":"https:\/\/bonfimnoticias.com.br\/ja\/wp-json\/wp\/v2\/types\/page"}],"author":[{"embeddable":true,"href":"https:\/\/bonfimnoticias.com.br\/ja\/wp-json\/wp\/v2\/users\/24"}],"replies":[{"embeddable":true,"href":"https:\/\/bonfimnoticias.com.br\/ja\/wp-json\/wp\/v2\/comments?post=19122"}],"version-history":[{"count":2,"href":"https:\/\/bonfimnoticias.com.br\/ja\/wp-json\/wp\/v2\/pages\/19122\/revisions"}],"predecessor-version":[{"id":19126,"href":"https:\/\/bonfimnoticias.com.br\/ja\/wp-json\/wp\/v2\/pages\/19122\/revisions\/19126"}],"wp:featuredmedia":[{"embeddable":true,"href":"https:\/\/bonfimnoticias.com.br\/ja\/wp-json\/wp\/v2\/media\/19123"}],"wp:attachment":[{"href":"https:\/\/bonfimnoticias.com.br\/ja\/wp-json\/wp\/v2\/media?parent=19122"}],"curies":[{"name":"wp","href":"https:\/\/api.w.org\/{rel}","templated":true}]}}