{"id":18726,"date":"2024-08-23T10:01:29","date_gmt":"2024-08-23T13:01:29","guid":{"rendered":"https:\/\/bonfimnoticias.com.br\/?page_id=18726"},"modified":"2024-08-26T12:24:52","modified_gmt":"2024-08-26T15:24:52","slug":"tarjeta-santander-1-botao","status":"publish","type":"page","link":"https:\/\/bonfimnoticias.com.br\/ja\/tarjeta-santander-1-botao\/","title":{"rendered":"Santander Tarjeta Argentina"},"content":{"rendered":"<style>\/*! elementor - v3.15.0 - 20-08-2023 *\/\n.elementor-heading-title{padding:0;margin:0;line-height:1}.elementor-widget-heading .elementor-heading-title[class*=elementor-size-]>a{color:inherit;font-size:inherit;line-height:inherit}.elementor-widget-heading .elementor-heading-title.elementor-size-small{font-size:15px}.elementor-widget-heading .elementor-heading-title.elementor-size-medium{font-size:19px}.elementor-widget-heading .elementor-heading-title.elementor-size-large{font-size:29px}.elementor-widget-heading .elementor-heading-title.elementor-size-xl{font-size:39px}.elementor-widget-heading .elementor-heading-title.elementor-size-xxl{font-size:59px}<\/style>\n<h2>Tarjeta Santander en Argentina: Beneficios, Tipos y C\u00f3mo Obtenerla<\/h2>\n<p style=\"text-align: center;\">\u305d\u3053\u306b\u306f <strong>Tarjeta Santander<\/strong> en Argentina es un producto financiero del Banco Santander, uno de los principales bancos del pa\u00eds y parte del grupo internacional espa\u00f1ol Santander. Esta tarjeta ofrece una amplia gama de servicios y beneficios, tanto en la modalidad de cr\u00e9dito como de d\u00e9bito.<\/p>\n<style>\/*! elementor - v3.15.0 - 20-08-2023 *\/\n.elementor-widget-image{text-align:center}.elementor-widget-image a{display:inline-block}.elementor-widget-image a img[src$=\".svg\"]{width:48px}.elementor-widget-image img{vertical-align:middle;display:inline-block}<\/style>\n<p>\t\t\t\t\t\t\t\t\t\t\t\t<img decoding=\"async\" width=\"860\" height=\"504\" src=\"https:\/\/bonfimnoticias.com.br\/wp_cf5e68-content\/uploads\/2024\/07\/santander.jpeg\" alt=\"\" loading=\"lazy\" srcset=\"https:\/\/bonfimnoticias.com.br\/wp_cf5e68-content\/uploads\/2024\/07\/santander.jpeg 860w, https:\/\/bonfimnoticias.com.br\/wp_cf5e68-content\/uploads\/2024\/07\/santander-800x469.jpeg 800w, https:\/\/bonfimnoticias.com.br\/wp_cf5e68-content\/uploads\/2024\/07\/santander-768x450.jpeg 768w\" sizes=\"auto, (max-width: 860px) 100vw, 860px\" \/>\t\t\t\t\t\t\t\t\t\t\t\t\t\t\t<\/p>\n<h2>Beneficios de las Tarjetas Santander<br \/>\n<\/h2>\n<ul>\n<li style=\"text-align: center;\"><strong>Programa SuperClub<\/strong>: Usando las tarjetas de cr\u00e9dito Santander, los clientes acumulan puntos que pueden ser canjeados por productos, viajes, experiencias y descuentos en una amplia variedad de comercios asociados.<\/li>\n<li style=\"text-align: center;\"><strong>Descuentos y promociones<\/strong>: Santander ofrece descuentos exclusivos en varios comercios, incluidos supermercados, restaurantes, tiendas de moda y electrodom\u00e9sticos.<\/li>\n<li style=\"text-align: center;\"><strong>Flexibilidad en los pagos<\/strong>: Las tarjetas Santander permiten a los usuarios elegir c\u00f3mo quieren pagar sus compras, con opciones de financiamiento y plazos de pago adaptables a las necesidades de cada cliente.<\/li>\n<li style=\"text-align: center;\"><strong>Seguridad avanzada<\/strong>: Las tarjetas Santander est\u00e1n equipadas con tecnolog\u00eda de seguridad, como chips EMV, y ofrecen herramientas de control a trav\u00e9s de aplicaciones m\u00f3viles que permiten gestionar el uso de la tarjeta, bloquearla en caso de p\u00e9rdida, y m\u00e1s.<\/li>\n<li style=\"text-align: center;\"><strong>Acceso global<\/strong>: Con las tarjetas de cr\u00e9dito Santander, los clientes pueden realizar compras y retiros en efectivo en cualquier parte del mundo, adem\u00e1s de contar con seguros y asistencias internacionales.<\/li>\n<\/ul>\n<p style=\"text-align: center;\">Para obtener una tarjeta Santander en Argentina, los interesados pueden acercarse a una sucursal del banco o iniciar el tr\u00e1mite en l\u00ednea a trav\u00e9s del sitio web oficial. Es necesario cumplir ciertos requisitos, como tener una cuenta en el banco, demostrar ingresos y pasar una evaluaci\u00f3n crediticia.<\/p>\n<p style=\"text-align: center;\">\u305d\u3053\u306b\u306f <strong>Tarjeta Santander<\/strong> es una excelente opci\u00f3n para quienes buscan combinar beneficios, seguridad y conveniencia en sus operaciones financieras en Argentina.<\/p>\n<p>\t\t\t<a href=\"https:\/\/bonfimnoticias.com.br\/ja\/tarjetas-de-credito-santander-argentina\/\"><br \/>\n\t\t\t\t\t\tDescubre m\u00e1s informaci\u00f3n aqu\u00ed<br \/>\n\t\t\t\t\t<\/a><\/p>","protected":false},"excerpt":{"rendered":"<p>Tarjeta Santander en Argentina: Beneficios, Tipos y C\u00f3mo Obtenerla La Tarjeta Santander en Argentina es un producto financiero del Banco&#8230;<\/p>","protected":false},"author":19,"featured_media":0,"parent":0,"menu_order":0,"comment_status":"closed","ping_status":"closed","template":"","meta":{"footnotes":""},"class_list":["post-18726","page","type-page","status-publish","hentry"],"_links":{"self":[{"href":"https:\/\/bonfimnoticias.com.br\/ja\/wp-json\/wp\/v2\/pages\/18726","targetHints":{"allow":["GET"]}}],"collection":[{"href":"https:\/\/bonfimnoticias.com.br\/ja\/wp-json\/wp\/v2\/pages"}],"about":[{"href":"https:\/\/bonfimnoticias.com.br\/ja\/wp-json\/wp\/v2\/types\/page"}],"author":[{"embeddable":true,"href":"https:\/\/bonfimnoticias.com.br\/ja\/wp-json\/wp\/v2\/users\/19"}],"replies":[{"embeddable":true,"href":"https:\/\/bonfimnoticias.com.br\/ja\/wp-json\/wp\/v2\/comments?post=18726"}],"version-history":[{"count":7,"href":"https:\/\/bonfimnoticias.com.br\/ja\/wp-json\/wp\/v2\/pages\/18726\/revisions"}],"predecessor-version":[{"id":18841,"href":"https:\/\/bonfimnoticias.com.br\/ja\/wp-json\/wp\/v2\/pages\/18726\/revisions\/18841"}],"wp:attachment":[{"href":"https:\/\/bonfimnoticias.com.br\/ja\/wp-json\/wp\/v2\/media?parent=18726"}],"curies":[{"name":"wp","href":"https:\/\/api.w.org\/{rel}","templated":true}]}}