{"id":18575,"date":"2024-08-08T14:09:03","date_gmt":"2024-08-08T17:09:03","guid":{"rendered":"https:\/\/bonfimnoticias.com.br\/?page_id=18575"},"modified":"2024-08-08T14:12:16","modified_gmt":"2024-08-08T17:12:16","slug":"cartao-consignado-bmg-lp","status":"publish","type":"page","link":"https:\/\/bonfimnoticias.com.br\/ja\/cartao-consignado-bmg-lp\/","title":{"rendered":"Cart\u00e3o consignado BMG &#8211; Landing Page BR"},"content":{"rendered":"<p style=\"text-align: center;\">O cart\u00e3o consignado BMG ou cart\u00e3o consignado benef\u00edcio BMG, como \u00e9 oficialmente conhecido, trata-se de um produto financeiro destinado a pessoas aposentadas, pensionistas do INSS e servidores p\u00fablicos brasileiros. Trata-se de uma oferta vantajosa do Banco BMG sobre a qual nos deteremos na oportunidade de hoje. Veja mais.<\/p>\n<p><br \/>\n<a href=\"https:\/\/bonfimnoticias.com.br\/ja\/cartao-consignado-bmg\/\"><br \/>\nSolicite o seu cart\u00e3o consignado BMG<br \/>\n<\/a><\/p>\n<p style=\"text-align: center;\">Voc\u00ea ser\u00e1 redirecionado ao artigo oficial<\/p>\n<style>\/*! elementor - v3.15.0 - 20-08-2023 *\/<br \/>\n.elementor-widget-image{text-align:center}.elementor-widget-image a{display:inline-block}.elementor-widget-image a img[src$=\".svg\"]{width:48px}.elementor-widget-image img{vertical-align:middle;display:inline-block}<\/style>\n<p><img loading=\"lazy\" decoding=\"async\" src=\"https:\/\/bonfimnoticias.com.br\/wp_cf5e68-content\/uploads\/2024\/08\/cartao-de-credito-Portal-Financa-1.png\" sizes=\"auto, (max-width: 1000px) 100vw, 1000px\" srcset=\"https:\/\/bonfimnoticias.com.br\/wp_cf5e68-content\/uploads\/2024\/08\/cartao-de-credito-Portal-Financa-1.png 1000w, https:\/\/bonfimnoticias.com.br\/wp_cf5e68-content\/uploads\/2024\/08\/cartao-de-credito-Portal-Financa-1-800x533.png 800w, https:\/\/bonfimnoticias.com.br\/wp_cf5e68-content\/uploads\/2024\/08\/cartao-de-credito-Portal-Financa-1-768x511.png 768w\" alt=\"\" width=\"1000\" height=\"666\" \/><\/p>\n<h2 style=\"text-align: center;\">As caracter\u00edsticas e vantagens do cart\u00e3o consignado BMG<\/h2>\n<p style=\"text-align: center;\">Bem no in\u00edcio j\u00e1 definimos, de modo geral, o p\u00fablico-alvo do cart\u00e3o consignado BMG: seus usu\u00e1rios s\u00e3o aposentados, pensionistas e servidores p\u00fablicos. Mas, n\u00e3o \u00e9 apenas isso, \u00e9 claro, essa categoria de pessoas precisam residir nos estados de Minas Gerais e S\u00e3o Paulo. Ademais, sobre as caracter\u00edsticas desse produto, elas s\u00e3o: gratuidade na taxa de anuidade, faturas descontadas do sal\u00e1rio do usu\u00e1rio, um limite de cr\u00e9dito de at\u00e9 1,45 vezes do sal\u00e1rio do titular, possibilidade de saque em at\u00e9 70% desse limite, seguros inclusos, descontos nas farm\u00e1cias S\u00e3o Paulo e Pacheco, aceita\u00e7\u00e3o nacional e internacional, recarga de celular, gratuidade na realiza\u00e7\u00e3o dos saques e, prazo de pagamento de at\u00e9 40 dias da sua fatura. Incr\u00edvel, n\u00e3o \u00e9?<\/p>\n<p style=\"text-align: center;\">Com base nisso, notamos as seguintes vantagens:<\/p>\n<p><br \/>\n<a href=\"https:\/\/bonfimnoticias.com.br\/ja\/cartao-atacadao-carrefour-solucoes\/\"><br \/>\nConhe\u00e7a o cart\u00e3o Atacad\u00e3o<br \/>\n<\/a><\/p>\n<p style=\"text-align: center;\">Voc\u00ea ser\u00e1 redirecionado para o artigo oficial<\/p>\n<p style=\"text-align: center;\"><strong>Pagamento c\u00f4modo:<\/strong> voc\u00ea n\u00e3o precisa se preocupar com o atraso do seu pagamento e com as datas de vencimento, pois a fatura \u00e9 descontada automaticamente da sua folha sal\u00e1rio;<\/p>\n<p style=\"text-align: center;\"><strong>O limite de cr\u00e9dito \u00e9 generoso e controlado<\/strong>: o Banco BMG usa de uma \u00f3tima estrat\u00e9gia de cart\u00e3o para o dia a dia fornecendo um cr\u00e9dito de um pouco mais do que o sal\u00e1rio do usu\u00e1rio e que cabe dentro do seu bolso para a realiza\u00e7\u00e3o dos pagamentos;<\/p>\n<p style=\"text-align: center;\"><strong>Acesso a dinheiro em esp\u00e9cie:<\/strong> atrav\u00e9s do saque gratuito voc\u00ea pode obter at\u00e9 70% do limite do seu cr\u00e9dito;<\/p>\n<p style=\"text-align: center;\"><strong>Seguros inclusos:<\/strong> voc\u00ea pode incluir uma seguran\u00e7a adicional de vida e tamb\u00e9m de assist\u00eancia funeral pagando um valor extra;<\/p>\n<p style=\"text-align: center;\"><strong> Economizar os gastos em medicamentos<\/strong>: as farm\u00e1cias parceiras oferecem descontos exclusivos para os titulares;<\/p>\n<p style=\"text-align: center;\">Ressaltando que estas s\u00e3o apenas algumas entre tantas vantagens ao obter este produto.<\/p>\n<p style=\"text-align: center;\">No que diz respeito ao processo de solicita\u00e7\u00e3o, isso voc\u00ea ver\u00e1 de modo detalhado por meio do artigo oficial. Al\u00e9m disso, l\u00e1 voc\u00ea obter\u00e1 o link de acesso que te redirecionar\u00e1 para a p\u00e1gina da institui\u00e7\u00e3o, o que ser\u00e1 \u00fatil tamb\u00e9m havendo qualquer d\u00favida sobre o assunto para um atendimento personalizado e solu\u00e7\u00e3o de todas as quest\u00f5es.<\/p>\n<p style=\"text-align: center;\">Caso este produto, em espec\u00edfico, t\u00e3o tenha te atra\u00eddo ou se voc\u00ea n\u00e3o se encaixa no p\u00fablico-alvo, fique tranquilo, pois outras institui\u00e7\u00f5es confi\u00e1veis tamb\u00e9m oferecem \u00f3timas op\u00e7\u00f5es. Um grande exemplo \u00e9 o cart\u00e3o Atacad\u00e3o e o cart\u00e3o Mercado Pago.<\/p>\n<p style=\"text-align: center;\">Por fim, no artigo voc\u00ea achar\u00e1 uma compara\u00e7\u00e3o entre este cart\u00e3o com outro \u00f3timo e atrativo cart\u00e3o do mercado, a fim de saber se realmente \u00e9 uma op\u00e7\u00e3o que vale a pena entre tantas e se voc\u00ea pode consider\u00e1-la realmente atraente para o seu caso.<\/p>\n<p style=\"text-align: center;\">Ademais, recomendamos que continue ligado nos nossos conte\u00fados para estar em dia com as novidades financeiras que surgem e beneficiam milh\u00f5es do cidad\u00e3os pelo mundo.<\/p>","protected":false},"excerpt":{"rendered":"<p>O cart\u00e3o consignado BMG ou cart\u00e3o consignado benef\u00edcio BMG, como \u00e9 oficialmente conhecido, trata-se de um produto financeiro destinado a&#8230;<\/p>","protected":false},"author":24,"featured_media":18576,"parent":0,"menu_order":0,"comment_status":"open","ping_status":"closed","template":"","meta":{"footnotes":""},"class_list":["post-18575","page","type-page","status-publish","has-post-thumbnail","hentry"],"_links":{"self":[{"href":"https:\/\/bonfimnoticias.com.br\/ja\/wp-json\/wp\/v2\/pages\/18575","targetHints":{"allow":["GET"]}}],"collection":[{"href":"https:\/\/bonfimnoticias.com.br\/ja\/wp-json\/wp\/v2\/pages"}],"about":[{"href":"https:\/\/bonfimnoticias.com.br\/ja\/wp-json\/wp\/v2\/types\/page"}],"author":[{"embeddable":true,"href":"https:\/\/bonfimnoticias.com.br\/ja\/wp-json\/wp\/v2\/users\/24"}],"replies":[{"embeddable":true,"href":"https:\/\/bonfimnoticias.com.br\/ja\/wp-json\/wp\/v2\/comments?post=18575"}],"version-history":[{"count":5,"href":"https:\/\/bonfimnoticias.com.br\/ja\/wp-json\/wp\/v2\/pages\/18575\/revisions"}],"predecessor-version":[{"id":18581,"href":"https:\/\/bonfimnoticias.com.br\/ja\/wp-json\/wp\/v2\/pages\/18575\/revisions\/18581"}],"wp:featuredmedia":[{"embeddable":true,"href":"https:\/\/bonfimnoticias.com.br\/ja\/wp-json\/wp\/v2\/media\/18576"}],"wp:attachment":[{"href":"https:\/\/bonfimnoticias.com.br\/ja\/wp-json\/wp\/v2\/media?parent=18575"}],"curies":[{"name":"wp","href":"https:\/\/api.w.org\/{rel}","templated":true}]}}