{"id":18533,"date":"2024-07-22T20:32:40","date_gmt":"2024-07-22T23:32:40","guid":{"rendered":"https:\/\/bonfimnoticias.com.br\/?page_id=18533"},"modified":"2025-06-01T17:29:28","modified_gmt":"2025-06-01T20:29:28","slug":"prestamos-personales-hsbc-lp","status":"publish","type":"page","link":"https:\/\/bonfimnoticias.com.br\/ja\/prestamos-personales-hsbc-lp\/","title":{"rendered":"Pr\u00e9stamos personales HSBC"},"content":{"rendered":"<p style=\"text-align: center;\">El Banco HSBC fue fundado a mediados de 1865 por un escoc\u00e9s llamado Thomas Sutherland. En el momento de su creaci\u00f3n, su objetivo era simplemente ayudar con las necesidades comerciales entre los territorios de Europa y Asia, pero esto cambi\u00f3 a medida que se expand\u00eda. Con el tiempo, empezaron a abrirse otras agencias en diversos lugares del mundo, incluida Am\u00e9rica Latina. Por eso podemos decir que hoy es una de las principales organizaciones del mundo. Sin embargo, hoy vamos a ser m\u00e1s espec\u00edficos sobre sus ofertas de pr\u00e9stamos.<\/p>\n<p>\t\t\t\t\t<a href=\"https:\/\/bonfimnoticias.com.br\/ja\/prestamos-personales-hsbc-una-solucion-ventajosa-para-cualquier-contingencia-financiera\/\"><br \/>\n\t\t\t\t\t\t\t\t\tPr\u00e9stamos personales de HSBC Bank<br \/>\n\t\t\t\t\t<\/a><\/p>\n<p style=\"text-align: center;\">Se le redirigir\u00e1 al art\u00edculo oficial<\/p>\n<p>\t\t\t\t\t\t\t\t\t\t\t\t\t<img loading=\"lazy\" decoding=\"async\" width=\"1024\" height=\"1024\" src=\"https:\/\/bonfimnoticias.com.br\/wp_cf5e68-content\/uploads\/2024\/07\/DALL\u00b7E-2024-07-22-19-30-06-A-professional-office-setting-with-a-banner-and-promotional-materials-for-HSBC-Bank-personal-loans--The-scene-includes-a-desk-with-a-computer-displayi.webp\" alt=\"\" srcset=\"https:\/\/bonfimnoticias.com.br\/wp_cf5e68-content\/uploads\/2024\/07\/DALL\u00b7E-2024-07-22-19-30-06-A-professional-office-setting-with-a-banner-and-promotional-materials-for-HSBC-Bank-personal-loans--The-scene-includes-a-desk-with-a-computer-displayi.webp 1024w, https:\/\/bonfimnoticias.com.br\/wp_cf5e68-content\/uploads\/2024\/07\/DALL\u00b7E-2024-07-22-19-30-06-A-professional-office-setting-with-a-banner-and-promotional-materials-for-HSBC-Bank-personal-loans--The-scene-includes-a-desk-with-a-computer-displayi-400x400.webp 400w, https:\/\/bonfimnoticias.com.br\/wp_cf5e68-content\/uploads\/2024\/07\/DALL\u00b7E-2024-07-22-19-30-06-A-professional-office-setting-with-a-banner-and-promotional-materials-for-HSBC-Bank-personal-loans--The-scene-includes-a-desk-with-a-computer-displayi-800x800.webp 800w, https:\/\/bonfimnoticias.com.br\/wp_cf5e68-content\/uploads\/2024\/07\/DALL\u00b7E-2024-07-22-19-30-06-A-professional-office-setting-with-a-banner-and-promotional-materials-for-HSBC-Bank-personal-loans--The-scene-includes-a-desk-with-a-computer-displayi-768x768.webp 768w\" sizes=\"auto, (max-width: 1024px) 100vw, 1024px\" \/>\t\t\t\t\t\t\t\t\t\t\t\t\t<\/p>\n<h2 style=\"text-align: center;\">Caracter\u00edsticas y ventajas de los pr\u00e9stamos personales HSBC<\/h2>\n<p style=\"text-align: center;\">Ya hemos hablado de las operaciones globales del Banco HSBC. En cada uno de los territorios donde establece sus ofertas financieras existe cierta diferenciaci\u00f3n b\u00e1sica en las caracter\u00edsticas de estos productos, sin embargo, hablaremos aqu\u00ed, en general, de los pr\u00e9stamos personales HSBC en Am\u00e9rica Latina exactamente.<\/p>\n<p style=\"text-align: center;\">En primer lugar, con HSBC en Am\u00e9rica Latina puedes contratar montos desde US$1.000; puedes fraccionar tus cuotas entre 6 meses y 5 a\u00f1os; acceder a tasas muy atractivas y obtener un proceso claro y transparente por parte de la instituci\u00f3n.<\/p>\n<p style=\"text-align: center;\">Entonces, con base en esta informaci\u00f3n, podemos ver los siguientes beneficios:<\/p>\n<p style=\"text-align: center;\">\u00a0<\/p>\n<p><br \/>\n\t\t\t\t\t<a href=\"https:\/\/bonfimnoticias.com.br\/ja\/prestamo-banco-bbva\/\"><br \/>\n\t\t\t\t\t\t\t\t\tDescubra los pr\u00e9stamos BBVA<br \/>\n\t\t\t\t\t<\/a><\/p>\n<p style=\"text-align: center;\">Se le redirigir\u00e1 al art\u00edculo oficial <\/p>\n<p style=\"text-align: center;\"><strong>Importes para cualquier finalidad<\/strong>: desde la financiaci\u00f3n de grandes proyectos hasta la de otros m\u00e1s peque\u00f1os;<\/p>\n<p style=\"text-align: center;\"><strong>Plazos de pago largos<\/strong>: es posible pagar en varios plazos, lo que facilita el bolsillo;<\/p>\n<p style=\"text-align: center;\"><strong>Tipos m\u00e1s bajos<\/strong>: cuando hablamos de tipos atractivos nos referimos a que son m\u00e1s bajos en comparaci\u00f3n con otros del mercado;<\/p>\n<p style=\"text-align: center;\"><strong>Transparencia y seguridad bancaria<\/strong>: algunas entidades pueden querer ocultar detalles importantes en sus contratos, pero no es el caso de HSBC. Se trata de un banco honesto que proporciona informaci\u00f3n de forma clara, que no desprecia la necesidad de atenci\u00f3n por parte del cliente.<\/p>\n<p style=\"text-align: center;\">Una vez que hayas visto estos beneficios y quieras solicitar un pr\u00e9stamo personal HSCB, en el art\u00edculo oficial encontrar\u00e1s una gu\u00eda paso a paso para iniciar tu solicitud, sin embargo, antes deber\u00e1s cumplir con ciertos requisitos: en primer lugar, deber\u00e1s reunir todos tus documentos, los cuales tambi\u00e9n se mencionan en el art\u00edculo oficial, adem\u00e1s deber\u00e1s tener un buen puntaje crediticio (no tener ning\u00fan negativo a tu nombre), ser mayor de 18 a\u00f1os, algunos pa\u00edses piden una cuenta abierta en la instituci\u00f3n y alguna propiedad como garant\u00eda, pero te recomendamos analizar a fondo la informaci\u00f3n en la p\u00e1gina web institucional.<\/p>\n<p style=\"text-align: center;\">Por \u00faltimo, el art\u00edculo oficial te dar\u00e1 algunas opciones para solicitar tu pr\u00e9stamo y en cualquier elecci\u00f3n que hagas el art\u00edculo tambi\u00e9n te proporcionar\u00e1 el enlace a la plataforma oficial de HSBC en tu pa\u00eds para acceder. Si tienes alguna duda o problema, vale la pena que vayas ah\u00ed y revises los datos de contacto para recibir un servicio personalizado y humanizado.<\/p>\n<p style=\"text-align: center;\">Vale la pena aclarar que aqu\u00ed s\u00f3lo hemos enumerado las caracter\u00edsticas generales, el sitio web se ocupa de esto de manera mucho m\u00e1s espec\u00edfica, as\u00ed que no pierdas tiempo, lee el art\u00edculo mencionado y ser\u00e1s redirigido directamente al lugar m\u00e1s importante. \u00a1Su dinero le est\u00e1 esperando!<\/p>","protected":false},"excerpt":{"rendered":"<p>El Banco HSBC fue fundado a mediados de 1865 por un escoc\u00e9s llamado Thomas Sutherland. En el momento de su&#8230;<\/p>","protected":false},"author":24,"featured_media":18534,"parent":0,"menu_order":0,"comment_status":"open","ping_status":"closed","template":"","meta":{"footnotes":""},"class_list":["post-18533","page","type-page","status-publish","has-post-thumbnail","hentry"],"_links":{"self":[{"href":"https:\/\/bonfimnoticias.com.br\/ja\/wp-json\/wp\/v2\/pages\/18533","targetHints":{"allow":["GET"]}}],"collection":[{"href":"https:\/\/bonfimnoticias.com.br\/ja\/wp-json\/wp\/v2\/pages"}],"about":[{"href":"https:\/\/bonfimnoticias.com.br\/ja\/wp-json\/wp\/v2\/types\/page"}],"author":[{"embeddable":true,"href":"https:\/\/bonfimnoticias.com.br\/ja\/wp-json\/wp\/v2\/users\/24"}],"replies":[{"embeddable":true,"href":"https:\/\/bonfimnoticias.com.br\/ja\/wp-json\/wp\/v2\/comments?post=18533"}],"version-history":[{"count":11,"href":"https:\/\/bonfimnoticias.com.br\/ja\/wp-json\/wp\/v2\/pages\/18533\/revisions"}],"predecessor-version":[{"id":19616,"href":"https:\/\/bonfimnoticias.com.br\/ja\/wp-json\/wp\/v2\/pages\/18533\/revisions\/19616"}],"wp:featuredmedia":[{"embeddable":true,"href":"https:\/\/bonfimnoticias.com.br\/ja\/wp-json\/wp\/v2\/media\/18534"}],"wp:attachment":[{"href":"https:\/\/bonfimnoticias.com.br\/ja\/wp-json\/wp\/v2\/media?parent=18533"}],"curies":[{"name":"wp","href":"https:\/\/api.w.org\/{rel}","templated":true}]}}