{"id":18356,"date":"2024-05-17T13:33:15","date_gmt":"2024-05-17T16:33:15","guid":{"rendered":"https:\/\/bonfimnoticias.com.br\/?page_id=18356"},"modified":"2024-05-21T13:08:24","modified_gmt":"2024-05-21T16:08:24","slug":"banco-de-guayaquil","status":"publish","type":"page","link":"https:\/\/bonfimnoticias.com.br\/ja\/banco-de-guayaquil\/","title":{"rendered":"Banco de Guayaquil"},"content":{"rendered":"<p style=\"text-align: center;\">El pr\u00e9stamo de consumo del Banco de Guayaquil es una oportunidad para uso flexible, es decir, para cualquier finalidad en la que el solicitante necesite aplicar el dinero.<\/p>\n<p><br \/>\n\t\t\t<a href=\"https:\/\/bonfimnoticias.com.br\/ja\/banco-de-guayaquil-solicite-ya-su-prestamo-financiero-en-pocos-pasos\/#goog_rewarded\"><br \/>\n\t\t\t\t\t\tM\u00e1s informaci\u00f3n sobre esta oportunidad<br \/>\n\t\t\t\t\t<\/a><\/p>\n<p style=\"text-align: center;\">Ser\u00e1 redirigido al art\u00edculo oficial <\/p>\n<style>\/*! elementor - v3.15.0 - 20-08-2023 *\/\n.elementor-widget-image{text-align:center}.elementor-widget-image a{display:inline-block}.elementor-widget-image a img[src$=\".svg\"]{width:48px}.elementor-widget-image img{vertical-align:middle;display:inline-block}<\/style>\n<p>\t\t\t\t\t\t\t\t\t\t\t\t<img decoding=\"async\" width=\"1024\" height=\"683\" src=\"https:\/\/bonfimnoticias.com.br\/wp_cf5e68-content\/uploads\/2024\/05\/mercado-credito5-1024x683.png\" alt=\"\" loading=\"lazy\" srcset=\"https:\/\/bonfimnoticias.com.br\/wp_cf5e68-content\/uploads\/2024\/05\/mercado-credito5-1024x683.png 1024w, https:\/\/bonfimnoticias.com.br\/wp_cf5e68-content\/uploads\/2024\/05\/mercado-credito5-800x533.png 800w, https:\/\/bonfimnoticias.com.br\/wp_cf5e68-content\/uploads\/2024\/05\/mercado-credito5-768x512.png 768w, https:\/\/bonfimnoticias.com.br\/wp_cf5e68-content\/uploads\/2024\/05\/mercado-credito5.png 1200w\" sizes=\"auto, (max-width: 1024px) 100vw, 1024px\" \/>\t\t\t\t\t\t\t\t\t\t\t\t\t\t\t<\/p>\n<h2 style=\"text-align: center;\">Descubra las caracter\u00edsticas y ventajas del cr\u00e9dito de consumo del Banco de Guayaquil<\/h2>\n<p style=\"text-align: center;\">Como se mencion\u00f3 anteriormente, el pr\u00e9stamo de consumo ofrecido por el Banco de Guayaquil es una oportunidad flexible para usar el dinero como desees. Al contratarlo, tienes hasta 60 meses para completar el pago. El monto total del pr\u00e9stamo va desde $2.000 hasta $60.000, con una tasa de inter\u00e9s aplicada del 15,60% y la transferencia del monto se realiza inmediatamente a tu cuenta bancaria Guayaquil.<\/p>\n<p><br \/>\n\t\t\t<a href=\"https:\/\/bonfimnoticias.com.br\/ja\/prestamos-del-banco-pichincha\/\"><br \/>\n\t\t\t\t\t\tVea c\u00f3mo solicitar su pr\u00e9stamo<br \/>\n\t\t\t\t\t<\/a><\/p>\n<p style=\"text-align: center;\">Ser\u00e1 redirigido al art\u00edculo oficial<\/p>\n<p style=\"text-align: center;\"><strong>Contratando el pr\u00e9stamo de consumo del Banco de Guayaquil, tienes flexibilidad en tu pago<\/strong>: adem\u00e1s del plazo extendido, puedes elegir el d\u00eda para pagar tus cuotas;<\/p>\n<p style=\"text-align: center;\"><strong>Opciones de pago a tu elecci\u00f3n<\/strong>: puedes pagar tus cuotas de forma remota, ya sea a trav\u00e9s de la aplicaci\u00f3n bancaria o por d\u00e9bito autom\u00e1tico;<\/p>\n<p style=\"text-align: center;\"><strong>Respuesta r\u00e1pida<\/strong>: la aprobaci\u00f3n de tu pr\u00e9stamo es una de las m\u00e1s r\u00e1pidas del mercado, pudiendo concretarse en solo unas horas si lo solicitas en un d\u00eda h\u00e1bil.<\/p>\n<p style=\"text-align: center;\">M\u00e1s all\u00e1 de estas ventajas ofrecidas por el banco, existe la confiabilidad y el significado que la propia instituci\u00f3n tiene en los pa\u00edses donde opera. En Ecuador, por ejemplo, donde fue fundado, su presencia es hist\u00f3rica y significativa para la econom\u00eda local. Con el paso del tiempo, sus operaciones fueron avanzando hacia otros pa\u00edses de Am\u00e9rica Latina, llegando tambi\u00e9n a los canales digitales, siempre con el mismo compromiso con sus clientes y usuarios. De esta forma, podemos decir que los productos y servicios del Banco de Guayaquil son realmente atractivos en el mercado.<\/p>\n<p style=\"text-align: center;\">En cuanto a la solicitud del producto, lo destacamos a trav\u00e9s de un paso a paso detallado en el art\u00edculo oficial publicado. All\u00ed tambi\u00e9n encontrar\u00e1s el enlace que te redirigir\u00e1 al sitio web del banco y as\u00ed podr\u00e1s iniciar tu proceso de solicitud. Si a\u00fan tienes dudas, el propio banco, a trav\u00e9s de su sitio institucional, ofrece canales de soporte para atender a sus clientes y resolver todas sus preguntas. No te preocupes, todo esto es un proceso muy intuitivo y, como se ha mencionado, el Banco de Guayaquil es muy confiable y comprometido.<\/p>\n<p style=\"text-align: center;\">Por \u00faltimo, siempre brindamos a nuestros lectores la misma recomendaci\u00f3n cuando hay inter\u00e9s en solicitar un pr\u00e9stamo: productos de este tipo son para casos de verdadera necesidad, cuando no hay ning\u00fan otro medio de acceder al recurso tan necesario, ya que, obviamente, el dinero debe ser devuelto con INTERESES APLICADOS. Por lo tanto, antes que nada, realiza una planificaci\u00f3n financiera para asegurarte de que el pago no afectar\u00e1 negativamente tus finanzas. Elige cuotas que se ajusten a tu presupuesto y que no comprometan una alta proporci\u00f3n de tus ingresos. Todo este cuidado es muy necesario porque, si no hay compromiso, podr\u00edas tener un bajo puntaje de cr\u00e9dito, lo que podr\u00eda perjudicarte en el futuro.<\/p>","protected":false},"excerpt":{"rendered":"<p>El pr\u00e9stamo de consumo del Banco de Guayaquil es una oportunidad para uso flexible, es decir, para cualquier finalidad en&#8230;<\/p>","protected":false},"author":24,"featured_media":18357,"parent":0,"menu_order":0,"comment_status":"open","ping_status":"closed","template":"","meta":{"footnotes":""},"class_list":["post-18356","page","type-page","status-publish","has-post-thumbnail","hentry"],"_links":{"self":[{"href":"https:\/\/bonfimnoticias.com.br\/ja\/wp-json\/wp\/v2\/pages\/18356","targetHints":{"allow":["GET"]}}],"collection":[{"href":"https:\/\/bonfimnoticias.com.br\/ja\/wp-json\/wp\/v2\/pages"}],"about":[{"href":"https:\/\/bonfimnoticias.com.br\/ja\/wp-json\/wp\/v2\/types\/page"}],"author":[{"embeddable":true,"href":"https:\/\/bonfimnoticias.com.br\/ja\/wp-json\/wp\/v2\/users\/24"}],"replies":[{"embeddable":true,"href":"https:\/\/bonfimnoticias.com.br\/ja\/wp-json\/wp\/v2\/comments?post=18356"}],"version-history":[{"count":8,"href":"https:\/\/bonfimnoticias.com.br\/ja\/wp-json\/wp\/v2\/pages\/18356\/revisions"}],"predecessor-version":[{"id":18369,"href":"https:\/\/bonfimnoticias.com.br\/ja\/wp-json\/wp\/v2\/pages\/18356\/revisions\/18369"}],"wp:featuredmedia":[{"embeddable":true,"href":"https:\/\/bonfimnoticias.com.br\/ja\/wp-json\/wp\/v2\/media\/18357"}],"wp:attachment":[{"href":"https:\/\/bonfimnoticias.com.br\/ja\/wp-json\/wp\/v2\/media?parent=18356"}],"curies":[{"name":"wp","href":"https:\/\/api.w.org\/{rel}","templated":true}]}}