{"id":18162,"date":"2024-04-24T11:35:22","date_gmt":"2024-04-24T14:35:22","guid":{"rendered":"https:\/\/bonfimnoticias.com.br\/?page_id=18162"},"modified":"2025-06-20T20:03:06","modified_gmt":"2025-06-20T23:03:06","slug":"banco-bbva","status":"publish","type":"page","link":"https:\/\/bonfimnoticias.com.br\/ja\/banco-bbva\/","title":{"rendered":"BBVA\u9280\u884c"},"content":{"rendered":"<p style=\"text-align: center;\">El Banco BBVA es una instituci\u00f3n hist\u00f3rica y bastante significativa en todo el mundo. Sus ofertas de productos son muchas, entre ellas las tarjetas de cr\u00e9dito BBVA de la bandera Visa, en varias modalidades y con caracter\u00edsticas \u00fanicas.<\/p>\n<p><br \/>\n<a href=\"https:\/\/bonfimnoticias.com.br\/ja\/tarjetas-visa-ven-a-ver-todas-las-ofertas-de-tarjetas-de-credito-bbva-en-el-increible-banner-visa\/#goog_rewarded\"><br \/>\nM\u00e1s informaci\u00f3n sobre estas tarjetas<br \/>\n<\/a><\/p>\n<p style=\"text-align: center;\">Se le redirigir\u00e1 al art\u00edculo oficial<\/p>\n<style>\/*! elementor - v3.15.0 - 20-08-2023 *\/<br \/>\n.elementor-widget-image{text-align:center}.elementor-widget-image a{display:inline-block}.elementor-widget-image a img[src$=\".svg\"]{width:48px}.elementor-widget-image img{vertical-align:middle;display:inline-block}<\/style>\n<p><img loading=\"lazy\" decoding=\"async\" src=\"https:\/\/bonfimnoticias.com.br\/wp_cf5e68-content\/uploads\/2024\/04\/DALL\u00b7E-2024-04-24-10.47.48-A-classic-architectural-design-of-a-BBVA-bank-branch-featuring-stone-walls-and-traditional-columned-entrance.-The-BBVA-logo-is-subtly-integrated-into.webp\" sizes=\"auto, (max-width: 1024px) 100vw, 1024px\" srcset=\"https:\/\/bonfimnoticias.com.br\/wp_cf5e68-content\/uploads\/2024\/04\/DALL\u00b7E-2024-04-24-10.47.48-A-classic-architectural-design-of-a-BBVA-bank-branch-featuring-stone-walls-and-traditional-columned-entrance.-The-BBVA-logo-is-subtly-integrated-into.webp 1024w, https:\/\/bonfimnoticias.com.br\/wp_cf5e68-content\/uploads\/2024\/04\/DALL\u00b7E-2024-04-24-10.47.48-A-classic-architectural-design-of-a-BBVA-bank-branch-featuring-stone-walls-and-traditional-columned-entrance.-The-BBVA-logo-is-subtly-integrated-into-800x800.webp 800w, https:\/\/bonfimnoticias.com.br\/wp_cf5e68-content\/uploads\/2024\/04\/DALL\u00b7E-2024-04-24-10.47.48-A-classic-architectural-design-of-a-BBVA-bank-branch-featuring-stone-walls-and-traditional-columned-entrance.-The-BBVA-logo-is-subtly-integrated-into-400x400.webp 400w, https:\/\/bonfimnoticias.com.br\/wp_cf5e68-content\/uploads\/2024\/04\/DALL\u00b7E-2024-04-24-10.47.48-A-classic-architectural-design-of-a-BBVA-bank-branch-featuring-stone-walls-and-traditional-columned-entrance.-The-BBVA-logo-is-subtly-integrated-into-768x768.webp 768w\" alt=\"\" width=\"1024\" height=\"1024\" \/><\/p>\n<h2 style=\"text-align: center;\">Las ventajas y beneficios de las tarjetas de cr\u00e9dito Visa BBVA<\/h2>\n<p style=\"text-align: center;\">Es necesario aclarar nuevamente lo que ya se ha dicho antes: las tarjetas de cr\u00e9dito Visa BBVA son ofertas en plural, son varias oportunidades, cada una con sus caracter\u00edsticas espec\u00edficas y esto necesita ser bien destacado antes de presentar las caracter\u00edsticas generales. Existe la tarjeta de cr\u00e9dito Visa Aqua, la Visa Ara, Congelada, Infinite, Cl\u00e1sica, Oro y Platinum. A trav\u00e9s del art\u00edculo oficial puedes revisar mejor sus particularidades.<\/p>\n<p><br \/>\n<a href=\"https:\/\/bonfimnoticias.com.br\/ja\/un-analisis-del-prestamo-personal-del-banco-bbva\/\"><br \/>\nDescubra otros productos del Banco BBVA<br \/>\n<\/a><\/p>\n<p style=\"text-align: center;\">Se le redirigir\u00e1 al art\u00edculo oficial<\/p>\n<p style=\"text-align: center;\"><strong>Al solicitar una tarjeta de cr\u00e9dito Visa BBVA puedes participar en programas de puntos:<\/strong> acumular puntos en tus compras y luego canjearlos por viajes, productos o servicios;<\/p>\n<p style=\"text-align: center;\"><strong> Asegurar m\u00e1s seguridad:<\/strong> la seguridad de estos productos es muy avanzada, ideal para proteger la informaci\u00f3n de sus clientes;<\/p>\n<p style=\"text-align: center;\"><strong> Aceptaci\u00f3n ampliada:<\/strong> millones de establecimientos alrededor del mundo te permiten hacer tus compras a trav\u00e9s de ellos;<\/p>\n<p style=\"text-align: center;\"><strong>Acceder a servicios exclusivos:<\/strong> dependiendo del producto de la marca Visa solicitado puedes acceder a beneficios muy especiales como seguros en viajes, servicio de concierge, entrada en salas VIP de aeropuertos y mucho m\u00e1s;<\/p>\n<p style=\"text-align: center;\"><strong> \u67d4\u8edf\u306a\u652f\u6255\u3044\u65b9\u6cd5\uff1a<\/strong> las condiciones de pago se adaptan a tu presupuesto;<\/p>\n<p style=\"text-align: center;\"><strong> Descuentos exclusivos:<\/strong> comprando en tiendas online o f\u00edsicas asociadas puedes acceder a descuentos y promociones que solo los usuarios de las tarjetas Visa BBVA pueden;<\/p>\n<p style=\"text-align: center;\"><strong> \u30aa\u30f3\u30e9\u30a4\u30f3\u7ba1\u7406\uff1a<\/strong> existen plataformas de aplicaciones que te permiten gestionar todos tus gastos de manera c\u00f3moda.<\/p>\n<p style=\"text-align: center;\">Adem\u00e1s de estas ventajas que son generales para todas las ofertas de las tarjetas Visa BBVA, existen m\u00e1s caracter\u00edsticas vinculadas a ellas que tambi\u00e9n son comunes a todas, por ejemplo, puedes acceder al programa #MartesVisa que se ofrece en m\u00e1s de 130 restaurantes de Colombia, puedes solicitar el servicio de asistencia m\u00e9dica durante un viaje internacional y tambi\u00e9n contar con un servicio de protecci\u00f3n de precios.<\/p>\n<p style=\"text-align: center;\">Por \u00faltimo, imaginamos que est\u00e9s emocionado por conocer m\u00e1s sobre estas ofertas y entender c\u00f3mo solicitar la ideal para ti. Sin embargo, para verificar m\u00e1s detalles y tambi\u00e9n consultar el paso a paso de la solicitud, necesitar\u00e1s acceder al art\u00edculo oficial de las tarjetas de cr\u00e9dito Visa BBVA.<\/p>\n<p style=\"text-align: center;\">Adem\u00e1s, podemos decir por ahora solo que tu solicitud puede realizarse de forma online a trav\u00e9s de una plataforma simple y totalmente intuitiva para tu acceso. As\u00ed que, concluimos que ser un cliente BBVA es una oportunidad que vale la pena considerar, y esto no solo por las diversas ventajas presentadas por sus productos, sino tambi\u00e9n por la confiabilidad que el banco ha conquistado a lo largo de tantas d\u00e9cadas.<\/p>\n<p style=\"text-align: center;\">Si al revisar detalladamente estas ofertas a\u00fan no te parecen ideales, realiza m\u00e1s investigaciones de otras instituciones comprometidas y confiables. Siempre es importante verificar los productos de diversos bancos antes de elegir cu\u00e1l solicitar.<\/p>","protected":false},"excerpt":{"rendered":"<p>El Banco BBVA es una instituci\u00f3n hist\u00f3rica y bastante significativa en todo el mundo. Sus ofertas de productos son muchas,&#8230;<\/p>","protected":false},"author":24,"featured_media":18163,"parent":0,"menu_order":0,"comment_status":"open","ping_status":"closed","template":"","meta":{"footnotes":""},"class_list":["post-18162","page","type-page","status-publish","has-post-thumbnail","hentry"],"_links":{"self":[{"href":"https:\/\/bonfimnoticias.com.br\/ja\/wp-json\/wp\/v2\/pages\/18162","targetHints":{"allow":["GET"]}}],"collection":[{"href":"https:\/\/bonfimnoticias.com.br\/ja\/wp-json\/wp\/v2\/pages"}],"about":[{"href":"https:\/\/bonfimnoticias.com.br\/ja\/wp-json\/wp\/v2\/types\/page"}],"author":[{"embeddable":true,"href":"https:\/\/bonfimnoticias.com.br\/ja\/wp-json\/wp\/v2\/users\/24"}],"replies":[{"embeddable":true,"href":"https:\/\/bonfimnoticias.com.br\/ja\/wp-json\/wp\/v2\/comments?post=18162"}],"version-history":[{"count":8,"href":"https:\/\/bonfimnoticias.com.br\/ja\/wp-json\/wp\/v2\/pages\/18162\/revisions"}],"predecessor-version":[{"id":19723,"href":"https:\/\/bonfimnoticias.com.br\/ja\/wp-json\/wp\/v2\/pages\/18162\/revisions\/19723"}],"wp:featuredmedia":[{"embeddable":true,"href":"https:\/\/bonfimnoticias.com.br\/ja\/wp-json\/wp\/v2\/media\/18163"}],"wp:attachment":[{"href":"https:\/\/bonfimnoticias.com.br\/ja\/wp-json\/wp\/v2\/media?parent=18162"}],"curies":[{"name":"wp","href":"https:\/\/api.w.org\/{rel}","templated":true}]}}