{"id":18152,"date":"2024-04-22T19:33:01","date_gmt":"2024-04-22T22:33:01","guid":{"rendered":"https:\/\/bonfimnoticias.com.br\/?page_id=18152"},"modified":"2025-06-20T20:05:51","modified_gmt":"2025-06-20T23:05:51","slug":"prestamo-banco-bbva","status":"publish","type":"page","link":"https:\/\/bonfimnoticias.com.br\/ja\/prestamo-banco-bbva\/","title":{"rendered":"Prestamo Banco BBVA"},"content":{"rendered":"<p><!-- wp_cf5e68:paragraph {\"align\":\"center\"} --><\/p>\n<p class=\"has-text-align-center\">Si buscas una soluci\u00f3n financiera que a\u00fane fiabilidad, ventajas y flexibilidad, un pr\u00e9stamo personal del Banco BBVA es una opci\u00f3n digna de tener en cuenta.\u00a0Con d\u00e9cadas de experiencia en el sector financiero y una s\u00f3lida reputaci\u00f3n, BBVA se destaca por ofrecer un pr\u00e9stamo personal que satisface las necesidades de los clientes de forma eficiente y c\u00f3moda.<\/p>\n<p><!-- \/wp_cf5e68:paragraph --><\/p>\n<p><!-- wp_cf5e68:paragraph --><\/p>\n<p><style>\/*! elementor - v3.15.0 - 20-08-2023 *\/<br \/>\n.elementor-widget-image{text-align:center}.elementor-widget-image a{display:inline-block}.elementor-widget-image a img[src$=\".svg\"]{width:48px}.elementor-widget-image img{vertical-align:middle;display:inline-block}<\/style>\n<\/p>\n<p><!-- \/wp_cf5e68:paragraph --><\/p>\n<p><!-- wp_cf5e68:paragraph --><\/p>\n<p><img loading=\"lazy\" decoding=\"async\" src=\"https:\/\/bonfimnoticias.com.br\/wp_cf5e68-content\/uploads\/2024\/04\/bbva-colombia-1024x576.jpg\" sizes=\"auto, (max-width: 1024px) 100vw, 1024px\" srcset=\"https:\/\/bonfimnoticias.com.br\/wp_cf5e68-content\/uploads\/2024\/04\/bbva-colombia-1024x576.jpg 1024w, https:\/\/bonfimnoticias.com.br\/wp_cf5e68-content\/uploads\/2024\/04\/bbva-colombia-800x450.jpg 800w, https:\/\/bonfimnoticias.com.br\/wp_cf5e68-content\/uploads\/2024\/04\/bbva-colombia-768x432.jpg 768w, https:\/\/bonfimnoticias.com.br\/wp_cf5e68-content\/uploads\/2024\/04\/bbva-colombia.jpg 1200w\" alt=\"\" width=\"1024\" height=\"576\"><br \/><a href=\"https:\/\/bonfimnoticias.com.br\/ja\/tarjetas-visa-ven-a-ver-todas-las-ofertas-de-tarjetas-de-credito-bbva-en-el-increible-banner-visa\/\"><br \/>Tambi\u00e9n te puede interesar<br \/><\/a><\/p>\n<p><!-- \/wp_cf5e68:paragraph --><\/p>\n<p><!-- wp_cf5e68:paragraph --><\/p>\n<p><style>\/*! elementor - v3.15.0 - 20-08-2023 *\/<br \/>\n.elementor-heading-title{padding:0;margin:0;line-height:1}.elementor-widget-heading .elementor-heading-title[class*=elementor-size-]>a{color:inherit;font-size:inherit;line-height:inherit}.elementor-widget-heading .elementor-heading-title.elementor-size-small{font-size:15px}.elementor-widget-heading .elementor-heading-title.elementor-size-medium{font-size:19px}.elementor-widget-heading .elementor-heading-title.elementor-size-large{font-size:29px}.elementor-widget-heading .elementor-heading-title.elementor-size-xl{font-size:39px}.elementor-widget-heading .elementor-heading-title.elementor-size-xxl{font-size:59px}<\/style>\n<\/p>\n<p><!-- \/wp_cf5e68:paragraph --><\/p>\n<p><!-- wp_cf5e68:heading --><\/p>\n<h2 class=\"wp_cf5e68-block-heading\">Ventajas y Beneficios<\/h2>\n<p><!-- \/wp_cf5e68:heading --><\/p>\n<p><!-- wp_cf5e68:list {\"ordered\":true} --><\/p>\n<ol><!-- wp_cf5e68:list-item --><\/p>\n<li><strong>Facilidad y Agilidad:<\/strong> El proceso de solicitud de pr\u00e9stamos personales de BBVA es sencillo y \u00e1gil. Con una plataforma online intuitiva, podr\u00e1s iniciar tu solicitud de pr\u00e9stamo est\u00e9s donde est\u00e9s, sin tener que hacer colas ni lidiar con una burocracia excesiva. El an\u00e1lisis de cr\u00e9dito es r\u00e1pido y eficiente, brindando una r\u00e1pida respuesta a su solicitud.<\/li>\n<p><!-- \/wp_cf5e68:list-item --><\/p>\n<p><!-- wp_cf5e68:list-item --><\/p>\n<li><strong>Tarifas competitivas y transparencia:<\/strong> Una de las principales ventajas del pr\u00e9stamo personal de BBVA son sus tipos de inter\u00e9s competitivos. El banco busca ofrecer condiciones financieras justas y transparentes, asegurando que tengas acceso a cr\u00e9dito personal a un coste asequible y sin sorpresas desagradables durante todo el proceso. Todas las condiciones del pr\u00e9stamo se presentan de forma clara y objetiva, para que pueda tomar una decisi\u00f3n informada.<\/li>\n<p><!-- \/wp_cf5e68:list-item --><\/p>\n<p><!-- wp_cf5e68:list-item --><\/p>\n<li><strong>Flexibilidad de pago y condiciones a medida:<\/strong> Banco BBVA entiende que cada cliente tiene necesidades y capacidades financieras \u00fanicas. Por lo tanto, ofrece una amplia flexibilidad de pago, permiti\u00e9ndote elegir el plazo y monto de las cuotas seg\u00fan tus preferencias y posibilidades. Esta personalizaci\u00f3n garantiza que pueda llevar a cabo sus proyectos personales sin comprometer demasiado sus finanzas.<\/li>\n<p><!-- \/wp_cf5e68:list-item --><\/p>\n<p><!-- wp_cf5e68:list-item --><\/p>\n<li><strong>Servicio personalizado y soporte continuo:<\/strong> Adem\u00e1s de las ventajas econ\u00f3micas, el pr\u00e9stamo personal de BBVA ofrece un servicio personalizado y apoyo continuo durante todo el proceso. Si tiene preguntas o necesita ayuda, un equipo dedicado siempre est\u00e1 disponible para ayudarlo, lo que garantiza una experiencia fluida y satisfactoria.<\/li>\n<p><!-- \/wp_cf5e68:list-item --><\/ol>\n<p><!-- \/wp_cf5e68:list --><\/p>\n<p><!-- wp_cf5e68:paragraph --><\/p>\n<p><a href=\"https:\/\/bonfimnoticias.com.br\/ja\/\"><br \/><\/a><\/p>\n<p><!-- \/wp_cf5e68:paragraph --><\/p>","protected":false},"excerpt":{"rendered":"<p>Si buscas una soluci\u00f3n financiera que a\u00fane fiabilidad, ventajas y flexibilidad, un pr\u00e9stamo personal del Banco BBVA es una opci\u00f3n&#8230;<\/p>","protected":false},"author":19,"featured_media":16314,"parent":0,"menu_order":0,"comment_status":"open","ping_status":"closed","template":"","meta":{"footnotes":""},"class_list":["post-18152","page","type-page","status-publish","has-post-thumbnail","hentry"],"_links":{"self":[{"href":"https:\/\/bonfimnoticias.com.br\/ja\/wp-json\/wp\/v2\/pages\/18152","targetHints":{"allow":["GET"]}}],"collection":[{"href":"https:\/\/bonfimnoticias.com.br\/ja\/wp-json\/wp\/v2\/pages"}],"about":[{"href":"https:\/\/bonfimnoticias.com.br\/ja\/wp-json\/wp\/v2\/types\/page"}],"author":[{"embeddable":true,"href":"https:\/\/bonfimnoticias.com.br\/ja\/wp-json\/wp\/v2\/users\/19"}],"replies":[{"embeddable":true,"href":"https:\/\/bonfimnoticias.com.br\/ja\/wp-json\/wp\/v2\/comments?post=18152"}],"version-history":[{"count":12,"href":"https:\/\/bonfimnoticias.com.br\/ja\/wp-json\/wp\/v2\/pages\/18152\/revisions"}],"predecessor-version":[{"id":19727,"href":"https:\/\/bonfimnoticias.com.br\/ja\/wp-json\/wp\/v2\/pages\/18152\/revisions\/19727"}],"wp:featuredmedia":[{"embeddable":true,"href":"https:\/\/bonfimnoticias.com.br\/ja\/wp-json\/wp\/v2\/media\/16314"}],"wp:attachment":[{"href":"https:\/\/bonfimnoticias.com.br\/ja\/wp-json\/wp\/v2\/media?parent=18152"}],"curies":[{"name":"wp","href":"https:\/\/api.w.org\/{rel}","templated":true}]}}