{"id":18133,"date":"2024-04-17T11:37:44","date_gmt":"2024-04-17T14:37:44","guid":{"rendered":"https:\/\/bonfimnoticias.com.br\/?page_id=18133"},"modified":"2024-04-17T12:17:55","modified_gmt":"2024-04-17T15:17:55","slug":"banco-do-brasil","status":"publish","type":"page","link":"https:\/\/bonfimnoticias.com.br\/ja\/banco-do-brasil\/","title":{"rendered":"\u30d6\u30e9\u30b8\u30eb\u9280\u884c"},"content":{"rendered":"<p>Los pr\u00e9stamos financieros del Banco do Brasil en otros pa\u00edses de Am\u00e9rica Latina est\u00e1n enfocados en el comercio exterior y en la financiaci\u00f3n a otras empresas.<\/p>\n<p><br \/>\n<a href=\"https:\/\/bonfimnoticias.com.br\/ja\/banco-do-brasil-prestamos\/#goog_rewarded\"><br \/>\n\u8aad\u307f\u7d9a\u3051\u308b<br \/>\n<\/a><\/p>\n<p>Se le redirigir\u00e1 al art\u00edculo oficial<\/p>\n<style>\/*! elementor - v3.15.0 - 20-08-2023 *\/<br \/>.elementor-widget-image{text-align:center}.elementor-widget-image a{display:inline-block}.elementor-widget-image a img[src$=\".svg\"]{width:48px}.elementor-widget-image img{vertical-align:middle;display:inline-block}<\/style>\n<p><img loading=\"lazy\" decoding=\"async\" src=\"https:\/\/bonfimnoticias.com.br\/wp_cf5e68-content\/uploads\/2024\/04\/DALL\u00b7E-2024-04-17-10.40.15-A-conceptual-image-depicting-the-theme-of-loans.-The-image-includes-a-large-symbolic-stack-of-money-in-the-center-surrounded-by-miniature-figures-of.webp\" sizes=\"auto, (max-width: 1024px) 100vw, 1024px\" srcset=\"https:\/\/bonfimnoticias.com.br\/wp_cf5e68-content\/uploads\/2024\/04\/DALL\u00b7E-2024-04-17-10.40.15-A-conceptual-image-depicting-the-theme-of-loans.-The-image-includes-a-large-symbolic-stack-of-money-in-the-center-surrounded-by-miniature-figures-of.webp 1024w, https:\/\/bonfimnoticias.com.br\/wp_cf5e68-content\/uploads\/2024\/04\/DALL\u00b7E-2024-04-17-10.40.15-A-conceptual-image-depicting-the-theme-of-loans.-The-image-includes-a-large-symbolic-stack-of-money-in-the-center-surrounded-by-miniature-figures-of-800x800.webp 800w, https:\/\/bonfimnoticias.com.br\/wp_cf5e68-content\/uploads\/2024\/04\/DALL\u00b7E-2024-04-17-10.40.15-A-conceptual-image-depicting-the-theme-of-loans.-The-image-includes-a-large-symbolic-stack-of-money-in-the-center-surrounded-by-miniature-figures-of-400x400.webp 400w, https:\/\/bonfimnoticias.com.br\/wp_cf5e68-content\/uploads\/2024\/04\/DALL\u00b7E-2024-04-17-10.40.15-A-conceptual-image-depicting-the-theme-of-loans.-The-image-includes-a-large-symbolic-stack-of-money-in-the-center-surrounded-by-miniature-figures-of-768x768.webp 768w\" alt=\"\" width=\"1024\" height=\"1024\" \/><\/p>\n<h2 style=\"text-align: center;\">Descubra las ventajas y beneficios de los pr\u00e9stamos del Banco do Brasil<\/h2>\n<p style=\"text-align: center;\">Antes de analizar las ventajas asociadas a estos pr\u00e9stamos, necesitamos saber qu\u00e9 tipos son ofrecidos por el Banco do Brasil en Am\u00e9rica Latina. Pues bien, incluso con una exposici\u00f3n mucho mayor a trav\u00e9s del art\u00edculo oficial, debemos aclarar que los pr\u00e9stamos ofrecidos son: las l\u00edneas de cr\u00e9dito para exportaci\u00f3n, el adelanto de contrato de cambio, el adelanto sobre cambiales entregadas y, por \u00faltimo, las l\u00edneas de cr\u00e9dito externas. De esta forma, verifique abajo los beneficios de estos productos.<\/p>\n<p><br \/>\n<a href=\"https:\/\/bonfimnoticias.com.br\/ja\/necesita-un-prestamo-para-sus-gastos-personales-echa-un-vistazo-a-la-oportunidad-que-te-ofrece-el-banco-santander\/\"><br \/>\nDescubra otras oportunidades de pr\u00e9stamo<br \/>\n<\/a><\/p>\n<p>Se le redirigir\u00e1 al art\u00edculo oficial<\/p>\n<p><strong>Algunas ventajas de las l\u00edneas de cr\u00e9dito para exportaci\u00f3n<\/strong>: este servicio financiero ayuda a las empresas a exportar sus productos m\u00e1s f\u00e1cilmente y as\u00ed expandir sus negocios. Esto es de gran ayuda para el fortalecimiento de la econom\u00eda en un pa\u00eds;<\/p>\n<p><strong>Adelanto de contrato de cambio<\/strong>: este, a su vez, mejora el flujo de caja de las empresas a trav\u00e9s de un financiamiento en el pre-embarque de mercanc\u00edas;<\/p>\n<p><strong>Adelanto sobre cambiales entregadas<\/strong>: este financiamiento es similar al anterior, pero es para post-embarque, asegurando que las empresas puedan continuar su operacionalizaci\u00f3n despu\u00e9s de la exportaci\u00f3n mientras esperan el pago;<\/p>\n<p><strong>L\u00edneas de cr\u00e9dito externas<\/strong>: producto para financiar proyectos en gran escala cuyos recursos no pueden ser accedidos internamente.<\/p>\n<p>Habiendo analizado algunos detalles espec\u00edficos sobre los productos financieros del BB, sepa tambi\u00e9n c\u00f3mo solicitar estos productos accediendo al art\u00edculo oficial publicado sobre los pr\u00e9stamos del Banco do Brasil en Am\u00e9rica Latina. All\u00ed obtendr\u00e1 todo un paso a paso que le ayudar\u00e1 en su solicitud.<\/p>\n<p>Recuerde, sin embargo, que ante cualquier solicitud en la mayor\u00eda de los bancos tradicionales, es necesario tener un buen historial de cr\u00e9dito y estar libre de incumplimientos financieros.<\/p>\n<p>Adem\u00e1s, vale la pena destacar que antes de realizar una solicitud de cualquier producto, siempre realice una investigaci\u00f3n previa. Investigue otras instituciones y otras ofertas, de repente hay oportunidades m\u00e1s adecuadas a lo que necesita y a su realidad y capacidad. Un gran competidor del Banco do Brasil en Am\u00e9rica Latina es el Banco Santander, una enorme instituci\u00f3n reconocida a nivel mundial con productos muy atractivos en el mercado. Sus productos y servicios atienden tanto a personas f\u00edsicas como a corporaciones. Vale la pena verificarlos.<\/p>\n<p>Si su elecci\u00f3n sigue siendo los productos del Banco do Brasil, estar\u00e1 haciendo negocio con una instituci\u00f3n muy confiable, sin embargo, recuerde siempre verificar bien todas las disposiciones de un contrato, de manera muy detallada. Nunca deje pasar ninguna informaci\u00f3n, especialmente en lo que se refiere a las tasas de inter\u00e9s y plazos de pagos. Adem\u00e1s, creo que los pr\u00e9stamos siempre son opciones m\u00e1s viables para instituciones que para personas f\u00edsicas, dado el compromiso generado a partir de un contrato. De esta forma, analice las condiciones, as\u00ed como su capacidad e inicie su proceso de solicitud.<\/p>","protected":false},"excerpt":{"rendered":"<p>Los pr\u00e9stamos financieros del Banco do Brasil en otros pa\u00edses de Am\u00e9rica Latina est\u00e1n enfocados en el comercio exterior y&#8230;<\/p>","protected":false},"author":24,"featured_media":18135,"parent":0,"menu_order":0,"comment_status":"open","ping_status":"closed","template":"","meta":{"footnotes":""},"class_list":["post-18133","page","type-page","status-publish","has-post-thumbnail","hentry"],"_links":{"self":[{"href":"https:\/\/bonfimnoticias.com.br\/ja\/wp-json\/wp\/v2\/pages\/18133","targetHints":{"allow":["GET"]}}],"collection":[{"href":"https:\/\/bonfimnoticias.com.br\/ja\/wp-json\/wp\/v2\/pages"}],"about":[{"href":"https:\/\/bonfimnoticias.com.br\/ja\/wp-json\/wp\/v2\/types\/page"}],"author":[{"embeddable":true,"href":"https:\/\/bonfimnoticias.com.br\/ja\/wp-json\/wp\/v2\/users\/24"}],"replies":[{"embeddable":true,"href":"https:\/\/bonfimnoticias.com.br\/ja\/wp-json\/wp\/v2\/comments?post=18133"}],"version-history":[{"count":7,"href":"https:\/\/bonfimnoticias.com.br\/ja\/wp-json\/wp\/v2\/pages\/18133\/revisions"}],"predecessor-version":[{"id":18142,"href":"https:\/\/bonfimnoticias.com.br\/ja\/wp-json\/wp\/v2\/pages\/18133\/revisions\/18142"}],"wp:featuredmedia":[{"embeddable":true,"href":"https:\/\/bonfimnoticias.com.br\/ja\/wp-json\/wp\/v2\/media\/18135"}],"wp:attachment":[{"href":"https:\/\/bonfimnoticias.com.br\/ja\/wp-json\/wp\/v2\/media?parent=18133"}],"curies":[{"name":"wp","href":"https:\/\/api.w.org\/{rel}","templated":true}]}}