{"id":17972,"date":"2024-03-13T14:38:31","date_gmt":"2024-03-13T17:38:31","guid":{"rendered":"https:\/\/bonfimnoticias.com.br\/?page_id=17972"},"modified":"2025-06-19T17:28:43","modified_gmt":"2025-06-19T20:28:43","slug":"pp-tarjeta-de-credito-mercado-pago","status":"publish","type":"page","link":"https:\/\/bonfimnoticias.com.br\/ja\/pp-tarjeta-de-credito-mercado-pago\/","title":{"rendered":"Mercado Pago"},"content":{"rendered":"<p style=\"text-align: center;\">Mercado Pago es una plataforma financiera digital vinculada al e-commerce Mercado Libre, cuyas ofertas son bastante variadas en cuanto a servicios de pagos y productos, como es el caso de sus tarjetas de cr\u00e9dito.<\/p>\n<p><br \/>\n\t\t\t\t\t\t\t\t\t\t\t\t\t\t\t<img loading=\"lazy\" decoding=\"async\" width=\"1024\" height=\"1024\" src=\"https:\/\/bonfimnoticias.com.br\/wp_cf5e68-content\/uploads\/2024\/03\/DALL\u00b7E-2024-03-13-14.16.21-Design-an-image-showcasing-the-digital-payment-interface-of-a-mobile-app-similar-to-Mercado-Pago-with-features-such-as-a-digital-wallet-QR-code-scan.webp\" alt=\"\" srcset=\"https:\/\/bonfimnoticias.com.br\/wp_cf5e68-content\/uploads\/2024\/03\/DALL\u00b7E-2024-03-13-14.16.21-Design-an-image-showcasing-the-digital-payment-interface-of-a-mobile-app-similar-to-Mercado-Pago-with-features-such-as-a-digital-wallet-QR-code-scan.webp 1024w, https:\/\/bonfimnoticias.com.br\/wp_cf5e68-content\/uploads\/2024\/03\/DALL\u00b7E-2024-03-13-14.16.21-Design-an-image-showcasing-the-digital-payment-interface-of-a-mobile-app-similar-to-Mercado-Pago-with-features-such-as-a-digital-wallet-QR-code-scan-800x800.webp 800w, https:\/\/bonfimnoticias.com.br\/wp_cf5e68-content\/uploads\/2024\/03\/DALL\u00b7E-2024-03-13-14.16.21-Design-an-image-showcasing-the-digital-payment-interface-of-a-mobile-app-similar-to-Mercado-Pago-with-features-such-as-a-digital-wallet-QR-code-scan-400x400.webp 400w, https:\/\/bonfimnoticias.com.br\/wp_cf5e68-content\/uploads\/2024\/03\/DALL\u00b7E-2024-03-13-14.16.21-Design-an-image-showcasing-the-digital-payment-interface-of-a-mobile-app-similar-to-Mercado-Pago-with-features-such-as-a-digital-wallet-QR-code-scan-768x768.webp 768w, https:\/\/bonfimnoticias.com.br\/wp_cf5e68-content\/uploads\/2024\/03\/DALL\u00b7E-2024-03-13-14.16.21-Design-an-image-showcasing-the-digital-payment-interface-of-a-mobile-app-similar-to-Mercado-Pago-with-features-such-as-a-digital-wallet-QR-code-scan-96x96.webp 96w, https:\/\/bonfimnoticias.com.br\/wp_cf5e68-content\/uploads\/2024\/03\/DALL\u00b7E-2024-03-13-14.16.21-Design-an-image-showcasing-the-digital-payment-interface-of-a-mobile-app-similar-to-Mercado-Pago-with-features-such-as-a-digital-wallet-QR-code-scan-150x150.webp 150w\" sizes=\"auto, (max-width: 1024px) 100vw, 1024px\" \/>\t\t\t\t\t\t\t\t\t\t\t\t\t\t\t<\/p>\n<h2 style=\"text-align: center;\">Ventajas y beneficios de la tarjeta de cr\u00e9dito Mercado Pago<\/h2>\n<p style=\"text-align: center;\">Muy probablemente ya hayas o\u00eddo mucho sobre Mercado Pago, pero tal vez no tanto sobre sus productos financieros ofrecidos. De esta manera, para brindarte una mayor claridad de estas ofertas, verifica a continuaci\u00f3n algunas de las mayores ventajas y beneficios vinculados a su tarjeta de cr\u00e9dito y entiende el motivo de todo el \u00e9xito detr\u00e1s del sistema de pago digital.<\/p>\n\n<p style=\"text-align: center;\"><strong>Aceptaci\u00f3n ampliada:<\/strong> la tarjeta de cr\u00e9dito Mercado Pago es aceptada para pagos en millones de establecimientos comerciales alrededor del mundo;<\/p>\n<p style=\"text-align: center;\"><strong>Programas de beneficios:<\/strong> a trav\u00e9s de ella tambi\u00e9n puedes acceder a programas de beneficios, acumular puntos y canjearlos en compras o servicios;<\/p>\n<p style=\"text-align: center;\"><strong>Exenci\u00f3n:<\/strong> la anualidad de la tarjeta de cr\u00e9dito Mercado Pago es totalmente gratuita;<\/p>\n<p style=\"text-align: center;\"><strong> Mayor control y comodidad:<\/strong> realizas todo un control y monitoreo de tus gastos a trav\u00e9s de tu celular, donde est\u00e9s;<\/p>\n<p style=\"text-align: center;\"><strong> Cashback:<\/strong> tambi\u00e9n puedes participar en programas de cashback;<\/p>\n<p style=\"text-align: center;\"><strong> Seguridad:<\/strong> Mercado Pago es una plataforma segura y confiable en lo que se refiere a la mejor experiencia de sus clientes, as\u00ed como Mercado Libre;<\/p>\n<p style=\"text-align: center;\"><strong> Acceso a asistencia:<\/strong> es posible tambi\u00e9n activar una asistencia adicional y seguros;<\/p>\n<p style=\"text-align: center;\"><strong>Facilidad en la solicitud del producto<\/strong>: puede ser solicitado de manera online, f\u00e1cil y s\u00faper r\u00e1pida;<\/p>\n<p style=\"text-align: center;\"><strong>Cartera digital:<\/strong> al convertirte en cliente de Mercado Pago tambi\u00e9n puedes hacerlo de tu cartera digital.<\/p>\n<p style=\"text-align: center;\">Habiendo verificado las ventajas especiales de la tarjeta de cr\u00e9dito Mercado Pago y habi\u00e9ndose interesado en la oferta, recuerde, de antemano, que todos los productos financieros conllevan una serie de requisitos fundamentales para la consideraci\u00f3n de sus solicitantes. De esta forma, es crucial que usted cumpla con estos requisitos para que, al hacer la solicitud de su producto, sea contemplado por \u00e9l.<\/p>\n<p style=\"text-align: center;\">\u00bfY bien? \u00bfQuedaste curioso por saber cu\u00e1les son esos requisitos despu\u00e9s de todo? A trav\u00e9s de los art\u00edculos publicados puedes obtener un conocimiento ampliado, de manera general, sobre ellos, adem\u00e1s de entender todo el paso a paso de su proceso de solicitud. El art\u00edculo tambi\u00e9n proporcionar\u00e1 acceso a la plataforma oficial mediante un enlace para que inicie inmediatamente su procedimiento, todo esto de forma gratuita y objetiva para una mejor comprensi\u00f3n del p\u00fablico lector.<\/p>\n<p style=\"text-align: center;\">Sin embargo, tambi\u00e9n es v\u00e1lido destacar que, antes de ir directamente a verificar c\u00f3mo iniciar su pedido, lea atentamente la informaci\u00f3n sobre el propio Mercado Pago, ya que un producto nunca es solo sus beneficios, sino tambi\u00e9n la confiabilidad que su oferente trae consigo y el compromiso con sus usuarios. Sabemos bien que Mercado Pago es una referencia en el tema, a pesar de eso, traer esta alerta es crucial para cualquier otra oferta que aparezca para los consumidores de todas las \u00e1reas, especialmente aquellos que acceden a productos por medios digitales.<\/p>","protected":false},"excerpt":{"rendered":"<p>Mercado Pago es una plataforma financiera digital vinculada al e-commerce Mercado Libre, cuyas ofertas son bastante variadas en cuanto a&#8230;<\/p>","protected":false},"author":24,"featured_media":17998,"parent":0,"menu_order":0,"comment_status":"open","ping_status":"closed","template":"","meta":{"footnotes":""},"class_list":["post-17972","page","type-page","status-publish","has-post-thumbnail","hentry"],"_links":{"self":[{"href":"https:\/\/bonfimnoticias.com.br\/ja\/wp-json\/wp\/v2\/pages\/17972","targetHints":{"allow":["GET"]}}],"collection":[{"href":"https:\/\/bonfimnoticias.com.br\/ja\/wp-json\/wp\/v2\/pages"}],"about":[{"href":"https:\/\/bonfimnoticias.com.br\/ja\/wp-json\/wp\/v2\/types\/page"}],"author":[{"embeddable":true,"href":"https:\/\/bonfimnoticias.com.br\/ja\/wp-json\/wp\/v2\/users\/24"}],"replies":[{"embeddable":true,"href":"https:\/\/bonfimnoticias.com.br\/ja\/wp-json\/wp\/v2\/comments?post=17972"}],"version-history":[{"count":4,"href":"https:\/\/bonfimnoticias.com.br\/ja\/wp-json\/wp\/v2\/pages\/17972\/revisions"}],"predecessor-version":[{"id":19715,"href":"https:\/\/bonfimnoticias.com.br\/ja\/wp-json\/wp\/v2\/pages\/17972\/revisions\/19715"}],"wp:featuredmedia":[{"embeddable":true,"href":"https:\/\/bonfimnoticias.com.br\/ja\/wp-json\/wp\/v2\/media\/17998"}],"wp:attachment":[{"href":"https:\/\/bonfimnoticias.com.br\/ja\/wp-json\/wp\/v2\/media?parent=17972"}],"curies":[{"name":"wp","href":"https:\/\/api.w.org\/{rel}","templated":true}]}}