{"id":17870,"date":"2024-03-01T13:44:56","date_gmt":"2024-03-01T16:44:56","guid":{"rendered":"https:\/\/bonfimnoticias.com.br\/?page_id=17870"},"modified":"2024-03-01T14:04:58","modified_gmt":"2024-03-01T17:04:58","slug":"pretfran","status":"publish","type":"page","link":"https:\/\/bonfimnoticias.com.br\/ja\/pretfran\/","title":{"rendered":"Pr\u00eat Immobilier"},"content":{"rendered":"<p style=\"text-align: center;\">Un pr\u00eat immobilier, \u00e9galement connu sous le nom de financement immobilier, est un moyen commun d\u2019obtenir des fonds pour l\u2019achat d\u2019une propri\u00e9t\u00e9. Il permet aux acheteurs d\u2019acheter une maison ou un appartement m\u00eame s\u2019ils n\u2019ont pas le montant total requis imm\u00e9diatement disponible..<\/p>\n<p><br \/>\n<a href=\"https:\/\/bonfimnoticias.com.br\/ja\/opportunite-contracter-pret-immobilier-33\/\"><br \/>\nSUIVRE LA LECTURE<br \/>\n<\/a><\/p>\n<h2 style=\"text-align: center;\">Avantages et avantages<\/h2>\n<p style=\"text-align: center;\">Le processus de pr\u00eat immobilier implique g\u00e9n\u00e9ralement une banque, une institution financi\u00e8re ou une coop\u00e9rative de cr\u00e9dit qui pr\u00eate \u00e0 l\u2019acheteur l\u2019argent n\u00e9cessaire pour acheter la propri\u00e9t\u00e9.<\/p>\n<p><br \/>\n<a href=\"https:\/\/bonfimnoticias.com.br\/ja\/un-apercu-des-offres-de-cartes-de-debit-en-france\/\"><br \/>\nVOUS POUVEZ AIMER<br \/>\n<\/a><br \/>\n<img loading=\"lazy\" decoding=\"async\" src=\"https:\/\/bonfimnoticias.com.br\/wp_cf5e68-content\/uploads\/2024\/03\/Screenshot_7.png\" sizes=\"auto, (max-width: 472px) 100vw, 472px\" srcset=\"https:\/\/bonfimnoticias.com.br\/wp_cf5e68-content\/uploads\/2024\/03\/Screenshot_7.png 472w, https:\/\/bonfimnoticias.com.br\/wp_cf5e68-content\/uploads\/2024\/03\/Screenshot_7-96x96.png 96w, https:\/\/bonfimnoticias.com.br\/wp_cf5e68-content\/uploads\/2024\/03\/Screenshot_7-150x149.png 150w\" alt=\"\" width=\"472\" height=\"469\" \/><\/p>\n<p style=\"text-align: center;\"><strong>Empr\u00e9stimos fixos<\/strong>: Nesse tipo de empr\u00e9stimo, a taxa de juros permanece a mesma ao longo da vida do empr\u00e9stimo, o que significa que os pagamentos mensais permanecem consistentes.<\/p>\n<p style=\"text-align: center;\"><strong>Empr\u00e9stimos ajust\u00e1veis<\/strong>: Nesses empr\u00e9stimos, a taxa de juros pode variar ao longo do tempo com base em \u00edndices de mercado. Isso pode resultar em pagamentos mensais que flutuam com o tempo, tornando-os potencialmente mais baixos no in\u00edcio, mas podendo aumentar posteriormente.<\/p>\n<p style=\"text-align: center;\"><strong>Empr\u00e9stimos com taxa de juros fixa por um per\u00edodo inicial<\/strong>: Esses empr\u00e9stimos oferecem uma taxa de juros fixa por um per\u00edodo inicial, ap\u00f3s o qual a taxa pode ajustar-se periodicamente com base em \u00edndices de mercado.<\/p>\n<p style=\"text-align: center;\"><strong>Empr\u00e9stimos do governo<\/strong>: Alguns governos oferecem programas de empr\u00e9stimos para ajudar compradores de baixa renda ou para incentivar certas \u00e1reas geogr\u00e1ficas. Esses programas podem oferecer taxas de juros favor\u00e1veis ou requisitos de pagamento inicial reduzidos.<\/p>\n<p style=\"text-align: center;\">Pour obtenir un pr\u00eat immobilier, les acheteurs passent g\u00e9n\u00e9ralement par un processus de pr\u00e9-approbation, o\u00f9 le pr\u00eateur \u00e9value leur capacit\u00e9 \u00e0 rembourser le pr\u00eat en fonction de facteurs tels que l\u2019historique de cr\u00e9dit, le revenu et les dettes existantes. Une fois approuv\u00e9s, les acheteurs peuvent commencer \u00e0 rechercher une propri\u00e9t\u00e9 dans la limite du pr\u00eat approuv\u00e9.<\/p>","protected":false},"excerpt":{"rendered":"<p>Un pr\u00eat immobilier, \u00e9galement connu sous le nom de financement immobilier, est un moyen commun d\u2019obtenir des fonds pour l\u2019achat&#8230;<\/p>","protected":false},"author":19,"featured_media":17835,"parent":0,"menu_order":0,"comment_status":"open","ping_status":"closed","template":"","meta":{"footnotes":""},"class_list":["post-17870","page","type-page","status-publish","has-post-thumbnail","hentry"],"_links":{"self":[{"href":"https:\/\/bonfimnoticias.com.br\/ja\/wp-json\/wp\/v2\/pages\/17870","targetHints":{"allow":["GET"]}}],"collection":[{"href":"https:\/\/bonfimnoticias.com.br\/ja\/wp-json\/wp\/v2\/pages"}],"about":[{"href":"https:\/\/bonfimnoticias.com.br\/ja\/wp-json\/wp\/v2\/types\/page"}],"author":[{"embeddable":true,"href":"https:\/\/bonfimnoticias.com.br\/ja\/wp-json\/wp\/v2\/users\/19"}],"replies":[{"embeddable":true,"href":"https:\/\/bonfimnoticias.com.br\/ja\/wp-json\/wp\/v2\/comments?post=17870"}],"version-history":[{"count":0,"href":"https:\/\/bonfimnoticias.com.br\/ja\/wp-json\/wp\/v2\/pages\/17870\/revisions"}],"wp:featuredmedia":[{"embeddable":true,"href":"https:\/\/bonfimnoticias.com.br\/ja\/wp-json\/wp\/v2\/media\/17835"}],"wp:attachment":[{"href":"https:\/\/bonfimnoticias.com.br\/ja\/wp-json\/wp\/v2\/media?parent=17870"}],"curies":[{"name":"wp","href":"https:\/\/api.w.org\/{rel}","templated":true}]}}