{"id":17775,"date":"2024-02-22T14:06:12","date_gmt":"2024-02-22T17:06:12","guid":{"rendered":"https:\/\/bonfimnoticias.com.br\/?page_id=17775"},"modified":"2024-02-22T14:29:30","modified_gmt":"2024-02-22T17:29:30","slug":"tarjeta-santander","status":"publish","type":"page","link":"https:\/\/bonfimnoticias.com.br\/ja\/tarjeta-santander\/","title":{"rendered":"Banco Santander"},"content":{"rendered":"<p style=\"text-align: center;\">La tarjeta de cr\u00e9dito Santander Resumen es una opci\u00f3n dirigida a clientes que buscan sencillez y practicidad en sus transacciones financieras.\u00a0<\/p>\n<p><br \/>\n\t\t\t<a href=\"https:\/\/bonfimnoticias.com.br\/ja\/tarjetas-del-banco-santander\/\"><br \/>\n\t\t\t\t\t\tSABER MAS<br \/>\n\t\t\t\t\t<\/a><br \/>\n\t\t\t\t\t\t\t\t\t\t\t\t\t\t\t<img decoding=\"async\" width=\"800\" height=\"800\" src=\"https:\/\/bonfimnoticias.com.br\/wp_cf5e68-content\/uploads\/2024\/02\/6369214-cartao-pagamento-via-pos-maquina-metodo-de-pagamento-ilustracao-vetor-800x800.jpg\" alt=\"IMAGEM SOBRE CARTAO DE CREDITO\" loading=\"lazy\" srcset=\"https:\/\/bonfimnoticias.com.br\/wp_cf5e68-content\/uploads\/2024\/02\/6369214-cartao-pagamento-via-pos-maquina-metodo-de-pagamento-ilustracao-vetor-800x800.jpg 800w, https:\/\/bonfimnoticias.com.br\/wp_cf5e68-content\/uploads\/2024\/02\/6369214-cartao-pagamento-via-pos-maquina-metodo-de-pagamento-ilustracao-vetor-400x400.jpg 400w, https:\/\/bonfimnoticias.com.br\/wp_cf5e68-content\/uploads\/2024\/02\/6369214-cartao-pagamento-via-pos-maquina-metodo-de-pagamento-ilustracao-vetor-768x768.jpg 768w, https:\/\/bonfimnoticias.com.br\/wp_cf5e68-content\/uploads\/2024\/02\/6369214-cartao-pagamento-via-pos-maquina-metodo-de-pagamento-ilustracao-vetor-96x96.jpg 96w, https:\/\/bonfimnoticias.com.br\/wp_cf5e68-content\/uploads\/2024\/02\/6369214-cartao-pagamento-via-pos-maquina-metodo-de-pagamento-ilustracao-vetor-150x150.jpg 150w, https:\/\/bonfimnoticias.com.br\/wp_cf5e68-content\/uploads\/2024\/02\/6369214-cartao-pagamento-via-pos-maquina-metodo-de-pagamento-ilustracao-vetor.jpg 980w\" sizes=\"auto, (max-width: 800px) 100vw, 800px\" \/>\t\t\t\t\t\t\t\t\t\t\t\t\t\t\t<\/p>\n<h2 style=\"text-align: center;\"><strong>Ventajas Y Beneficios<\/strong><\/h2>\n<p style=\"text-align: center;\">La tarjeta de cr\u00e9dito Santander Resumen ofrece a sus usuarios un abanico de ventajas, desde la facilidad de solicitud, que no requiere comprobante de ingresos, hasta un control financiero simplificado.<\/p>\n<p><br \/>\n\t\t\t<a href=\"https:\/\/bonfimnoticias.com.br\/ja\/necesita-un-prestamo-para-sus-gastos-personales-echa-un-vistazo-a-la-oportunidad-que-te-ofrece-el-banco-santander\/\"><br \/>\n\t\t\t\t\t\tTE PODR\u00cdA GUSTAR<br \/>\n\t\t\t\t\t<\/a><\/p>\n<p style=\"text-align: center;\"><strong>Programas de recompensas:<\/strong> Muchas tarjetas Santander ofrecen programas de recompensas donde los clientes acumulan puntos por sus compras. Estos puntos se pueden canjear por diversos beneficios, como viajes, productos, descuentos en establecimientos asociados, entre otros.<\/p>\n<p style=\"text-align: center;\"><strong>Beneficios adicionales:<\/strong> Las tarjetas de cr\u00e9dito Santander suelen venir con una serie de beneficios adicionales, como seguro de viaje, asistencia en carretera, seguro de compra, garant\u00edas extendidas, protecci\u00f3n contra robo y p\u00e9rdida, entre otros. Estos beneficios pueden variar seg\u00fan el tipo espec\u00edfico de tarjeta.<\/p>\n<p style=\"text-align: center;\"><strong>Facilidades de pago:<\/strong> Los clientes de Santander generalmente tienen la opci\u00f3n de pagar sus compras en varias cuotas, con o sin intereses, seg\u00fan el tipo de tarjeta y las condiciones vigentes. Adem\u00e1s, Santander suele ofrecer opciones de pago flexibles y acceso a cr\u00e9dito rotativo.<\/p>\n<p style=\"text-align: center;\"><strong>Aplicaci\u00f3n y Banca por Internet:<\/strong> Los clientes de Santander tienen acceso a una aplicaci\u00f3n y Banca por Internet que les permite gestionar sus cuentas c\u00f3modamente. A trav\u00e9s de estas plataformas, los clientes pueden visualizar facturas, realizar seguimiento de gastos, realizar pagos, solicitar aumento de l\u00edmite, entre otras operaciones.<\/p>\n<p style=\"text-align: center;\"><strong>Amplia aceptaci\u00f3n:<\/strong> Las tarjetas de cr\u00e9dito Santander son ampliamente aceptadas en miles de establecimientos en todo Brasil y en el exterior, dondequiera que se acepte la marca de la tarjeta (Visa, Mastercard, Elo, etc.).<\/p>\n<p style=\"text-align: center;\"><strong>Programas de descuentos y alianzas:<\/strong> Santander establece peri\u00f3dicamente alianzas con diversas empresas y establecimientos, ofreciendo descuentos especiales y promociones exclusivas a sus clientes de tarjetas de cr\u00e9dito.<\/p>\n<p style=\"text-align: center;\"><strong>Programas de beneficios:<\/strong> Algunas tarjetas Santander ofrecen programas de beneficios espec\u00edficos, como acceso a salas VIP en aeropuertos, acceso a eventos exclusivos, entre otros.<\/p>\n<p>\t\t\t<a href=\"https:\/\/bonfimnoticias.com.br\/ja\/\"><br \/>\n\t\t\t\t\t\tTE PODR\u00cdA GUSTAR<br \/>\n\t\t\t\t\t<\/a><\/p>","protected":false},"excerpt":{"rendered":"<p>La tarjeta de cr\u00e9dito Santander Resumen es una opci\u00f3n dirigida a clientes que buscan sencillez y practicidad en sus transacciones&#8230;<\/p>","protected":false},"author":19,"featured_media":16311,"parent":0,"menu_order":0,"comment_status":"open","ping_status":"closed","template":"","meta":{"footnotes":""},"class_list":["post-17775","page","type-page","status-publish","has-post-thumbnail","hentry"],"_links":{"self":[{"href":"https:\/\/bonfimnoticias.com.br\/ja\/wp-json\/wp\/v2\/pages\/17775","targetHints":{"allow":["GET"]}}],"collection":[{"href":"https:\/\/bonfimnoticias.com.br\/ja\/wp-json\/wp\/v2\/pages"}],"about":[{"href":"https:\/\/bonfimnoticias.com.br\/ja\/wp-json\/wp\/v2\/types\/page"}],"author":[{"embeddable":true,"href":"https:\/\/bonfimnoticias.com.br\/ja\/wp-json\/wp\/v2\/users\/19"}],"replies":[{"embeddable":true,"href":"https:\/\/bonfimnoticias.com.br\/ja\/wp-json\/wp\/v2\/comments?post=17775"}],"version-history":[{"count":0,"href":"https:\/\/bonfimnoticias.com.br\/ja\/wp-json\/wp\/v2\/pages\/17775\/revisions"}],"wp:featuredmedia":[{"embeddable":true,"href":"https:\/\/bonfimnoticias.com.br\/ja\/wp-json\/wp\/v2\/media\/16311"}],"wp:attachment":[{"href":"https:\/\/bonfimnoticias.com.br\/ja\/wp-json\/wp\/v2\/media?parent=17775"}],"curies":[{"name":"wp","href":"https:\/\/api.w.org\/{rel}","templated":true}]}}