{"id":17495,"date":"2024-01-26T15:05:20","date_gmt":"2024-01-26T18:05:20","guid":{"rendered":"https:\/\/bonfimnoticias.com.br\/?page_id=17495"},"modified":"2024-04-05T20:00:54","modified_gmt":"2024-04-05T23:00:54","slug":"prestamos-creditea","status":"publish","type":"page","link":"https:\/\/bonfimnoticias.com.br\/ja\/prestamos-creditea\/","title":{"rendered":"Prest\u00e1mos Creditea"},"content":{"rendered":"<style>\/*! elementor - v3.15.0 - 20-08-2023 *\/\n.elementor-heading-title{padding:0;margin:0;line-height:1}.elementor-widget-heading .elementor-heading-title[class*=elementor-size-]>a{color:inherit;font-size:inherit;line-height:inherit}.elementor-widget-heading .elementor-heading-title.elementor-size-small{font-size:15px}.elementor-widget-heading .elementor-heading-title.elementor-size-medium{font-size:19px}.elementor-widget-heading .elementor-heading-title.elementor-size-large{font-size:29px}.elementor-widget-heading .elementor-heading-title.elementor-size-xl{font-size:39px}.elementor-widget-heading .elementor-heading-title.elementor-size-xxl{font-size:59px}<\/style>\n<h2>Pr\u00e9stamo Bancario Creditea<\/h2>\n<style>\/*! elementor - v3.15.0 - 20-08-2023 *\/\n.elementor-column .elementor-spacer-inner{height:var(--spacer-size)}.e-con{--container-widget-width:100%}.e-con-inner>.elementor-widget-spacer,.e-con>.elementor-widget-spacer{width:var(--container-widget-width,var(--spacer-size));--align-self:var(--container-widget-align-self,initial);--flex-shrink:0}.e-con-inner>.elementor-widget-spacer>.elementor-widget-container,.e-con-inner>.elementor-widget-spacer>.elementor-widget-container>.elementor-spacer,.e-con>.elementor-widget-spacer>.elementor-widget-container,.e-con>.elementor-widget-spacer>.elementor-widget-container>.elementor-spacer{height:100%}.e-con-inner>.elementor-widget-spacer>.elementor-widget-container>.elementor-spacer>.elementor-spacer-inner,.e-con>.elementor-widget-spacer>.elementor-widget-container>.elementor-spacer>.elementor-spacer-inner{height:var(--container-widget-height,var(--spacer-size))}<\/style>\n<p style=\"text-align: center;\">Un pr\u00e9stamo personal es una herramienta financiera que se puede utilizar estrat\u00e9gicamente para cubrir diversas necesidades, desde consolidaci\u00f3n de deuda hasta inversiones en educaci\u00f3n, salud o incluso para cubrir gastos imprevistos.<\/p>\n<style>\/*! elementor - v3.15.0 - 20-08-2023 *\/\n.elementor-widget-image{text-align:center}.elementor-widget-image a{display:inline-block}.elementor-widget-image a img[src$=\".svg\"]{width:48px}.elementor-widget-image img{vertical-align:middle;display:inline-block}<\/style>\n<p>\t\t\t\t\t\t\t\t\t\t\t\t<img decoding=\"async\" width=\"1024\" height=\"721\" src=\"https:\/\/bonfimnoticias.com.br\/wp_cf5e68-content\/uploads\/2024\/02\/Diferencas-entre-emprestimo-pessoal-e-emprestimo-consignado-1024x721.jpg\" alt=\"\" loading=\"lazy\" srcset=\"https:\/\/bonfimnoticias.com.br\/wp_cf5e68-content\/uploads\/2024\/02\/Diferencas-entre-emprestimo-pessoal-e-emprestimo-consignado-1024x721.jpg 1024w, https:\/\/bonfimnoticias.com.br\/wp_cf5e68-content\/uploads\/2024\/02\/Diferencas-entre-emprestimo-pessoal-e-emprestimo-consignado-800x563.jpg 800w, https:\/\/bonfimnoticias.com.br\/wp_cf5e68-content\/uploads\/2024\/02\/Diferencas-entre-emprestimo-pessoal-e-emprestimo-consignado-768x541.jpg 768w, https:\/\/bonfimnoticias.com.br\/wp_cf5e68-content\/uploads\/2024\/02\/Diferencas-entre-emprestimo-pessoal-e-emprestimo-consignado-1536x1081.jpg 1536w, https:\/\/bonfimnoticias.com.br\/wp_cf5e68-content\/uploads\/2024\/02\/Diferencas-entre-emprestimo-pessoal-e-emprestimo-consignado-2048x1442.jpg 2048w, https:\/\/bonfimnoticias.com.br\/wp_cf5e68-content\/uploads\/2024\/02\/Diferencas-entre-emprestimo-pessoal-e-emprestimo-consignado-150x106.jpg 150w\" sizes=\"auto, (max-width: 1024px) 100vw, 1024px\" \/><br \/>\n\t\t\t<a href=\"https:\/\/bonfimnoticias.com.br\/ja\/creditea-mexico-oportunidades-credito\/\"><br \/>\n\t\t\t\t\t\tSOLICITA TU PR\u00c9STAMO AHORA<br \/>\n\t\t\t\t\t<\/a><\/p>\n<p style=\"text-align: center;\">Para solicitar un pr\u00e9stamo, generalmente se requieren documentos de identificaci\u00f3n, comprobante de ingresos, residencia e informaci\u00f3n personal. Se debe cumplir el requisito de edad m\u00ednima y, en algunos casos, se podr\u00e1n solicitar garant\u00edas.<\/p>\n<h2>Ventajas y beneficios<\/h2>\n<p style=\"text-align: center;\">Las ventajas y beneficios de un pr\u00e9stamo personal pueden variar seg\u00fan las circunstancias individuales y los t\u00e9rminos del pr\u00e9stamo. A continuaci\u00f3n se presentan algunas ventajas comunes asociadas con los pr\u00e9stamos personales:<\/p>\n<p>\t\t\t<a href=\"https:\/\/bonfimnoticias.com.br\/ja\/necesita-un-prestamo-para-sus-gastos-personales-echa-un-vistazo-a-la-oportunidad-que-te-ofrece-el-banco-santander\/\"><br \/>\n\t\t\t\t\t\tC\u00d3MO OBTENER UN PR\u00c9STAMO<br \/>\n\t\t\t\t\t<\/a><\/p>\n<p style=\"text-align: center;\"><strong>Flexibilidad de uso: <\/strong>Los pr\u00e9stamos personales ofrecen flexibilidad en el uso de los recursos. Puede utilizarlos para diversos fines, como pagar deudas, realizar mejoras en el hogar, financiar gastos m\u00e9dicos o incluso invertir en educaci\u00f3n.<\/p>\n<p style=\"text-align: center;\"><strong>R\u00e1pida disponibilidad de fondos: <\/strong>En comparaci\u00f3n con otros tipos de pr\u00e9stamos, los pr\u00e9stamos personales generalmente tienen un proceso de aprobaci\u00f3n m\u00e1s r\u00e1pido, lo que permite una r\u00e1pida disponibilidad de fondos.<\/p>\n<p style=\"text-align: center;\"><strong>No requiere garant\u00edas espec\u00edficas: <\/strong>Los pr\u00e9stamos personales a menudo no est\u00e1n garantizados, lo que significa que no es necesario ofrecer activos espec\u00edficos (como una casa o un autom\u00f3vil) como garant\u00eda. Esto puede ser una ventaja para quienes no tienen activos sustanciales que ofrecer como garant\u00eda.<\/p>\n<p style=\"text-align: center;\"><strong>Plazos de pago flexibles: <\/strong>Muchos pr\u00e9stamos personales ofrecen condiciones de pago flexibles, lo que le permite elegir la duraci\u00f3n que mejor se adapte a sus necesidades y capacidades financieras.<\/p>\n<p style=\"text-align: center;\"><strong>Tasas de inter\u00e9s competitivas (para un buen historial crediticio): <\/strong>Si tiene un buen historial crediticio, puede calificar para tasas de inter\u00e9s m\u00e1s bajas, lo que hace que un pr\u00e9stamo personal sea una opci\u00f3n financieramente atractiva.<\/p>","protected":false},"excerpt":{"rendered":"<p>Pr\u00e9stamo Bancario Creditea Un pr\u00e9stamo personal es una herramienta financiera que se puede utilizar estrat\u00e9gicamente para cubrir diversas necesidades, desde&#8230;<\/p>","protected":false},"author":19,"featured_media":0,"parent":0,"menu_order":0,"comment_status":"closed","ping_status":"closed","template":"","meta":{"footnotes":""},"class_list":["post-17495","page","type-page","status-publish","hentry"],"_links":{"self":[{"href":"https:\/\/bonfimnoticias.com.br\/ja\/wp-json\/wp\/v2\/pages\/17495","targetHints":{"allow":["GET"]}}],"collection":[{"href":"https:\/\/bonfimnoticias.com.br\/ja\/wp-json\/wp\/v2\/pages"}],"about":[{"href":"https:\/\/bonfimnoticias.com.br\/ja\/wp-json\/wp\/v2\/types\/page"}],"author":[{"embeddable":true,"href":"https:\/\/bonfimnoticias.com.br\/ja\/wp-json\/wp\/v2\/users\/19"}],"replies":[{"embeddable":true,"href":"https:\/\/bonfimnoticias.com.br\/ja\/wp-json\/wp\/v2\/comments?post=17495"}],"version-history":[{"count":3,"href":"https:\/\/bonfimnoticias.com.br\/ja\/wp-json\/wp\/v2\/pages\/17495\/revisions"}],"predecessor-version":[{"id":18127,"href":"https:\/\/bonfimnoticias.com.br\/ja\/wp-json\/wp\/v2\/pages\/17495\/revisions\/18127"}],"wp:attachment":[{"href":"https:\/\/bonfimnoticias.com.br\/ja\/wp-json\/wp\/v2\/media?parent=17495"}],"curies":[{"name":"wp","href":"https:\/\/api.w.org\/{rel}","templated":true}]}}