{"id":17242,"date":"2023-12-20T16:29:12","date_gmt":"2023-12-20T19:29:12","guid":{"rendered":"https:\/\/bonfimnoticias.com.br\/bank-of-america-2\/"},"modified":"2024-01-16T20:30:22","modified_gmt":"2024-01-16T23:30:22","slug":"bank-of-america-2","status":"publish","type":"page","link":"https:\/\/bonfimnoticias.com.br\/ja\/bank-of-america-2\/","title":{"rendered":"Bank of America"},"content":{"rendered":"<p>La tarjeta de cr\u00e9dito Bank of America es un producto financiero ofrecido por uno de los bancos m\u00e1s grandes de Estados Unidos. Con una amplia gama de opciones, el banco ofrece tarjetas de cr\u00e9dito que se adaptan a diferentes necesidades y perfiles de clientes.<\/p>\n<section><\/section>\n<p><!-- c2 --><ins data-ad-client=\"ca-pub-8467596234382548\" data-ad-slot=\"4129955308\" data-ad-format=\"auto\" data-full-width-responsive=\"true\"><\/ins><\/p>\n<p><a href=\"#\"><br \/>\nSABER MAS<br \/>\n<\/a><\/p>\n<p>La tarjeta de cr\u00e9dito Bank of America es un producto financiero ofrecido por uno de los bancos m\u00e1s grandes de Estados Unidos. Con una amplia gama de opciones, el banco ofrece tarjetas de cr\u00e9dito que se adaptan a diferentes necesidades y perfiles de clientes.<\/p>\n<p>Las tarjetas de cr\u00e9dito de Bank of America suelen ofrecer beneficios como programas de recompensas, reembolsos en efectivo, millas a\u00e9reas y otros incentivos para los titulares de tarjetas. Adem\u00e1s, muchas tarjetas brindan acceso a servicios exclusivos como seguro de viaje, protecci\u00f3n contra fraude y asistencia global las 24 horas.<\/p>\n<section><\/section>\n<p><!-- c2 --><ins data-ad-client=\"ca-pub-8467596234382548\" data-ad-slot=\"4129955308\" data-ad-format=\"auto\" data-full-width-responsive=\"true\"><\/ins><\/p>\n<p><a href=\"https:\/\/ihomeworkhelp.com\/consulte-ahora-otra-guia-para-solicitar-una-tarjeta-de-credito-travel-rewards-de-bank-of-america\/\"><br \/><\/a><img loading=\"lazy\" decoding=\"async\" src=\"https:\/\/bonfimnoticias.com.br\/wp_cf5e68-content\/uploads\/2023\/12\/Bank_of_America_logo_vertical-1.jpg\" alt=\"\" width=\"1000\" height=\"544\" \/><\/p>\n<section><\/section>\n<p><!-- c2 --><ins data-ad-client=\"ca-pub-8467596234382548\" data-ad-slot=\"4129955308\" data-ad-format=\"auto\" data-full-width-responsive=\"true\"><\/ins><\/p>\n<section>\n<h2>Ventajas y Beneficios<\/h2>\n<p>Las tarjetas de cr\u00e9dito de Bank of America ofrecen varias ventajas y beneficios a los titulares de tarjetas. Estos incluyen programas de recompensas, reembolsos en efectivo, millas a\u00e9reas, seguro de viaje, protecci\u00f3n contra fraude, acceso a salas VIP, descuentos para socios y programas exclusivos. Cada tarjeta puede tener caracter\u00edsticas espec\u00edficas y es fundamental que los titulares comprendan los t\u00e9rminos y condiciones para aprovechar al m\u00e1ximo estos beneficios.<\/p>\n<ol>\n<li id=\"tw-target-text\" dir=\"ltr\" data-placeholder=\"Tradu\u00e7\u00e3o\" data-ved=\"2ahUKEwi66dXJrp6DAxX4rpUCHdWeCNwQ3ewLegQICBAQ\"><strong>Programas de recompensas:<\/strong> muchas tarjetas de Bank of America ofrecen programas de recompensas en los que los titulares de tarjetas ganan puntos, millas o reembolsos por cada compra realizada. Estos beneficios se pueden canjear por viajes, mercanc\u00edas, descuentos o incluso para reducir la factura.<\/li>\n<li><strong>Cashback:<\/strong> Algunas tarjetas ofrecen el reembolso de un porcentaje del importe gastado en compras, lo que puede representar un ahorro importante para los titulares de las tarjetas.<\/li>\n<li><strong>Millas<\/strong> a\u00e9reas: Tarjetas espec\u00edficas pueden ofrecer millas a\u00e9reas como recompensa, lo que permite a los titulares de tarjetas acumular puntos para viajes futuros o mejoras de clase.<\/li>\n<li><strong>Seguros y Protecciones<\/strong>: Muchas tarjetas de Bank of America incluyen seguro de viaje, seguro de alquiler de autom\u00f3viles, protecci\u00f3n contra robo o da\u00f1os a las compras y otros beneficios de protecci\u00f3n al consumidor.<\/li>\n<li><strong>Acceso a salas VIP:<\/strong> las tarjetas de categor\u00eda Premium pueden ofrecer acceso a salas VIP en los aeropuertos, brindando una experiencia m\u00e1s c\u00f3moda mientras viaja.<\/li>\n<li><strong>Programas Exclusivos:<\/strong> Los titulares de algunas tarjetas pueden tener acceso a eventos exclusivos, preventas de entradas para espect\u00e1culos y espect\u00e1culos, as\u00ed como otros beneficios culturales.<\/li>\n<li><strong>Descuentos para socios:<\/strong> las asociaciones de Bank of America con comerciantes pueden ofrecer descuentos especiales, promociones y ofertas exclusivas para los titulares de tarjetas.<\/li>\n<li><strong>Protecciones contra fraude:<\/strong> Bank of America generalmente ofrece sistemas avanzados de detecci\u00f3n de fraude y, en caso de actividad sospechosa, se notifica a los titulares de tarjetas y se pueden bloquear las transacciones para protegerlas.<\/li>\n<\/ol>\n<\/section>\n<p>\u00a0<\/p>\n<section><\/section>\n<p><!-- c2 --><ins data-ad-client=\"ca-pub-8467596234382548\" data-ad-slot=\"4129955308\" data-ad-format=\"auto\" data-full-width-responsive=\"true\"><\/ins><\/p>\n<p><a href=\"https:\/\/bonfimnoticias.com.br\/ja\/como-solicito-la-tarjeta-de-credito-the-platinum-american-express\/\"><br \/>\nPREFIERO OBTENER UNA TARJETA DE CR\u00c9DITO<br \/>\n<\/a><\/p>","protected":false},"excerpt":{"rendered":"<p>La tarjeta de cr\u00e9dito Bank of America es un producto financiero ofrecido por uno de los bancos m\u00e1s grandes de&#8230;<\/p>","protected":false},"author":24,"featured_media":17220,"parent":0,"menu_order":0,"comment_status":"open","ping_status":"closed","template":"","meta":{"footnotes":""},"class_list":["post-17242","page","type-page","status-publish","has-post-thumbnail","hentry"],"_links":{"self":[{"href":"https:\/\/bonfimnoticias.com.br\/ja\/wp-json\/wp\/v2\/pages\/17242","targetHints":{"allow":["GET"]}}],"collection":[{"href":"https:\/\/bonfimnoticias.com.br\/ja\/wp-json\/wp\/v2\/pages"}],"about":[{"href":"https:\/\/bonfimnoticias.com.br\/ja\/wp-json\/wp\/v2\/types\/page"}],"author":[{"embeddable":true,"href":"https:\/\/bonfimnoticias.com.br\/ja\/wp-json\/wp\/v2\/users\/24"}],"replies":[{"embeddable":true,"href":"https:\/\/bonfimnoticias.com.br\/ja\/wp-json\/wp\/v2\/comments?post=17242"}],"version-history":[{"count":0,"href":"https:\/\/bonfimnoticias.com.br\/ja\/wp-json\/wp\/v2\/pages\/17242\/revisions"}],"wp:featuredmedia":[{"embeddable":true,"href":"https:\/\/bonfimnoticias.com.br\/ja\/wp-json\/wp\/v2\/media\/17220"}],"wp:attachment":[{"href":"https:\/\/bonfimnoticias.com.br\/ja\/wp-json\/wp\/v2\/media?parent=17242"}],"curies":[{"name":"wp","href":"https:\/\/api.w.org\/{rel}","templated":true}]}}