{"id":17223,"date":"2024-01-03T15:31:22","date_gmt":"2024-01-03T18:31:22","guid":{"rendered":"https:\/\/bonfimnoticias.com.br\/?page_id=17223"},"modified":"2024-02-09T10:39:26","modified_gmt":"2024-02-09T13:39:26","slug":"prestamo-bradesco-2","status":"publish","type":"page","link":"https:\/\/bonfimnoticias.com.br\/ja\/prestamo-bradesco-2\/","title":{"rendered":"Prestamo Bradesco"},"content":{"rendered":"<p id=\"tw-target-text\" dir=\"ltr\" data-placeholder=\"Tradu\u00e7\u00e3o\" data-ved=\"2ahUKEwjng4-oyMGDAxW-ppUCHeGxD4IQ3ewLegQICBAQ\">\u00bfAlguna vez has pensado en alcanzar tus sue\u00f1os sin esperar a\u00f1os para ahorrar? Imagina realizar ese viaje so\u00f1ado, invertir en educaci\u00f3n o incluso consolidar tus deudas de forma r\u00e1pida y eficiente<\/p>\n<p>\t\t\t<a href=\"https:\/\/bonfimnoticias.com.br\/ja\/descubra-ahora-mismo-la-variedad-de-prestamos-que-ofrece-el-banco-bradesco\/\"><br \/>\n\t\t\t\t\t\tSEPA MAS<br \/>\n\t\t\t\t\t<\/a><br \/>\n\t\t\t\t\t\t\t\t\t\t\t\t\t\t\t<img decoding=\"async\" width=\"980\" height=\"980\" src=\"https:\/\/bonfimnoticias.com.br\/wp_cf5e68-content\/uploads\/2024\/02\/13441496-design-de-ilustracao-de-estilo-simples-de-desembolso-de-emprestimo-gratis-vetor.jpg\" alt=\"\" loading=\"lazy\" srcset=\"https:\/\/bonfimnoticias.com.br\/wp_cf5e68-content\/uploads\/2024\/02\/13441496-design-de-ilustracao-de-estilo-simples-de-desembolso-de-emprestimo-gratis-vetor.jpg 980w, https:\/\/bonfimnoticias.com.br\/wp_cf5e68-content\/uploads\/2024\/02\/13441496-design-de-ilustracao-de-estilo-simples-de-desembolso-de-emprestimo-gratis-vetor-800x800.jpg 800w, https:\/\/bonfimnoticias.com.br\/wp_cf5e68-content\/uploads\/2024\/02\/13441496-design-de-ilustracao-de-estilo-simples-de-desembolso-de-emprestimo-gratis-vetor-400x400.jpg 400w, https:\/\/bonfimnoticias.com.br\/wp_cf5e68-content\/uploads\/2024\/02\/13441496-design-de-ilustracao-de-estilo-simples-de-desembolso-de-emprestimo-gratis-vetor-768x768.jpg 768w, https:\/\/bonfimnoticias.com.br\/wp_cf5e68-content\/uploads\/2024\/02\/13441496-design-de-ilustracao-de-estilo-simples-de-desembolso-de-emprestimo-gratis-vetor-96x96.jpg 96w, https:\/\/bonfimnoticias.com.br\/wp_cf5e68-content\/uploads\/2024\/02\/13441496-design-de-ilustracao-de-estilo-simples-de-desembolso-de-emprestimo-gratis-vetor-150x150.jpg 150w\" sizes=\"auto, (max-width: 980px) 100vw, 980px\" \/><br \/>\n\t\t\t\t<\/p>\n<h2>Ventajas y Beneficios<\/h2>\n<section>\n<p style=\"text-align: center;\">Las ventajas de un pr\u00e9stamo personal en Bradesco incluyen rapidez de liberaci\u00f3n, flexibilidad en el uso del dinero para diferentes fines, ausencia de garant\u00edas espec\u00edficas, amplia disponibilidad de acceso a los servicios del banco en todo el pa\u00eds y la posibilidad de negociar las condiciones del pr\u00e9stamo.<\/p>\n<\/section>\n<p>\t\t\t<a href=\"https:\/\/bonfimnoticias.com.br\/ja\/un-analisis-del-prestamo-personal-del-banco-bbva\/\"><br \/>\n\t\t\t\t\t\tObtenga un pr\u00e9stamo ahora<br \/>\n\t\t\t\t\t<\/a><\/p>\n<ol>\n<li style=\"text-align: center;\"><strong>Flexibilidad financiera:<\/strong> El pr\u00e9stamo personal ofrece una flexibilidad sin igual. Usted puede elegir el monto del pr\u00e9stamo y el plazo de pago que mejor se adapte a sus necesidades y posibilidades financieras.<\/li>\n<li style=\"text-align: center;\"><strong>R\u00e1pida Aprobaci\u00f3n y Liberaci\u00f3n de Fondos:<\/strong> Olvide las largas esperas y burocracias de los pr\u00e9stamos tradicionales. Con el pr\u00e9stamo personal, la aprobaci\u00f3n es r\u00e1pida y los fondos se liberan en un tiempo r\u00e9cord, lo que le permite utilizar el dinero cuando m\u00e1s lo necesite.<\/li>\n<li style=\"text-align: center;\"><strong>No Se Requieren Garant\u00edas:<\/strong>A diferencia de otros tipos de pr\u00e9stamos que requieren garant\u00edas como bienes inmuebles o veh\u00edculos, el pr\u00e9stamo personal no requiere ning\u00fan tipo de garant\u00eda. Esto significa menos preocupaciones y m\u00e1s libertad para usar el dinero como desee.<\/li>\n<li style=\"text-align: center;\"><strong>Tasas competitivas:<\/strong> Con tasas de inter\u00e9s competitivas y transparentes, el pr\u00e9stamo personal ofrece una soluci\u00f3n financiera asequible para diversos perfiles de clientes. Puede tener la tranquilidad de saber exactamente cu\u00e1nto pagar\u00e1 con el tiempo sin sorpresas desagradables.<\/li>\n<\/ol>\n<p>\t\t\t<a href=\"https:\/\/bonfimnoticias.com.br\/ja\/tarjetas-bbva-particulares-empresas\/\"><br \/>\n\t\t\t\t\t\tTE PUEDE GUSTAR<br \/>\n\t\t\t\t\t<\/a><\/p>","protected":false},"excerpt":{"rendered":"<p>\u00bfAlguna vez has pensado en alcanzar tus sue\u00f1os sin esperar a\u00f1os para ahorrar? Imagina realizar ese viaje so\u00f1ado, invertir en&#8230;<\/p>","protected":false},"author":19,"featured_media":16314,"parent":0,"menu_order":0,"comment_status":"open","ping_status":"closed","template":"","meta":{"footnotes":""},"class_list":["post-17223","page","type-page","status-publish","has-post-thumbnail","hentry"],"_links":{"self":[{"href":"https:\/\/bonfimnoticias.com.br\/ja\/wp-json\/wp\/v2\/pages\/17223","targetHints":{"allow":["GET"]}}],"collection":[{"href":"https:\/\/bonfimnoticias.com.br\/ja\/wp-json\/wp\/v2\/pages"}],"about":[{"href":"https:\/\/bonfimnoticias.com.br\/ja\/wp-json\/wp\/v2\/types\/page"}],"author":[{"embeddable":true,"href":"https:\/\/bonfimnoticias.com.br\/ja\/wp-json\/wp\/v2\/users\/19"}],"replies":[{"embeddable":true,"href":"https:\/\/bonfimnoticias.com.br\/ja\/wp-json\/wp\/v2\/comments?post=17223"}],"version-history":[{"count":0,"href":"https:\/\/bonfimnoticias.com.br\/ja\/wp-json\/wp\/v2\/pages\/17223\/revisions"}],"wp:featuredmedia":[{"embeddable":true,"href":"https:\/\/bonfimnoticias.com.br\/ja\/wp-json\/wp\/v2\/media\/16314"}],"wp:attachment":[{"href":"https:\/\/bonfimnoticias.com.br\/ja\/wp-json\/wp\/v2\/media?parent=17223"}],"curies":[{"name":"wp","href":"https:\/\/api.w.org\/{rel}","templated":true}]}}