{"id":16278,"date":"2023-12-05T03:41:15","date_gmt":"2023-12-05T06:41:15","guid":{"rendered":"https:\/\/bonfimnoticias.com.br\/naranja-mx-l1-4\/"},"modified":"2023-12-05T03:41:15","modified_gmt":"2023-12-05T06:41:15","slug":"naranja-mx-l1-4","status":"publish","type":"page","link":"https:\/\/bonfimnoticias.com.br\/ja\/naranja-mx-l1-4\/","title":{"rendered":"naranja mx l1"},"content":{"rendered":"<section>Con el pr\u00e9stamo personal Cr\u00e9dito Naranja, consigue hasta $40,000 MN con las mejores condiciones del mercado \u00a1Conoce todas sus funciones aqu\u00ed<\/section>\n<section>\n<h3 id=\"h-informate-sobre-los-plazos-de-devolucion-del-prestamo-personal-credito-naranja\"><strong>Inf\u00f3rmate sobre los plazos de devoluci\u00f3n del pr\u00e9stamo personal Cr\u00e9dito Naranja<\/strong><\/h3>\n<figure><figcaption>Las condiciones de estos pr\u00e9stamos variar\u00e1n seg\u00fan el prestamistas que te otorgue el dinero<\/figcaption><\/figure>\n<p>Los plazos de reembolso del pr\u00e9stamo personal Cr\u00e9dito Naranja son a partir de 60 d\u00edas.<\/p>\n<p>Sin embargo, como cada proveedor de cr\u00e9dito maneja plazos de devoluci\u00f3n distintos. Por lo tanto, \u00a0te aconsejamos consultar con tu compa\u00f1\u00eda de pr\u00e9stamos cu\u00e1les son los per\u00edodos que estipula para el monto que deseas solicitar.<\/p>\n<\/section>\n<section><\/section>\n<p><a href=\"https:\/\/bonfimnoticias.com.br\/ja\/credito-naranja\/\"><br \/>\nCOMO SOLICITAR<br \/>\n<\/a><\/p>\n<section><\/p>\n<section>\n<h3 id=\"h-analiza-los-intereses-de-este-tipo-de-financiacion\" style=\"line-height: var(--h3lineheight); letter-spacing: var(--h3letterspacing);\"><strong>Analiza Los Intereses De Este Tipo De Financiaci\u00f3n<\/strong><\/h3>\n<figure><figcaption>Utiliza el CAT para comparar entre productos financieros<\/figcaption><\/figure>\n<p>El c\u00e1lculo del Costo Anual Total (CAT) del pr\u00e9stamo personal Cr\u00e9dito Naranja var\u00eda dependiendo del operador financiero que elijas. Sin embargo, podemos asegurarte que el CAT de estos pr\u00e9stamos es m\u00e1s bajo que el promedio de los productos financieros que encontrar\u00e1s en el mercado.<\/p>\n<p>Para que tengas un idea, generalmente el CAT de los pr\u00e9stamos de este Portal Web se calculan a partir del 0% y con un l\u00edmite del 459%.<\/p>\n<\/section>\n<p><ins style=\"display: block;\" data-ad-client=\"ca-pub-8467596234382548\" data-ad-slot=\"4129955308\" data-ad-format=\"auto\" data-full-width-responsive=\"true\"><\/ins><\/p>\n<section>\n<h2 id=\"h-caracteristicas-del-prestamo-personal-credito-naranja\" style=\"letter-spacing: var(--h2letterspacing);\"><strong>Caracter\u00edsticas Del Pr\u00e9stamo Personal Cr\u00e9dito Naranja<\/strong><\/h2>\n<figure>\n<table style=\"width: 1090px;\">\n<tbody>\n<tr>\n<td style=\"border-bottom: 2px solid var(--nv-text-color);\">\u88fd\u54c1<\/td>\n<td style=\"border-bottom: 2px solid var(--nv-text-color);\">Pr\u00e9stamo personal Cr\u00e9dito Naranja<\/td>\n<\/tr>\n<tr>\n<td style=\"border-bottom: 2px solid var(--nv-text-color);\">Entidad<\/td>\n<td style=\"border-bottom: 2px solid var(--nv-text-color);\">\u30ca\u30e9\u30f3\u30cf\u30af\u30ec\u30b8\u30c3\u30c8<\/td>\n<\/tr>\n<tr>\n<td style=\"border-bottom: 2px solid var(--nv-text-color);\">Costos y comisiones<\/td>\n<td style=\"border-bottom: 2px solid var(--nv-text-color);\">Sin costos por la utilizaci\u00f3n del servicio<\/td>\n<\/tr>\n<tr>\n<td style=\"border-bottom: 2px solid var(--nv-text-color);\">\u6700\u4f4e\u8f38\u5165\u91cf<\/td>\n<td style=\"border-bottom: 2px solid var(--nv-text-color);\">$5,000 MN<\/td>\n<\/tr>\n<tr>\n<td style=\"border-bottom: 2px solid var(--nv-text-color);\">\u6700\u5927\u8f38\u5165\u91cf<\/td>\n<td style=\"border-bottom: 2px solid var(--nv-text-color);\">$40,000 MN<\/td>\n<\/tr>\n<tr>\n<td style=\"border-bottom: 2px solid var(--nv-text-color);\">Plazo de devoluci\u00f3n<\/td>\n<td style=\"border-bottom: 2px solid var(--nv-text-color);\">A partir de 60 d\u00edas.<\/td>\n<\/tr>\n<tr>\n<td style=\"border-bottom: 2px solid var(--nv-text-color);\">\u8208\u5473\u306e\u3042\u308b\u3053\u3068<\/td>\n<td style=\"border-bottom: 2px solid var(--nv-text-color);\">El CAT de los pr\u00e9stamos de este Portal Web se calculan a partir del 0% y con un l\u00edmite del 459%.<\/td>\n<\/tr>\n<tr>\n<td style=\"border-bottom: 2px solid var(--nv-text-color);\">Contrataci\u00f3n online<\/td>\n<td style=\"border-bottom: 2px solid var(--nv-text-color);\">\u306f\u3044<\/td>\n<\/tr>\n<\/tbody>\n<\/table>\n<\/figure>\n<\/section>\n<table style=\"color: var( --e-global-color-text ); font-family: var( --e-global-typography-text-font-family ), Sans-serif; font-weight: var( --e-global-typography-text-font-weight ); font-size: 1em; letter-spacing: var(--bodyletterspacing); text-transform: var(--bodytexttransform);\">\n<tbody>\n<tr>\n<td>\u00a0<\/td>\n<td>\u00a0<\/td>\n<\/tr>\n<tr>\n<td>\u00a0<\/td>\n<td>\u00a0<\/td>\n<\/tr>\n<tr>\n<td>\u00a0<\/td>\n<td>\u00a0<\/td>\n<\/tr>\n<tr>\n<td>\u00a0<\/td>\n<td>\u00a0<\/td>\n<\/tr>\n<tr>\n<td>\u00a0<\/td>\n<td>\u00a0<\/td>\n<\/tr>\n<tr>\n<td>\u00a0<\/td>\n<td>\u00a0<\/td>\n<\/tr>\n<tr>\n<td>\u00a0<\/td>\n<td>\u00a0<\/td>\n<\/tr>\n<tr>\n<td>\u00a0<\/td>\n<td>\u00a0<\/td>\n<\/tr>\n<\/tbody>\n<\/table>\n<\/section>","protected":false},"excerpt":{"rendered":"<p>Con el pr\u00e9stamo personal Cr\u00e9dito Naranja, consigue hasta $40,000 MN con las mejores condiciones del mercado \u00a1Conoce todas sus funciones&#8230;<\/p>","protected":false},"author":19,"featured_media":16279,"parent":0,"menu_order":0,"comment_status":"open","ping_status":"open","template":"","meta":{"footnotes":""},"class_list":["post-16278","page","type-page","status-publish","has-post-thumbnail","hentry"],"_links":{"self":[{"href":"https:\/\/bonfimnoticias.com.br\/ja\/wp-json\/wp\/v2\/pages\/16278","targetHints":{"allow":["GET"]}}],"collection":[{"href":"https:\/\/bonfimnoticias.com.br\/ja\/wp-json\/wp\/v2\/pages"}],"about":[{"href":"https:\/\/bonfimnoticias.com.br\/ja\/wp-json\/wp\/v2\/types\/page"}],"author":[{"embeddable":true,"href":"https:\/\/bonfimnoticias.com.br\/ja\/wp-json\/wp\/v2\/users\/19"}],"replies":[{"embeddable":true,"href":"https:\/\/bonfimnoticias.com.br\/ja\/wp-json\/wp\/v2\/comments?post=16278"}],"version-history":[{"count":0,"href":"https:\/\/bonfimnoticias.com.br\/ja\/wp-json\/wp\/v2\/pages\/16278\/revisions"}],"wp:featuredmedia":[{"embeddable":true,"href":"https:\/\/bonfimnoticias.com.br\/ja\/wp-json\/wp\/v2\/media\/16279"}],"wp:attachment":[{"href":"https:\/\/bonfimnoticias.com.br\/ja\/wp-json\/wp\/v2\/media?parent=16278"}],"curies":[{"name":"wp","href":"https:\/\/api.w.org\/{rel}","templated":true}]}}