{"id":16240,"date":"2022-10-04T01:43:48","date_gmt":"2022-10-04T04:43:48","guid":{"rendered":"https:\/\/bonfimnoticias.com.br\/emprestimo-casas-bahia\/"},"modified":"2022-10-04T01:43:48","modified_gmt":"2022-10-04T04:43:48","slug":"emprestimo-casas-bahia","status":"publish","type":"page","link":"https:\/\/bonfimnoticias.com.br\/ja\/emprestimo-casas-bahia\/","title":{"rendered":"Empr\u00e9stimo Casas Bahia"},"content":{"rendered":"<ul>\n<li style=\"text-align: center;\"><b>Facilidade no pedido:<\/b>\u00a0como falamos, voc\u00ea pode solicitar o empr\u00e9stimo de forma totalmente online. Al\u00e9m disso, o processo \u00e9 simples e r\u00e1pido.<\/li>\n<li style=\"text-align: center;\"><b>Taxas de juros:<\/b>\u00a0as taxas de juros s\u00e3o atrativas e personalizadas conforme o perfil de cada consumidor. Portanto, existe a chance de voc\u00ea conseguir taxas mais baixas.<\/li>\n<li style=\"text-align: center;\"><b>Libera\u00e7\u00e3o r\u00e1pida<\/b>: ap\u00f3s a aprova\u00e7\u00e3o, o dinheiro ser\u00e1 liberado em at\u00e9 24 horas na sua conta<\/li>\n<\/ul>","protected":false},"excerpt":{"rendered":"<p>Facilidade no pedido:\u00a0como falamos, voc\u00ea pode solicitar o empr\u00e9stimo de forma totalmente online. Al\u00e9m disso, o processo \u00e9 simples e&#8230;<\/p>","protected":false},"author":19,"featured_media":0,"parent":0,"menu_order":0,"comment_status":"closed","ping_status":"closed","template":"","meta":{"footnotes":""},"class_list":["post-16240","page","type-page","status-publish","hentry"],"_links":{"self":[{"href":"https:\/\/bonfimnoticias.com.br\/ja\/wp-json\/wp\/v2\/pages\/16240","targetHints":{"allow":["GET"]}}],"collection":[{"href":"https:\/\/bonfimnoticias.com.br\/ja\/wp-json\/wp\/v2\/pages"}],"about":[{"href":"https:\/\/bonfimnoticias.com.br\/ja\/wp-json\/wp\/v2\/types\/page"}],"author":[{"embeddable":true,"href":"https:\/\/bonfimnoticias.com.br\/ja\/wp-json\/wp\/v2\/users\/19"}],"replies":[{"embeddable":true,"href":"https:\/\/bonfimnoticias.com.br\/ja\/wp-json\/wp\/v2\/comments?post=16240"}],"version-history":[{"count":0,"href":"https:\/\/bonfimnoticias.com.br\/ja\/wp-json\/wp\/v2\/pages\/16240\/revisions"}],"wp:attachment":[{"href":"https:\/\/bonfimnoticias.com.br\/ja\/wp-json\/wp\/v2\/media?parent=16240"}],"curies":[{"name":"wp","href":"https:\/\/api.w.org\/{rel}","templated":true}]}}