{"id":16205,"date":"2021-10-11T04:05:21","date_gmt":"2021-10-11T07:05:21","guid":{"rendered":"https:\/\/bonfimnoticias.com.br\/politica-de-privacidade\/"},"modified":"2024-06-18T23:13:24","modified_gmt":"2024-06-19T02:13:24","slug":"politica-de-privacidade","status":"publish","type":"page","link":"https:\/\/bonfimnoticias.com.br\/ja\/politica-de-privacidade\/","title":{"rendered":"\u30d7\u30e9\u30a4\u30d0\u30b7\u30fc\u30dd\u30ea\u30b7\u30fc"},"content":{"rendered":"<p><!-- wp_cf5e68:paragraph --><\/p>\n<p>Bonfim News \u306f\u4ee5\u4e0b\u304b\u3089\u30a2\u30af\u30bb\u30b9\u3067\u304d\u307e\u3059: <a href=\"https:\/\/bonfimnoticias.com.br\/ja\/\" target=\"_new\" rel=\"noreferrer noopener\">https:\/\/bonfimnoticias.com.br\/<\/a>[\u4f1a\u793e\u540d]\u306f\u30e6\u30fc\u30b6\u30fc\u306e\u30d7\u30e9\u30a4\u30d0\u30b7\u30fc\u3092\u5c0a\u91cd\u3057\u3001\u53ce\u96c6\u3057\u305f\u500b\u4eba\u30c7\u30fc\u30bf\u306e\u4fdd\u8b77\u306b\u52aa\u3081\u3066\u3044\u307e\u3059\u3002\u3053\u306e\u30d7\u30e9\u30a4\u30d0\u30b7\u30fc\u30dd\u30ea\u30b7\u30fc\u3067\u306f\u3001\u304a\u5ba2\u69d8\u306e\u60c5\u5831\u306e\u53ce\u96c6\u3001\u4f7f\u7528\u3001\u4fdd\u7ba1\u3001\u304a\u3088\u3073\u4fdd\u8b77\u65b9\u6cd5\u306b\u3064\u3044\u3066\u8aac\u660e\u3057\u307e\u3059\u3002<\/p>\n<p><strong>1. \u60c5\u5831\u53ce\u96c6<\/strong><\/p>\n<p>\u5f0a\u793e\u306f\u3001\u304a\u5ba2\u69d8\u304c\u30cb\u30e5\u30fc\u30b9\u30ec\u30bf\u30fc\u3092\u8cfc\u8aad\u3055\u308c\u308b\u969b\u306b\u4efb\u610f\u3067\u63d0\u4f9b\u3055\u308c\u308b\u500b\u4eba\u60c5\u5831\u3092\u53ce\u96c6\u3057\u307e\u3059\u3002\u4f8b\u3048\u3070\u3001\u4ee5\u4e0b\u306e\u3088\u3046\u306a\u60c5\u5831\u3067\u3059\u3002<\/p>\n<ul>\n<li>\u540d\u524d<\/li>\n<li>\u96fb\u5b50\u30e1\u30fc\u30eb\u30a2\u30c9\u30ec\u30b9<\/li>\n<li>\u8ca1\u52d9\u60c5\u5831\uff08\u63a8\u5968\u4e8b\u9805\u3092\u30d1\u30fc\u30bd\u30ca\u30e9\u30a4\u30ba\u3059\u308b\u305f\u3081\u306b\u5fc5\u8981\u306a\u5834\u5408\uff09<\/li>\n<li>\u91d1\u878d\u5546\u54c1\uff08\u30af\u30ec\u30b8\u30c3\u30c8\u30ab\u30fc\u30c9\u3001\u30ed\u30fc\u30f3\u306a\u3069\uff09\u306b\u95a2\u3059\u308b\u597d\u307f\u3084\u95a2\u5fc3<\/li>\n<\/ul>\n<p><strong>2. \u60c5\u5831\u306e\u5229\u7528<\/strong><\/p>\n<p>\u53ce\u96c6\u3057\u305f\u60c5\u5831\u306f\u4ee5\u4e0b\u306e\u76ee\u7684\u3067\u4f7f\u7528\u3057\u307e\u3059\u3002<\/p>\n<ul>\n<li>\u304a\u5ba2\u69d8\u4e00\u4eba\u3072\u3068\u308a\u306b\u5408\u308f\u305b\u305f\u30ed\u30fc\u30f3\u3084\u30af\u30ec\u30b8\u30c3\u30c8\u30ab\u30fc\u30c9\u306e\u304a\u3059\u3059\u3081\u60c5\u5831\u3092\u63b2\u8f09\u3057\u305f\u30cb\u30e5\u30fc\u30b9\u30ec\u30bf\u30fc\u3092\u304a\u9001\u308a\u304f\u3060\u3055\u3044\u3002<\/li>\n<li>\u30b5\u30fc\u30d3\u30b9\u306e\u5411\u4e0a\u3068\u30e6\u30fc\u30b6\u30fc\u30a8\u30af\u30b9\u30da\u30ea\u30a8\u30f3\u30b9\u306e\u30d1\u30fc\u30bd\u30ca\u30e9\u30a4\u30ba\u306e\u305f\u3081\u3002<\/li>\n<li>\u5e02\u5834\u8abf\u67fb\u3068\u5206\u6790\u3092\u5b9f\u65bd\u3059\u308b\u3002<\/li>\n<li>\u6cd5\u7684\u304a\u3088\u3073\u898f\u5236\u4e0a\u306e\u7fa9\u52d9\u3092\u9075\u5b88\u3059\u308b\u3002<\/li>\n<\/ul>\n<p><strong>3. \u60c5\u5831\u5171\u6709<\/strong><\/p>\n<p>\u5f53\u793e\u306f\u3001\u4ee5\u4e0b\u306e\u5834\u5408\u3092\u9664\u304d\u3001\u304a\u5ba2\u69d8\u306e\u500b\u4eba\u60c5\u5831\u3092\u7b2c\u4e09\u8005\u306b\u8ca9\u58f2\u3001\u4ea4\u63db\u3001\u307e\u305f\u306f\u8b72\u6e21\u3059\u308b\u3053\u3068\u306f\u3042\u308a\u307e\u305b\u3093\u3002<\/p>\n<ul>\n<li>\u5f53\u793e\u306e\u696d\u52d9\u3092\u652f\u63f4\u3059\u308b\u30b5\u30fc\u30d3\u30b9\u30d7\u30ed\u30d0\u30a4\u30c0\u30fc\u3068\u306f\u3001\u6a5f\u5bc6\u4fdd\u6301\u5951\u7d04\u306b\u57fa\u3065\u304d\u63d0\u643a\u3057\u3066\u3044\u307e\u3059\u3002<\/li>\n<li>\u6cd5\u7684\u8981\u4ef6\u3092\u9075\u5b88\u3059\u308b\u305f\u3081\u3001\u307e\u305f\u306f\u5f53\u793e\u306e\u6a29\u5229\u3001\u8ca1\u7523\u3001\u5b89\u5168\u3092\u4fdd\u8b77\u3059\u308b\u305f\u3081\u3002<\/li>\n<\/ul>\n<p><strong>4. \u60c5\u5831\u306e\u4fdd\u7ba1\u3068\u30bb\u30ad\u30e5\u30ea\u30c6\u30a3<\/strong><\/p>\n<p>\u304a\u5ba2\u69d8\u306e\u60c5\u5831\u3092\u4e0d\u6b63\u30a2\u30af\u30bb\u30b9\u3001\u6539\u3056\u3093\u3001\u6f0f\u6d29\u3001\u307e\u305f\u306f\u7834\u58ca\u304b\u3089\u4fdd\u8b77\u3059\u308b\u305f\u3081\u306b\u3001\u9069\u5207\u306a\u30bb\u30ad\u30e5\u30ea\u30c6\u30a3\u5bfe\u7b56\u3092\u8b1b\u3058\u3066\u3044\u307e\u3059\u3002\u304a\u5ba2\u69d8\u306e\u60c5\u5831\u306f\u5b89\u5168\u306a\u30b5\u30fc\u30d0\u30fc\u306b\u4fdd\u5b58\u3055\u308c\u3001\u6697\u53f7\u5316\u6280\u8853\u3092\u4f7f\u7528\u3057\u3066\u3044\u307e\u3059\u3002<\/p>\n<p><strong>5. \u30af\u30c3\u30ad\u30fc\u304a\u3088\u3073\u985e\u4f3c\u6280\u8853<\/strong><\/p>\n<p>\u5f53\u30b5\u30a4\u30c8\u3067\u306f\u3001\u30a6\u30a7\u30d6\u30b5\u30a4\u30c8\u306e\u6a5f\u80fd\u6027\u304a\u3088\u3073\u30e6\u30fc\u30b6\u30fc\u30a8\u30af\u30b9\u30da\u30ea\u30a8\u30f3\u30b9\u306e\u5411\u4e0a\u3092\u76ee\u7684\u3068\u3057\u3066\u30af\u30c3\u30ad\u30fc\u3092\u4f7f\u7528\u3057\u3066\u3044\u307e\u3059\u3002\u30af\u30c3\u30ad\u30fc\u3068\u306f\u3001\u304a\u5ba2\u69d8\u306e\u30c7\u30d0\u30a4\u30b9\u306b\u4fdd\u5b58\u3055\u308c\u308b\u5c0f\u3055\u306a\u30d5\u30a1\u30a4\u30eb\u3067\u3001\u304a\u5ba2\u69d8\u306e\u8a2d\u5b9a\u3092\u8a18\u61b6\u3057\u3001\u30a6\u30a7\u30d6\u30b5\u30a4\u30c8\u3068\u306e\u3084\u308a\u53d6\u308a\u3092\u8ffd\u8de1\u3059\u308b\u305f\u3081\u306b\u4f7f\u7528\u3055\u308c\u307e\u3059\u3002<\/p>\n<p><strong>6. \u5229\u7528\u8005\u306e\u6a29\u5229<\/strong><\/p>\n<p>\u3042\u306a\u305f\u306b\u306f\u4ee5\u4e0b\u306e\u6a29\u5229\u304c\u3042\u308a\u307e\u3059\u3002<\/p>\n<ul>\n<li>\u5f53\u793e\u304c\u4fdd\u6709\u3059\u308b\u304a\u5ba2\u69d8\u306e\u500b\u4eba\u60c5\u5831\u306b\u30a2\u30af\u30bb\u30b9\u3057\u3066\u304f\u3060\u3055\u3044\u3002<\/li>\n<li>\u8aa4\u3063\u305f\u60c5\u5831\u3084\u4e0d\u5b8c\u5168\u306a\u60c5\u5831\u3092\u8a02\u6b63\u3057\u3066\u304f\u3060\u3055\u3044\u3002<\/li>\n<li>\u500b\u4eba\u60c5\u5831\u306e\u524a\u9664\u3092\u30ea\u30af\u30a8\u30b9\u30c8\u3057\u3066\u304f\u3060\u3055\u3044\u3002<\/li>\n<li>\u500b\u4eba\u60c5\u5831\u306e\u5229\u7528\u306b\u95a2\u3059\u308b\u540c\u610f\u3092\u53d6\u308a\u6d88\u3059\u3053\u3068\u304c\u3067\u304d\u307e\u3059\u3002<\/li>\n<\/ul>\n<p>\u3053\u308c\u3089\u306e\u6a29\u5229\u3092\u884c\u4f7f\u3059\u308b\u306b\u306f\u3001\u30e1\u30fc\u30eb\u306b\u3066\u3054\u9023\u7d61\u304f\u3060\u3055\u3044\u3002 <a rel=\"noreferrer\">support@bonfimnoticias.com.br<\/a>.<\/p>\n<p><strong>7. \u672c\u30d7\u30e9\u30a4\u30d0\u30b7\u30fc\u30dd\u30ea\u30b7\u30fc\u306e\u5909\u66f4<\/strong><\/p>\n<p>\u5f53\u793e\u306f\u3001\u672c\u30d7\u30e9\u30a4\u30d0\u30b7\u30fc\u30dd\u30ea\u30b7\u30fc\u3092\u968f\u6642\u66f4\u65b0\u3059\u308b\u5834\u5408\u304c\u3042\u308a\u307e\u3059\u3002\u5909\u66f4\u304c\u3042\u3063\u305f\u5834\u5408\u306f\u3001\u5f53\u793e\u306e\u30a6\u30a7\u30d6\u30b5\u30a4\u30c8\u306b\u65b0\u3057\u3044\u30dd\u30ea\u30b7\u30fc\u3092\u63b2\u8f09\u3059\u308b\u3053\u3068\u3067\u901a\u77e5\u3044\u305f\u3057\u307e\u3059\u3002\u304a\u5ba2\u69d8\u306e\u60c5\u5831\u304c\u3069\u306e\u3088\u3046\u306b\u4fdd\u8b77\u3055\u308c\u3066\u3044\u308b\u304b\u3092\u5e38\u306b\u628a\u63e1\u3057\u3066\u3044\u305f\u3060\u304f\u305f\u3081\u3001\u672c\u30dd\u30ea\u30b7\u30fc\u3092\u5b9a\u671f\u7684\u306b\u3054\u78ba\u8a8d\u3044\u305f\u3060\u304f\u3053\u3068\u3092\u304a\u52e7\u3081\u3057\u307e\u3059\u3002<\/p>\n<p><strong>8. \u9023\u7d61\u5148<\/strong><\/p>\n<p>\u672c\u30d7\u30e9\u30a4\u30d0\u30b7\u30fc\u30dd\u30ea\u30b7\u30fc\u307e\u305f\u306f\u5f53\u793e\u306e\u30d7\u30e9\u30a4\u30d0\u30b7\u30fc\u6163\u884c\u306b\u3064\u3044\u3066\u3054\u8cea\u554f\u304c\u3042\u308b\u5834\u5408\u306f\u3001\u30e1\u30fc\u30eb\u306b\u3066\u304a\u554f\u3044\u5408\u308f\u305b\u304f\u3060\u3055\u3044\u3002 <a rel=\"noreferrer\">support@bonfimnoticias.com.br<\/a>.<\/p>\n<p><strong>9. \u540c\u610f<\/strong><\/p>\n<p>\u5f53\u793e\u306e\u30a6\u30a7\u30d6\u30b5\u30a4\u30c8\u304a\u3088\u3073\u30b5\u30fc\u30d3\u30b9\u3092\u3054\u5229\u7528\u3044\u305f\u3060\u304f\u3053\u3068\u306b\u3088\u308a\u3001\u304a\u5ba2\u69d8\u306f\u3053\u306e\u30d7\u30e9\u30a4\u30d0\u30b7\u30fc\u30dd\u30ea\u30b7\u30fc\u306e\u6761\u9805\u306b\u540c\u610f\u3057\u305f\u3082\u306e\u3068\u307f\u306a\u3055\u308c\u307e\u3059\u3002<\/p>\n<p><strong>10. \u30d5\u30a9\u30fc\u30e9\u30e0<\/strong><\/p>\n<p>\u672c\u30d7\u30e9\u30a4\u30d0\u30b7\u30fc\u30dd\u30ea\u30b7\u30fc\u306f\u30d6\u30e9\u30b8\u30eb\u306e\u6cd5\u5f8b\u306b\u6e96\u62e0\u3057\u307e\u3059\u3002\u672c\u30dd\u30ea\u30b7\u30fc\u304b\u3089\u751f\u3058\u308b\u7d1b\u4e89\u306f\u3001\u30d0\u30a4\u30fc\u30a2\u5dde\u30b5\u30eb\u30d0\u30c9\u30fc\u30eb\u306e\u88c1\u5224\u6240\u306b\u304a\u3044\u3066\u89e3\u6c7a\u3055\u308c\u308b\u3082\u306e\u3068\u3057\u307e\u3059\u3002<\/p>\n<hr \/>\n<p>Bonfim Not\u00edcias\u306f\u7686\u69d8\u306e\u3054\u4fe1\u983c\u306b\u611f\u8b1d\u3059\u308b\u3068\u3068\u3082\u306b\u3001\u30d7\u30e9\u30a4\u30d0\u30b7\u30fc\u3068\u30bb\u30ad\u30e5\u30ea\u30c6\u30a3\u306b\u95a2\u3059\u308b\u3042\u3089\u3086\u308b\u7591\u554f\u306b\u304a\u7b54\u3048\u3067\u304d\u308b\u3088\u3046\u3001\u3044\u3064\u3067\u3082\u5bfe\u5fdc\u3044\u305f\u3057\u307e\u3059\u3002<\/p>\n<p><!-- \/wp_cf5e68:paragraph --><\/p>","protected":false},"excerpt":{"rendered":"<p>A Bonfim Not\u00edcias, acess\u00edvel em https:\/\/bonfimnoticias.com.br\/, valoriza a privacidade de seus usu\u00e1rios e est\u00e1 comprometida com a prote\u00e7\u00e3o dos dados&#8230;<\/p>","protected":false},"author":19,"featured_media":0,"parent":0,"menu_order":0,"comment_status":"closed","ping_status":"closed","template":"","meta":{"footnotes":""},"class_list":["post-16205","page","type-page","status-publish","hentry"],"_links":{"self":[{"href":"https:\/\/bonfimnoticias.com.br\/ja\/wp-json\/wp\/v2\/pages\/16205","targetHints":{"allow":["GET"]}}],"collection":[{"href":"https:\/\/bonfimnoticias.com.br\/ja\/wp-json\/wp\/v2\/pages"}],"about":[{"href":"https:\/\/bonfimnoticias.com.br\/ja\/wp-json\/wp\/v2\/types\/page"}],"author":[{"embeddable":true,"href":"https:\/\/bonfimnoticias.com.br\/ja\/wp-json\/wp\/v2\/users\/19"}],"replies":[{"embeddable":true,"href":"https:\/\/bonfimnoticias.com.br\/ja\/wp-json\/wp\/v2\/comments?post=16205"}],"version-history":[{"count":2,"href":"https:\/\/bonfimnoticias.com.br\/ja\/wp-json\/wp\/v2\/pages\/16205\/revisions"}],"predecessor-version":[{"id":18463,"href":"https:\/\/bonfimnoticias.com.br\/ja\/wp-json\/wp\/v2\/pages\/16205\/revisions\/18463"}],"wp:attachment":[{"href":"https:\/\/bonfimnoticias.com.br\/ja\/wp-json\/wp\/v2\/media?parent=16205"}],"curies":[{"name":"wp","href":"https:\/\/api.w.org\/{rel}","templated":true}]}}