{"id":19580,"date":"2025-02-04T21:02:21","date_gmt":"2025-02-05T00:02:21","guid":{"rendered":"https:\/\/bonfimnoticias.com.br\/?page_id=19580"},"modified":"2025-02-04T21:02:21","modified_gmt":"2025-02-05T00:02:21","slug":"conecte-sua-comunidade-com-o-programa-wi-fi-brasil","status":"publish","type":"page","link":"https:\/\/bonfimnoticias.com.br\/fr\/conecte-sua-comunidade-com-o-programa-wi-fi-brasil\/","title":{"rendered":"Conecte Sua Comunidade com o Programa Wi-Fi Brasil"},"content":{"rendered":"<p><!-- wp_cf5e68:paragraph {\"align\":\"center\"} --><\/p>\n<p class=\"has-text-align-center\"><strong>Internet Gratuita para Quem Mais Precisa!<\/strong><\/p>\n<p><!-- \/wp_cf5e68:paragraph --><\/p>\n<p><!-- wp_cf5e68:image {\"id\":19581,\"sizeSlug\":\"full\",\"linkDestination\":\"none\",\"align\":\"center\"} --><\/p>\n<figure class=\"wp_cf5e68-block-image aligncenter size-full\"><img loading=\"lazy\" decoding=\"async\" src=\"https:\/\/bonfimnoticias.com.br\/wp_cf5e68-content\/uploads\/2025\/02\/611119.jpeg\" alt=\"Conecte Sua Comunidade com o Programa Wi-Fi Brasil\" class=\"wp_cf5e68-image-19581\"\/><\/figure>\n<p><!-- \/wp_cf5e68:image --><\/p>\n<p><!-- wp_cf5e68:paragraph {\"align\":\"center\"} --><\/p>\n<p class=\"has-text-align-center\">Voc\u00ea sabia que sua escola, posto de sa\u00fade ou comunidade pode ter acesso \u00e0\u00a0<strong>internet gratuita<\/strong>\u00a0atrav\u00e9s do\u00a0<strong>Programa Wi-Fi Brasil<\/strong>? <\/p>\n<p><!-- \/wp_cf5e68:paragraph --><\/p>\n<p><!-- wp_cf5e68:paragraph {\"align\":\"center\"} --><\/p>\n<p class=\"has-text-align-center\">O governo federal est\u00e1 levando conectividade a milhares de brasileiros, garantindo mais oportunidades, acesso \u00e0 informa\u00e7\u00e3o e inclus\u00e3o digital.<\/p>\n<p><!-- \/wp_cf5e68:paragraph --><\/p>\n<p><!-- wp_cf5e68:paragraph {\"align\":\"center\"} --><\/p>\n<p class=\"has-text-align-center\">Se sua regi\u00e3o ainda n\u00e3o conta com Wi-Fi gratuito, agora \u00e9 a sua chance de mudar essa realidade! Voc\u00ea pode ser um agente causador dessa incr\u00edvel mudan\u00e7a. <\/p>\n<p><!-- \/wp_cf5e68:paragraph --><\/p>\n<p><!-- wp_cf5e68:heading {\"textAlign\":\"center\"} --><\/p>\n<h2 class=\"wp_cf5e68-block-heading has-text-align-center\"><strong>Quais locais podem contar com o Wi-Fi gratuito pelo governo <\/strong><\/h2>\n<p><!-- \/wp_cf5e68:heading --><\/p>\n<p><!-- wp_cf5e68:paragraph {\"align\":\"center\"} --><\/p>\n<p class=\"has-text-align-center\">\u2705\u00a0<strong>Escolas p\u00fablicas<\/strong>\u00a0<br \/>\u2705\u00a0<strong>Postos de sa\u00fade<\/strong>\u00a0<br \/>\u2705\u00a0<strong>Comunidades rurais e ind\u00edgenas<\/strong>\u00a0<br \/>\u2705\u00a0<strong>Pra\u00e7as e espa\u00e7os p\u00fablicos<\/strong>\u00a0<\/p>\n<p><!-- \/wp_cf5e68:paragraph --><\/p>\n<p><!-- wp_cf5e68:paragraph {\"align\":\"center\"} --><\/p>\n<p class=\"has-text-align-center\">Se sua comunidade precisa de\u00a0<strong>internet gratuita e de qualidade<\/strong>, voc\u00ea pode solicitar um ponto de Wi-Fi gratuito agora mesmo e o procedimento \u00e9 bem simples e acess\u00edvel. <\/p>\n<p><!-- \/wp_cf5e68:paragraph --><\/p>\n<p><!-- wp_cf5e68:heading {\"textAlign\":\"center\"} --><\/p>\n<h2 class=\"wp_cf5e68-block-heading has-text-align-center\"><strong>Por que o Programa Wi-Fi Brasil \u00e9 t\u00e3o importante?<\/strong><\/h2>\n<p><!-- \/wp_cf5e68:heading --><\/p>\n<p><!-- wp_cf5e68:paragraph {\"align\":\"center\"} --><\/p>\n<p class=\"has-text-align-center\">\ud83d\udd39\u00a0<strong>Por causa da<\/strong> <strong>Redu\u00e7\u00e3o da desigualdade digital<\/strong>\u00a0\u2013 Internet para todos, sem custos.<br \/>\ud83d\udd39\u00a0<strong>Educa\u00e7\u00e3o mais acess\u00edvel<\/strong>\u00a0\u2013 Alunos e professores conectados ao mundo digital.<br \/>\ud83d\udd39\u00a0<strong>Facilidade no acesso a servi\u00e7os p\u00fablicos<\/strong>\u00a0\u2013 Conex\u00e3o com governo, sa\u00fade e oportunidades.<br \/>\ud83d\udd39\u00a0<strong>Impulso para pequenos neg\u00f3cios<\/strong>\u00a0\u2013 Empreendedores podem crescer online.<\/p>\n<p><!-- \/wp_cf5e68:paragraph --><\/p>\n<p><!-- wp_cf5e68:heading {\"textAlign\":\"center\"} --><\/p>\n<h2 class=\"wp_cf5e68-block-heading has-text-align-center\"><strong>Saiba como solicitar! <\/strong><\/h2>\n<p><!-- \/wp_cf5e68:heading --><\/p>\n<p><!-- wp_cf5e68:paragraph {\"align\":\"center\"} --><\/p>\n<p class=\"has-text-align-center\">Para saber tudo sobre o Programa Wi-Fi Brasil, inclusive o passo a passo para ser um agente fomentador dessa mudan\u00e7a, solicitando o programa para os locais da sua comunidade, recomendo que acesse ao conte\u00fado oficial e exclusivo, preparado para te guiar durante todo o procedimento da solicita\u00e7\u00e3o. L\u00e1 voc\u00ea obt\u00e9m um guia completo, al\u00e9m de outras informa\u00e7\u00f5es detalhadas acerca do tema. <\/p>\n<p><!-- \/wp_cf5e68:paragraph --><\/p>\n<p><!-- wp_cf5e68:paragraph {\"align\":\"center\"} --><\/p>\n<p class=\"has-text-align-center\">Por fim, a conectividade \u00e9 um direito essencial no mundo moderno. Com acesso \u00e0 internet, estudantes podem acompanhar aulas online, empreendedores podem expandir seus neg\u00f3cios e profissionais da sa\u00fade podem melhorar o atendimento \u00e0 popula\u00e7\u00e3o. Al\u00e9m disso, uma comunidade conectada se torna mais integrada, com maior acesso a informa\u00e7\u00f5es e oportunidades.<\/p>\n<p><!-- \/wp_cf5e68:paragraph --><\/p>\n<p><!-- wp_cf5e68:paragraph {\"align\":\"center\"} --><\/p>\n<p class=\"has-text-align-center\">A falta de conex\u00e3o limita o acesso a servi\u00e7os essenciais, dificultando o desenvolvimento educacional e econ\u00f4mico de muitas regi\u00f5es. <\/p>\n<p><!-- \/wp_cf5e68:paragraph --><\/p>\n<p><!-- wp_cf5e68:paragraph {\"align\":\"center\"} --><\/p>\n<p class=\"has-text-align-center\">Ter Wi-Fi gratuito em escolas e espa\u00e7os p\u00fablicos permite que crian\u00e7as, jovens e adultos tenham acesso a conte\u00fados educativos, cursos profissionalizantes e novas oportunidades de trabalho.<\/p>\n<p><!-- \/wp_cf5e68:paragraph --><\/p>\n<p><!-- wp_cf5e68:paragraph {\"align\":\"center\"} --><\/p>\n<p class=\"has-text-align-center\">Al\u00e9m disso, governos locais podem utilizar a conectividade para aprimorar servi\u00e7os p\u00fablicos, otimizar a comunica\u00e7\u00e3o com a popula\u00e7\u00e3o e incentivar o turismo e o com\u00e9rcio local. O Wi-Fi gratuito impulsiona a economia digital e torna as cidades e comunidades mais preparadas para o futuro.<\/p>\n<p><!-- \/wp_cf5e68:paragraph --><\/p>\n<p><!-- wp_cf5e68:paragraph {\"align\":\"center\"} --><\/p>\n<p class=\"has-text-align-center\">Se a sua regi\u00e3o ainda n\u00e3o possui Wi-Fi gratuito, n\u00e3o perca a chance de transformar essa realidade! O\u00a0<strong>Programa Wi-Fi Brasil<\/strong>\u00a0j\u00e1 beneficiou milhares de localidades e pode fazer a diferen\u00e7a a\u00ed, na sua vida e na vida dos outros moradores da sua localidade. <\/p>\n<p><!-- \/wp_cf5e68:paragraph --><\/p>\n<p><!-- wp_cf5e68:buttons {\"layout\":{\"type\":\"flex\",\"justifyContent\":\"center\"}} --><\/p>\n<div class=\"wp_cf5e68-block-buttons\"><!-- wp_cf5e68:button {\"fontSize\":\"medium\"} --><\/p>\n<div class=\"wp_cf5e68-block-button has-custom-font-size has-medium-font-size\"><a class=\"wp_cf5e68-block-button__link wp_cf5e68-element-button\" href=\"https:\/\/bonfimnoticias.com.br\/fr\/como-funciona-o-programa-wi-fi-brasil-e-como-solicita-lo-facilmente\/\">Acesse ao conte\u00fado proposto >>>><\/a><\/div>\n<p><!-- \/wp_cf5e68:button --><\/div>\n<p><!-- \/wp_cf5e68:buttons --><\/p>\n<p><!-- wp_cf5e68:paragraph --><\/p>\n<p><!-- \/wp_cf5e68:paragraph --><\/p>\n<p><!-- wp_cf5e68:paragraph --><\/p>\n<p><!-- \/wp_cf5e68:paragraph --><\/p>\n<p><!-- wp_cf5e68:paragraph --><\/p>\n<p><!-- \/wp_cf5e68:paragraph --><\/p>","protected":false},"excerpt":{"rendered":"<p>Internet Gratuita para Quem Mais Precisa! Voc\u00ea sabia que sua escola, posto de sa\u00fade ou comunidade pode ter acesso \u00e0\u00a0internet&#8230;<\/p>","protected":false},"author":24,"featured_media":19581,"parent":0,"menu_order":0,"comment_status":"closed","ping_status":"closed","template":"","meta":{"footnotes":""},"class_list":["post-19580","page","type-page","status-publish","has-post-thumbnail","hentry"],"_links":{"self":[{"href":"https:\/\/bonfimnoticias.com.br\/fr\/wp-json\/wp\/v2\/pages\/19580","targetHints":{"allow":["GET"]}}],"collection":[{"href":"https:\/\/bonfimnoticias.com.br\/fr\/wp-json\/wp\/v2\/pages"}],"about":[{"href":"https:\/\/bonfimnoticias.com.br\/fr\/wp-json\/wp\/v2\/types\/page"}],"author":[{"embeddable":true,"href":"https:\/\/bonfimnoticias.com.br\/fr\/wp-json\/wp\/v2\/users\/24"}],"replies":[{"embeddable":true,"href":"https:\/\/bonfimnoticias.com.br\/fr\/wp-json\/wp\/v2\/comments?post=19580"}],"version-history":[{"count":1,"href":"https:\/\/bonfimnoticias.com.br\/fr\/wp-json\/wp\/v2\/pages\/19580\/revisions"}],"predecessor-version":[{"id":19582,"href":"https:\/\/bonfimnoticias.com.br\/fr\/wp-json\/wp\/v2\/pages\/19580\/revisions\/19582"}],"wp:featuredmedia":[{"embeddable":true,"href":"https:\/\/bonfimnoticias.com.br\/fr\/wp-json\/wp\/v2\/media\/19581"}],"wp:attachment":[{"href":"https:\/\/bonfimnoticias.com.br\/fr\/wp-json\/wp\/v2\/media?parent=19580"}],"curies":[{"name":"wp","href":"https:\/\/api.w.org\/{rel}","templated":true}]}}