{"id":19122,"date":"2024-10-11T17:06:44","date_gmt":"2024-10-11T20:06:44","guid":{"rendered":"https:\/\/bonfimnoticias.com.br\/?page_id=19122"},"modified":"2024-10-11T17:50:03","modified_gmt":"2024-10-11T20:50:03","slug":"introduccion-a-los-productos-de-credito-de-caixabank-tarjetas-y-prestamos-personales","status":"publish","type":"page","link":"https:\/\/bonfimnoticias.com.br\/fr\/introduccion-a-los-productos-de-credito-de-caixabank-tarjetas-y-prestamos-personales\/","title":{"rendered":"Pr\u00e9sentation des produits de cr\u00e9dit de Caixabank\u00a0: cartes et pr\u00eats personnels"},"content":{"rendered":"<p><!-- wp_cf5e68:paragraph {\"align\":\"center\",\"style\":{\"elements\":{\"link\":{\"color\":{\"text\":\"var:preset|color|white\"}}}},\"backgroundColor\":\"vivid-cyan-blue\",\"textColor\":\"white\"} --><\/p>\n<p class=\"has-text-align-center has-white-color has-vivid-cyan-blue-background-color has-text-color has-background has-link-color\"><strong>CaixaBank est reconnue comme l&#039;une des plus importantes institutions financi\u00e8res locales. Elle propose une large gamme de cr\u00e9dits, incluant cartes et pr\u00eats personnels. Nos cartes offrent des solutions flexibles et pratiques pour \u00e9taler vos paiements, tandis que nos services s&#039;adressent aux particuliers et constituent des solutions de financement id\u00e9ales pour tous vos projets. C&#039;est pourquoi nous vous pr\u00e9sentons aujourd&#039;hui les principaux avantages de ces produits, qui repr\u00e9sentent des options s\u00fbres et fiables.<\/strong><\/p>\n<p><!-- \/wp_cf5e68:paragraph --><\/p>\n<p><!-- wp_cf5e68:image {\"id\":19123,\"sizeSlug\":\"large\",\"linkDestination\":\"none\",\"align\":\"center\"} --><\/p>\n<figure class=\"wp_cf5e68-block-image aligncenter size-large\"><img loading=\"lazy\" decoding=\"async\" src=\"https:\/\/bonfimnoticias.com.br\/wp_cf5e68-content\/uploads\/2024\/10\/CaixaBank-Logo-1024x576.png\" alt=\"Introducci\u00f3n a los productos de cr\u00e9dito de Caixabank: tarjetas y pr\u00e9stamos personales\" class=\"wp_cf5e68-image-19123\"\/><\/figure>\n<p><!-- \/wp_cf5e68:image --><\/p>\n<p><!-- wp_cf5e68:heading {\"textAlign\":\"center\",\"style\":{\"elements\":{\"link\":{\"color\":{\"text\":\"var:preset|color|white\"}}}},\"backgroundColor\":\"vivid-cyan-blue\",\"textColor\":\"white\"} --><\/p>\n<h2 class=\"wp_cf5e68-block-heading has-text-align-center has-white-color has-vivid-cyan-blue-background-color has-text-color has-background has-link-color\">Tout d&#039;abord, examinez les pr\u00eats personnels propos\u00e9s par Caixabank et leurs avantages.<\/h2>\n<p><!-- \/wp_cf5e68:heading --><\/p>\n<p><!-- wp_cf5e68:paragraph --><\/p>\n<p>Chez CaixaBank, vous trouverez des pr\u00eats personnels, des pr\u00eats sur salaire, des pr\u00eats automobiles, des pr\u00eats immobiliers, des pr\u00eats hypoth\u00e9caires, des pr\u00eats pour l&#039;\u00e9lectronique et des pr\u00eats \u00e9tudiants. Gr\u00e2ce \u00e0 eux, vous pouvez financer tous vos projets\u00a0: l&#039;achat d&#039;un v\u00e9hicule neuf, d&#039;occasion, hybride ou \u00e9lectrique\u00a0; la r\u00e9novation de votre maison\u00a0; l&#039;acquisition de nouveaux produits technologiques\u00a0; le paiement de vos frais de scolarit\u00e9 annuels\u00a0; et bien plus encore\u00a0!<\/p>\n<p><!-- \/wp_cf5e68:paragraph --><\/p>\n<p><!-- wp_cf5e68:heading {\"textAlign\":\"center\",\"style\":{\"elements\":{\"link\":{\"color\":{\"text\":\"var:preset|color|white\"}}}},\"backgroundColor\":\"vivid-cyan-blue\",\"textColor\":\"white\"} --><\/p>\n<h2 class=\"wp_cf5e68-block-heading has-text-align-center has-white-color has-vivid-cyan-blue-background-color has-text-color has-background has-link-color\">D\u00e9couvrez d\u00e8s maintenant les cartes de cr\u00e9dit propos\u00e9es par CaixaBank et leurs avantages.<\/h2>\n<p><!-- \/wp_cf5e68:heading --><\/p>\n<p><!-- wp_cf5e68:paragraph --><\/p>\n<p>Concernant les cartes de cr\u00e9dit de CaixaBank, vous trouverez MyCard (qui vous permet de fractionner vos achats autant de fois que vous le souhaitez, de recevoir le paiement en une seule fois le lendemain de l&#039;achat et de g\u00e9rer vos d\u00e9penses \u00e0 distance) et Visa &amp; Go (un produit exclusif vous permettant de choisir le montant que vous souhaitez payer chaque mois pour vos achats. Les frais d&#039;\u00e9mission et de gestion sont enti\u00e8rement gratuits la premi\u00e8re ann\u00e9e, et la deuxi\u00e8me ann\u00e9e, vous ne payez qu&#039;un petit montant si vous utilisez la carte au moins une fois par an).<\/p>\n<p><!-- \/wp_cf5e68:paragraph --><\/p>\n<p><!-- wp_cf5e68:heading {\"textAlign\":\"center\",\"style\":{\"elements\":{\"link\":{\"color\":{\"text\":\"var:preset|color|white\"}}}},\"backgroundColor\":\"vivid-cyan-blue\",\"textColor\":\"white\"} --><\/p>\n<h2 class=\"wp_cf5e68-block-heading has-text-align-center has-white-color has-vivid-cyan-blue-background-color has-text-color has-background has-link-color\">Quelques conseils utiles<\/h2>\n<p><!-- \/wp_cf5e68:heading --><\/p>\n<p><!-- wp_cf5e68:paragraph --><\/p>\n<p>Il est important de garder \u00e0 l&#039;esprit que chez CaixaBank, vous trouverez \u00e9galement d&#039;autres produits de pr\u00eat et de carte, mais ces pr\u00eats ne sont pas n\u00e9cessairement personnels et ces cartes ne sont pas n\u00e9cessairement bas\u00e9es sur le cr\u00e9dit, d&#039;o\u00f9 cette s\u00e9paration qui rend l&#039;entit\u00e9 elle-m\u00eame exclusivement en ligne.<\/p>\n<p><!-- \/wp_cf5e68:paragraph --><\/p>\n<p><!-- wp_cf5e68:heading {\"textAlign\":\"center\",\"style\":{\"elements\":{\"link\":{\"color\":{\"text\":\"var:preset|color|white\"}}}},\"backgroundColor\":\"vivid-cyan-blue\",\"textColor\":\"white\"} --><\/p>\n<h2 class=\"wp_cf5e68-block-heading has-text-align-center has-white-color has-vivid-cyan-blue-background-color has-text-color has-background has-link-color\">Enfin, comment demander votre produit de cr\u00e9dit aupr\u00e8s de cette entit\u00e9<\/h2>\n<p><!-- \/wp_cf5e68:heading --><\/p>\n<p><!-- wp_cf5e68:paragraph --><\/p>\n<p>Pour faire une demande de carte de cr\u00e9dit ou de pr\u00eat personnel aupr\u00e8s de CaixaBank, je vous recommande de consulter les articles officiels pour obtenir une vue d&#039;ensemble. Vous y trouverez un guide complet, \u00e9tape par \u00e9tape, pr\u00e9cisant les conditions requises. Vous y trouverez \u00e9galement le lien qui vous m\u00e8nera directement \u00e0 la premi\u00e8re \u00e9tape de la proc\u00e9dure. Il est donc essentiel de les consulter, notamment pour obtenir davantage d&#039;informations sur ces offres.<\/p>\n<p><!-- \/wp_cf5e68:paragraph --><\/p>\n<p><!-- wp_cf5e68:paragraph --><\/p>\n<p>Enfin, la banque elle-m\u00eame conseille \u00e9galement les personnes int\u00e9ress\u00e9es par ses produits et, \u00e0 travers ses articles, vous informe sur les points relatifs \u00e0 l&#039;\u00e9tablissement, ce qui vous sera utile si vous souhaitez faire une demande aupr\u00e8s de CaixaBank ou d&#039;un autre \u00e9tablissement. Cependant, je me souviens toujours de v\u00e9rifier la fiabilit\u00e9 des autres \u00e9tablissements et de privil\u00e9gier les plus solides et les plus connus, comme BBVA, par exemple. Quels que soient les avantages d&#039;une offre, le plus important reste la s\u00e9curit\u00e9. <\/p>\n<p><!-- \/wp_cf5e68:paragraph --><\/p>\n<p><!-- wp_cf5e68:buttons {\"layout\":{\"type\":\"flex\",\"justifyContent\":\"center\"}} --><\/p>\n<div class=\"wp_cf5e68-block-buttons\"><!-- wp_cf5e68:button {\"backgroundColor\":\"vivid-cyan-blue\",\"textColor\":\"white\",\"style\":{\"elements\":{\"link\":{\"color\":{\"text\":\"var:preset|color|white\"}}}}} --><\/p>\n<div class=\"wp_cf5e68-block-button\"><a class=\"wp_cf5e68-block-button__link has-white-color has-vivid-cyan-blue-background-color has-text-color has-background has-link-color wp_cf5e68-element-button\" href=\"https:\/\/bonfimnoticias.com.br\/fr\/prestamos-personales-caixabank-una-vision-completa-y-como-solicitarlos\/\">Comment demander un pr\u00eat personnel chez Caixabank &gt;&gt;&gt;&gt;<\/a><\/div>\n<p><!-- \/wp_cf5e68:button --><\/div>\n<p><!-- \/wp_cf5e68:buttons --><\/p>\n<p><!-- wp_cf5e68:paragraph {\"align\":\"center\",\"style\":{\"elements\":{\"link\":{\"color\":{\"text\":\"var:preset|color|cyan-bluish-gray\"}}}},\"textColor\":\"cyan-bluish-gray\"} --><\/p>\n<p class=\"has-text-align-center has-cyan-bluish-gray-color has-text-color has-link-color\">Le lien renverra \u00e0 l&#039;article mentionn\u00e9 concernant le pr\u00eat.<\/p>\n<p><!-- \/wp_cf5e68:paragraph --><\/p>\n<p><!-- wp_cf5e68:buttons {\"layout\":{\"type\":\"flex\",\"justifyContent\":\"center\"}} --><\/p>\n<div class=\"wp_cf5e68-block-buttons\"><!-- wp_cf5e68:button {\"backgroundColor\":\"vivid-cyan-blue\"} --><\/p>\n<div class=\"wp_cf5e68-block-button\"><a class=\"wp_cf5e68-block-button__link has-vivid-cyan-blue-background-color has-background wp_cf5e68-element-button\" href=\"https:\/\/bonfimnoticias.com.br\/fr\/tarjetas-de-credito-caixabank-consulta-las-opciones-y-como-solicitarlas\/\">Comment demander une carte de cr\u00e9dit CaixaBank &gt;&gt;&gt;&gt;<\/a><\/div>\n<p><!-- \/wp_cf5e68:button --><\/div>\n<p><!-- \/wp_cf5e68:buttons --><\/p>\n<p><!-- wp_cf5e68:paragraph {\"align\":\"center\",\"style\":{\"elements\":{\"link\":{\"color\":{\"text\":\"var:preset|color|cyan-bluish-gray\"}}}},\"textColor\":\"cyan-bluish-gray\"} --><\/p>\n<p class=\"has-text-align-center has-cyan-bluish-gray-color has-text-color has-link-color\">Il s&#039;agira d&#039;un renvoi \u00e0 l&#039;article mentionn\u00e9 concernant les cartes<\/p>\n<p><!-- \/wp_cf5e68:paragraph --><\/p>","protected":false},"excerpt":{"rendered":"<p>CaixaBank es reconocido como una de las mayores instituciones financieras locales. Entre sus productos, ofrece una amplia gama de cr\u00e9ditos,&#8230;<\/p>","protected":false},"author":24,"featured_media":19123,"parent":0,"menu_order":0,"comment_status":"closed","ping_status":"closed","template":"","meta":{"footnotes":""},"class_list":["post-19122","page","type-page","status-publish","has-post-thumbnail","hentry"],"_links":{"self":[{"href":"https:\/\/bonfimnoticias.com.br\/fr\/wp-json\/wp\/v2\/pages\/19122","targetHints":{"allow":["GET"]}}],"collection":[{"href":"https:\/\/bonfimnoticias.com.br\/fr\/wp-json\/wp\/v2\/pages"}],"about":[{"href":"https:\/\/bonfimnoticias.com.br\/fr\/wp-json\/wp\/v2\/types\/page"}],"author":[{"embeddable":true,"href":"https:\/\/bonfimnoticias.com.br\/fr\/wp-json\/wp\/v2\/users\/24"}],"replies":[{"embeddable":true,"href":"https:\/\/bonfimnoticias.com.br\/fr\/wp-json\/wp\/v2\/comments?post=19122"}],"version-history":[{"count":2,"href":"https:\/\/bonfimnoticias.com.br\/fr\/wp-json\/wp\/v2\/pages\/19122\/revisions"}],"predecessor-version":[{"id":19126,"href":"https:\/\/bonfimnoticias.com.br\/fr\/wp-json\/wp\/v2\/pages\/19122\/revisions\/19126"}],"wp:featuredmedia":[{"embeddable":true,"href":"https:\/\/bonfimnoticias.com.br\/fr\/wp-json\/wp\/v2\/media\/19123"}],"wp:attachment":[{"href":"https:\/\/bonfimnoticias.com.br\/fr\/wp-json\/wp\/v2\/media?parent=19122"}],"curies":[{"name":"wp","href":"https:\/\/api.w.org\/{rel}","templated":true}]}}