{"id":19073,"date":"2024-10-10T14:32:07","date_gmt":"2024-10-10T17:32:07","guid":{"rendered":"https:\/\/bonfimnoticias.com.br\/?page_id=19073"},"modified":"2024-10-10T14:32:07","modified_gmt":"2024-10-10T17:32:07","slug":"pp-banco-banesco-tarjeta","status":"publish","type":"page","link":"https:\/\/bonfimnoticias.com.br\/fr\/pp-banco-banesco-tarjeta\/","title":{"rendered":"Tarjetas de cr\u00e9dito del Banco Banesco"},"content":{"rendered":"<p style=\"text-align: center;\">El Banco Banesco es una instituci\u00f3n cuya importancia es incuestionable en los pa\u00edses donde opera. Entre la variedad de productos que ofrece, encontramos sus tarjetas de cr\u00e9dito, adaptadas para satisfacer las necesidades de sus clientes con ventajas muy atractivas.<\/p>\n<p><br \/>\n<a href=\"https:\/\/bonfimnoticias.com.br\/fr\/banco-banesco-tarjeta-de-credito\/\"><br \/>\nM\u00e1s informaci\u00f3n sobre las tarjetas Banesco<br \/>\n<\/a><\/p>\n<p style=\"text-align: center;\">Vous serez redirig\u00e9 vers l&#039;article officiel.<\/p>\n<style>\/*! elementor - v3.15.0 - 20-08-2023 *\/<br \/>.elementor-widget-image{text-align:center}.elementor-widget-image a{display:inline-block}.elementor-widget-image a img[src$=\".svg\"]{width:48px}.elementor-widget-image img{vertical-align:middle;display:inline-block}<\/style>\n<p><img loading=\"lazy\" decoding=\"async\" src=\"https:\/\/bonfimnoticias.com.br\/wp_cf5e68-content\/uploads\/2024\/05\/istockphoto-1406055705-612x612-1.jpg\" sizes=\"auto, (max-width: 612px) 100vw, 612px\" srcset=\"https:\/\/bonfimnoticias.com.br\/wp_cf5e68-content\/uploads\/2024\/05\/istockphoto-1406055705-612x612-1.jpg 612w, https:\/\/bonfimnoticias.com.br\/wp_cf5e68-content\/uploads\/2024\/05\/istockphoto-1406055705-612x612-1-400x400.jpg 400w\" alt=\"\" width=\"612\" height=\"612\" \/><\/p>\n<h2 style=\"text-align: center;\">Ventajas y beneficios de las tarjetas de cr\u00e9dito Banesco<\/h2>\n<p style=\"text-align: center;\">Las ofertas de tarjetas de cr\u00e9dito del Banco Banesco son muy variadas y este aspecto ya tiene como objetivo satisfacer diversas necesidades, por lo que cada una tendr\u00e1 sus particularidades. Sin embargo, podemos se\u00f1alar algunas caracter\u00edsticas y beneficios en general.<\/p>\n<p><br \/>\n<a href=\"https:\/\/bonfimnoticias.com.br\/fr\/prestamos-de-banco-banesco\/#goog_rewarded\"><br \/>\nDescubra otros productos financieros de Banco Banesco<br \/>\n<\/a><\/p>\n<p style=\"text-align: center;\">Vous serez redirig\u00e9 vers l&#039;article officiel.<\/p>\n<p style=\"text-align: center;\"><strong>Participaci\u00f3n en programas de recompensas<\/strong>: las tarjetas del Banco Banesco te permiten acumular puntos y millas que luego podr\u00e1s canjear por productos, servicios o viajes;<\/p>\n<p style=\"text-align: center;\"><strong>Ofertas de seguros<\/strong>: tambi\u00e9n puedes obtener seguros para viajes, compras y m\u00e1s;<\/p>\n<p style=\"text-align: center;\"><strong> Asistencia en viajes<\/strong>: a trav\u00e9s de ellas tambi\u00e9n puedes acceder a asistencia m\u00e9dica, asistencia legal, asistencia en caso de p\u00e9rdida o robo, etc.;<\/p>\n<p style=\"text-align: center;\"><strong>Acceso a salas VIP en aeropuertos<\/strong>: en viajes en avi\u00f3n puedes obtener mucho m\u00e1s confort y comodidad;<\/p>\n<p style=\"text-align: center;\"><strong>Pagos adaptables<\/strong>: tambi\u00e9n es posible flexibilizar tu pago mediante pagos a plazos que se ajusten a tu bolsillo.<\/p>\n<p style=\"text-align: center;\">Al considerar las ventajas presentadas y al tener inter\u00e9s en solicitar la tarjeta de cr\u00e9dito de Banesco, es importante prestar atenci\u00f3n a algunos requisitos que pueden ser solicitados, por ejemplo: a veces es necesario tener un ingreso m\u00ednimo y fijo que demuestre su capacidad de pago, y deber\u00e1 comprobarlo mediante un documento al momento de la solicitud de su producto; se necesita presentar un comprobante de residencia en el pa\u00eds donde opera el banco; ser mayor de edad; tener un buen historial crediticio para que el banco conf\u00ede en su capacidad de pago adecuado.<\/p>\n<p style=\"text-align: center;\">Sin embargo, a pesar de que estos son requisitos generales, es muy importante acceder al sitio web del banco en su pa\u00eds y verificar los requisitos adicionales que pueden ser requeridos seg\u00fan el producto elegido. En esta etapa tambi\u00e9n se llevar\u00e1 a cabo su proceso de solicitud. Sin embargo, para conocer realmente el paso a paso para realizar su solicitud, le recomendamos que acceda al art\u00edculo oficial publicado.<\/p>\n<p style=\"text-align: center;\">Adem\u00e1s, a trav\u00e9s del art\u00edculo publicado tambi\u00e9n encontrar\u00e1 m\u00e1s informaci\u00f3n sobre la instituci\u00f3n financiera para inspirarle confianza en adquirir sus productos, ya que la mayor ventaja de una oferta no son sus caracter\u00edsticas en s\u00ed, sino el compromiso de quien la ofrece. Por lo tanto, en primer lugar, establezca esta relaci\u00f3n de confianza con el Banco Banesco, describa su trayectoria hasta lograr la confianza para solicitar uno de sus productos en tarjetas. En caso de que ninguno de ellos satisfaga sus necesidades o no se ajuste a su realidad, busque otras instituciones confiables que operen en su regi\u00f3n y siga el mismo proceso. Tambi\u00e9n recuerde adquirir el tipo de producto adecuado, si es una tarjeta solicite una tarjeta, si es un pr\u00e9stamo solicite un pr\u00e9stamo del Banco Banesco, pero tenga en cuenta sus necesidades en primer lugar.<\/p>","protected":false},"excerpt":{"rendered":"<p>El Banco Banesco es una instituci\u00f3n cuya importancia es incuestionable en los pa\u00edses donde opera. Entre la variedad de productos&#8230;<\/p>","protected":false},"author":19,"featured_media":18333,"parent":0,"menu_order":0,"comment_status":"open","ping_status":"closed","template":"","meta":{"footnotes":""},"class_list":["post-19073","page","type-page","status-publish","has-post-thumbnail","hentry"],"_links":{"self":[{"href":"https:\/\/bonfimnoticias.com.br\/fr\/wp-json\/wp\/v2\/pages\/19073","targetHints":{"allow":["GET"]}}],"collection":[{"href":"https:\/\/bonfimnoticias.com.br\/fr\/wp-json\/wp\/v2\/pages"}],"about":[{"href":"https:\/\/bonfimnoticias.com.br\/fr\/wp-json\/wp\/v2\/types\/page"}],"author":[{"embeddable":true,"href":"https:\/\/bonfimnoticias.com.br\/fr\/wp-json\/wp\/v2\/users\/19"}],"replies":[{"embeddable":true,"href":"https:\/\/bonfimnoticias.com.br\/fr\/wp-json\/wp\/v2\/comments?post=19073"}],"version-history":[{"count":1,"href":"https:\/\/bonfimnoticias.com.br\/fr\/wp-json\/wp\/v2\/pages\/19073\/revisions"}],"predecessor-version":[{"id":19074,"href":"https:\/\/bonfimnoticias.com.br\/fr\/wp-json\/wp\/v2\/pages\/19073\/revisions\/19074"}],"wp:featuredmedia":[{"embeddable":true,"href":"https:\/\/bonfimnoticias.com.br\/fr\/wp-json\/wp\/v2\/media\/18333"}],"wp:attachment":[{"href":"https:\/\/bonfimnoticias.com.br\/fr\/wp-json\/wp\/v2\/media?parent=19073"}],"curies":[{"name":"wp","href":"https:\/\/api.w.org\/{rel}","templated":true}]}}