{"id":18935,"date":"2024-08-29T18:55:07","date_gmt":"2024-08-29T21:55:07","guid":{"rendered":"https:\/\/bonfimnoticias.com.br\/?page_id=18935"},"modified":"2024-08-29T19:05:53","modified_gmt":"2024-08-29T22:05:53","slug":"tarjeta-de-credito-banco-de-bogota-lp","status":"publish","type":"page","link":"https:\/\/bonfimnoticias.com.br\/fr\/tarjeta-de-credito-banco-de-bogota-lp\/","title":{"rendered":"Tarjeta de cr\u00e9dito Banco de Bogot\u00e1 &#8211; Landing Page CO"},"content":{"rendered":"<style>\/*! elementor - v3.15.0 - 20-08-2023 *\/\n.elementor-heading-title{padding:0;margin:0;line-height:1}.elementor-widget-heading .elementor-heading-title[class*=elementor-size-]>a{color:inherit;font-size:inherit;line-height:inherit}.elementor-widget-heading .elementor-heading-title.elementor-size-small{font-size:15px}.elementor-widget-heading .elementor-heading-title.elementor-size-medium{font-size:19px}.elementor-widget-heading .elementor-heading-title.elementor-size-large{font-size:29px}.elementor-widget-heading .elementor-heading-title.elementor-size-xl{font-size:39px}.elementor-widget-heading .elementor-heading-title.elementor-size-xxl{font-size:59px}<\/style>\n<h2>Tarjeta de cr\u00e9dito del Banco de Bogot\u00e1: \u00a1empieza tu vida financiera con la tarjeta Cl\u00e1sica!<\/h2>\n<p style=\"text-align: center;\">La tarjeta de cr\u00e9dito del Banco Bogot\u00e1, m\u00e1s espec\u00edficamente la tarjeta cl\u00e1sica, es considerada una de las mejores opciones para aquellos que desean iniciar su vida financiera utilizando cr\u00e9dito. El uso de esta tarjeta es muy amplio, adem\u00e1s de ser una oferta de una instituci\u00f3n muy famosa y reconocida en Colombia: el Banco de Bogot\u00e1.\u00a0<\/p>\n<style>\/*! elementor - v3.15.0 - 20-08-2023 *\/\n.elementor-widget-image{text-align:center}.elementor-widget-image a{display:inline-block}.elementor-widget-image a img[src$=\".svg\"]{width:48px}.elementor-widget-image img{vertical-align:middle;display:inline-block}<\/style>\n<p>\t\t\t\t\t\t\t\t\t\t\t\t<img decoding=\"async\" width=\"700\" height=\"526\" src=\"https:\/\/bonfimnoticias.com.br\/wp_cf5e68-content\/uploads\/2024\/08\/5d27bdef8a73djpeg.jpeg\" alt=\"\" loading=\"lazy\" \/>\t\t\t\t\t\t\t\t\t\t\t\t\t\t\t<\/p>\n<h2>Las ventajas de la tarjeta de cr\u00e9dito del Banco de Bogot\u00e1: Cl\u00e1sica <\/h2>\n<p><strong>Uso nacional e internacional:<\/strong> la tarjeta de cr\u00e9dito del Banco de Bogot\u00e1 Cl\u00e1sica es aceptada en una variedad de establecimientos, dentro y fuera de Colombia;<\/p>\n<p><strong> Asistencia m\u00e9dica amplia:<\/strong> en caso de viajes, tambi\u00e9n ofrece asistencia m\u00e9dica fuera del pa\u00eds;<\/p>\n<p><strong>Pago r\u00e1pido:<\/strong> no necesitas gastar mucho tiempo ni preocuparte por tus pagos;<\/p>\n<p><strong> Participaci\u00f3n en programas de recompensas:<\/strong> puedes ganar puntos t\u00faplus participando en programas muy ventajosos, adem\u00e1s de los programas de fidelizaci\u00f3n;<\/p>\n<p><strong>Puedes abrir tu cuenta a medida:<\/strong> se trata de una cuenta abierta de acuerdo con tu perfil de cliente, totalmente adaptada para ti<\/p>\n<p style=\"text-align: center;\">A\u00fan sobre las caracter\u00edsticas y ventajas de esta tarjeta de cr\u00e9dito, vale destacar que sus programas de recompensas y fidelizaci\u00f3n tienen como objetivo concederte acceso a beneficios en pasajes a\u00e9reos, millas y mucho m\u00e1s, al canjear estos puntos por dichos beneficios. Hay muchas m\u00e1s ventajas adem\u00e1s de estas, y es lo que te presentamos a trav\u00e9s del art\u00edculo oficial.<\/p>\n<p style=\"text-align: center;\">Adem\u00e1s, tu l\u00edmite de cr\u00e9dito va de $1.500.000 a $3.499.999, y a\u00fan tienes la opci\u00f3n de obtener un adelanto en efectivo equivalente a hasta el 30% de ese l\u00edmite.\u00a0<\/p>\n<p style=\"text-align: center;\">Sin embargo, para beneficiarte de esta tarjeta tan ventajosa, necesitar\u00e1s cumplir algunos requisitos esenciales: primero deber\u00e1s presentar una fotocopia de tu documento de identidad ampliada al 150%; los asalariados y pensionados interesados deber\u00e1n presentar su declaraci\u00f3n de impuesto sobre la renta del a\u00f1o fiscal, el certificado de ingresos y retenciones del \u00faltimo a\u00f1o fiscal (debidamente firmado, pero consulta m\u00e1s detalles en el art\u00edculo para informarte m\u00e1s profundamente), la certificaci\u00f3n laboral reciente (el art\u00edculo tambi\u00e9n especifica esta certificaci\u00f3n), el comprobante de pago de salario y pensi\u00f3n m\u00e1s reciente (si tu pago es quincenal, deber\u00e1s presentar dos comprobantes); no obstante, si eres un profesional independiente, tambi\u00e9n deber\u00e1s presentar la declaraci\u00f3n de impuesto sobre la renta del a\u00f1o fiscal de acuerdo con los plazos definidos en el calendario tributario y el extracto bancario que compruebe tus ingresos (debe ser reciente); por \u00faltimo, tambi\u00e9n es necesario el resumen de la entrevista o visita junto con los documentos.<\/p>\n<p style=\"text-align: center;\">En lo que respecta al proceso de solicitud de tu tarjeta de cr\u00e9dito Banco de Bogot\u00e1 Cl\u00e1sica, solo el art\u00edculo oficial te dar\u00e1 el paso a paso detallado de todo el proceso. Accede a \u00e9l y sigue cada etapa para obtener esta incre\u00edble oportunidad financiera. Cabe mencionar tambi\u00e9n que all\u00ed encontrar\u00e1s el enlace que te redirigir\u00e1 al sitio web oficial, para que as\u00ed inicies el procedimiento de manera previamente aclarada y dirigida.<\/p>\n<p style=\"text-align: center;\">Si tienes alguna duda despu\u00e9s de leer el art\u00edculo, ponte en contacto con la propia instituci\u00f3n para resolver tus preguntas.\u00a0<\/p>\n<p>\t\t\t<a href=\"https:\/\/bonfimnoticias.com.br\/fr\/tarjeta-de-credito-banco-de-bogota-clasica\/\"><br \/>\n\t\t\t\t\t\tConsulta c\u00f3mo solicitar tu tarjeta ahora<br \/>\n\t\t\t\t\t<\/a><\/p>\n<p style=\"text-align: center;\">Vous serez redirig\u00e9 vers l&#039;article officiel.<\/p>","protected":false},"excerpt":{"rendered":"<p>Tarjeta de cr\u00e9dito del Banco de Bogot\u00e1: \u00a1empieza tu vida financiera con la tarjeta Cl\u00e1sica! La tarjeta de cr\u00e9dito del&#8230;<\/p>","protected":false},"author":24,"featured_media":18937,"parent":0,"menu_order":0,"comment_status":"closed","ping_status":"closed","template":"","meta":{"footnotes":""},"class_list":["post-18935","page","type-page","status-publish","has-post-thumbnail","hentry"],"_links":{"self":[{"href":"https:\/\/bonfimnoticias.com.br\/fr\/wp-json\/wp\/v2\/pages\/18935","targetHints":{"allow":["GET"]}}],"collection":[{"href":"https:\/\/bonfimnoticias.com.br\/fr\/wp-json\/wp\/v2\/pages"}],"about":[{"href":"https:\/\/bonfimnoticias.com.br\/fr\/wp-json\/wp\/v2\/types\/page"}],"author":[{"embeddable":true,"href":"https:\/\/bonfimnoticias.com.br\/fr\/wp-json\/wp\/v2\/users\/24"}],"replies":[{"embeddable":true,"href":"https:\/\/bonfimnoticias.com.br\/fr\/wp-json\/wp\/v2\/comments?post=18935"}],"version-history":[{"count":7,"href":"https:\/\/bonfimnoticias.com.br\/fr\/wp-json\/wp\/v2\/pages\/18935\/revisions"}],"predecessor-version":[{"id":18945,"href":"https:\/\/bonfimnoticias.com.br\/fr\/wp-json\/wp\/v2\/pages\/18935\/revisions\/18945"}],"wp:featuredmedia":[{"embeddable":true,"href":"https:\/\/bonfimnoticias.com.br\/fr\/wp-json\/wp\/v2\/media\/18937"}],"wp:attachment":[{"href":"https:\/\/bonfimnoticias.com.br\/fr\/wp-json\/wp\/v2\/media?parent=18935"}],"curies":[{"name":"wp","href":"https:\/\/api.w.org\/{rel}","templated":true}]}}