{"id":18913,"date":"2024-08-27T08:02:50","date_gmt":"2024-08-27T11:02:50","guid":{"rendered":"https:\/\/bonfimnoticias.com.br\/?page_id=18913"},"modified":"2024-08-27T11:01:47","modified_gmt":"2024-08-27T14:01:47","slug":"tarjetas-itau-landing-page-cl-co-uy","status":"publish","type":"page","link":"https:\/\/bonfimnoticias.com.br\/fr\/tarjetas-itau-landing-page-cl-co-uy\/","title":{"rendered":"Tarjetas Ita\u00fa &#8211; Landing Page CL, CO, UY"},"content":{"rendered":"<p style=\"text-align: center;\">Las tarjetas Ita\u00fa son productos s\u00faper populares y solicitados dentro del territorio latinoamericano por tratarse de ofertas del famoso y renombrado Banco Ita\u00fa. Las opciones son tantas que atienden a una infinidad de tipos de clientes ante innumerables necesidades. Sin embargo, a continuaci\u00f3n, presentaremos 3 tipos de tarjetas, destinadas a Chile, Colombia y Uruguay, respectivamente. Descubre m\u00e1s.<\/p>\n<p>\t\t\t<a href=\"https:\/\/bonfimnoticias.com.br\/fr\/tarjetas-itau-america-latina\/\"><br \/>\n\t\t\t\t\t\tConozca Tarjeta<br \/>\n\t\t\t\t\t<\/a><br \/>\n\t\t\t<a href=\"https:\/\/bonfimnoticias.com.br\/fr\/tarjetas-itau-america-latina\/\"><br \/>\n\t\t\t\t\t\tVer mejores opciones<br \/>\n\t\t\t\t\t<\/a><br \/>\n\t\t\t<a href=\"https:\/\/bonfimnoticias.com.br\/fr\/mas-informacion-sobre-el-banco-itau-y-sus-oportunidades-de-prestamo-4\/\"><br \/>\n\t\t\t\t\t\tOtras alternativas<br \/>\n\t\t\t\t\t<\/a><\/p>\n<style>\/*! elementor - v3.15.0 - 20-08-2023 *\/\n.elementor-heading-title{padding:0;margin:0;line-height:1}.elementor-widget-heading .elementor-heading-title[class*=elementor-size-]>a{color:inherit;font-size:inherit;line-height:inherit}.elementor-widget-heading .elementor-heading-title.elementor-size-small{font-size:15px}.elementor-widget-heading .elementor-heading-title.elementor-size-medium{font-size:19px}.elementor-widget-heading .elementor-heading-title.elementor-size-large{font-size:29px}.elementor-widget-heading .elementor-heading-title.elementor-size-xl{font-size:39px}.elementor-widget-heading .elementor-heading-title.elementor-size-xxl{font-size:59px}<\/style>\n<h2>Ventajas y beneficios de las tarjetas Ita\u00fa <\/h2>\n<ul>\n<li style=\"text-align: center;\"><strong>Diversas posibilidades de descuentos:<\/strong> con las tarjetas Ita\u00fa obtienes descuentos en delivery, en combustible y en restaurantes;<\/li>\n<li style=\"text-align: center;\"><strong>Acceso a salas VIP:<\/strong> para aquellos que viajan frecuentemente, existe el beneficio de acceso a salas VIP de aeropuertos en la red Pacific Club con tarifas preferenciales;<\/li>\n<li style=\"text-align: center;\"><strong> Extensas opciones de pago:<\/strong> puedes utilizarlas para dividir tus compras en hasta 48 cuotas en compras nacionales;<\/li>\n<li style=\"text-align: center;\"><strong>Adelanto en efectivo:<\/strong> puedes solicitar un adelanto en efectivo hasta un cierto l\u00edmite de cr\u00e9dito;<\/li>\n<li style=\"text-align: center;\"><strong>Atenci\u00f3n las 24 horas:<\/strong> la marca Mastercard ofrece un servicio de atenci\u00f3n siempre disponible para soporte a sus clientes;<\/li>\n<li style=\"text-align: center;\"><strong> Participaci\u00f3n en programas de fidelidad:<\/strong> los titulares tambi\u00e9n pueden acumular puntos y canjearlos por otros beneficios;<\/li>\n<li style=\"text-align: center;\"><strong>Aprobaci\u00f3n r\u00e1pida:<\/strong> despu\u00e9s de la solicitud, tu respuesta llega s\u00faper r\u00e1pido y la tarjeta es entregada en tu domicilio.<\/li>\n<\/ul>\n<style>\/*! elementor - v3.15.0 - 20-08-2023 *\/\n.elementor-widget-image{text-align:center}.elementor-widget-image a{display:inline-block}.elementor-widget-image a img[src$=\".svg\"]{width:48px}.elementor-widget-image img{vertical-align:middle;display:inline-block}<\/style>\n<p>\t\t\t\t\t\t\t\t\t\t\t\t<img decoding=\"async\" width=\"1024\" height=\"682\" src=\"https:\/\/bonfimnoticias.com.br\/wp_cf5e68-content\/uploads\/2024\/08\/Itau-novo-logotipo-2023-1024x682.jpg\" alt=\"\" loading=\"lazy\" srcset=\"https:\/\/bonfimnoticias.com.br\/wp_cf5e68-content\/uploads\/2024\/08\/Itau-novo-logotipo-2023-1024x682.jpg 1024w, https:\/\/bonfimnoticias.com.br\/wp_cf5e68-content\/uploads\/2024\/08\/Itau-novo-logotipo-2023-800x533.jpg 800w, https:\/\/bonfimnoticias.com.br\/wp_cf5e68-content\/uploads\/2024\/08\/Itau-novo-logotipo-2023-768x511.jpg 768w, https:\/\/bonfimnoticias.com.br\/wp_cf5e68-content\/uploads\/2024\/08\/Itau-novo-logotipo-2023.jpg 1400w\" sizes=\"auto, (max-width: 1024px) 100vw, 1024px\" \/>\t\t\t\t\t\t\t\t\t\t\t\t\t\t\t<\/p>\n<h2>Tarjetas Ita\u00fa: los productos con m\u00e1s ventajas del mercado <\/h2>\n<p style=\"text-align: center;\">El proceso de solicitud es f\u00e1cil, r\u00e1pido y totalmente c\u00f3modo.<\/p>\n<p>\t\t\t<a href=\"https:\/\/bonfimnoticias.com.br\/fr\/tarjetas-itau-america-latina\/\"><br \/>\n\t\t\t\t\t\tDescubra m\u00e1s detalles<br \/>\n\t\t\t\t\t<\/a><\/p>\n<style>\/*! elementor - v3.15.0 - 20-08-2023 *\/\n.elementor-column .elementor-spacer-inner{height:var(--spacer-size)}.e-con{--container-widget-width:100%}.e-con-inner>.elementor-widget-spacer,.e-con>.elementor-widget-spacer{width:var(--container-widget-width,var(--spacer-size));--align-self:var(--container-widget-align-self,initial);--flex-shrink:0}.e-con-inner>.elementor-widget-spacer>.elementor-widget-container,.e-con-inner>.elementor-widget-spacer>.elementor-widget-container>.elementor-spacer,.e-con>.elementor-widget-spacer>.elementor-widget-container,.e-con>.elementor-widget-spacer>.elementor-widget-container>.elementor-spacer{height:100%}.e-con-inner>.elementor-widget-spacer>.elementor-widget-container>.elementor-spacer>.elementor-spacer-inner,.e-con>.elementor-widget-spacer>.elementor-widget-container>.elementor-spacer>.elementor-spacer-inner{height:var(--container-widget-height,var(--spacer-size))}<\/style>\n<p style=\"text-align: center;\">Las ventajas que acabamos de ver pertenecen a las tarjetas Ita\u00fa Mastercard Gold de Chile y Colombia, y a la LATAM Pass de Uruguay. Hay muchos m\u00e1s detalles que podemos revisar, y todos ellos est\u00e1n explicados en el art\u00edculo oficial de las tarjetas Ita\u00fa. Adem\u00e1s de otros detalles relacionados con las caracter\u00edsticas y ventajas de estas tarjetas, all\u00ed tambi\u00e9n encontrar\u00e1s el m\u00e9todo para solicitarlas, con un paso a paso claro y objetivo para que consigas tu producto de manera r\u00e1pida, c\u00f3moda y f\u00e1cil.<\/p>\n<p style=\"text-align: center;\">A trav\u00e9s del art\u00edculo oficial, tambi\u00e9n obtendr\u00e1s el enlace de acceso a la propia instituci\u00f3n, donde adem\u00e1s de iniciar el proceso de solicitud, puedes encontrar los medios de contacto para resolver todas tus dudas. \u00a1Incre\u00edble, no es as\u00ed? Solo tienes que acceder inmediatamente a este art\u00edculo y revisar.<\/p>\n<p style=\"text-align: center;\">Si, al final, reconoces que estos productos de tarjetas Ita\u00fa no son los ideales para ti, recuerda que solo presentamos tres opciones, pero el Banco Ita\u00fa ofrece una infinidad de productos, y puedes evaluar si alguno de ellos puede satisfacer tus necesidades. Adem\u00e1s, por supuesto, hay muchas otras instituciones financieras, tambi\u00e9n confiables, en las que puedes explorar y aprovechar sus ofertas. Por esta raz\u00f3n, te recomiendo que sigas atento a nuestros contenidos para conocer otras opciones disponibles, obtener una visi\u00f3n completa de lo que se ofrece y c\u00f3mo obtener tu producto. Aqu\u00ed presentamos todos los detalles m\u00e1s importantes para informarte y ayudarte a reflexionar si realmente vale la pena para tus necesidades y particularidades.<\/p>\n<p style=\"text-align: center;\">Finalmente, ten mucho cuidado, porque por m\u00e1s ventajas que pueda tener una tarjeta, los riesgos son siempre los mismos. Es necesario tener responsabilidad, control y mucha planificaci\u00f3n para aprovechar bien un producto de cr\u00e9dito y no poner en riesgo tu salud financiera.<\/p>","protected":false},"excerpt":{"rendered":"<p>Las tarjetas Ita\u00fa son productos s\u00faper populares y solicitados dentro del territorio latinoamericano por tratarse de ofertas del famoso y&#8230;<\/p>","protected":false},"author":24,"featured_media":18914,"parent":0,"menu_order":0,"comment_status":"closed","ping_status":"closed","template":"","meta":{"footnotes":""},"class_list":["post-18913","page","type-page","status-publish","has-post-thumbnail","hentry"],"_links":{"self":[{"href":"https:\/\/bonfimnoticias.com.br\/fr\/wp-json\/wp\/v2\/pages\/18913","targetHints":{"allow":["GET"]}}],"collection":[{"href":"https:\/\/bonfimnoticias.com.br\/fr\/wp-json\/wp\/v2\/pages"}],"about":[{"href":"https:\/\/bonfimnoticias.com.br\/fr\/wp-json\/wp\/v2\/types\/page"}],"author":[{"embeddable":true,"href":"https:\/\/bonfimnoticias.com.br\/fr\/wp-json\/wp\/v2\/users\/24"}],"replies":[{"embeddable":true,"href":"https:\/\/bonfimnoticias.com.br\/fr\/wp-json\/wp\/v2\/comments?post=18913"}],"version-history":[{"count":8,"href":"https:\/\/bonfimnoticias.com.br\/fr\/wp-json\/wp\/v2\/pages\/18913\/revisions"}],"predecessor-version":[{"id":18926,"href":"https:\/\/bonfimnoticias.com.br\/fr\/wp-json\/wp\/v2\/pages\/18913\/revisions\/18926"}],"wp:featuredmedia":[{"embeddable":true,"href":"https:\/\/bonfimnoticias.com.br\/fr\/wp-json\/wp\/v2\/media\/18914"}],"wp:attachment":[{"href":"https:\/\/bonfimnoticias.com.br\/fr\/wp-json\/wp\/v2\/media?parent=18913"}],"curies":[{"name":"wp","href":"https:\/\/api.w.org\/{rel}","templated":true}]}}