{"id":18906,"date":"2024-08-26T21:15:16","date_gmt":"2024-08-27T00:15:16","guid":{"rendered":"https:\/\/bonfimnoticias.com.br\/?page_id=18906"},"modified":"2024-08-27T10:36:49","modified_gmt":"2024-08-27T13:36:49","slug":"tarjetas-itau","status":"publish","type":"page","link":"https:\/\/bonfimnoticias.com.br\/fr\/tarjetas-itau\/","title":{"rendered":"Tarjetas Ita\u00fa"},"content":{"rendered":"<style>\/*! elementor - v3.15.0 - 20-08-2023 *\/\n.elementor-heading-title{padding:0;margin:0;line-height:1}.elementor-widget-heading .elementor-heading-title[class*=elementor-size-]>a{color:inherit;font-size:inherit;line-height:inherit}.elementor-widget-heading .elementor-heading-title.elementor-size-small{font-size:15px}.elementor-widget-heading .elementor-heading-title.elementor-size-medium{font-size:19px}.elementor-widget-heading .elementor-heading-title.elementor-size-large{font-size:29px}.elementor-widget-heading .elementor-heading-title.elementor-size-xl{font-size:39px}.elementor-widget-heading .elementor-heading-title.elementor-size-xxl{font-size:59px}<\/style>\n<h2>Tarjetas Ita\u00fa<\/h2>\n<p style=\"text-align: center;\">Las tarjetas Ita\u00fa son incre\u00edbles opciones de cr\u00e9dito adaptadas para todos los perfiles de clientes. Se trata de oportunidades muy ventajosas, con diversos beneficios incluidos, adem\u00e1s de ser una oferta de una de las instituciones financieras l\u00edderes en toda Am\u00e9rica Latina. Sin embargo, hoy seremos espec\u00edficos sobre 3 oportunidades de tarjetas. A continuaci\u00f3n, conoce las ventajas generales de estos 3 productos reunidos.<\/p>\n<h2>Las ventajas de las tarjetas Ita\u00fa <\/h2>\n<ul>\n<li style=\"text-align: center;\"><strong>Acceso a varios descuentos:<\/strong> los titulares de las tarjetas Ita\u00fa tienen derecho a descuentos en delivery, combustible y restaurantes;<\/li>\n<li style=\"text-align: center;\"><strong>Acceso a salas VIP:<\/strong> para aquellos que les gusta y tienen el h\u00e1bito de viajar, las tarjetas Ita\u00fa ofrecen acceso a salas VIP de aeropuertos y tarifas preferenciales;<\/li>\n<li style=\"text-align: center;\"><strong> Financiaci\u00f3n c\u00f3moda:<\/strong> con ellas es posible financiar tus compras en hasta 48 cuotas sin intereses;<\/li>\n<li style=\"text-align: center;\"><strong>Posibilidad de adelanto en efectivo:<\/strong> puedes obtener adelantos en efectivo de un cierto porcentaje de tu cr\u00e9dito tanto a nivel nacional como internacional;<\/li>\n<li style=\"text-align: center;\"><strong>Soporte disponible las 24 horas:<\/strong> la marca Mastercard ofrece soporte y atenci\u00f3n las 24 horas para sus clientes;<\/li>\n<li style=\"text-align: center;\"><strong>Programas de fidelidad:<\/strong> puedes participar en programas de fidelidad, obtener puntos y canjearlos por beneficios;<\/li>\n<li style=\"text-align: center;\"><strong> Gesti\u00f3n f\u00e1cil y online:<\/strong> a trav\u00e9s de los canales digitales del banco, puedes gestionar todos los gastos de tu tarjeta de manera muy c\u00f3moda;<\/li>\n<li style=\"text-align: center;\"><strong> Exenci\u00f3n de tasas:<\/strong> durante los dos primeros per\u00edodos de facturaci\u00f3n, tienes tasa totalmente gratuita.<\/li>\n<\/ul>\n<h2>\u00bfQu\u00e9 tarjeta Ita\u00fa es la m\u00e1s adecuada para ti?<br \/>\n<\/h2>\n<style>\/*! elementor - v3.15.0 - 20-08-2023 *\/\n.elementor-widget-image{text-align:center}.elementor-widget-image a{display:inline-block}.elementor-widget-image a img[src$=\".svg\"]{width:48px}.elementor-widget-image img{vertical-align:middle;display:inline-block}<\/style>\n<p>\t\t\t\t\t\t\t\t\t\t\t\t<img decoding=\"async\" width=\"700\" height=\"700\" src=\"https:\/\/bonfimnoticias.com.br\/wp_cf5e68-content\/uploads\/2024\/08\/i640293.webp\" alt=\"\" loading=\"lazy\" srcset=\"https:\/\/bonfimnoticias.com.br\/wp_cf5e68-content\/uploads\/2024\/08\/i640293.webp 700w, https:\/\/bonfimnoticias.com.br\/wp_cf5e68-content\/uploads\/2024\/08\/i640293-400x400.webp 400w\" sizes=\"auto, (max-width: 700px) 100vw, 700px\" \/><br \/>\n\t\t\t<a href=\"https:\/\/bonfimnoticias.com.br\/fr\/tarjetas-itau-america-latina\/\"><br \/>\n\t\t\t\t\t\tElige lo que m\u00e1s te convenga<br \/>\n\t\t\t\t\t<\/a><br \/>\n\t\t\t<a href=\"https:\/\/bonfimnoticias.com.br\/fr\/tarjetas-itau-america-latina\/\"><br \/>\n\t\t\t\t\t\tBeneficios a tu alcance<br \/>\n\t\t\t\t\t<\/a><br \/>\n\t\t\t<a href=\"https:\/\/bonfimnoticias.com.br\/fr\/tarjetas-itau-america-latina\/\"><br \/>\n\t\t\t\t\t\tElige la mejor fecha para pagar<br \/>\n\t\t\t\t\t<\/a><\/p>\n<ul>\n<li style=\"text-align: center;\"><strong>Tarjeta Ita\u00fa Mastercard Gold chilena:<\/strong> esta opci\u00f3n de tarjeta de cr\u00e9dito ofrece diversos beneficios de la marca Mastercard, como descuentos en delivery, combustible, restaurantes, acceso a salas VIP en aeropuertos y mucho m\u00e1s. Adem\u00e1s, se permite el financiamiento en hasta 48 cuotas sin intereses en compras nacionales y el titular tiene derecho a soporte las 24 horas. Sin embargo, se exige un cierto requisito y para verificarlo se recomienda acceder al art\u00edculo oficial;<\/li>\n<li style=\"text-align: center;\"><strong>Tarjeta Ita\u00fa Mastercard Gold Colombia:<\/strong> esta es la misma oferta de tarjeta Ita\u00fa, pero esta vez en Colombia. Con este producto, el cliente obtiene un l\u00edmite de cr\u00e9dito de hasta $7.999.999, sin cuota de mantenimiento en los dos primeros per\u00edodos de facturaci\u00f3n. Adem\u00e1s, es posible obtener un adelanto de hasta el 50% de su l\u00edmite, participar en programas para acumular puntos y canjearlos por beneficios, y realizar la gesti\u00f3n totalmente digital. Sus cuotas pueden ser de hasta 36 meses en compras nacionales y 24 en compras internacionales. Otros beneficios y asistencia pueden ser accedidos gracias a la marca.<\/li>\n<li style=\"text-align: center;\"><strong>Tarjeta Ita\u00fa LATAM Pass Uruguay:<\/strong> esta opci\u00f3n de tarjeta de cr\u00e9dito se divide en 4 productos. Estos productos son para uso regional, uso internacional, el platinum y el Pass Infinite. Cada uno de ellos con sus propias caracter\u00edsticas y beneficios.<\/li>\n<\/ul>\n<p>Estas son opciones muy atractivas de las cuales puedes obtener muchos m\u00e1s detalles a trav\u00e9s del art\u00edculo oficial. En cuanto al m\u00e9todo de solicitud y los requisitos para obtenerlo, estos tambi\u00e9n se mencionar\u00e1n all\u00ed. Accede, verifica y solicita tu producto ideal en tarjeta de cr\u00e9dito. Recuerda que si ninguna de estas propuestas te atrae, sigue consultando las otras opciones de productos que te hemos presentado aqu\u00ed. \u00a1La vida financiera depende de la investigaci\u00f3n y de mucha informaci\u00f3n!<\/p>\n<p>\t\t\t<a href=\"https:\/\/bonfimnoticias.com.br\/fr\/\"><br \/>\n\t\t\t\t\t\tPuede que te interese<br \/>\n\t\t\t\t\t<\/a><\/p>","protected":false},"excerpt":{"rendered":"<p>Tarjetas Ita\u00fa Las tarjetas Ita\u00fa son incre\u00edbles opciones de cr\u00e9dito adaptadas para todos los perfiles de clientes. Se trata de&#8230;<\/p>","protected":false},"author":24,"featured_media":18907,"parent":0,"menu_order":0,"comment_status":"closed","ping_status":"closed","template":"","meta":{"footnotes":""},"class_list":["post-18906","page","type-page","status-publish","has-post-thumbnail","hentry"],"_links":{"self":[{"href":"https:\/\/bonfimnoticias.com.br\/fr\/wp-json\/wp\/v2\/pages\/18906","targetHints":{"allow":["GET"]}}],"collection":[{"href":"https:\/\/bonfimnoticias.com.br\/fr\/wp-json\/wp\/v2\/pages"}],"about":[{"href":"https:\/\/bonfimnoticias.com.br\/fr\/wp-json\/wp\/v2\/types\/page"}],"author":[{"embeddable":true,"href":"https:\/\/bonfimnoticias.com.br\/fr\/wp-json\/wp\/v2\/users\/24"}],"replies":[{"embeddable":true,"href":"https:\/\/bonfimnoticias.com.br\/fr\/wp-json\/wp\/v2\/comments?post=18906"}],"version-history":[{"count":7,"href":"https:\/\/bonfimnoticias.com.br\/fr\/wp-json\/wp\/v2\/pages\/18906\/revisions"}],"predecessor-version":[{"id":18917,"href":"https:\/\/bonfimnoticias.com.br\/fr\/wp-json\/wp\/v2\/pages\/18906\/revisions\/18917"}],"wp:featuredmedia":[{"embeddable":true,"href":"https:\/\/bonfimnoticias.com.br\/fr\/wp-json\/wp\/v2\/media\/18907"}],"wp:attachment":[{"href":"https:\/\/bonfimnoticias.com.br\/fr\/wp-json\/wp\/v2\/media?parent=18906"}],"curies":[{"name":"wp","href":"https:\/\/api.w.org\/{rel}","templated":true}]}}