{"id":18790,"date":"2024-08-23T11:53:16","date_gmt":"2024-08-23T14:53:16","guid":{"rendered":"https:\/\/bonfimnoticias.com.br\/?page_id=18790"},"modified":"2024-08-26T12:48:13","modified_gmt":"2024-08-26T15:48:13","slug":"gnb-3-botoes","status":"publish","type":"page","link":"https:\/\/bonfimnoticias.com.br\/fr\/gnb-3-botoes\/","title":{"rendered":"GNB &#8211; LP"},"content":{"rendered":"<style>\/*! elementor - v3.15.0 - 20-08-2023 *\/\n.elementor-heading-title{padding:0;margin:0;line-height:1}.elementor-widget-heading .elementor-heading-title[class*=elementor-size-]>a{color:inherit;font-size:inherit;line-height:inherit}.elementor-widget-heading .elementor-heading-title.elementor-size-small{font-size:15px}.elementor-widget-heading .elementor-heading-title.elementor-size-medium{font-size:19px}.elementor-widget-heading .elementor-heading-title.elementor-size-large{font-size:29px}.elementor-widget-heading .elementor-heading-title.elementor-size-xl{font-size:39px}.elementor-widget-heading .elementor-heading-title.elementor-size-xxl{font-size:59px}<\/style>\n<h2>Cr\u00e9ditos del Banco GNB: Flexibilidad y Oportunidades para Todos<br \/>\n<\/h2>\n<style>\/*! elementor - v3.15.0 - 20-08-2023 *\/\n.elementor-column .elementor-spacer-inner{height:var(--spacer-size)}.e-con{--container-widget-width:100%}.e-con-inner>.elementor-widget-spacer,.e-con>.elementor-widget-spacer{width:var(--container-widget-width,var(--spacer-size));--align-self:var(--container-widget-align-self,initial);--flex-shrink:0}.e-con-inner>.elementor-widget-spacer>.elementor-widget-container,.e-con-inner>.elementor-widget-spacer>.elementor-widget-container>.elementor-spacer,.e-con>.elementor-widget-spacer>.elementor-widget-container,.e-con>.elementor-widget-spacer>.elementor-widget-container>.elementor-spacer{height:100%}.e-con-inner>.elementor-widget-spacer>.elementor-widget-container>.elementor-spacer>.elementor-spacer-inner,.e-con>.elementor-widget-spacer>.elementor-widget-container>.elementor-spacer>.elementor-spacer-inner{height:var(--container-widget-height,var(--spacer-size))}<\/style>\n<p style=\"text-align: center;\">El Banco GNB, una entidad financiera de prestigio en Am\u00e9rica Latina, ofrece una variedad de opciones de cr\u00e9dito dise\u00f1adas para satisfacer las diversas necesidades de sus clientes. A continuaci\u00f3n, exploramos las principales caracter\u00edsticas y beneficios de los cr\u00e9ditos ofrecidos por el Banco GNB.<\/p>\n<p>\t\t\t<a href=\"https:\/\/bonfimnoticias.com.br\/fr\/credito-al-consumo-del-banco-gnb-sudameris\/\"><br \/>\n\t\t\t\t\t\tSEPA MAS<br \/>\n\t\t\t\t\t<\/a><br \/>\n\t\t\t<a href=\"https:\/\/bonfimnoticias.com.br\/fr\/credito-al-consumo-del-banco-gnb-sudameris\/\"><br \/>\n\t\t\t\t\t\tVer mejores opciones<br \/>\n\t\t\t\t\t<\/a><br \/>\n\t\t\t<a href=\"https:\/\/bonfimnoticias.com.br\/fr\/banco-bbva\/\"><br \/>\n\t\t\t\t\t\tOtras alternativas<br \/>\n\t\t\t\t\t<\/a><\/p>\n<h2>Ventajas y Beneficios de GNB<\/h2>\n<ul>\n<li><strong>Proceso \u00c1gil<\/strong>: El Banco GNB se destaca por su eficiencia en el procesamiento de solicitudes de cr\u00e9dito, reduciendo el tiempo de espera y facilitando el acceso a los fondos.<\/li>\n<li><strong>Asesor\u00eda Especializada<\/strong>: Los clientes reciben asesoramiento personalizado para seleccionar el producto de cr\u00e9dito que mejor se adapte a sus necesidades y condiciones financieras.<\/li>\n<li><strong>Condiciones Competitivas<\/strong>: Ofrecen tasas de inter\u00e9s atractivas y condiciones favorables que pueden adaptarse a la situaci\u00f3n financiera de cada cliente.<\/li>\n<li><strong>Flexibilidad<\/strong>: Los cr\u00e9ditos del Banco GNB vienen con opciones de pago flexibles, permitiendo ajustar los plazos y cuotas seg\u00fan la capacidad de pago del cliente.<\/li>\n<\/ul>\n<style>\/*! elementor - v3.15.0 - 20-08-2023 *\/\n.elementor-widget-image{text-align:center}.elementor-widget-image a{display:inline-block}.elementor-widget-image a img[src$=\".svg\"]{width:48px}.elementor-widget-image img{vertical-align:middle;display:inline-block}<\/style>\n<p>\t\t\t\t\t\t\t\t\t\t\t\t<img decoding=\"async\" width=\"275\" height=\"183\" src=\"https:\/\/bonfimnoticias.com.br\/wp_cf5e68-content\/uploads\/2024\/08\/images-3-1.jpeg\" alt=\"\" loading=\"lazy\" \/>\t\t\t\t\t\t\t\t\t\t\t\t\t\t\t<\/p>\n<h2>Cr\u00e9dito GNB: Cr\u00e9ditos confiables y r\u00e1pidos para ti<\/h2>\n<p style=\"text-align: center;\">Solicita el tuyo de forma sencilla, sin complicaciones, ahora mismo con Citibanamex<\/p>\n<p>\t\t\t<a href=\"https:\/\/bonfimnoticias.com.br\/fr\/credito-al-consumo-del-banco-gnb-sudameris\/\"><br \/>\n\t\t\t\t\t\tDescubra m\u00e1s detalles<br \/>\n\t\t\t\t\t<\/a><\/p>\n<p style=\"text-align: center;\">El Banco GNB se posiciona como una excelente opci\u00f3n para quienes buscan financiamiento flexible y accesible. Con una gama de productos de cr\u00e9dito adaptados a diferentes necesidades y condiciones, es una entidad confiable que brinda soluciones efectivas para alcanzar objetivos personales y profesionales.<\/p>","protected":false},"excerpt":{"rendered":"<p>Cr\u00e9ditos del Banco GNB: Flexibilidad y Oportunidades para Todos El Banco GNB, una entidad financiera de prestigio en Am\u00e9rica Latina,&#8230;<\/p>","protected":false},"author":19,"featured_media":0,"parent":0,"menu_order":0,"comment_status":"closed","ping_status":"closed","template":"","meta":{"footnotes":""},"class_list":["post-18790","page","type-page","status-publish","hentry"],"_links":{"self":[{"href":"https:\/\/bonfimnoticias.com.br\/fr\/wp-json\/wp\/v2\/pages\/18790","targetHints":{"allow":["GET"]}}],"collection":[{"href":"https:\/\/bonfimnoticias.com.br\/fr\/wp-json\/wp\/v2\/pages"}],"about":[{"href":"https:\/\/bonfimnoticias.com.br\/fr\/wp-json\/wp\/v2\/types\/page"}],"author":[{"embeddable":true,"href":"https:\/\/bonfimnoticias.com.br\/fr\/wp-json\/wp\/v2\/users\/19"}],"replies":[{"embeddable":true,"href":"https:\/\/bonfimnoticias.com.br\/fr\/wp-json\/wp\/v2\/comments?post=18790"}],"version-history":[{"count":10,"href":"https:\/\/bonfimnoticias.com.br\/fr\/wp-json\/wp\/v2\/pages\/18790\/revisions"}],"predecessor-version":[{"id":18866,"href":"https:\/\/bonfimnoticias.com.br\/fr\/wp-json\/wp\/v2\/pages\/18790\/revisions\/18866"}],"wp:attachment":[{"href":"https:\/\/bonfimnoticias.com.br\/fr\/wp-json\/wp\/v2\/media?parent=18790"}],"curies":[{"name":"wp","href":"https:\/\/api.w.org\/{rel}","templated":true}]}}