{"id":18545,"date":"2024-07-22T23:02:53","date_gmt":"2024-07-23T02:02:53","guid":{"rendered":"https:\/\/bonfimnoticias.com.br\/?page_id=18545"},"modified":"2024-07-22T23:09:34","modified_gmt":"2024-07-23T02:09:34","slug":"prestamos-personales-scotiabank-lp","status":"publish","type":"page","link":"https:\/\/bonfimnoticias.com.br\/fr\/prestamos-personales-scotiabank-lp\/","title":{"rendered":"Pr\u00e9stamos personales Scotiabank &#8211; Landing Page"},"content":{"rendered":"<p style=\"text-align: center;\">La historia de Scotiabank se remonta a 1832 en Nueva Escocia. El objetivo inicial era limitado en aquel entonces, ya que s\u00f3lo buscaba satisfacer las necesidades financieras de cierto sector de la poblaci\u00f3n, pero esto ha cambiado a medida que se ha expandido. Hoy en d\u00eda, los servicios del banco abarcan varios continentes y permiten acceder a productos y soluciones financieras incre\u00edbles, como los pr\u00e9stamos personales Scotiabank.<\/p>\n<p><br \/>\n<a href=\"https:\/\/bonfimnoticias.com.br\/fr\/prestamo-personal-scotiabank-la-oportunidad-perfecta-para-tus-necesidades\/\"><br \/>\nVer c\u00f3mo solicitar un pr\u00e9stamo personal Scotiabank<br \/>\n<\/a><\/p>\n<p style=\"text-align: center;\">Vous serez redirig\u00e9 vers l&#039;article officiel.<\/p>\n<style>\/*! elementor - v3.15.0 - 20-08-2023 *\/<br \/>\n.elementor-widget-image{text-align:center}.elementor-widget-image a{display:inline-block}.elementor-widget-image a img[src$=\".svg\"]{width:48px}.elementor-widget-image img{vertical-align:middle;display:inline-block}<\/style>\n<p><img loading=\"lazy\" decoding=\"async\" src=\"https:\/\/bonfimnoticias.com.br\/wp_cf5e68-content\/uploads\/2024\/07\/DALL\u00b7E-2024-07-22-22-18-10-A-cozy-banking-branch-environment-featuring-promotional-materials-for-Scotiabank-personal-loans--The-setting-includes-a-counter-with-a-large-banner-ad.webp\" sizes=\"auto, (max-width: 1024px) 100vw, 1024px\" srcset=\"https:\/\/bonfimnoticias.com.br\/wp_cf5e68-content\/uploads\/2024\/07\/DALL\u00b7E-2024-07-22-22-18-10-A-cozy-banking-branch-environment-featuring-promotional-materials-for-Scotiabank-personal-loans--The-setting-includes-a-counter-with-a-large-banner-ad.webp 1024w, https:\/\/bonfimnoticias.com.br\/wp_cf5e68-content\/uploads\/2024\/07\/DALL\u00b7E-2024-07-22-22-18-10-A-cozy-banking-branch-environment-featuring-promotional-materials-for-Scotiabank-personal-loans--The-setting-includes-a-counter-with-a-large-banner-ad-400x400.webp 400w, https:\/\/bonfimnoticias.com.br\/wp_cf5e68-content\/uploads\/2024\/07\/DALL\u00b7E-2024-07-22-22-18-10-A-cozy-banking-branch-environment-featuring-promotional-materials-for-Scotiabank-personal-loans--The-setting-includes-a-counter-with-a-large-banner-ad-800x800.webp 800w, https:\/\/bonfimnoticias.com.br\/wp_cf5e68-content\/uploads\/2024\/07\/DALL\u00b7E-2024-07-22-22-18-10-A-cozy-banking-branch-environment-featuring-promotional-materials-for-Scotiabank-personal-loans--The-setting-includes-a-counter-with-a-large-banner-ad-768x768.webp 768w\" alt=\"\" width=\"1024\" height=\"1024\" \/><\/p>\n<h2 style=\"text-align: center;\">Caracter\u00edsticas y ventajas del pr\u00e9stamo personal Scotiabank<\/h2>\n<p style=\"text-align: center;\">Antes de definir las ventajas que obtienes al pedir un pr\u00e9stamo personal Scotiabank, definiremos sus caracter\u00edsticas, porque ellas ya dejan claro lo que necesitas saber.<\/p>\n<p style=\"text-align: center;\">Pues bien, adem\u00e1s de ser una oferta de una instituci\u00f3n financiera confiable, los pr\u00e9stamos personales Scotiabank son oportunidades en las que tienes la posibilidad de recibir entre 500 y 50 mil d\u00f3lares mensuales; tu plazo de pago puede extenderse de 6 meses a 5 a\u00f1os; y las tasas oscilan entre 5% y 25%, sin embargo, todo esto depender\u00e1 de tu perfil de cliente y de tu calificaci\u00f3n crediticia.<\/p>\n<p style=\"text-align: center;\">Con base en estas caracter\u00edsticas, podemos ver, en t\u00e9rminos generales, las siguientes ventajas de obtener tu pr\u00e9stamo personal Scotiabank:<\/p>\n<p><br \/>\n<a href=\"https:\/\/bonfimnoticias.com.br\/fr\/prestamo-banco-bbva\/\"><br \/>\nDescubra los pr\u00e9stamos del Banco BBVA<br \/>\n<\/a><\/p>\n<p style=\"text-align: center;\">Vous serez redirig\u00e9 vers l&#039;article officiel.<\/p>\n<p style=\"text-align: center;\"><strong>Oportunidad para cualquier prop\u00f3sito<\/strong>: ya sea que necesites fondos para peque\u00f1os o grandes proyectos, en Scoatibank puedes obtenerlos para una amplia gama de prop\u00f3sitos;<\/p>\n<p style=\"text-align: center;\"><strong>C\u00f3modo pago<\/strong>: tu plazo de pago puede extenderse hasta 5 A\u00d1OS, lo que garantiza c\u00f3modas cuotas que se ajustan a tu bolsillo;<\/p>\n<p style=\"text-align: center;\"><strong>Tasas que pueden ser atractivas<\/strong>: dependiendo de ciertos factores, la tasa aplicada puede ser tan baja como 5%;<\/p>\n<p style=\"text-align: center;\">Una vez analizados estos beneficios, es probable que est\u00e9s interesado en solicitar un pr\u00e9stamo personal, pero Scotiabank a\u00fan establece ciertos criterios que aprobar\u00e1n o no tu solicitud. En primer lugar, el solicitante debe ser mayor de 18 a\u00f1os, tener un buen puntaje crediticio, ingresos que lo demuestren y una cuenta abierta en la instituci\u00f3n. Adem\u00e1s, en algunos pa\u00edses es necesario ofrecer un activo como garant\u00eda.<\/p>\n<p style=\"text-align: center;\">Cumplidos estos requisitos, recomendamos acceder al art\u00edculo oficial para consultar el proceso paso a paso de la solicitud. Lo que tambi\u00e9n podemos mencionar es que antes de iniciar el procedimiento debe haber reunido todos los documentos necesarios, como identificaci\u00f3n, residencia, ingresos, etc. Todo esto es fundamental durante el proceso de an\u00e1lisis bancario.<\/p>\n<p style=\"text-align: center;\">Por \u00faltimo, si tienes alguna duda, en el art\u00edculo oficial tambi\u00e9n encontrar\u00e1s el enlace institucional del banco, que te redirigir\u00e1 directamente a la pesta\u00f1a de pr\u00e9stamos personales Scotiabank. All\u00ed encontrar\u00e1s formas de contactar con la entidad y resolver cualquier duda que tengas.<\/p>\n<p style=\"text-align: center;\">Si este producto en concreto no se ajusta a tus necesidades o no puedes cumplir con los requisitos mencionados anteriormente, no te preocupes, no es la \u00fanica opci\u00f3n disponible. Otra entidad de confianza es el Banco BBVA, donde tambi\u00e9n podr\u00e1s conseguir productos crediticios con buenas ventajas. S\u00f3lo tienes que entrar en su art\u00edculo oficial e informarte. Una segunda opci\u00f3n o m\u00e1s es muy importante para cualquiera que busque una soluci\u00f3n financiera, ya que la informaci\u00f3n y la comparaci\u00f3n son esenciales para entender qu\u00e9 oferta se ajusta mejor.<\/p>","protected":false},"excerpt":{"rendered":"<p>La historia de Scotiabank se remonta a 1832 en Nueva Escocia. El objetivo inicial era limitado en aquel entonces, ya&#8230;<\/p>","protected":false},"author":24,"featured_media":18546,"parent":0,"menu_order":0,"comment_status":"open","ping_status":"closed","template":"","meta":{"footnotes":""},"class_list":["post-18545","page","type-page","status-publish","has-post-thumbnail","hentry"],"_links":{"self":[{"href":"https:\/\/bonfimnoticias.com.br\/fr\/wp-json\/wp\/v2\/pages\/18545","targetHints":{"allow":["GET"]}}],"collection":[{"href":"https:\/\/bonfimnoticias.com.br\/fr\/wp-json\/wp\/v2\/pages"}],"about":[{"href":"https:\/\/bonfimnoticias.com.br\/fr\/wp-json\/wp\/v2\/types\/page"}],"author":[{"embeddable":true,"href":"https:\/\/bonfimnoticias.com.br\/fr\/wp-json\/wp\/v2\/users\/24"}],"replies":[{"embeddable":true,"href":"https:\/\/bonfimnoticias.com.br\/fr\/wp-json\/wp\/v2\/comments?post=18545"}],"version-history":[{"count":5,"href":"https:\/\/bonfimnoticias.com.br\/fr\/wp-json\/wp\/v2\/pages\/18545\/revisions"}],"predecessor-version":[{"id":18551,"href":"https:\/\/bonfimnoticias.com.br\/fr\/wp-json\/wp\/v2\/pages\/18545\/revisions\/18551"}],"wp:featuredmedia":[{"embeddable":true,"href":"https:\/\/bonfimnoticias.com.br\/fr\/wp-json\/wp\/v2\/media\/18546"}],"wp:attachment":[{"href":"https:\/\/bonfimnoticias.com.br\/fr\/wp-json\/wp\/v2\/media?parent=18545"}],"curies":[{"name":"wp","href":"https:\/\/api.w.org\/{rel}","templated":true}]}}