{"id":18401,"date":"2024-05-29T13:17:35","date_gmt":"2024-05-29T16:17:35","guid":{"rendered":"https:\/\/bonfimnoticias.com.br\/?page_id=18401"},"modified":"2024-06-04T10:40:32","modified_gmt":"2024-06-04T13:40:32","slug":"banco-caixabank-landing-page","status":"publish","type":"page","link":"https:\/\/bonfimnoticias.com.br\/fr\/banco-caixabank-landing-page\/","title":{"rendered":"Banco Caixabank"},"content":{"rendered":"<p style=\"text-align: center;\">CaixaBank es una instituci\u00f3n financiera fundada en Espa\u00f1a en 1990 a trav\u00e9s de varias fusiones en ese momento. Es sin duda una de las instituciones l\u00edderes en todo el pa\u00eds con sus diversas oportunidades de productos y servicios y su atenci\u00f3n al cliente distribuida por todo el territorio, incluidos los canales digitales.<\/p>\n<p><br \/>\n<a href=\"https:\/\/bonfimnoticias.com.br\/fr\/prestamos-del-banco-pichincha\/\"><br \/>\nPanorama detallado de su empr\u00e9stimo personal<br \/>\n<\/a><\/p>\n<p style=\"text-align: center;\">Voc\u00ea ser\u00e1 redirigido al art\u00edculo oficial<\/p>\n<style>\/*! elementor - v3.15.0 - 20-08-2023 *\/<br \/>.elementor-widget-image{text-align:center}.elementor-widget-image a{display:inline-block}.elementor-widget-image a img[src$=\".svg\"]{width:48px}.elementor-widget-image img{vertical-align:middle;display:inline-block}<\/style>\n<p><img loading=\"lazy\" decoding=\"async\" src=\"https:\/\/bonfimnoticias.com.br\/wp_cf5e68-content\/uploads\/2024\/05\/work-3262150_640.jpg\" alt=\"\" width=\"640\" height=\"486\" \/><\/p>\n<h2 style=\"text-align: center;\">Caracter\u00edsticas y ventajas del pr\u00e9stamo personal Caixabank<\/h2>\n<p style=\"text-align: center;\">Hay varias oportunidades de pr\u00e9stamos Caixabank que notar\u00e1s al acceder al sitio web oficial, sin embargo, hay uno que realmente est\u00e1 enfocado en proyectos de car\u00e1cter personal y es sobre este del que estamos hablando. De esta manera, podemos decir que Caixabank es ampliamente conocido por su conveniencia, rapidez y facilidad en la oferta de sus productos, adem\u00e1s de traer diversas ventajas como veremos a continuaci\u00f3n.<\/p>\n<p><br \/>\n<a href=\"https:\/\/bonfimnoticias.com.br\/fr\/necesita-un-prestamo-para-sus-gastos-personales-echa-un-vistazo-a-la-oportunidad-que-te-ofrece-el-banco-santander\/\"><br \/>\nPrestamos Personales Santander<br \/>\n<\/a><\/p>\n<p style=\"text-align: center;\">Voc\u00ea ser\u00e1 redirigido al art\u00edculo oficial<\/p>\n<p style=\"text-align: center;\"><strong>Flexibilidad en el monto solicitado<\/strong>: al solicitar un pr\u00e9stamo personal en CaixaBank, puedes elegir cantidades que van desde los 3.000\u20ac hasta los 30.000\u20ac, una suma que se puede utilizar para diversos fines;<\/p>\n<p style=\"text-align: center;\"><strong>Solicitud c\u00f3moda<\/strong>: todo el proceso se realiza de forma online, lo que garantiza mucha practicidad y comodidad en tu solicitud;<\/p>\n<p style=\"text-align: center;\"><strong>Plazo de pago extendido:<\/strong> tienes hasta 6 a\u00f1os para pagar el recurso prestado, de esta manera, las cuotas pueden adaptarse a tu bolsillo.<\/p>\n<p style=\"text-align: center;\">Si te has quedado curioso e interesado en la oferta de pr\u00e9stamo personal de este banco, te informamos que a trav\u00e9s del art\u00edculo oficial obtendr\u00e1s mucha m\u00e1s informaci\u00f3n detallada, como ejemplos que explican mejor el acceso al dinero y el m\u00e9todo de solicitud de tu pr\u00e9stamo. Pero, mucha atenci\u00f3n: antes de realizar cualquier solicitud, necesitas ser cliente de la instituci\u00f3n y abrir tu cuenta online. Tranquilo, todo esto estar\u00e1 debidamente explicado a trav\u00e9s del art\u00edculo. Por \u00faltimo, all\u00ed tambi\u00e9n tendr\u00e1s acceso a los enlaces que te redirigir\u00e1n directamente al sitio web oficial en caso de que elijas solicitar de esa forma o a trav\u00e9s de la aplicaci\u00f3n m\u00f3vil, si es que estas opciones est\u00e1n disponibles.<\/p>\n<p style=\"text-align: center;\">SIN EMBARGO, siempre recomendamos que nunca solicites un producto de cr\u00e9dito financiero sin estar seguro de la necesidad y sin haber explorado otras opciones menos comprometedoras para acceder al dinero que necesitas, como a trav\u00e9s de un amigo de confianza o un familiar, ya que un contrato con una instituci\u00f3n financiera es un asunto muy serio y si no puedes cumplir con los pagos, tu nombre podr\u00eda sufrir limitaciones de cr\u00e9dito en el futuro. Adem\u00e1s, recomendamos realizar una investigaci\u00f3n previa sobre otros productos disponibles en el mercado, siempre y cuando las instituciones proveedoras sean confiables. Con esto, te ayudamos a trav\u00e9s de nuestros contenidos en l\u00ednea. \u00a1Solo mantente conectado y s\u00e9 un lector asiduo por aqu\u00ed! Y, por supuesto: siempre accediendo a los art\u00edculos publicados a trav\u00e9s de los cuales obtendr\u00e1s informaci\u00f3n mucho m\u00e1s detallada sobre el producto que necesitas.<\/p>\n<p style=\"text-align: center;\">Observaci\u00f3n final: en caso de que el pr\u00e9stamo personal de Caixabank no sea ideal para su situaci\u00f3n, proporcionamos por aqu\u00ed tambi\u00e9n el acceso al contenido sobre los pr\u00e9stamos personales de Santander ya facilitando su investigaci\u00f3n.<\/p>","protected":false},"excerpt":{"rendered":"<p>CaixaBank es una instituci\u00f3n financiera fundada en Espa\u00f1a en 1990 a trav\u00e9s de varias fusiones en ese momento. Es sin&#8230;<\/p>","protected":false},"author":24,"featured_media":18402,"parent":0,"menu_order":0,"comment_status":"open","ping_status":"closed","template":"","meta":{"footnotes":""},"class_list":["post-18401","page","type-page","status-publish","has-post-thumbnail","hentry"],"_links":{"self":[{"href":"https:\/\/bonfimnoticias.com.br\/fr\/wp-json\/wp\/v2\/pages\/18401","targetHints":{"allow":["GET"]}}],"collection":[{"href":"https:\/\/bonfimnoticias.com.br\/fr\/wp-json\/wp\/v2\/pages"}],"about":[{"href":"https:\/\/bonfimnoticias.com.br\/fr\/wp-json\/wp\/v2\/types\/page"}],"author":[{"embeddable":true,"href":"https:\/\/bonfimnoticias.com.br\/fr\/wp-json\/wp\/v2\/users\/24"}],"replies":[{"embeddable":true,"href":"https:\/\/bonfimnoticias.com.br\/fr\/wp-json\/wp\/v2\/comments?post=18401"}],"version-history":[{"count":6,"href":"https:\/\/bonfimnoticias.com.br\/fr\/wp-json\/wp\/v2\/pages\/18401\/revisions"}],"predecessor-version":[{"id":18411,"href":"https:\/\/bonfimnoticias.com.br\/fr\/wp-json\/wp\/v2\/pages\/18401\/revisions\/18411"}],"wp:featuredmedia":[{"embeddable":true,"href":"https:\/\/bonfimnoticias.com.br\/fr\/wp-json\/wp\/v2\/media\/18402"}],"wp:attachment":[{"href":"https:\/\/bonfimnoticias.com.br\/fr\/wp-json\/wp\/v2\/media?parent=18401"}],"curies":[{"name":"wp","href":"https:\/\/api.w.org\/{rel}","templated":true}]}}