{"id":18373,"date":"2024-05-21T14:49:16","date_gmt":"2024-05-21T17:49:16","guid":{"rendered":"https:\/\/bonfimnoticias.com.br\/?page_id=18373"},"modified":"2024-05-23T15:13:48","modified_gmt":"2024-05-23T18:13:48","slug":"tarjeta-de-credito-de-bancolombia","status":"publish","type":"page","link":"https:\/\/bonfimnoticias.com.br\/fr\/tarjeta-de-credito-de-bancolombia\/","title":{"rendered":"Tarjeta de cr\u00e9dito de Bancolombia"},"content":{"rendered":"<p style=\"text-align: center;\">Bancolombia es una de las principales instituciones financieras en el territorio colombiano, adem\u00e1s de otros pa\u00edses del continente. Su inicio se dio a mediados de 1945 y, con el paso del tiempo y las fusiones que ocurrieron, fue ganando toda esta proporci\u00f3n y protagonismo, expandi\u00e9ndose a otros pa\u00edses de Am\u00e9rica Latina y ampliando sus productos y servicios, entre ellos sus tarjetas de cr\u00e9dito.<\/p>\n<p><br \/>\n<a href=\"https:\/\/bonfimnoticias.com.br\/fr\/mastercard-unica-conoce-la-tarjeta-de-credito-bancolombia-super-accesible-para-solicitar-ahora\/\"><br \/>\nObt\u00e9n m\u00e1s informaci\u00f3n sobre la tarjeta de cr\u00e9dito Mastercard \u00danica de Bancolombia<br \/>\n<\/a><\/p>\n<p style=\"text-align: center;\">Vous serez redirig\u00e9 vers l&#039;article officiel.<\/p>\n<style>\/*! elementor - v3.15.0 - 20-08-2023 *\/<br \/>.elementor-widget-image{text-align:center}.elementor-widget-image a{display:inline-block}.elementor-widget-image a img[src$=\".svg\"]{width:48px}.elementor-widget-image img{vertical-align:middle;display:inline-block}<\/style>\n<p><img loading=\"lazy\" decoding=\"async\" src=\"https:\/\/bonfimnoticias.com.br\/wp_cf5e68-content\/uploads\/2024\/05\/Tarjeta-Unica-Virtual-Mastercard-Bancolombia-640x444-1.jpg\" alt=\"\" width=\"640\" height=\"444\" \/><\/p>\n<h2 style=\"text-align: center;\">Las caracter\u00edsticas y beneficios de la tarjeta de cr\u00e9dito Bancolombia Mastercard \u00danica<\/h2>\n<p style=\"text-align: center;\">Antes de revisar las ventajas asociadas a esta tarjeta de cr\u00e9dito de Bancolombia, necesitamos considerar algunas caracter\u00edsticas centrales de la oferta: para obtenerla, es necesario tener un ingreso m\u00ednimo de 1 SMMLV; el l\u00edmite de cr\u00e9dito disponible para uso va de $500 mil a $10 millones; es necesario tener entre 18 y 84 a\u00f1os de edad; la tarifa de administraci\u00f3n es de $9.900; y, por \u00faltimo, por cada $6.600 gastados en compras, obtienes 6 puntos. Sabiendo esto, vea a continuaci\u00f3n algunos puntos muy atractivos que benefician a sus usuarios:<\/p>\n<p><br \/>\n<a href=\"https:\/\/bonfimnoticias.com.br\/fr\/conoce-ahora-la-oportunidad-de-credito-a-corto-plazo-que-te-ofrece-bancolombia\/\"><br \/>\nDescubre los otros productos de cr\u00e9dito de Bancolombia<br \/>\n<\/a><\/p>\n<p style=\"text-align: center;\">Vous serez redirig\u00e9 vers l&#039;article officiel.<\/p>\n<p style=\"text-align: center;\"><strong>Tu360Compras:<\/strong> a trav\u00e9s de esta tarjeta de cr\u00e9dito, obtienes beneficios exclusivos en el Marketplace de Bancolombia;<\/p>\n<p style=\"text-align: center;\"><strong>Participaci\u00f3n en ofertas y descuentos:<\/strong> tambi\u00e9n puedes participar en concursos y sorteos, adem\u00e1s de disfrutar de ciertas promociones en establecimientos aliados del banco;<\/p>\n<p style=\"text-align: center;\"><strong>Uso inmediato<\/strong>: despu\u00e9s de la aprobaci\u00f3n de tu solicitud, puedes comenzar a usarla de inmediato en tu celular;<\/p>\n<p style=\"text-align: center;\"><strong>Pagos flexibles<\/strong>: el uso de esta tarjeta puede realizarse tanto en establecimientos presenciales como virtuales, ya sea en tu pa\u00eds o en el extranjero;<\/p>\n<p style=\"text-align: center;\"><strong>Notificaciones activadas<\/strong>: recibir\u00e1s cualquier mensaje importante sobre tus movimientos en tu celular, siempre que actives esta funci\u00f3n.<\/p>\n<p style=\"text-align: center;\"><strong>Asistencia de Mastercard:<\/strong> en caso de p\u00e9rdida o robo del producto, la propia Mastercard ofrece asistencia con el dinero o una sustituci\u00f3n temporal del producto.<\/p>\n<p style=\"text-align: center;\">Recuerde que \u00e9stas son s\u00f3lo algunas de las ventajas. Adem\u00e1s, mucha m\u00e1s informaci\u00f3n necesita ser analizada sobre esta tarjeta, incluyendo su m\u00e9todo de solicitud. Para ello, deber\u00e1s acceder al art\u00edculo oficial publicado. All\u00ed obtendr\u00e1s un paso a paso completo para solicitar tu producto ahora mismo. Pero recuerda: para obtener tu tarjeta de cr\u00e9dito de Bancolombia, es necesario, antes que nada, abrir tu cuenta de ahorros en la instituci\u00f3n. Si ya la tienes, solo sigue con la solicitud.<\/p>\n<p style=\"text-align: center;\">Por \u00faltimo, siempre se recomienda que antes de contratar o solicitar un producto financiero de cr\u00e9dito, se eval\u00faen las tasas de inter\u00e9s aplicadas. Esta es una de las informaciones cruciales que podr\u00e1s verificar a trav\u00e9s del art\u00edculo oficial publicado. Si no puedes cumplir con los requisitos mencionados anteriormente, otras opciones est\u00e1n disponibles en el sitio web, solo revisa por ti mismo. Por \u00faltimo, en lo que se refiere a la confiabilidad y compromiso con el cliente, Bancolombia no decepcionar\u00e1, como de hecho sucede. Por esto se debe su popularidad como la mayor instituci\u00f3n financiera del pa\u00eds colombiano y una de las principales de toda Am\u00e9rica Latina.<\/p>\n<p style=\"text-align: center;\">NOTA: Adem\u00e1s de todos los detalles mencionados que encontrar\u00e1s en el art\u00edculo, tambi\u00e9n obtendr\u00e1s el enlace que te redirigir\u00e1 directamente al sitio institucional y a la aplicaci\u00f3n m\u00f3vil para su instalaci\u00f3n.<\/p>","protected":false},"excerpt":{"rendered":"<p>Bancolombia es una de las principales instituciones financieras en el territorio colombiano, adem\u00e1s de otros pa\u00edses del continente. Su inicio&#8230;<\/p>","protected":false},"author":24,"featured_media":18374,"parent":0,"menu_order":0,"comment_status":"open","ping_status":"closed","template":"","meta":{"footnotes":""},"class_list":["post-18373","page","type-page","status-publish","has-post-thumbnail","hentry"],"_links":{"self":[{"href":"https:\/\/bonfimnoticias.com.br\/fr\/wp-json\/wp\/v2\/pages\/18373","targetHints":{"allow":["GET"]}}],"collection":[{"href":"https:\/\/bonfimnoticias.com.br\/fr\/wp-json\/wp\/v2\/pages"}],"about":[{"href":"https:\/\/bonfimnoticias.com.br\/fr\/wp-json\/wp\/v2\/types\/page"}],"author":[{"embeddable":true,"href":"https:\/\/bonfimnoticias.com.br\/fr\/wp-json\/wp\/v2\/users\/24"}],"replies":[{"embeddable":true,"href":"https:\/\/bonfimnoticias.com.br\/fr\/wp-json\/wp\/v2\/comments?post=18373"}],"version-history":[{"count":7,"href":"https:\/\/bonfimnoticias.com.br\/fr\/wp-json\/wp\/v2\/pages\/18373\/revisions"}],"predecessor-version":[{"id":18381,"href":"https:\/\/bonfimnoticias.com.br\/fr\/wp-json\/wp\/v2\/pages\/18373\/revisions\/18381"}],"wp:featuredmedia":[{"embeddable":true,"href":"https:\/\/bonfimnoticias.com.br\/fr\/wp-json\/wp\/v2\/media\/18374"}],"wp:attachment":[{"href":"https:\/\/bonfimnoticias.com.br\/fr\/wp-json\/wp\/v2\/media?parent=18373"}],"curies":[{"name":"wp","href":"https:\/\/api.w.org\/{rel}","templated":true}]}}