{"id":18016,"date":"2024-03-18T14:18:36","date_gmt":"2024-03-18T17:18:36","guid":{"rendered":"https:\/\/bonfimnoticias.com.br\/?page_id=18016"},"modified":"2024-03-18T14:20:06","modified_gmt":"2024-03-18T17:20:06","slug":"pp-tarjeta-carrefour-pass","status":"publish","type":"page","link":"https:\/\/bonfimnoticias.com.br\/fr\/pp-tarjeta-carrefour-pass\/","title":{"rendered":"Carrefour Pass &#8211; Tarjeta"},"content":{"rendered":"<p style=\"text-align: center;\">Seguramente ya conoces la gran cadena de supermercados mundial Carrefour. Esta multinacional tambi\u00e9n es responsable de ofrecer ofertas de cr\u00e9dito por medio de su servicio Carrefour Pass. Una de estas ofertas se categoriza como la tarjeta Carrefour, un producto financiero que permite que todos sus usuarios puedan acceder a diferentes tipos de ventajas a trav\u00e9s del pago de sus compras.<\/p>\n<p><br \/>\n<a href=\"https:\/\/bonfimnoticias.com.br\/fr\/solicitar-la-tarjeta-pass-carrefour\/\"><br \/>\nC\u00f3mo solicitar la tarjeta Carrefour Pass<br \/>\n<\/a><br \/>\n<img loading=\"lazy\" decoding=\"async\" src=\"https:\/\/bonfimnoticias.com.br\/wp_cf5e68-content\/uploads\/2024\/03\/DALL\u00b7E-2024-03-18-13.50.47-Design-a-generic-credit-card-with-a-blue-and-white-color-scheme-featuring-a-fictional-supermarket-logo-in-the-center.-The-card-should-have-a-chip-on-.webp\" sizes=\"auto, (max-width: 1024px) 100vw, 1024px\" srcset=\"https:\/\/bonfimnoticias.com.br\/wp_cf5e68-content\/uploads\/2024\/03\/DALL\u00b7E-2024-03-18-13.50.47-Design-a-generic-credit-card-with-a-blue-and-white-color-scheme-featuring-a-fictional-supermarket-logo-in-the-center.-The-card-should-have-a-chip-on-.webp 1024w, https:\/\/bonfimnoticias.com.br\/wp_cf5e68-content\/uploads\/2024\/03\/DALL\u00b7E-2024-03-18-13.50.47-Design-a-generic-credit-card-with-a-blue-and-white-color-scheme-featuring-a-fictional-supermarket-logo-in-the-center.-The-card-should-have-a-chip-on--800x800.webp 800w, https:\/\/bonfimnoticias.com.br\/wp_cf5e68-content\/uploads\/2024\/03\/DALL\u00b7E-2024-03-18-13.50.47-Design-a-generic-credit-card-with-a-blue-and-white-color-scheme-featuring-a-fictional-supermarket-logo-in-the-center.-The-card-should-have-a-chip-on--400x400.webp 400w, https:\/\/bonfimnoticias.com.br\/wp_cf5e68-content\/uploads\/2024\/03\/DALL\u00b7E-2024-03-18-13.50.47-Design-a-generic-credit-card-with-a-blue-and-white-color-scheme-featuring-a-fictional-supermarket-logo-in-the-center.-The-card-should-have-a-chip-on--768x768.webp 768w, https:\/\/bonfimnoticias.com.br\/wp_cf5e68-content\/uploads\/2024\/03\/DALL\u00b7E-2024-03-18-13.50.47-Design-a-generic-credit-card-with-a-blue-and-white-color-scheme-featuring-a-fictional-supermarket-logo-in-the-center.-The-card-should-have-a-chip-on--96x96.webp 96w, https:\/\/bonfimnoticias.com.br\/wp_cf5e68-content\/uploads\/2024\/03\/DALL\u00b7E-2024-03-18-13.50.47-Design-a-generic-credit-card-with-a-blue-and-white-color-scheme-featuring-a-fictional-supermarket-logo-in-the-center.-The-card-should-have-a-chip-on--150x150.webp 150w\" alt=\"\" width=\"1024\" height=\"1024\" \/><\/p>\n<h2 style=\"text-align: center;\">Ventajas y beneficios de solicitar una tarjeta carrefour pass<\/h2>\n<p style=\"text-align: center;\">El punto central que lleva al inter\u00e9s en obtener un determinado producto, sin duda, son las ventajas que ofrece. De esta forma, hablar sobre los beneficios a los que pueden acceder los clientes al solicitar una tarjeta pass Carrefour es imprescindible para nuestro contenido:<\/p>\n<p><br \/>\n<a href=\"https:\/\/bonfimnoticias.com.br\/fr\/prestamo-carrefour-completamente-online\/\"><br \/>\nDescubra otros productos Carrefour Pass<br \/>\n<\/a><\/p>\n<p style=\"text-align: center;\"><strong>Acceso a descuentos y promociones:<\/strong> los solicitantes de la tarjeta podr\u00e1n acceder a descuentos exclusivos en productos y servicios de las tiendas Carrefour, adem\u00e1s de en tiendas asociadas;<\/p>\n<p style=\"text-align: center;\"><strong>Participaci\u00f3n en programas de puntos y cashback:<\/strong> \u00bfsabes esas oportunidades de acumulaci\u00f3n de puntos donde podemos cambiarlos, posteriormente, en compras? La tarjeta Carrefour Pass tambi\u00e9n ofrece eso;<\/p>\n<p style=\"text-align: center;\"><strong>Financiaci\u00f3n de compras:<\/strong> tambi\u00e9n puedes parcelar tus compras en VARIAS VECES, dependiendo de cu\u00e1ntas sin aplicaci\u00f3n de intereses y con descuentos aplicados;<\/p>\n<p style=\"text-align: center;\"><strong>Otras oportunidades de cr\u00e9dito:<\/strong> ser un usuario de esta tarjeta permite tambi\u00e9n que obtengas m\u00e1s cr\u00e9dito personal;<\/p>\n<p style=\"text-align: center;\"><strong>Pagos flexibles:<\/strong> puedes elegir las fechas de vencimiento que m\u00e1s se ajusten a tu realidad;<\/p>\n<p style=\"text-align: center;\"><strong>Acceso a otros servicios:<\/strong> inclusi\u00f3n de seguros, asistencias y mucho m\u00e1s dependiendo del producto elegido;<\/p>\n<p style=\"text-align: center;\">\u00a0<strong>Gesti\u00f3n online:<\/strong> realiza todo el seguimiento de tus gastos a trav\u00e9s de un sistema online.<\/p>\n<p style=\"text-align: center;\">Imagina acceder a todos estos beneficios a trav\u00e9s de una empresa ofertante super segura como Carrefour. Sin embargo, MUCHA ATENCI\u00d3N, porque es necesario, antes de solicitar cualquier producto financiero, analizar sus t\u00e9rminos y condiciones, las tasas de inter\u00e9s que se aplicar\u00e1n y toda la informaci\u00f3n detallada referente a \u00e9l.<\/p>\n<p style=\"text-align: center;\">Adem\u00e1s, es claro que ning\u00fan producto es solo sus ventajas. Solicitar la tarjeta pass Carrefour tambi\u00e9n trae consigo algunos puntos que deben ser tomados en consideraci\u00f3n y podemos identificarlos como las DESVENTAJAS DE LA TARJETA CARREFOUR PASS; sin embargo, esos puntos espec\u00edficos, as\u00ed como el m\u00e9todo de solicitud de tu tarjeta, solo los sabr\u00e1s accediendo al art\u00edculo creado para tu informaci\u00f3n. En \u00e9l tambi\u00e9n ser\u00e1 posible identificar algunos otros detalles necesarios para la atenci\u00f3n que te ayudar\u00e1n a tomar el cuidado necesario antes de obtener cualquier producto. As\u00ed, podemos concluir que ser un cliente financiero nunca se trata solo de solicitar productos, acceder a las instituciones, etc., sino tambi\u00e9n de mantenerse informado sobre el mercado, como un lector constante de contenidos sobre finanzas y as\u00ed estar siempre protegido de potenciales errores que, muchas veces, los usuarios m\u00e1s impulsivos pueden cometer.<\/p>\n<p style=\"text-align: center;\">En caso de que despu\u00e9s de acceder al art\u00edculo las dudas persistan, tambi\u00e9n es posible ponerse en contacto con la propia instituci\u00f3n Carrefour Pass con el fin de obtener atenci\u00f3n personalizada y lograr aclarar todas las d\u00favidas que puedan quedar. Una vez m\u00e1s, el contenido ofrecer\u00e1 una opci\u00f3n de c\u00f3mo hacer esto, ya sea mediante el acceso al sitio oficial o proporcionando los propios medios de contacto disponibles para ello.<\/p>","protected":false},"excerpt":{"rendered":"<p>Seguramente ya conoces la gran cadena de supermercados mundial Carrefour. Esta multinacional tambi\u00e9n es responsable de ofrecer ofertas de cr\u00e9dito&#8230;<\/p>","protected":false},"author":24,"featured_media":18039,"parent":0,"menu_order":0,"comment_status":"open","ping_status":"closed","template":"","meta":{"footnotes":""},"class_list":["post-18016","page","type-page","status-publish","has-post-thumbnail","hentry"],"_links":{"self":[{"href":"https:\/\/bonfimnoticias.com.br\/fr\/wp-json\/wp\/v2\/pages\/18016","targetHints":{"allow":["GET"]}}],"collection":[{"href":"https:\/\/bonfimnoticias.com.br\/fr\/wp-json\/wp\/v2\/pages"}],"about":[{"href":"https:\/\/bonfimnoticias.com.br\/fr\/wp-json\/wp\/v2\/types\/page"}],"author":[{"embeddable":true,"href":"https:\/\/bonfimnoticias.com.br\/fr\/wp-json\/wp\/v2\/users\/24"}],"replies":[{"embeddable":true,"href":"https:\/\/bonfimnoticias.com.br\/fr\/wp-json\/wp\/v2\/comments?post=18016"}],"version-history":[{"count":0,"href":"https:\/\/bonfimnoticias.com.br\/fr\/wp-json\/wp\/v2\/pages\/18016\/revisions"}],"wp:featuredmedia":[{"embeddable":true,"href":"https:\/\/bonfimnoticias.com.br\/fr\/wp-json\/wp\/v2\/media\/18039"}],"wp:attachment":[{"href":"https:\/\/bonfimnoticias.com.br\/fr\/wp-json\/wp\/v2\/media?parent=18016"}],"curies":[{"name":"wp","href":"https:\/\/api.w.org\/{rel}","templated":true}]}}