{"id":17949,"date":"2024-03-12T13:27:33","date_gmt":"2024-03-12T16:27:33","guid":{"rendered":"https:\/\/bonfimnoticias.com.br\/?page_id=17949"},"modified":"2024-03-12T13:29:53","modified_gmt":"2024-03-12T16:29:53","slug":"pp-banco-bna-tarjetas-de-credito","status":"publish","type":"page","link":"https:\/\/bonfimnoticias.com.br\/fr\/pp-banco-bna-tarjetas-de-credito\/","title":{"rendered":"Banco BNA"},"content":{"rendered":"<p style=\"text-align: center;\">Las tarjetas de cr\u00e9dito BNA, cuyas ofertas se dividen en opciones entre las marcas Visa y Mastercard, son excelentes productos para aquellos que quieren acumular millas, beneficiarse con programas de puntos y adem\u00e1s convertirse en cliente de la instituci\u00f3n m\u00e1s renombrada de toda Argentina!<\/p>\n<p><br \/>\n<a href=\"https:\/\/bonfimnoticias.com.br\/fr\/tarjetas-de-credito-bna-ventajas\/\"><br \/>\nM\u00e1s informaci\u00f3n sobre las tarjetas de cr\u00e9dito BNA<br \/>\n<\/a><\/p>\n<p style=\"text-align: center;\">Ser\u00e1 redirigido a otro art\u00edculo<\/p>\n<p><img loading=\"lazy\" decoding=\"async\" src=\"https:\/\/bonfimnoticias.com.br\/wp_cf5e68-content\/uploads\/2024\/03\/DALL\u00b7E-2024-03-12-12.56.50-A-majestic-and-classical-building-symbolizing-the-Banco-de-la-Nacion-Argentina-featuring-grand-architectural-elements-typical-of-the-early-20th-centu.webp\" sizes=\"auto, (max-width: 1024px) 100vw, 1024px\" srcset=\"https:\/\/bonfimnoticias.com.br\/wp_cf5e68-content\/uploads\/2024\/03\/DALL\u00b7E-2024-03-12-12.56.50-A-majestic-and-classical-building-symbolizing-the-Banco-de-la-Nacion-Argentina-featuring-grand-architectural-elements-typical-of-the-early-20th-centu.webp 1024w, https:\/\/bonfimnoticias.com.br\/wp_cf5e68-content\/uploads\/2024\/03\/DALL\u00b7E-2024-03-12-12.56.50-A-majestic-and-classical-building-symbolizing-the-Banco-de-la-Nacion-Argentina-featuring-grand-architectural-elements-typical-of-the-early-20th-centu-800x800.webp 800w, https:\/\/bonfimnoticias.com.br\/wp_cf5e68-content\/uploads\/2024\/03\/DALL\u00b7E-2024-03-12-12.56.50-A-majestic-and-classical-building-symbolizing-the-Banco-de-la-Nacion-Argentina-featuring-grand-architectural-elements-typical-of-the-early-20th-centu-400x400.webp 400w, https:\/\/bonfimnoticias.com.br\/wp_cf5e68-content\/uploads\/2024\/03\/DALL\u00b7E-2024-03-12-12.56.50-A-majestic-and-classical-building-symbolizing-the-Banco-de-la-Nacion-Argentina-featuring-grand-architectural-elements-typical-of-the-early-20th-centu-768x768.webp 768w, https:\/\/bonfimnoticias.com.br\/wp_cf5e68-content\/uploads\/2024\/03\/DALL\u00b7E-2024-03-12-12.56.50-A-majestic-and-classical-building-symbolizing-the-Banco-de-la-Nacion-Argentina-featuring-grand-architectural-elements-typical-of-the-early-20th-centu-96x96.webp 96w, https:\/\/bonfimnoticias.com.br\/wp_cf5e68-content\/uploads\/2024\/03\/DALL\u00b7E-2024-03-12-12.56.50-A-majestic-and-classical-building-symbolizing-the-Banco-de-la-Nacion-Argentina-featuring-grand-architectural-elements-typical-of-the-early-20th-centu-150x150.webp 150w\" alt=\"\" width=\"1024\" height=\"1024\" \/><\/p>\n<h2 style=\"text-align: center;\">Ventajas y beneficios de las tarjetas de cr\u00e9dito del Banco BNA<\/h2>\n<p style=\"text-align: center;\">Como se mencion\u00f3 anteriormente, las ofertas de tarjetas de cr\u00e9dito del Banco BNA se dividen en las marcas Visa y Mastercard, trayendo consigo una serie de ventajas bastante atractivas en el mercado financiero argentino.<\/p>\n<p><br \/>\n<a href=\"https:\/\/bonfimnoticias.com.br\/fr\/banco-de-la-nacion-argentina\/\"><br \/>\nDescubra los pr\u00e9stamos personales de Banco BNA<br \/>\n<\/a><\/p>\n<p style=\"text-align: center;\">Ser\u00e1 redirigido a otro art\u00edculo<\/p>\n<p style=\"text-align: center;\">En primer lugar, empezaremos por las ventajas vinculadas a la marca Mastercard:<\/p>\n<p style=\"text-align: center;\"><strong>Acceso a descuentos exclusivos<\/strong>: con la tarjeta de cr\u00e9dito BNA Mastercard puedes acceder a descuentos especiales en viajes y compras;<\/p>\n<p style=\"text-align: center;\"><strong> Participaci\u00f3n en programas de beneficios<\/strong>: tambi\u00e9n puedes acumular puntos para gastar en compras o acumular millas para tus viajes;<\/p>\n<p style=\"text-align: center;\"><strong> Contrataci\u00f3n de pr\u00e9stamo:<\/strong> se vuelve m\u00e1s f\u00e1cil y m\u00e1s ventajoso los productos de pr\u00e9stamos del BNA;<\/p>\n<p style=\"text-align: center;\"><strong>Control online<\/strong>: todos tus gastos pueden ser gestionados a trav\u00e9s de tu celular.<\/p>\n<p style=\"text-align: center;\">Las tarjetas Visa, a su vez, cuentan con beneficios muy parecidos, sin embargo, los veremos cada uno de forma m\u00e1s detallada:<\/p>\n<p style=\"text-align: center;\"><strong>Descuentos atractivos y especiales:<\/strong> con las tarjetas Visa tambi\u00e9n puedes acceder a descuentos exclusivos para tus compras y viajes, obteniendo la mejor tasa del mercado;<\/p>\n<p style=\"text-align: center;\"><strong> Tarjetas adicionales:<\/strong> tambi\u00e9n puedes obtener otras tarjetas sin ning\u00fan cargo;<\/p>\n<p style=\"text-align: center;\"><strong> Otras exenciones<\/strong>: gratuidad en la comisi\u00f3n de emisi\u00f3n;<\/p>\n<p style=\"text-align: center;\"><strong>Participaci\u00f3n en programas de beneficios:<\/strong> otro punto similar a las tarjetas de cr\u00e9dito Mastercard es que las tarjetas Visa tambi\u00e9n permiten que sus usuarios intercambien puntos por premios y beneficios en vuelos;<\/p>\n<p style=\"text-align: center;\"><strong>Contrataci\u00f3n de pr\u00e9stamos:<\/strong> tambi\u00e9n posibilitan la contrataci\u00f3n de tu pr\u00e9stamo nacional efectivo.<\/p>\n<p style=\"text-align: center;\">Tambi\u00e9n es necesario mencionar que cuando nos referimos a &#8220;tarjetas&#8221; de las marcas en plural, queremos decir que las tarjetas Visa ofrecen las opciones de Classic Internacional, Visa Gold, Platinum y Signature. De la misma forma, las tarjetas de cr\u00e9dito Mastercard se dividen en diferentes opciones, cada una con su lista de beneficios espec\u00edficos, lo que nos lleva, una vez m\u00e1s, a la importancia de resaltar que la lista de ventajas listadas NO SON ESPEC\u00cdFICAS, sino generales.<\/p>\n<p style=\"text-align: center;\">Por \u00faltimo, el sitio oficial de las marcas ofrece una mayor explicaci\u00f3n sobre c\u00f3mo solicitar las tarjetas, esta es la importancia de acceder a ellos. Adem\u00e1s, en cuanto a los cr\u00e9ditos en tarjetas del BNA, en estas se resumen sus ofertas, recordamos que no hemos presentado los diversos productos de pr\u00e9stamos financieros y otros tarjetas en la utilidad de d\u00e9bito, tarjeta bancat y tarjetas prepagadas.<\/p>\n<p style=\"text-align: center;\">\u00a1ATENCI\u00d3N! En caso de posibles dudas, el Banco BNA tambi\u00e9n es una instituci\u00f3n tradicional y puede ser encontrado en todos los territorios de Argentina a disposici\u00f3n de sus interesados para atenci\u00f3n personal, si as\u00ed lo prefieren. De lo contrario, el sitio institucional cuenta con otros medios (m\u00e1s c\u00f3modos) para su contacto. (Por ser una instituci\u00f3n hist\u00f3rica, eval\u00fae bien los requisitos de su producto y asegure su cumplimiento antes de la solicitud).<\/p>","protected":false},"excerpt":{"rendered":"<p>Las tarjetas de cr\u00e9dito BNA, cuyas ofertas se dividen en opciones entre las marcas Visa y Mastercard, son excelentes productos&#8230;<\/p>","protected":false},"author":24,"featured_media":17974,"parent":0,"menu_order":0,"comment_status":"open","ping_status":"closed","template":"","meta":{"footnotes":""},"class_list":["post-17949","page","type-page","status-publish","has-post-thumbnail","hentry"],"_links":{"self":[{"href":"https:\/\/bonfimnoticias.com.br\/fr\/wp-json\/wp\/v2\/pages\/17949","targetHints":{"allow":["GET"]}}],"collection":[{"href":"https:\/\/bonfimnoticias.com.br\/fr\/wp-json\/wp\/v2\/pages"}],"about":[{"href":"https:\/\/bonfimnoticias.com.br\/fr\/wp-json\/wp\/v2\/types\/page"}],"author":[{"embeddable":true,"href":"https:\/\/bonfimnoticias.com.br\/fr\/wp-json\/wp\/v2\/users\/24"}],"replies":[{"embeddable":true,"href":"https:\/\/bonfimnoticias.com.br\/fr\/wp-json\/wp\/v2\/comments?post=17949"}],"version-history":[{"count":1,"href":"https:\/\/bonfimnoticias.com.br\/fr\/wp-json\/wp\/v2\/pages\/17949\/revisions"}],"predecessor-version":[{"id":18143,"href":"https:\/\/bonfimnoticias.com.br\/fr\/wp-json\/wp\/v2\/pages\/17949\/revisions\/18143"}],"wp:featuredmedia":[{"embeddable":true,"href":"https:\/\/bonfimnoticias.com.br\/fr\/wp-json\/wp\/v2\/media\/17974"}],"wp:attachment":[{"href":"https:\/\/bonfimnoticias.com.br\/fr\/wp-json\/wp\/v2\/media?parent=17949"}],"curies":[{"name":"wp","href":"https:\/\/api.w.org\/{rel}","templated":true}]}}