{"id":17232,"date":"2024-01-04T15:37:46","date_gmt":"2024-01-04T18:37:46","guid":{"rendered":"https:\/\/bonfimnoticias.com.br\/bancolombia\/"},"modified":"2024-01-24T08:30:06","modified_gmt":"2024-01-24T11:30:06","slug":"bancolombia","status":"publish","type":"page","link":"https:\/\/bonfimnoticias.com.br\/fr\/bancolombia\/","title":{"rendered":"Bancolombia"},"content":{"rendered":"<p style=\"text-align: center;\"><a href=\"https:\/\/bonfimnoticias.com.br\/fr\/conoce-ahora-la-oportunidad-de-credito-a-corto-plazo-que-te-ofrece-bancolombia\/\">Todo sobre Bancolombia:Descubre los Servicios Financieros y Ventajas Exclusivas!<\/a><\/p>\n<p>\t\t\t\t\t\t\t\t\t\t\t\t\t\t\t\t<a href=\"https:\/\/bonfimnoticias.com.br\/fr\/conoce-ahora-la-oportunidad-de-credito-a-corto-plazo-que-te-ofrece-bancolombia\/\"><br \/>\n\t\t\t\t\t\t\t<img decoding=\"async\" width=\"600\" height=\"600\" src=\"https:\/\/bonfimnoticias.com.br\/wp_cf5e68-content\/uploads\/2024\/01\/bancolombia-600.png\" alt=\"\" loading=\"lazy\" srcset=\"\/\/bonfimnoticias.com.br\/wp_cf5e68-content\/uploads\/2024\/01\/bancolombia-600.png 600w, \/\/bonfimnoticias.com.br\/wp_cf5e68-content\/uploads\/2024\/01\/bancolombia-600-400x400.png 400w, \/\/bonfimnoticias.com.br\/wp_cf5e68-content\/uploads\/2024\/01\/bancolombia-600-96x96.png 96w, \/\/bonfimnoticias.com.br\/wp_cf5e68-content\/uploads\/2024\/01\/bancolombia-600-150x150.png 150w\" sizes=\"auto, (max-width: 600px) 100vw, 600px\" \/>\t\t\t\t\t\t\t\t<\/a><br \/>\n\t\t\t<a href=\"https:\/\/bonfimnoticias.com.br\/fr\/conoce-ahora-la-oportunidad-de-credito-a-corto-plazo-que-te-ofrece-bancolombia\/\"><br \/>\n\t\t\t\t\t\tENCU\u00c9NTRALO AHORA<br \/>\n\t\t\t\t\t<\/a><\/p>\n<p style=\"text-align: center;\">Bancolombia ofrece una amplia gama de pr\u00e9stamos personales, satisfaciendo las diversas necesidades financieras de sus clientes. Estos pr\u00e9stamos incluyen opciones garantizadas y no garantizadas, l\u00edneas de cr\u00e9dito personales y otros tipos, lo que brinda flexibilidad a los prestatarios. Los clientes pueden elegir condiciones de pago que se adapten a sus condiciones y confiar en canales digitales, como banca por internet y aplicaciones m\u00f3viles, para facilitar el proceso de solicitud.<\/p>\n<h2>\u00a0<\/h2>\n<h2>\u00a0<\/h2>\n<h2 style=\"text-align: center;\"><strong>Ventajas Y Beneficios<\/strong><\/h2>\n<p>Los pr\u00e9stamos ofrecen ventajas al proporcionar acceso inmediato a recursos financieros, permitiendo el logro de objetivos y la gesti\u00f3n de necesidades de emergencia. Los beneficios clave incluyen flexibilidad financiera, permitir pagos a lo largo del tiempo y la oportunidad de construir un historial crediticio favorable. Para las empresas, los pr\u00e9stamos representan una fuente esencial de liquidez, facilitando las operaciones y expansiones diarias.<\/p>\n<p>\t\t\t<a href=\"https:\/\/bonfimnoticias.com.br\/fr\/necesita-un-prestamo-para-sus-gastos-personales-echa-un-vistazo-a-la-oportunidad-que-te-ofrece-el-banco-santander\/\"><br \/>\n\t\t\t\t\t\tSEPA MAS<br \/>\n\t\t\t\t\t<\/a><br \/>\n\t\t<\/p>\n<ol>\n<li style=\"text-align: center;\"><strong>Presencia Internacional:<\/strong> Si bien es un banco colombiano, Bancolombia ha ampliado su presencia internacional, atendiendo clientes en otros pa\u00edses de Am\u00e9rica Latina y teniendo filiales y sucursales en lugares estrat\u00e9gicos.<\/li>\n<li style=\"text-align: center;\"><strong>Servicios Bancarios:<\/strong> Ofrece una variedad de productos y servicios bancarios, tales como cuentas corrientes, cuentas de ahorro, tarjetas de cr\u00e9dito, pr\u00e9stamos personales e hipotecas, entre otros.<\/li>\n<li style=\"text-align: center;\"><strong>Banco Corporativo:<\/strong> Atiende empresas de diferentes sectores, brind\u00e1ndoles soluciones financieras y servicios especializados para apoyar sus operaciones.<\/li>\n<li style=\"text-align: center;\"><strong>Banco de Inversi\u00f3n:<\/strong> Proporciona servicios de banca de inversi\u00f3n, asesorando a clientes sobre fusiones y adquisiciones, recaudaci\u00f3n de fondos, emisi\u00f3n de valores y otros servicios financieros.<\/li>\n<li style=\"text-align: center;\"><strong>Tecnolog\u00eda financiera:<\/strong> Como muchos bancos modernos, Bancolombia ha invertido en tecnolog\u00eda financiera (fintech) para mejorar sus servicios digitales, brindando a los clientes opciones de banca por Internet y aplicaciones m\u00f3viles.<\/li>\n<li style=\"text-align: center;\"><strong>Responsabilidad Social:<\/strong> Bancolombia est\u00e1 comprometida con la responsabilidad social empresarial, participando en diversas iniciativas sociales y proyectos de desarrollo comunitario.<\/li>\n<li style=\"text-align: center;\"><strong>Desarrollo Sostenible:<\/strong> El banco ha demostrado inter\u00e9s en pr\u00e1cticas sostenibles, incorporando aspectos ambientales, sociales y de gobernanza en sus operaciones.<\/li>\n<\/ol>\n<p>\t\t\t<a href=\"#\"><br \/>\n\t\t\t\t\t\tVER M\u00c1S PRESTAMO<br \/>\n\t\t\t\t\t<\/a><\/p>","protected":false},"excerpt":{"rendered":"<p>Todo sobre Bancolombia:Descubre los Servicios Financieros y Ventajas Exclusivas! ENCU\u00c9NTRALO AHORA Bancolombia ofrece una amplia gama de pr\u00e9stamos personales, satisfaciendo&#8230;<\/p>","protected":false},"author":19,"featured_media":16311,"parent":0,"menu_order":0,"comment_status":"open","ping_status":"closed","template":"","meta":{"footnotes":""},"class_list":["post-17232","page","type-page","status-publish","has-post-thumbnail","hentry"],"_links":{"self":[{"href":"https:\/\/bonfimnoticias.com.br\/fr\/wp-json\/wp\/v2\/pages\/17232","targetHints":{"allow":["GET"]}}],"collection":[{"href":"https:\/\/bonfimnoticias.com.br\/fr\/wp-json\/wp\/v2\/pages"}],"about":[{"href":"https:\/\/bonfimnoticias.com.br\/fr\/wp-json\/wp\/v2\/types\/page"}],"author":[{"embeddable":true,"href":"https:\/\/bonfimnoticias.com.br\/fr\/wp-json\/wp\/v2\/users\/19"}],"replies":[{"embeddable":true,"href":"https:\/\/bonfimnoticias.com.br\/fr\/wp-json\/wp\/v2\/comments?post=17232"}],"version-history":[{"count":0,"href":"https:\/\/bonfimnoticias.com.br\/fr\/wp-json\/wp\/v2\/pages\/17232\/revisions"}],"wp:featuredmedia":[{"embeddable":true,"href":"https:\/\/bonfimnoticias.com.br\/fr\/wp-json\/wp\/v2\/media\/16311"}],"wp:attachment":[{"href":"https:\/\/bonfimnoticias.com.br\/fr\/wp-json\/wp\/v2\/media?parent=17232"}],"curies":[{"name":"wp","href":"https:\/\/api.w.org\/{rel}","templated":true}]}}