{"id":16253,"date":"2022-10-14T06:39:57","date_gmt":"2022-10-14T09:39:57","guid":{"rendered":"https:\/\/bonfimnoticias.com.br\/responda-veja-os-melhores-cursos\/"},"modified":"2022-10-14T06:39:57","modified_gmt":"2022-10-14T09:39:57","slug":"responda-veja-os-melhores-cursos","status":"publish","type":"page","link":"https:\/\/bonfimnoticias.com.br\/fr\/responda-veja-os-melhores-cursos\/","title":{"rendered":"Melhores Cursos"},"content":{"rendered":"<p><img decoding=\"async\" width=\"271\" height=\"298\" src=\"https:\/\/bonfimnoticias.com.br\/wp_cf5e68-content\/uploads\/2022\/10\/logo-bonfim-1.png\" alt=\"\" loading=\"lazy\" srcset=\"https:\/\/bonfimnoticias.com.br\/wp_cf5e68-content\/uploads\/2022\/10\/logo-bonfim-1.png 271w, https:\/\/bonfimnoticias.com.br\/wp_cf5e68-content\/uploads\/2022\/10\/logo-bonfim-1.png 133w\" sizes=\"auto, (max-width: 271px) 100vw, 271px\"><br \/>\n[tqb_quiz id=&#8217;9922&#8242;]<\/p>\n<p style=\"text-align: center;\">Ao prosseguir, voc\u00ea concorda com os nossos<br \/>\n<a href=\"https:\/\/bonfimnoticias.com.br\/fr\/termos-de-uso\/\">termos de servi\u00e7o<\/a>&nbsp;et&nbsp;<a href=\"https:\/\/bonfimnoticias.com.br\/fr\/politica-de-privacidade\/\">pol\u00edticas de privacidade<\/a>.<\/p>","protected":false},"excerpt":{"rendered":"<p>[tqb_quiz id=&#8217;9922&#8242;] Ao prosseguir, voc\u00ea concorda com os nossos termos de servi\u00e7o&nbsp;e&nbsp;pol\u00edticas de privacidade.<\/p>","protected":false},"author":19,"featured_media":0,"parent":0,"menu_order":0,"comment_status":"closed","ping_status":"closed","template":"","meta":{"footnotes":""},"class_list":["post-16253","page","type-page","status-publish","hentry"],"_links":{"self":[{"href":"https:\/\/bonfimnoticias.com.br\/fr\/wp-json\/wp\/v2\/pages\/16253","targetHints":{"allow":["GET"]}}],"collection":[{"href":"https:\/\/bonfimnoticias.com.br\/fr\/wp-json\/wp\/v2\/pages"}],"about":[{"href":"https:\/\/bonfimnoticias.com.br\/fr\/wp-json\/wp\/v2\/types\/page"}],"author":[{"embeddable":true,"href":"https:\/\/bonfimnoticias.com.br\/fr\/wp-json\/wp\/v2\/users\/19"}],"replies":[{"embeddable":true,"href":"https:\/\/bonfimnoticias.com.br\/fr\/wp-json\/wp\/v2\/comments?post=16253"}],"version-history":[{"count":0,"href":"https:\/\/bonfimnoticias.com.br\/fr\/wp-json\/wp\/v2\/pages\/16253\/revisions"}],"wp:attachment":[{"href":"https:\/\/bonfimnoticias.com.br\/fr\/wp-json\/wp\/v2\/media?parent=16253"}],"curies":[{"name":"wp","href":"https:\/\/api.w.org\/{rel}","templated":true}]}}