{"id":19580,"date":"2025-02-04T21:02:21","date_gmt":"2025-02-05T00:02:21","guid":{"rendered":"https:\/\/bonfimnoticias.com.br\/?page_id=19580"},"modified":"2025-02-04T21:02:21","modified_gmt":"2025-02-05T00:02:21","slug":"conecte-sua-comunidade-com-o-programa-wi-fi-brasil","status":"publish","type":"page","link":"https:\/\/bonfimnoticias.com.br\/es\/conecte-sua-comunidade-com-o-programa-wi-fi-brasil\/","title":{"rendered":"Conecte su comunidad con el programa Wi-Fi Brasil"},"content":{"rendered":"<p><!-- wp_cf5e68:paragraph {\"align\":\"center\"} --><\/p>\n<p class=\"has-text-align-center\"><strong>\u00a1Internet gratis para quienes m\u00e1s lo necesitan!<\/strong><\/p>\n<p><!-- \/wp_cf5e68:paragraph --><\/p>\n<p><!-- wp_cf5e68:image {\"id\":19581,\"sizeSlug\":\"full\",\"linkDestination\":\"none\",\"align\":\"center\"} --><\/p>\n<figure class=\"wp_cf5e68-block-image aligncenter size-full\"><img loading=\"lazy\" decoding=\"async\" src=\"https:\/\/bonfimnoticias.com.br\/wp_cf5e68-content\/uploads\/2025\/02\/611119.jpeg\" alt=\"Conecte Sua Comunidade com o Programa Wi-Fi Brasil\" class=\"wp_cf5e68-image-19581\"\/><\/figure>\n<p><!-- \/wp_cf5e68:image --><\/p>\n<p><!-- wp_cf5e68:paragraph {\"align\":\"center\"} --><\/p>\n<p class=\"has-text-align-center\">\u00bfSab\u00edas que tu escuela, centro de salud o comunidad pueden tener acceso a\u00a0<strong>Internet gratis<\/strong>\u00a0a trav\u00e9s de\u00a0<strong>Programa Wi-Fi Brasil<\/strong>? <\/p>\n<p><!-- \/wp_cf5e68:paragraph --><\/p>\n<p><!-- wp_cf5e68:paragraph {\"align\":\"center\"} --><\/p>\n<p class=\"has-text-align-center\">El gobierno federal est\u00e1 llevando conectividad a miles de brasile\u00f1os, garantizando m\u00e1s oportunidades, acceso a la informaci\u00f3n e inclusi\u00f3n digital.<\/p>\n<p><!-- \/wp_cf5e68:paragraph --><\/p>\n<p><!-- wp_cf5e68:paragraph {\"align\":\"center\"} --><\/p>\n<p class=\"has-text-align-center\">Si tu zona a\u00fan no tiene wifi gratuito, \u00a1ahora es tu oportunidad de cambiarlo! Puedes ser un agente de este incre\u00edble cambio. <\/p>\n<p><!-- \/wp_cf5e68:paragraph --><\/p>\n<p><!-- wp_cf5e68:heading {\"textAlign\":\"center\"} --><\/p>\n<h2 class=\"wp_cf5e68-block-heading has-text-align-center\"><strong>\u00bfQu\u00e9 lugares pueden contar con Wi-Fi gratuito proporcionado por el gobierno? <\/strong><\/h2>\n<p><!-- \/wp_cf5e68:heading --><\/p>\n<p><!-- wp_cf5e68:paragraph {\"align\":\"center\"} --><\/p>\n<p class=\"has-text-align-center\">\u2705\u00a0<strong>Escuelas p\u00fablicas<\/strong>\u00a0<br \/>\u2705\u00a0<strong>Centros de salud<\/strong>\u00a0<br \/>\u2705\u00a0<strong>Comunidades rurales e ind\u00edgenas<\/strong>\u00a0<br \/>\u2705\u00a0<strong>Plazas y espacios p\u00fablicos<\/strong>\u00a0<\/p>\n<p><!-- \/wp_cf5e68:paragraph --><\/p>\n<p><!-- wp_cf5e68:paragraph {\"align\":\"center\"} --><\/p>\n<p class=\"has-text-align-center\">Si su comunidad necesita\u00a0<strong>Internet gratuito y de alta calidad<\/strong>Puedes solicitar un punto de acceso Wi-Fi gratuito ahora mismo y el proceso es muy sencillo y accesible. <\/p>\n<p><!-- \/wp_cf5e68:paragraph --><\/p>\n<p><!-- wp_cf5e68:heading {\"textAlign\":\"center\"} --><\/p>\n<h2 class=\"wp_cf5e68-block-heading has-text-align-center\"><strong>\u00bfPor qu\u00e9 es tan importante el Programa Wi-Fi Brasil?<\/strong><\/h2>\n<p><!-- \/wp_cf5e68:heading --><\/p>\n<p><!-- wp_cf5e68:paragraph {\"align\":\"center\"} --><\/p>\n<p class=\"has-text-align-center\">\ud83d\udd39\u00a0<strong>Debido a<\/strong> <strong>Reducir la brecha digital<\/strong>\u00a0Internet para todos, gratis.<br \/>\ud83d\udd39\u00a0<strong>Una educaci\u00f3n m\u00e1s accesible<\/strong>\u00a0Estudiantes y profesores conectados al mundo digital.<br \/>\ud83d\udd39\u00a0<strong>Facilidad de acceso a los servicios p\u00fablicos<\/strong>\u00a0\u2013 Conexi\u00f3n con gobierno, salud y oportunidades.<br \/>\ud83d\udd39\u00a0<strong>Impulso para las peque\u00f1as empresas<\/strong>\u00a0Los emprendedores pueden crecer en l\u00ednea.<\/p>\n<p><!-- \/wp_cf5e68:paragraph --><\/p>\n<p><!-- wp_cf5e68:heading {\"textAlign\":\"center\"} --><\/p>\n<h2 class=\"wp_cf5e68-block-heading has-text-align-center\"><strong>\u00a1Descubre c\u00f3mo aplicar! <\/strong><\/h2>\n<p><!-- \/wp_cf5e68:heading --><\/p>\n<p><!-- wp_cf5e68:paragraph {\"align\":\"center\"} --><\/p>\n<p class=\"has-text-align-center\">Para conocer todo sobre el Programa Wi-Fi Brasil, incluyendo el proceso paso a paso para convertirte en agente de este cambio solicitando el programa para ubicaciones en tu comunidad, te recomiendo acceder al contenido oficial y exclusivo, preparado para guiarte durante todo el proceso de solicitud. All\u00ed encontrar\u00e1s una gu\u00eda completa, as\u00ed como informaci\u00f3n detallada sobre el tema. <\/p>\n<p><!-- \/wp_cf5e68:paragraph --><\/p>\n<p><!-- wp_cf5e68:paragraph {\"align\":\"center\"} --><\/p>\n<p class=\"has-text-align-center\">Finalmente, la conectividad es un derecho esencial en el mundo moderno. Con acceso a internet, los estudiantes pueden asistir a clases en l\u00ednea, los emprendedores pueden expandir sus negocios y los profesionales de la salud pueden mejorar la atenci\u00f3n a la poblaci\u00f3n. Adem\u00e1s, una comunidad conectada se vuelve m\u00e1s integrada, con mayor acceso a la informaci\u00f3n y a las oportunidades.<\/p>\n<p><!-- \/wp_cf5e68:paragraph --><\/p>\n<p><!-- wp_cf5e68:paragraph {\"align\":\"center\"} --><\/p>\n<p class=\"has-text-align-center\">La falta de conectividad limita el acceso a servicios esenciales, obstaculizando el desarrollo educativo y econ\u00f3mico de muchas regiones. <\/p>\n<p><!-- \/wp_cf5e68:paragraph --><\/p>\n<p><!-- wp_cf5e68:paragraph {\"align\":\"center\"} --><\/p>\n<p class=\"has-text-align-center\">Disponer de Wi-Fi gratuito en escuelas y espacios p\u00fablicos permite a ni\u00f1os, j\u00f3venes y adultos acceder a contenidos educativos, cursos vocacionales y nuevas oportunidades laborales.<\/p>\n<p><!-- \/wp_cf5e68:paragraph --><\/p>\n<p><!-- wp_cf5e68:paragraph {\"align\":\"center\"} --><\/p>\n<p class=\"has-text-align-center\">Adem\u00e1s, los gobiernos locales pueden utilizar la conectividad para mejorar los servicios p\u00fablicos, optimizar la comunicaci\u00f3n con la poblaci\u00f3n y fomentar el turismo y el comercio local. El wifi gratuito impulsa la econom\u00eda digital y prepara mejor a las ciudades y comunidades para el futuro.<\/p>\n<p><!-- \/wp_cf5e68:paragraph --><\/p>\n<p><!-- wp_cf5e68:paragraph {\"align\":\"center\"} --><\/p>\n<p class=\"has-text-align-center\">Si en tu zona a\u00fan no hay Wi-Fi gratuito \u00a1no pierdas la oportunidad de cambiarlo!\u00a0<strong>Programa Wi-Fi Brasil<\/strong>\u00a0Ya ha beneficiado a miles de comunidades y puede marcar una diferencia en su vida y en la vida de otros residentes de su \u00e1rea. <\/p>\n<p><!-- \/wp_cf5e68:paragraph --><\/p>\n<p><!-- wp_cf5e68:buttons {\"layout\":{\"type\":\"flex\",\"justifyContent\":\"center\"}} --><\/p>\n<div class=\"wp_cf5e68-block-buttons\"><!-- wp_cf5e68:button {\"fontSize\":\"medium\"} --><\/p>\n<div class=\"wp_cf5e68-block-button has-custom-font-size has-medium-font-size\"><a class=\"wp_cf5e68-block-button__link wp_cf5e68-element-button\" href=\"https:\/\/bonfimnoticias.com.br\/es\/como-funciona-o-programa-wi-fi-brasil-e-como-solicita-lo-facilmente\/\">Accede al contenido propuesto &gt;&gt;&gt;&gt;<\/a><\/div>\n<p><!-- \/wp_cf5e68:button --><\/div>\n<p><!-- \/wp_cf5e68:buttons --><\/p>\n<p><!-- wp_cf5e68:paragraph --><\/p>\n<p><!-- \/wp_cf5e68:paragraph --><\/p>\n<p><!-- wp_cf5e68:paragraph --><\/p>\n<p><!-- \/wp_cf5e68:paragraph --><\/p>\n<p><!-- wp_cf5e68:paragraph --><\/p>\n<p><!-- \/wp_cf5e68:paragraph --><\/p>","protected":false},"excerpt":{"rendered":"<p>Internet Gratuita para Quem Mais Precisa! Voc\u00ea sabia que sua escola, posto de sa\u00fade ou comunidade pode ter acesso \u00e0\u00a0internet&#8230;<\/p>","protected":false},"author":24,"featured_media":19581,"parent":0,"menu_order":0,"comment_status":"closed","ping_status":"closed","template":"","meta":{"footnotes":""},"class_list":["post-19580","page","type-page","status-publish","has-post-thumbnail","hentry"],"_links":{"self":[{"href":"https:\/\/bonfimnoticias.com.br\/es\/wp-json\/wp\/v2\/pages\/19580","targetHints":{"allow":["GET"]}}],"collection":[{"href":"https:\/\/bonfimnoticias.com.br\/es\/wp-json\/wp\/v2\/pages"}],"about":[{"href":"https:\/\/bonfimnoticias.com.br\/es\/wp-json\/wp\/v2\/types\/page"}],"author":[{"embeddable":true,"href":"https:\/\/bonfimnoticias.com.br\/es\/wp-json\/wp\/v2\/users\/24"}],"replies":[{"embeddable":true,"href":"https:\/\/bonfimnoticias.com.br\/es\/wp-json\/wp\/v2\/comments?post=19580"}],"version-history":[{"count":1,"href":"https:\/\/bonfimnoticias.com.br\/es\/wp-json\/wp\/v2\/pages\/19580\/revisions"}],"predecessor-version":[{"id":19582,"href":"https:\/\/bonfimnoticias.com.br\/es\/wp-json\/wp\/v2\/pages\/19580\/revisions\/19582"}],"wp:featuredmedia":[{"embeddable":true,"href":"https:\/\/bonfimnoticias.com.br\/es\/wp-json\/wp\/v2\/media\/19581"}],"wp:attachment":[{"href":"https:\/\/bonfimnoticias.com.br\/es\/wp-json\/wp\/v2\/media?parent=19580"}],"curies":[{"name":"wp","href":"https:\/\/api.w.org\/{rel}","templated":true}]}}