{"id":19524,"date":"2025-01-13T16:15:12","date_gmt":"2025-01-13T19:15:12","guid":{"rendered":"https:\/\/bonfimnoticias.com.br\/?page_id=19524"},"modified":"2025-01-13T16:16:24","modified_gmt":"2025-01-13T19:16:24","slug":"google-opinion-rewards","status":"publish","type":"page","link":"https:\/\/bonfimnoticias.com.br\/es\/google-opinion-rewards\/","title":{"rendered":"Recompensas por opini\u00f3n de Google"},"content":{"rendered":"<p><!-- wp_cf5e68:paragraph --><\/p>\n<p><strong>Vea a continuaci\u00f3n c\u00f3mo Google Opinion Rewards le ayuda a ganar dinero en l\u00ednea de manera simple y r\u00e1pida, y las verdades detr\u00e1s de esto.\u00a0<\/strong><\/p>\n<p><!-- \/wp_cf5e68:paragraph --><\/p>\n<p><!-- wp_cf5e68:image {\"id\":17511,\"sizeSlug\":\"full\",\"linkDestination\":\"none\",\"align\":\"center\"} --><\/p>\n<figure class=\"wp_cf5e68-block-image aligncenter size-full\"><img loading=\"lazy\" decoding=\"async\" src=\"https:\/\/bonfimnoticias.com.br\/wp_cf5e68-content\/uploads\/2024\/01\/img-704-001.png\" alt=\"\" class=\"wp_cf5e68-image-17511\"\/><\/figure>\n<p><!-- \/wp_cf5e68:image --><\/p>\n<p><!-- wp_cf5e68:paragraph --><\/p>\n<p>Google Opinion es una app de Play Store que funciona como una herramienta de Google. En ella, respondes a unas preguntas de apenas unos segundos y recibes dinero a cambio. Pero tranquilo, no es dinero para obtener ingresos o ganancias adicionales; son solo unos c\u00e9ntimos que se acumulan como recompensa por las encuestas y que puedes usar en otras apps de Play Store, como juegos de pago, pel\u00edculas, etc.&nbsp;<\/p>\n<p><!-- \/wp_cf5e68:paragraph --><\/p>\n<p><!-- wp_cf5e68:paragraph --><\/p>\n<p>ATENCI\u00d3N:<\/p>\n<p><!-- \/wp_cf5e68:paragraph --><\/p>\n<p><!-- wp_cf5e68:list --><\/p>\n<ul><!-- wp_cf5e68:list-item --><\/p>\n<li>La aplicaci\u00f3n Google Opinion no est\u00e1 disponible para dispositivos iOS en Brasil;<\/li>\n<p><!-- \/wp_cf5e68:list-item --><\/p>\n<p><!-- wp_cf5e68:list-item --><\/p>\n<li>El dinero ganado no se puede transferir ni retirar, solo se puede utilizar para gastar en otras aplicaciones en Play Store; <\/li>\n<p><!-- \/wp_cf5e68:list-item --><\/p>\n<p><!-- wp_cf5e68:list-item --><\/p>\n<li>Las preguntas son muy sencillas y cortas, puedes responderlas en cuesti\u00f3n de segundos, lo cual es necesario porque hay un l\u00edmite de tiempo para las respuestas. <\/li>\n<p><!-- \/wp_cf5e68:list-item --><\/ul>\n<p><!-- \/wp_cf5e68:list --><\/p>\n<p><!-- wp_cf5e68:heading {\"textAlign\":\"center\",\"style\":{\"elements\":{\"link\":{\"color\":{\"text\":\"var:preset|color|palette-color-2\"}}}},\"textColor\":\"palette-color-2\"} --><\/p>\n<h2 class=\"wp_cf5e68-block-heading has-text-align-center has-palette-color-2-color has-text-color has-link-color\">\u00a1Cualquiera puede descargar Google Opinion y ganar dinero con encuestas! <\/h2>\n<p><!-- \/wp_cf5e68:heading --><\/p>\n<p><!-- wp_cf5e68:paragraph --><\/p>\n<p>Lo mejor es que, si tienes 18 a\u00f1os o m\u00e1s, puedes empezar a usar Google Opinion. Solo necesitas una cuenta de Google para instalar la aplicaci\u00f3n y usarla con acceso a internet. <\/p>\n<p><!-- \/wp_cf5e68:paragraph --><\/p>\n<p><!-- wp_cf5e68:heading {\"textAlign\":\"center\",\"style\":{\"elements\":{\"link\":{\"color\":{\"text\":\"var:preset|color|palette-color-2\"}}}},\"textColor\":\"palette-color-2\"} --><\/p>\n<h2 class=\"wp_cf5e68-block-heading has-text-align-center has-palette-color-2-color has-text-color has-link-color\">\u00bfC\u00f3mo puedo empezar a utilizar Google Opinion ahora mismo? <\/h2>\n<p><!-- \/wp_cf5e68:heading --><\/p>\n<p><!-- wp_cf5e68:paragraph --><\/p>\n<p>Para ense\u00f1arte a usar la app Google Opinion en detalle, hemos creado una gu\u00eda completa y exclusiva con instrucciones paso a paso y consejos esenciales para un uso eficaz. Estos consejos te ayudar\u00e1n a tener las encuestas siempre disponibles, ya que la plataforma no las har\u00e1 accesibles autom\u00e1ticamente. Por lo tanto, consulta la gu\u00eda, rev\u00edsala y sigue atentamente las recomendaciones. <\/p>\n<p><!-- \/wp_cf5e68:paragraph --><\/p>\n<p><!-- wp_cf5e68:paragraph --><\/p>\n<p>Adem\u00e1s, tenga en cuenta que tambi\u00e9n existen promesas enga\u00f1osas en internet que ofrecen dinero f\u00e1cil, muchas de ellas relacionadas con Google Opinion, entre otras herramientas de Google. En este sentido, le ofrecemos consejos para evitar caer en estas falsas expectativas, exponiendo la realidad que las sustenta. <\/p>\n<p><!-- \/wp_cf5e68:paragraph --><\/p>\n<p><!-- wp_cf5e68:paragraph --><\/p>\n<p>Finalmente, probablemente ya te habr\u00e1s dado cuenta de que con nuestro contenido descubres oportunidades reales, ya sea para quienes buscan soluciones financieras o para ofertas de art\u00edculos \u00fatiles, como fue el caso hoy. Internet ofrece muchas opciones, pero entre ellas necesitas saber en qu\u00e9 confiar, c\u00f3mo filtrar y, en definitiva, descubrir cu\u00e1les valen la pena para tu experiencia.<\/p>\n<p><!-- \/wp_cf5e68:paragraph --><\/p>\n<p><!-- wp_cf5e68:buttons {\"layout\":{\"type\":\"flex\",\"justifyContent\":\"center\"}} --><\/p>\n<div class=\"wp_cf5e68-block-buttons\"><!-- wp_cf5e68:button {\"fontSize\":\"medium\"} --><\/p>\n<div class=\"wp_cf5e68-block-button has-custom-font-size has-medium-font-size\"><a class=\"wp_cf5e68-block-button__link wp_cf5e68-element-button\" href=\"https:\/\/bonfimnoticias.com.br\/es\/ganhar-dinheiro-respondendo-pesquisas-plataforma-google-opinion\/\">Todo lo que necesitas saber sobre Google Opinion &gt;&gt;&gt;&gt;<\/a><\/div>\n<p><!-- \/wp_cf5e68:button --><\/div>\n<p><!-- \/wp_cf5e68:buttons --><\/p>\n<p><!-- wp_cf5e68:paragraph --><\/p>\n<p><!-- \/wp_cf5e68:paragraph --><\/p>\n<p><!-- wp_cf5e68:paragraph --><\/p>\n<p><!-- \/wp_cf5e68:paragraph --><\/p>\n<p><!-- wp_cf5e68:paragraph --><\/p>\n<p><!-- \/wp_cf5e68:paragraph --><\/p>\n<p><!-- wp_cf5e68:paragraph --><\/p>\n<p><!-- \/wp_cf5e68:paragraph --><\/p>\n<p><!-- wp_cf5e68:paragraph --><\/p>\n<p><!-- \/wp_cf5e68:paragraph --><\/p>\n<p><!-- wp_cf5e68:paragraph --><\/p>\n<p><!-- \/wp_cf5e68:paragraph --><\/p>\n<p><!-- wp_cf5e68:paragraph --><\/p>\n<p><!-- \/wp_cf5e68:paragraph --><\/p>","protected":false},"excerpt":{"rendered":"<p>Veja a seguir como o Google Opinion Rewards te ajuda a ganhar dinheiro de forma simples e r\u00e1pida online, e&#8230;<\/p>","protected":false},"author":24,"featured_media":17511,"parent":0,"menu_order":0,"comment_status":"closed","ping_status":"closed","template":"","meta":{"footnotes":""},"class_list":["post-19524","page","type-page","status-publish","has-post-thumbnail","hentry"],"_links":{"self":[{"href":"https:\/\/bonfimnoticias.com.br\/es\/wp-json\/wp\/v2\/pages\/19524","targetHints":{"allow":["GET"]}}],"collection":[{"href":"https:\/\/bonfimnoticias.com.br\/es\/wp-json\/wp\/v2\/pages"}],"about":[{"href":"https:\/\/bonfimnoticias.com.br\/es\/wp-json\/wp\/v2\/types\/page"}],"author":[{"embeddable":true,"href":"https:\/\/bonfimnoticias.com.br\/es\/wp-json\/wp\/v2\/users\/24"}],"replies":[{"embeddable":true,"href":"https:\/\/bonfimnoticias.com.br\/es\/wp-json\/wp\/v2\/comments?post=19524"}],"version-history":[{"count":2,"href":"https:\/\/bonfimnoticias.com.br\/es\/wp-json\/wp\/v2\/pages\/19524\/revisions"}],"predecessor-version":[{"id":19526,"href":"https:\/\/bonfimnoticias.com.br\/es\/wp-json\/wp\/v2\/pages\/19524\/revisions\/19526"}],"wp:featuredmedia":[{"embeddable":true,"href":"https:\/\/bonfimnoticias.com.br\/es\/wp-json\/wp\/v2\/media\/17511"}],"wp:attachment":[{"href":"https:\/\/bonfimnoticias.com.br\/es\/wp-json\/wp\/v2\/media?parent=19524"}],"curies":[{"name":"wp","href":"https:\/\/api.w.org\/{rel}","templated":true}]}}