{"id":19499,"date":"2025-01-07T13:02:44","date_gmt":"2025-01-07T16:02:44","guid":{"rendered":"https:\/\/bonfimnoticias.com.br\/?page_id=19499"},"modified":"2025-01-07T13:06:57","modified_gmt":"2025-01-07T16:06:57","slug":"las-tarjetas-empresariales-banco-galicia-resumen","status":"publish","type":"page","link":"https:\/\/bonfimnoticias.com.br\/es\/las-tarjetas-empresariales-banco-galicia-resumen\/","title":{"rendered":"Las tarjetas de presentaci\u00f3n del Banco Galicia: un breve resumen"},"content":{"rendered":"<h2>noticias<\/h2>\n<h2>Las tarjetas de presentaci\u00f3n del Banco Galicia: un breve resumen <\/h2>\n<h2>Consulta a continuaci\u00f3n las ofertas de tarjetas de cr\u00e9dito y d\u00e9bito corporativas de Banco Galicia <\/h2>\n<p>\t\t\t\t\t\t\t\t\t\t\t\t\t<img loading=\"lazy\" decoding=\"async\" width=\"615\" height=\"300\" src=\"https:\/\/bonfimnoticias.com.br\/wp_cf5e68-content\/uploads\/2024\/02\/saque-dinheiro-salario-fgts-recebimento-1487001871429_615x300.jpg.webp\" alt=\"\" srcset=\"https:\/\/bonfimnoticias.com.br\/wp_cf5e68-content\/uploads\/2024\/02\/saque-dinheiro-salario-fgts-recebimento-1487001871429_615x300.jpg.webp 615w, https:\/\/bonfimnoticias.com.br\/wp_cf5e68-content\/uploads\/2024\/02\/saque-dinheiro-salario-fgts-recebimento-1487001871429_615x300.jpg-150x73.webp 150w\" sizes=\"auto, (max-width: 615px) 100vw, 615px\" \/>\t\t\t\t\t\t\t\t\t\t\t\t\t<\/p>\n<p>Entre las ofertas de tarjetas de cr\u00e9dito Visa Business y la tarjeta de d\u00e9bito Visa Business.<\/p>\n<p>Ambas presentan algunas funcionalidades diferentes, sin embargo, en general tienen muchos puntos en com\u00fan, empezando por los siguientes beneficios: la gesti\u00f3n eficiente de los gastos a trav\u00e9s de la plataforma digital; la informaci\u00f3n detallada que la plataforma ofrece sobre el uso y gastos de la tarjeta; los seguros y protecci\u00f3n; los programas de recompensas incluidos; y la incre\u00edble facilidad de pago gracias a la aceptaci\u00f3n de tarjetas nacionales e internacionales para tus compras.<\/p>\n<p>Sin embargo, para guiarte a trav\u00e9s de los detalles m\u00e1s espec\u00edficos y separados de estas ofertas financieras, hemos preparado un contenido especial que te mostrar\u00e1 m\u00e1s claramente qu\u00e9 tarjeta podr\u00eda ser ideal para las necesidades de tu empresa.<\/p>\n<p>\t\t\t\t\t<a href=\"https:\/\/bonfimnoticias.com.br\/es\/todo-sobre-las-tarjetas-empresariales-del-banco-galicia\/\"><br \/>\n\t\t\t\t\t\t\t\t\tTodo sobre las tarjetas de presentaci\u00f3n del Banco Galicia<br \/>\n\t\t\t\t\t<\/a><\/p>\n<p>Otro punto muy importante a destacar entre las tarjetas de presentaci\u00f3n de Banco Galicia es que no importa el tama\u00f1o de tu empresa, podr\u00e1s retirarlas cuando desees.<\/p>\n<p>Por supuesto, es necesario cumplir algunos requisitos para obtener efectivamente la tarjeta, pero no tienes que preocuparte por eso, ya que el banco es completamente transparente con esta informaci\u00f3n para que nadie tenga dudas.<\/p>\n<p>Adem\u00e1s, para ense\u00f1arte con detalle c\u00f3mo solicitarlo, en este contenido especial que hemos preparado y que te hemos mencionado antes, te explicamos todo el proceso paso a paso de c\u00f3mo solicitarlo.<\/p>\n<p>Este contenido tambi\u00e9n contiene el link de acceso que te llevar\u00e1 directamente al sitio web institucional para iniciar el tr\u00e1mite y tambi\u00e9n para conocer m\u00e1s sobre cada punto espec\u00edfico de los productos.<\/p>\n<p>No tiene que preocuparse por nada m\u00e1s, simplemente siga todas las recomendaciones. Banco Galicia es una instituci\u00f3n verdaderamente confiable y segura, y si estas ofertas de tarjetas de presentaci\u00f3n no le convienen, existen otras instituciones importantes en la misma regi\u00f3n, como el Banco Nacional.<\/p>\n<p>Pero no te saltes los pasos. Consulta primero el contenido mencionado y sigue las recomendaciones. Ten en cuenta que cualquier proceso de contrataci\u00f3n de un producto financiero requiere mucha informaci\u00f3n previa, un an\u00e1lisis detallado de las condiciones, especialmente en lo que respecta al pago, y posterior a la solicitud.<\/p>\n<p>Siempre lo tengo en mi cuenta: lo leo, lo informo y lo accedo. El pedido no se puede reemplazar.<\/p>\n<p>\t\t\t\t\t<a href=\"https:\/\/bonfimnoticias.com.br\/es\/todo-sobre-las-tarjetas-empresariales-del-banco-galicia\/\"><br \/>\n\t\t\t\t\t\t\t\t\tGu\u00eda paso a paso para adquirir una tarjeta empresarial del Banco Galicia<br \/>\n\t\t\t\t\t<\/a><\/p>\n<p><strong>Acerca de nuestros servicios<\/strong><br \/>Nuestro portal nunca solicita datos personales de quienes nos visitan. Funcionamos como una plataforma de informaci\u00f3n que promociona diversos productos financieros, como tarjetas y pr\u00e9stamos, entre otros. Le solicitamos que solo comparta su informaci\u00f3n personal en espacios oficiales en l\u00ednea o en las oficinas f\u00edsicas de las empresas que recomendamos.<\/p>\n<p><strong>Asociaciones y derechos<\/strong><br \/>Tenemos acuerdos de afiliaci\u00f3n con muchos de los productos que presentamos. Recuerde que todas las im\u00e1genes y nombres asociados a los productos pertenecen a sus respectivos titulares de derechos.<\/p>\n<p><strong>Compromiso de actualizaci\u00f3n<\/strong><br \/>Hacemos todo lo posible para garantizar que toda la informaci\u00f3n sobre nuestros productos est\u00e9 actualizada. Sin embargo, al redirigir a la p\u00e1gina oficial, puede encontrar informaci\u00f3n diferente, ya que las empresas se reservan el derecho de modificar las condiciones de sus productos sin previo aviso. Queremos que siempre tenga acceso a la informaci\u00f3n m\u00e1s precisa y actualizada.<\/p>\n<p>Recuerde, siempre es importante consultar la informaci\u00f3n directamente en las p\u00e1ginas oficiales de las empresas para garantizar su exactitud y actualidad. \u00a1Gracias por confiar en nosotros!<\/p>\n<p>\t\t\t\t\t\t\t\t\t\t\t\t\t<img loading=\"lazy\" decoding=\"async\" width=\"271\" height=\"298\" src=\"https:\/\/bonfimnoticias.com.br\/wp_cf5e68-content\/uploads\/2024\/11\/logo-bonfim-png.png\" alt=\"\" \/><\/p>","protected":false},"excerpt":{"rendered":"<p>novidades Las tarjetas empresariales del Banco Galicia: un breve resumen Consult\u00e1 las ofertas de tarjetas de cr\u00e9dito y d\u00e9bito corporativas&#8230;<\/p>","protected":false},"author":24,"featured_media":17819,"parent":0,"menu_order":0,"comment_status":"closed","ping_status":"closed","template":"","meta":{"footnotes":""},"class_list":["post-19499","page","type-page","status-publish","has-post-thumbnail","hentry"],"_links":{"self":[{"href":"https:\/\/bonfimnoticias.com.br\/es\/wp-json\/wp\/v2\/pages\/19499","targetHints":{"allow":["GET"]}}],"collection":[{"href":"https:\/\/bonfimnoticias.com.br\/es\/wp-json\/wp\/v2\/pages"}],"about":[{"href":"https:\/\/bonfimnoticias.com.br\/es\/wp-json\/wp\/v2\/types\/page"}],"author":[{"embeddable":true,"href":"https:\/\/bonfimnoticias.com.br\/es\/wp-json\/wp\/v2\/users\/24"}],"replies":[{"embeddable":true,"href":"https:\/\/bonfimnoticias.com.br\/es\/wp-json\/wp\/v2\/comments?post=19499"}],"version-history":[{"count":4,"href":"https:\/\/bonfimnoticias.com.br\/es\/wp-json\/wp\/v2\/pages\/19499\/revisions"}],"predecessor-version":[{"id":19503,"href":"https:\/\/bonfimnoticias.com.br\/es\/wp-json\/wp\/v2\/pages\/19499\/revisions\/19503"}],"wp:featuredmedia":[{"embeddable":true,"href":"https:\/\/bonfimnoticias.com.br\/es\/wp-json\/wp\/v2\/media\/17819"}],"wp:attachment":[{"href":"https:\/\/bonfimnoticias.com.br\/es\/wp-json\/wp\/v2\/media?parent=19499"}],"curies":[{"name":"wp","href":"https:\/\/api.w.org\/{rel}","templated":true}]}}