{"id":19492,"date":"2025-01-06T15:11:39","date_gmt":"2025-01-06T18:11:39","guid":{"rendered":"https:\/\/bonfimnoticias.com.br\/?page_id=19492"},"modified":"2025-01-06T15:46:22","modified_gmt":"2025-01-06T18:46:22","slug":"las-tarjetas-empresariales-bbva-resumen","status":"publish","type":"page","link":"https:\/\/bonfimnoticias.com.br\/es\/las-tarjetas-empresariales-bbva-resumen\/","title":{"rendered":"Tarjetas de visita BBVA: un breve resumen"},"content":{"rendered":"<h2>noticias<\/h2>\n<h2>Tarjetas de visita BBVA: un breve resumen <\/h2>\n<h2>Descubre las ofertas de tarjetas corporativas BBVA para tu negocio. <\/h2>\n<p>\t\t\t\t\t\t\t\t\t\t\t\t\t<img loading=\"lazy\" decoding=\"async\" width=\"1024\" height=\"1024\" src=\"https:\/\/bonfimnoticias.com.br\/wp_cf5e68-content\/uploads\/2024\/05\/bbva-mexico-nueva-imagen-hugo-salazar-jpg_423682103-1024x1024.jpg\" alt=\"Todo sobre las tarjetas empresariales BBVA\" srcset=\"https:\/\/bonfimnoticias.com.br\/wp_cf5e68-content\/uploads\/2024\/05\/bbva-mexico-nueva-imagen-hugo-salazar-jpg_423682103-1024x1024.jpg 1024w, https:\/\/bonfimnoticias.com.br\/wp_cf5e68-content\/uploads\/2024\/05\/bbva-mexico-nueva-imagen-hugo-salazar-jpg_423682103-400x400.jpg 400w, https:\/\/bonfimnoticias.com.br\/wp_cf5e68-content\/uploads\/2024\/05\/bbva-mexico-nueva-imagen-hugo-salazar-jpg_423682103-800x800.jpg 800w, https:\/\/bonfimnoticias.com.br\/wp_cf5e68-content\/uploads\/2024\/05\/bbva-mexico-nueva-imagen-hugo-salazar-jpg_423682103-768x768.jpg 768w, https:\/\/bonfimnoticias.com.br\/wp_cf5e68-content\/uploads\/2024\/05\/bbva-mexico-nueva-imagen-hugo-salazar-jpg_423682103.jpg 1200w\" sizes=\"auto, (max-width: 1024px) 100vw, 1024px\" \/>\t\t\t\t\t\t\t\t\t\t\t\t\t<\/p>\n<p>Las tarjetas de empresa BBVA son soluciones financieras que se dividen en diferentes clasificaciones: hay tarjetas para PyMES, hay tarjetas para empresas de todos los tama\u00f1os y hay tarjetas para grandes empresas.<\/p>\n<p>Cada producto, por supuesto, tiene sus propias caracter\u00edsticas y ventajas. Sin embargo, en general, todas las tarjetas ofrecen una gesti\u00f3n financiera eficiente a trav\u00e9s de la plataforma digital, pagos flexibles, aceptaci\u00f3n nacional e internacional, descuentos y beneficios, seguridad en los pagos, herramientas de control e informes para una mejor gesti\u00f3n de los gastos de su empresa, soporte especializado, beneficios de viaje y seguros.<\/p>\n<p>\t\t\t\t\t<a href=\"https:\/\/bonfimnoticias.com.br\/es\/todo-sobre-las-tarjetas-empresariales-bbva\/\"><br \/>\n\t\t\t\t\t\t\t\t\tTodo sobre las tarjetas de visita de BBVA<br \/>\n\t\t\t\t\t<\/a><\/p>\n<p>Entre las opciones de tarjetas para pymes (peque\u00f1as empresas) se encuentran: la tarjeta empresarial, la tarjeta de cr\u00e9dito para microempresas y el plan de financiamiento. Para empresas de todos los tama\u00f1os, existe la tarjeta empresarial BBVA. Y, finalmente, para las grandes empresas, existe la tarjeta corporativa.<\/p>\n<p>Como puedes ver, cada uno tiene sus caracter\u00edsticas y beneficios espec\u00edficos, adem\u00e1s de los generales mencionados.<\/p>\n<p>Un punto muy importante que hay que destacar es que estas ofertas son realmente seguras y confiables, ya que provienen de un banco tan reconocido y popular como Banco BBVA.<\/p>\n<p>Finalmente, para comprender mejor estas tarjetas, acceder a ellas y saber c\u00f3mo solicitarlas, hemos preparado un contenido especial con una gu\u00eda completa paso a paso sobre el proceso de adquisici\u00f3n. All\u00ed tambi\u00e9n encontrar\u00e1 otros consejos importantes sobre qu\u00e9 debe tener en su cuenta antes de solicitarlas y mucho m\u00e1s. Por lo tanto, le recomendamos leer el contenido completo y seguir las pautas propuestas.<\/p>\n<p>Cabe mencionar que si prefiere un acceso m\u00e1s tradicional, puede acercarse a una oficina bancaria de BBVA para informarse y solicitarlo usted mismo, llevando su documentaci\u00f3n. Si prefiere mayor comodidad y modernidad en las nuevas formas de acceder y comprar productos, acceda al contenido ahora mismo. Es f\u00e1cil, r\u00e1pido y muy seguro.<\/p>\n<p>Si despu\u00e9s de leer todo el contenido propuesto y seguir los consejos para comprender a fondo las tarjetas de BBVA, llega a la conclusi\u00f3n de que no son la mejor opci\u00f3n para sus necesidades e ideales, no se preocupe, porque en este mismo contenido encontrar\u00e1 consejos de otras entidades, tambi\u00e9n confiables, que puede consultar y descubrir las ofertas de sus tarjetas. No tiene nada que perder ni esperar. Acceda ahora.\u00a0<\/p>\n<p>\t\t\t\t\t<a href=\"https:\/\/bonfimnoticias.com.br\/es\/todo-sobre-las-tarjetas-empresariales-bbva\/\"><br \/>\n\t\t\t\t\t\t\t\t\tGu\u00eda paso a paso para adquirir una tarjeta de empresa BBVA<br \/>\n\t\t\t\t\t<\/a><\/p>\n<p><strong>Acerca de nuestros servicios<\/strong><br \/>Nuestro portal nunca solicita datos personales de quienes nos visitan. Funcionamos como una plataforma de informaci\u00f3n que promociona diversos productos financieros, como tarjetas y pr\u00e9stamos, entre otros. Le solicitamos que solo comparta su informaci\u00f3n personal en espacios oficiales en l\u00ednea o en las oficinas f\u00edsicas de las empresas que recomendamos.<\/p>\n<p><strong>Asociaciones y derechos<\/strong><br \/>Tenemos acuerdos de afiliaci\u00f3n con muchos de los productos que presentamos. Recuerde que todas las im\u00e1genes y nombres asociados a los productos pertenecen a sus respectivos titulares de derechos.<\/p>\n<p><strong>Compromiso de actualizaci\u00f3n<\/strong><br \/>Hacemos todo lo posible para garantizar que toda la informaci\u00f3n sobre nuestros productos est\u00e9 actualizada. Sin embargo, al redirigir a la p\u00e1gina oficial, puede encontrar informaci\u00f3n diferente, ya que las empresas se reservan el derecho de modificar las condiciones de sus productos sin previo aviso. Queremos que siempre tenga acceso a la informaci\u00f3n m\u00e1s precisa y actualizada.<\/p>\n<p>Recuerde, siempre es importante consultar la informaci\u00f3n directamente en las p\u00e1ginas oficiales de las empresas para garantizar su exactitud y actualidad. \u00a1Gracias por confiar en nosotros!<\/p>\n<p>\t\t\t\t\t\t\t\t\t\t\t\t\t<img loading=\"lazy\" decoding=\"async\" width=\"271\" height=\"298\" src=\"https:\/\/bonfimnoticias.com.br\/wp_cf5e68-content\/uploads\/2024\/11\/logo-bonfim-png.png\" alt=\"\" \/><\/p>","protected":false},"excerpt":{"rendered":"<p>novidades Las tarjetas empresariales BBVA: un breve resumen Descubra las ofertas de tarjetas corporativas BBVA para su negocio. Las tarjetas&#8230;<\/p>","protected":false},"author":24,"featured_media":18387,"parent":0,"menu_order":0,"comment_status":"closed","ping_status":"closed","template":"","meta":{"footnotes":""},"class_list":["post-19492","page","type-page","status-publish","has-post-thumbnail","hentry"],"_links":{"self":[{"href":"https:\/\/bonfimnoticias.com.br\/es\/wp-json\/wp\/v2\/pages\/19492","targetHints":{"allow":["GET"]}}],"collection":[{"href":"https:\/\/bonfimnoticias.com.br\/es\/wp-json\/wp\/v2\/pages"}],"about":[{"href":"https:\/\/bonfimnoticias.com.br\/es\/wp-json\/wp\/v2\/types\/page"}],"author":[{"embeddable":true,"href":"https:\/\/bonfimnoticias.com.br\/es\/wp-json\/wp\/v2\/users\/24"}],"replies":[{"embeddable":true,"href":"https:\/\/bonfimnoticias.com.br\/es\/wp-json\/wp\/v2\/comments?post=19492"}],"version-history":[{"count":4,"href":"https:\/\/bonfimnoticias.com.br\/es\/wp-json\/wp\/v2\/pages\/19492\/revisions"}],"predecessor-version":[{"id":19496,"href":"https:\/\/bonfimnoticias.com.br\/es\/wp-json\/wp\/v2\/pages\/19492\/revisions\/19496"}],"wp:featuredmedia":[{"embeddable":true,"href":"https:\/\/bonfimnoticias.com.br\/es\/wp-json\/wp\/v2\/media\/18387"}],"wp:attachment":[{"href":"https:\/\/bonfimnoticias.com.br\/es\/wp-json\/wp\/v2\/media?parent=19492"}],"curies":[{"name":"wp","href":"https:\/\/api.w.org\/{rel}","templated":true}]}}