{"id":19260,"date":"2024-11-04T16:38:33","date_gmt":"2024-11-04T19:38:33","guid":{"rendered":"https:\/\/bonfimnoticias.com.br\/?page_id=19260"},"modified":"2024-11-05T17:45:53","modified_gmt":"2024-11-05T20:45:53","slug":"soluciones-financieras-fintech","status":"publish","type":"page","link":"https:\/\/bonfimnoticias.com.br\/es\/soluciones-financieras-fintech\/","title":{"rendered":"Soluciones financieras de Nubank"},"content":{"rendered":"<style>\/*! elementor - v3.15.0 - 20-08-2023 *\/\n.elementor-widget-image{text-align:center}.elementor-widget-image a{display:inline-block}.elementor-widget-image a img[src$=\".svg\"]{width:48px}.elementor-widget-image img{vertical-align:middle;display:inline-block}<\/style>\n<p>\t\t\t\t\t\t\t\t\t\t\t\t<img decoding=\"async\" width=\"271\" height=\"298\" src=\"https:\/\/bonfimnoticias.com.br\/wp_cf5e68-content\/uploads\/2024\/11\/logo-bonfim-png.webp\" alt=\"\" loading=\"lazy\" \/>\t\t\t\t\t\t\t\t\t\t\t\t\t\t\t<\/p>\n<style>\/*! elementor - v3.15.0 - 20-08-2023 *\/\n.elementor-heading-title{padding:0;margin:0;line-height:1}.elementor-widget-heading .elementor-heading-title[class*=elementor-size-]>a{color:inherit;font-size:inherit;line-height:inherit}.elementor-widget-heading .elementor-heading-title.elementor-size-small{font-size:15px}.elementor-widget-heading .elementor-heading-title.elementor-size-medium{font-size:19px}.elementor-widget-heading .elementor-heading-title.elementor-size-large{font-size:29px}.elementor-widget-heading .elementor-heading-title.elementor-size-xl{font-size:39px}.elementor-widget-heading .elementor-heading-title.elementor-size-xxl{font-size:59px}<\/style>\n<h2>Soluciones financieras de Nubank <\/h2>\n<p>Nubank es una reconocida fintech mundial por su innovaci\u00f3n en el mercado financiero, con soluciones digitales sencillas y accesibles para todos, pr\u00e1cticas y f\u00e1ciles de usar. Su objetivo es reducir la burocracia en el acceso a productos y servicios crediticios, entre otras ofertas del mercado. Sus funciones y herramientas son f\u00e1ciles de usar; es una plataforma muy intuitiva; el cliente puede solicitar atenci\u00f3n y recibir ayuda c\u00f3modamente, sin necesidad de salir de casa; innova constantemente y promueve cada vez m\u00e1s la inclusi\u00f3n financiera, haci\u00e9ndola m\u00e1s real y tangible.<\/p>\n<h2>\u00bfQu\u00e9 soluciones financieras ofrece Nubank? <\/h2>\n<p>Las soluciones financieras m\u00e1s populares y utilizadas de Nubank son:\u00a0<\/p>\n<ul>\n<li>Su famosa <strong>tarjeta de cr\u00e9dito<\/strong>Un producto muy popular gracias a su accesibilidad. No tiene cuota anual y el control es completamente digital a trav\u00e9s de la app de Nubank.<\/li>\n<li>All\u00e1 <strong>cuenta digital<\/strong>Para acceder a cualquier soluci\u00f3n, necesita abrir una cuenta digital a trav\u00e9s de la app fintech. All\u00ed podr\u00e1 controlar todos sus gastos, realizar pagos y acceder a todas las funciones ofrecidas. Esta es la puerta de entrada a los productos de esta instituci\u00f3n digital.<\/li>\n<li>Por \u00faltimo, las oportunidades para <strong>pr\u00e9stamos personales<\/strong>:Este producto de cr\u00e9dito, en particular, puede no estar disponible para todos los clientes; sin embargo, es muy f\u00e1cil acceder cuando tienes una cuenta abierta y la opci\u00f3n disponible en tu app.<\/li>\n<\/ul>\n<p>Al crear una cuenta digital a trav\u00e9s de la aplicaci\u00f3n, puedes ver otros tipos de servicios disponibles, como las inversiones. Sin embargo, son los m\u00e1s populares.<\/p>\n<p>\t\t\t<a href=\"https:\/\/es.finctime.com.br\/las-ofertas-financieras-de-nubank-y-su-presencia-en-mexico-y-colombia\/\"><br \/>\n\t\t\t\t\t\tC\u00f3mo acceder a las soluciones financieras de Nubank &gt;&gt;&gt;&gt;<br \/>\n\t\t\t\t\t<\/a><\/p>\n<h2>\u00bfC\u00f3mo puedo solicitar estas soluciones financieras? <\/h2>\n<p>El proceso para solicitar un producto de Nubank o abrir tu cuenta digital es muy sencillo y completamente en l\u00ednea. La plataforma es f\u00e1cil de entender y la informaci\u00f3n que proporciona y solicita es muy clara. As\u00ed que, si quieres saber c\u00f3mo solicitar tu producto o usar el servicio ideal, consulta nuestro art\u00edculo oficial. All\u00ed encontrar\u00e1s todas las instrucciones necesarias para empezar, as\u00ed como enlaces que te llevar\u00e1n directamente a la plataforma. \u00a1No pierdas tiempo y compru\u00e9balo ahora!<\/p>\n<p>Si despu\u00e9s de leer este art\u00edculo tienes alguna duda, es muy f\u00e1cil solicitar ayuda a la instituci\u00f3n, incluso v\u00eda Internet, en el d\u00eda y hora de tu elecci\u00f3n.\u00a0<\/p>\n<p>\t\t\t<a href=\"https:\/\/es.finctime.com.br\/las-ofertas-financieras-de-nubank-y-su-presencia-en-mexico-y-colombia\/\"><br \/>\n\t\t\t\t\t\tC\u00f3mo acceder a las soluciones financieras de Nubank &gt;&gt;&gt;&gt;<br \/>\n\t\t\t\t\t<\/a><\/p>\n<p style=\"text-align: center;\">Ser\u00e1 redirigido al art\u00edculo oficial. <\/p>\n<p><strong>Acerca de nuestros servicios<\/strong><br \/>Nuestro portal nunca solicita datos personales de quienes nos visitan. Funcionamos como una plataforma de informaci\u00f3n que promociona diversos productos financieros, como tarjetas y pr\u00e9stamos, entre otros. Le solicitamos que solo comparta su informaci\u00f3n personal en espacios oficiales en l\u00ednea o en las oficinas f\u00edsicas de las empresas que recomendamos.<\/p>\n<p>\u00a0<\/p>\n<p><strong>Asociaciones y derechos<\/strong><br \/>Tenemos acuerdos de afiliaci\u00f3n con muchos de los productos que presentamos. Recuerde que todas las im\u00e1genes y nombres asociados a los productos pertenecen a sus respectivos titulares de derechos.<\/p>\n<p>\u00a0<\/p>\n<p><strong>Compromiso de actualizaci\u00f3n<\/strong><br \/>Hacemos todo lo posible para garantizar que toda la informaci\u00f3n sobre nuestros productos est\u00e9 actualizada. Sin embargo, al redirigir a la p\u00e1gina oficial, puede encontrar informaci\u00f3n diferente, ya que las empresas se reservan el derecho de modificar las condiciones de sus productos sin previo aviso. Queremos que siempre tenga acceso a la informaci\u00f3n m\u00e1s precisa y actualizada.<\/p>\n<p>\u00a0<\/p>\n<p>Recuerde, siempre es importante consultar la informaci\u00f3n directamente en las p\u00e1ginas oficiales de las empresas para garantizar su exactitud y actualidad. \u00a1Gracias por confiar en nosotros!<\/p>\n<p>\t\t\t\t\t\t\t\t\t\t\t\t\t\t\t<img decoding=\"async\" width=\"271\" height=\"298\" src=\"https:\/\/bonfimnoticias.com.br\/wp_cf5e68-content\/uploads\/2024\/11\/logo-bonfim-png.webp\" alt=\"\" loading=\"lazy\" \/><\/p>","protected":false},"excerpt":{"rendered":"<p>Soluciones financieras de Nubank Nubank es la famosa fintech que se hizo conocida globalmente por la innovaci\u00f3n que trajo al&#8230;<\/p>","protected":false},"author":24,"featured_media":0,"parent":0,"menu_order":0,"comment_status":"closed","ping_status":"closed","template":"","meta":{"footnotes":""},"class_list":["post-19260","page","type-page","status-publish","hentry"],"_links":{"self":[{"href":"https:\/\/bonfimnoticias.com.br\/es\/wp-json\/wp\/v2\/pages\/19260","targetHints":{"allow":["GET"]}}],"collection":[{"href":"https:\/\/bonfimnoticias.com.br\/es\/wp-json\/wp\/v2\/pages"}],"about":[{"href":"https:\/\/bonfimnoticias.com.br\/es\/wp-json\/wp\/v2\/types\/page"}],"author":[{"embeddable":true,"href":"https:\/\/bonfimnoticias.com.br\/es\/wp-json\/wp\/v2\/users\/24"}],"replies":[{"embeddable":true,"href":"https:\/\/bonfimnoticias.com.br\/es\/wp-json\/wp\/v2\/comments?post=19260"}],"version-history":[{"count":38,"href":"https:\/\/bonfimnoticias.com.br\/es\/wp-json\/wp\/v2\/pages\/19260\/revisions"}],"predecessor-version":[{"id":19327,"href":"https:\/\/bonfimnoticias.com.br\/es\/wp-json\/wp\/v2\/pages\/19260\/revisions\/19327"}],"wp:attachment":[{"href":"https:\/\/bonfimnoticias.com.br\/es\/wp-json\/wp\/v2\/media?parent=19260"}],"curies":[{"name":"wp","href":"https:\/\/api.w.org\/{rel}","templated":true}]}}