{"id":19222,"date":"2024-10-31T21:20:09","date_gmt":"2024-11-01T00:20:09","guid":{"rendered":"https:\/\/bonfimnoticias.com.br\/?page_id=19222"},"modified":"2024-10-31T21:20:13","modified_gmt":"2024-11-01T00:20:13","slug":"compra-tu-propio-coche-desde-solo-20-dolares","status":"publish","type":"page","link":"https:\/\/bonfimnoticias.com.br\/es\/compra-tu-propio-coche-desde-solo-20-dolares\/","title":{"rendered":"Compra tu propio auto desde s\u00f3lo 20 d\u00f3lares"},"content":{"rendered":"<p><!-- wp_cf5e68:paragraph {\"align\":\"center\"} --><\/p>\n<p class=\"has-text-align-center\"><strong>S\u00ed, es posible comprar tu propio auto por tan solo 20 d\u00f3lares, y no estoy hablando de un auto destrozado y en mal estado, puedes encontrar autos valiosos en venta por esta rid\u00edcula cantidad y a\u00fan as\u00ed poder obtenerlos de una manera muy asequible.<\/strong><\/p>\n<p><!-- \/wp_cf5e68:paragraph --><\/p>\n<p><!-- wp_cf5e68:image {\"id\":19223,\"sizeSlug\":\"large\",\"linkDestination\":\"none\",\"align\":\"center\"} --><\/p>\n<figure class=\"wp_cf5e68-block-image aligncenter size-large\"><img loading=\"lazy\" decoding=\"async\" src=\"https:\/\/bonfimnoticias.com.br\/wp_cf5e68-content\/uploads\/2024\/10\/rei-do-airbag-copart-1.jpg\" alt=\"Compra tu propio coche desde s\u00f3lo 20 d\u00f3lares\" class=\"wp_cf5e68-image-19223\"\/><\/figure>\n<p><!-- \/wp_cf5e68:image --><\/p>\n<p><!-- wp_cf5e68:list --><\/p>\n<ul><!-- wp_cf5e68:list-item --><\/p>\n<li><strong>Descubra las subtiendas de veh\u00edculos de Copart<\/strong>Copart es la plataforma submarina m\u00e1s grande y reconocida del mundo. En ella, puedes encontrar veh\u00edculos a precios irrisorios. Usa los filtros de la p\u00e1gina para encontrar oportunidades y participar en eventos en l\u00ednea para conseguir tu propio auto. All\u00ed encontrar\u00e1s veh\u00edculos a solo 20 d\u00f3lares, aunque no lo creas, e informaci\u00f3n detallada y transparente, ya que Copart es reconocido por su seguridad y honestidad.<\/li>\n<p><!-- \/wp_cf5e68:list-item --><\/p>\n<p><!-- wp_cf5e68:list-item --><\/p>\n<li><strong>Descubra el servicio de transporte de Copart<\/strong>Si en la subasta tiene suficiente dinero para comprar su propio coche, tambi\u00e9n puede solicitar el servicio de transporte de Copart. Por un cargo adicional, le entregaremos el autob\u00fas.<\/li>\n<p><!-- \/wp_cf5e68:list-item --><\/p>\n<p><!-- wp_cf5e68:list-item --><\/p>\n<li><strong>Lo que necesitas para participar y comprar tu auto:<\/strong> Para participar en las subastas de Copart y comprar tu propio coche, es fundamental planificar bien y controlar tus finanzas. Aprovecha al m\u00e1ximo y no te excedas. Al mismo tiempo, considera gastos adicionales, como el transporte, para no perjudicar tu salud financiera gastando m\u00e1s de lo que puedes permitirte. Controlar tus emociones tambi\u00e9n es clave para participar. Sin embargo, el proceso para participar lo descubrir\u00e1s en detalle en nuestro art\u00edculo oficial. All\u00ed tambi\u00e9n encontrar\u00e1s el enlace que te llevar\u00e1 directamente a la web de Copart para que puedas iniciar el proceso y convertirte en participante lo antes posible. Solo tienes que acceder a \u00e9l. Si tienes alguna duda sobre el tema, la propia p\u00e1gina puede responderte con informaci\u00f3n m\u00e1s completa, aunque el art\u00edculo oficial ofrece mucha m\u00e1s informaci\u00f3n para que la consultes y conozcas esta gran oportunidad. Finalmente, tambi\u00e9n puedes considerar las subtiendas de autocares como una oportunidad para ahorrar dinero y obtener beneficios, como una fuente de ingresos para comprar autocares a un precio muy bajo y venderlos a precio de mercado convencional. Pero lo que tienes que hacer ahora es: acceder a nuestro art\u00edculo oficial, planificar tus gastos y tu presupuesto y empezar a trabajar, siguiendo los pasos para convertirte en participante y luego comprar tu propio auto.<\/li>\n<p><!-- \/wp_cf5e68:list-item --><\/ul>\n<p><!-- \/wp_cf5e68:list --><\/p>\n<p><!-- wp_cf5e68:buttons {\"layout\":{\"type\":\"flex\",\"justifyContent\":\"center\"}} --><\/p>\n<div class=\"wp_cf5e68-block-buttons\"><!-- wp_cf5e68:button --><\/p>\n<div class=\"wp_cf5e68-block-button\"><a class=\"wp_cf5e68-block-button__link wp_cf5e68-element-button\" href=\"https:\/\/bonfimnoticias.com.br\/es\/comprar-tu-propio-coche-20-dolares\/\">C\u00f3mo participar en las subvenciones de Copart &gt;&gt;&gt;&gt;<\/a><\/div>\n<p><!-- \/wp_cf5e68:button --><\/div>\n<p><!-- \/wp_cf5e68:buttons --><\/p>\n<p><!-- wp_cf5e68:paragraph {\"align\":\"center\",\"style\":{\"elements\":{\"link\":{\"color\":{\"text\":\"var:preset|color|cyan-bluish-gray\"}}}},\"textColor\":\"cyan-bluish-gray\"} --><\/p>\n<p class=\"has-text-align-center has-cyan-bluish-gray-color has-text-color has-link-color\">Ser\u00e1 redirigido a nuestro art\u00edculo oficial mencionado. <\/p>\n<p><!-- \/wp_cf5e68:paragraph --><\/p>","protected":false},"excerpt":{"rendered":"<p>S\u00ed, es posible comprar tu propio coche desde tan s\u00f3lo 20 d\u00f3lares, y no estoy hablando de un coche destartalado&#8230;<\/p>","protected":false},"author":24,"featured_media":19223,"parent":0,"menu_order":0,"comment_status":"closed","ping_status":"closed","template":"","meta":{"footnotes":""},"class_list":["post-19222","page","type-page","status-publish","has-post-thumbnail","hentry"],"_links":{"self":[{"href":"https:\/\/bonfimnoticias.com.br\/es\/wp-json\/wp\/v2\/pages\/19222","targetHints":{"allow":["GET"]}}],"collection":[{"href":"https:\/\/bonfimnoticias.com.br\/es\/wp-json\/wp\/v2\/pages"}],"about":[{"href":"https:\/\/bonfimnoticias.com.br\/es\/wp-json\/wp\/v2\/types\/page"}],"author":[{"embeddable":true,"href":"https:\/\/bonfimnoticias.com.br\/es\/wp-json\/wp\/v2\/users\/24"}],"replies":[{"embeddable":true,"href":"https:\/\/bonfimnoticias.com.br\/es\/wp-json\/wp\/v2\/comments?post=19222"}],"version-history":[{"count":1,"href":"https:\/\/bonfimnoticias.com.br\/es\/wp-json\/wp\/v2\/pages\/19222\/revisions"}],"predecessor-version":[{"id":19224,"href":"https:\/\/bonfimnoticias.com.br\/es\/wp-json\/wp\/v2\/pages\/19222\/revisions\/19224"}],"wp:featuredmedia":[{"embeddable":true,"href":"https:\/\/bonfimnoticias.com.br\/es\/wp-json\/wp\/v2\/media\/19223"}],"wp:attachment":[{"href":"https:\/\/bonfimnoticias.com.br\/es\/wp-json\/wp\/v2\/media?parent=19222"}],"curies":[{"name":"wp","href":"https:\/\/api.w.org\/{rel}","templated":true}]}}