{"id":19199,"date":"2024-10-30T15:18:29","date_gmt":"2024-10-30T18:18:29","guid":{"rendered":"https:\/\/bonfimnoticias.com.br\/?page_id=19199"},"modified":"2024-10-30T15:18:32","modified_gmt":"2024-10-30T18:18:32","slug":"celular-prepago-con-precios-extremadamente-bajos-y-con-credito-ilimitado","status":"publish","type":"page","link":"https:\/\/bonfimnoticias.com.br\/es\/celular-prepago-con-precios-extremadamente-bajos-y-con-credito-ilimitado\/","title":{"rendered":"Celular prepago con precios extremadamente bajos y cr\u00e9dito ilimitado"},"content":{"rendered":"<p><!-- wp_cf5e68:paragraph {\"align\":\"center\"} --><\/p>\n<p class=\"has-text-align-center\"><strong>Conseguir un m\u00f3vil prepago con cr\u00e9dito ilimitado es una oportunidad para despreocuparse de recargar el m\u00f3vil y poder utilizar libremente las funciones del tel\u00e9fono, como acceso a Internet, mensajes y llamadas, de una forma m\u00e1s c\u00f3moda.<\/strong><\/p>\n<p><!-- \/wp_cf5e68:paragraph --><\/p>\n<p><!-- wp_cf5e68:image {\"id\":19201,\"sizeSlug\":\"large\",\"linkDestination\":\"none\",\"align\":\"center\"} --><\/p>\n<figure class=\"wp_cf5e68-block-image aligncenter size-large\"><img loading=\"lazy\" decoding=\"async\" src=\"https:\/\/bonfimnoticias.com.br\/wp_cf5e68-content\/uploads\/2024\/10\/celular-pre.jpg\" alt=\"Celular prepago con precios extremadamente bajos y con cr\u00e9dito ilimitado\" class=\"wp_cf5e68-image-19201\"\/><\/figure>\n<p><!-- \/wp_cf5e68:image --><\/p>\n<p><!-- wp_cf5e68:list --><\/p>\n<ul><!-- wp_cf5e68:list-item --><\/p>\n<li><strong>Las ventajas de contratar un m\u00f3vil prepago con cr\u00e9dito ilimitado: <\/strong>Con un m\u00f3vil prepago con saldo ilimitado evitas sorpresas, tienes mayor control de tus gastos y mejor sincronizaci\u00f3n; tienes m\u00e1s flexibilidad y libertad, pudiendo cambiar de plan si lo prefieres; no tienes que preocuparte por l\u00edmites de uso; tienes acceso total a las aplicaciones de tu dispositivo; hay m\u00e1s tiempo sin tener que recargar constantemente; puedes tener cobertura regional ampliada.<\/li>\n<p><!-- \/wp_cf5e68:list-item --><\/p>\n<p><!-- wp_cf5e68:list-item --><\/p>\n<li><strong>Detalles que debes tener para conseguir un m\u00f3vil prepago con cr\u00e9dito ilimitado<\/strong>Si desea un tel\u00e9fono m\u00f3vil prepago con saldo ilimitado, deber\u00e1 elegir el plan del operador que mejor se adapte a sus necesidades. Adem\u00e1s, es fundamental controlar los datos de ciertas actividades, cu\u00e1ndo puede retrasar la conexi\u00f3n al wifi y las funciones gratuitas. Por el mismo motivo, tambi\u00e9n deber\u00eda desactivar algunas actualizaciones autom\u00e1ticas y estar siempre al tanto de las ofertas y beneficios del plan, as\u00ed como de las promociones de su operador. Al comprar un tel\u00e9fono m\u00f3vil con estas caracter\u00edsticas, deber\u00e1 presentar su documentaci\u00f3n personal, ser alcalde o tener un representante legal, elegir el operador adecuado para adquirir la tarjeta SIM y asegurar la regi\u00f3n de cobertura.<\/li>\n<p><!-- \/wp_cf5e68:list-item --><\/p>\n<p><!-- wp_cf5e68:list-item --><\/p>\n<li><strong>D\u00f3nde y c\u00f3mo comprar este dispositivo y c\u00f3mo funciona<\/strong>En tiendas en l\u00ednea, por ejemplo, puedes encontrar tel\u00e9fonos m\u00f3viles prepago con saldo ilimitado y precios s\u00faper bajos. Pero no se trata solo de conseguir el terminal, sino tambi\u00e9n de consultar con el operador para contratar el plan. El proceso de compra es muy sencillo y en nuestro art\u00edculo oficial te proporcionamos un enlace que te dirigir\u00e1 directamente a la p\u00e1gina y te brindar\u00e1 una breve gu\u00eda paso a paso sobre c\u00f3mo realizar la compra. Hoy en d\u00eda, muchas personas optan por esta opci\u00f3n por la comodidad y los beneficios que ofrece, y la compra es como comprar un tel\u00e9fono m\u00f3vil normal por internet, como si cualquiera visitara al operador para elegir y adquirir el plan de saldo ilimitado. Finalmente, esta es tu oportunidad de comprar, y siempre al mejor precio del mercado.<\/li>\n<p><!-- \/wp_cf5e68:list-item --><\/ul>\n<p><!-- \/wp_cf5e68:list --><\/p>\n<p><!-- wp_cf5e68:buttons {\"layout\":{\"type\":\"flex\",\"justifyContent\":\"center\"}} --><\/p>\n<div class=\"wp_cf5e68-block-buttons\"><!-- wp_cf5e68:button --><\/p>\n<div class=\"wp_cf5e68-block-button\"><a class=\"wp_cf5e68-block-button__link wp_cf5e68-element-button\" href=\"https:\/\/bonfimnoticias.com.br\/es\/celulares-prepago-precios-bajos-credito-ilimitado\/\">C\u00f3mo y d\u00f3nde conseguir un m\u00f3vil prepago con cr\u00e9dito ilimitado &gt;&gt;&gt;&gt;<\/a><\/div>\n<p><!-- \/wp_cf5e68:button --><\/div>\n<p><!-- \/wp_cf5e68:buttons --><\/p>\n<p><!-- wp_cf5e68:paragraph {\"align\":\"center\",\"style\":{\"elements\":{\"link\":{\"color\":{\"text\":\"var:preset|color|cyan-bluish-gray\"}}}},\"textColor\":\"cyan-bluish-gray\"} --><\/p>\n<p class=\"has-text-align-center has-cyan-bluish-gray-color has-text-color has-link-color\">Ser\u00e1 redirigido a nuestro art\u00edculo oficial mencionado anteriormente.<\/p>\n<p><!-- \/wp_cf5e68:paragraph --><\/p>","protected":false},"excerpt":{"rendered":"<p>Conseguir un tel\u00e9fono m\u00f3vil de prepago con cr\u00e9dito ilimitado es una oportunidad para despreocuparse de recargar el m\u00f3vil y poder&#8230;<\/p>","protected":false},"author":24,"featured_media":19201,"parent":0,"menu_order":0,"comment_status":"closed","ping_status":"closed","template":"","meta":{"footnotes":""},"class_list":["post-19199","page","type-page","status-publish","has-post-thumbnail","hentry"],"_links":{"self":[{"href":"https:\/\/bonfimnoticias.com.br\/es\/wp-json\/wp\/v2\/pages\/19199","targetHints":{"allow":["GET"]}}],"collection":[{"href":"https:\/\/bonfimnoticias.com.br\/es\/wp-json\/wp\/v2\/pages"}],"about":[{"href":"https:\/\/bonfimnoticias.com.br\/es\/wp-json\/wp\/v2\/types\/page"}],"author":[{"embeddable":true,"href":"https:\/\/bonfimnoticias.com.br\/es\/wp-json\/wp\/v2\/users\/24"}],"replies":[{"embeddable":true,"href":"https:\/\/bonfimnoticias.com.br\/es\/wp-json\/wp\/v2\/comments?post=19199"}],"version-history":[{"count":1,"href":"https:\/\/bonfimnoticias.com.br\/es\/wp-json\/wp\/v2\/pages\/19199\/revisions"}],"predecessor-version":[{"id":19202,"href":"https:\/\/bonfimnoticias.com.br\/es\/wp-json\/wp\/v2\/pages\/19199\/revisions\/19202"}],"wp:featuredmedia":[{"embeddable":true,"href":"https:\/\/bonfimnoticias.com.br\/es\/wp-json\/wp\/v2\/media\/19201"}],"wp:attachment":[{"href":"https:\/\/bonfimnoticias.com.br\/es\/wp-json\/wp\/v2\/media?parent=19199"}],"curies":[{"name":"wp","href":"https:\/\/api.w.org\/{rel}","templated":true}]}}