{"id":19137,"date":"2024-10-30T09:58:10","date_gmt":"2024-10-30T12:58:10","guid":{"rendered":"https:\/\/bonfimnoticias.com.br\/?page_id=19137"},"modified":"2024-10-30T10:40:35","modified_gmt":"2024-10-30T13:40:35","slug":"quiz-agora","status":"publish","type":"page","link":"https:\/\/bonfimnoticias.com.br\/es\/quiz-agora\/","title":{"rendered":"HAZ EL EXAMEN AHORA"},"content":{"rendered":"<style>\/*! elementor - v3.15.0 - 20-08-2023 *\/\n.elementor-heading-title{padding:0;margin:0;line-height:1}.elementor-widget-heading .elementor-heading-title[class*=elementor-size-]>a{color:inherit;font-size:inherit;line-height:inherit}.elementor-widget-heading .elementor-heading-title.elementor-size-small{font-size:15px}.elementor-widget-heading .elementor-heading-title.elementor-size-medium{font-size:19px}.elementor-widget-heading .elementor-heading-title.elementor-size-large{font-size:29px}.elementor-widget-heading .elementor-heading-title.elementor-size-xl{font-size:39px}.elementor-widget-heading .elementor-heading-title.elementor-size-xxl{font-size:59px}<\/style>\n<h2>Encuentra tu pr\u00e9stamo<\/h2>\n<h2>Responde las siguientes preguntas y ver\u00e1s cu\u00e1nto puedes quejarte<\/h2>\n<h2>\u00bfCu\u00e1nto necesitas?<\/h2>\n<p>\t\t\t<a href=\"#\"><br \/>\n\t\t\t\t\t\tHasta $1.000<br \/>\n\t\t\t\t\t<\/a><br \/>\n\t\t\t<a href=\"#\"><br \/>\n\t\t\t\t\t\tHasta $ 3.000<br \/>\n\t\t\t\t\t<\/a><br \/>\n\t\t\t<a href=\"#\"><br \/>\n\t\t\t\t\t\tHasta $ 5.000<br \/>\n\t\t\t\t\t<\/a><br \/>\n\t\t\t<a href=\"#\"><br \/>\n\t\t\t\t\t\tM\u00e1s de $6.000<br \/>\n\t\t\t\t\t<\/a><\/p>\n<h2>470 personas de<br \/>\nse est\u00e1n llenando ahora<\/h2>\n<h2>Acerca de nuestros servicios<br \/>\nNuestro portal nunca solicita datos personales de quienes nos visitan. Funcionamos como una plataforma de informaci\u00f3n que promociona diversos productos financieros, como tarjetas y pr\u00e9stamos, entre otros. Le solicitamos que solo comparta su informaci\u00f3n personal en espacios oficiales en l\u00ednea o en las oficinas f\u00edsicas de las empresas que recomendamos.<\/p>\n<p>Asociaciones y derechos<br \/>\nTenemos acuerdos de afiliaci\u00f3n con muchos de los productos que presentamos. Recuerde que todas las im\u00e1genes y nombres asociados a los productos pertenecen a sus respectivos titulares de derechos.<\/p>\n<p>Compromiso de actualizaci\u00f3n<br \/>\nHacemos todo lo posible para garantizar que toda la informaci\u00f3n sobre nuestros productos est\u00e9 actualizada. Sin embargo, al redirigir a la p\u00e1gina oficial, puede encontrar informaci\u00f3n diferente, ya que las empresas se reservan el derecho de modificar las condiciones de sus productos sin previo aviso. Queremos que siempre tenga acceso a la informaci\u00f3n m\u00e1s precisa y actualizada.<\/p>\n<p>Recuerde, siempre es importante consultar la informaci\u00f3n directamente en las p\u00e1ginas oficiales de las empresas para garantizar su exactitud y actualidad. \u00a1Gracias por confiar en nosotros!<\/p>\n<p>Sobre nosotros | Aviso de privacidad | Condiciones de uso | Contacto<\/h2>","protected":false},"excerpt":{"rendered":"<p>Encuentra tu pr\u00e9stamo Responda las preguntas a continuaci\u00f3n y vea cu\u00e1nto puede reclamar \u00bfCuanto necesitas? Hasta $1.000 Hasta $ 3.000&#8230;<\/p>","protected":false},"author":24,"featured_media":0,"parent":0,"menu_order":0,"comment_status":"closed","ping_status":"closed","template":"","meta":{"footnotes":""},"class_list":["post-19137","page","type-page","status-publish","hentry"],"_links":{"self":[{"href":"https:\/\/bonfimnoticias.com.br\/es\/wp-json\/wp\/v2\/pages\/19137","targetHints":{"allow":["GET"]}}],"collection":[{"href":"https:\/\/bonfimnoticias.com.br\/es\/wp-json\/wp\/v2\/pages"}],"about":[{"href":"https:\/\/bonfimnoticias.com.br\/es\/wp-json\/wp\/v2\/types\/page"}],"author":[{"embeddable":true,"href":"https:\/\/bonfimnoticias.com.br\/es\/wp-json\/wp\/v2\/users\/24"}],"replies":[{"embeddable":true,"href":"https:\/\/bonfimnoticias.com.br\/es\/wp-json\/wp\/v2\/comments?post=19137"}],"version-history":[{"count":49,"href":"https:\/\/bonfimnoticias.com.br\/es\/wp-json\/wp\/v2\/pages\/19137\/revisions"}],"predecessor-version":[{"id":19190,"href":"https:\/\/bonfimnoticias.com.br\/es\/wp-json\/wp\/v2\/pages\/19137\/revisions\/19190"}],"wp:attachment":[{"href":"https:\/\/bonfimnoticias.com.br\/es\/wp-json\/wp\/v2\/media?parent=19137"}],"curies":[{"name":"wp","href":"https:\/\/api.w.org\/{rel}","templated":true}]}}