{"id":19122,"date":"2024-10-11T17:06:44","date_gmt":"2024-10-11T20:06:44","guid":{"rendered":"https:\/\/bonfimnoticias.com.br\/?page_id=19122"},"modified":"2024-10-11T17:50:03","modified_gmt":"2024-10-11T20:50:03","slug":"introduccion-a-los-productos-de-credito-de-caixabank-tarjetas-y-prestamos-personales","status":"publish","type":"page","link":"https:\/\/bonfimnoticias.com.br\/es\/introduccion-a-los-productos-de-credito-de-caixabank-tarjetas-y-prestamos-personales\/","title":{"rendered":"Introducci\u00f3n a los productos de cr\u00e9dito de Caixabank: tarjetas y pr\u00e9stamos personales"},"content":{"rendered":"<p><!-- wp_cf5e68:paragraph {\"align\":\"center\",\"style\":{\"elements\":{\"link\":{\"color\":{\"text\":\"var:preset|color|white\"}}}},\"backgroundColor\":\"vivid-cyan-blue\",\"textColor\":\"white\"} --><\/p>\n<p class=\"has-text-align-center has-white-color has-vivid-cyan-blue-background-color has-text-color has-background has-link-color\"><strong>CaixaBank es reconocida como una de las mayores entidades financieras locales. Ofrece una amplia gama de productos de cr\u00e9dito, incluyendo tarjetas y pr\u00e9stamos personales. Sus tarjetas ofrecen la flexibilidad y comodidad de fraccionar los pagos, mientras que las ofrecemos a particulares y constituyen soluciones financieras para quienes desean financiar cualquier proyecto. Por ello, hoy conocer\u00e1 las principales razones para solicitar estos productos, seguros y confiables.<\/strong><\/p>\n<p><!-- \/wp_cf5e68:paragraph --><\/p>\n<p><!-- wp_cf5e68:image {\"id\":19123,\"sizeSlug\":\"large\",\"linkDestination\":\"none\",\"align\":\"center\"} --><\/p>\n<figure class=\"wp_cf5e68-block-image aligncenter size-large\"><img loading=\"lazy\" decoding=\"async\" src=\"https:\/\/bonfimnoticias.com.br\/wp_cf5e68-content\/uploads\/2024\/10\/CaixaBank-Logo-1024x576.png\" alt=\"Introducci\u00f3n a los productos de cr\u00e9dito de Caixabank: tarjetas y pr\u00e9stamos personales\" class=\"wp_cf5e68-image-19123\"\/><\/figure>\n<p><!-- \/wp_cf5e68:image --><\/p>\n<p><!-- wp_cf5e68:heading {\"textAlign\":\"center\",\"style\":{\"elements\":{\"link\":{\"color\":{\"text\":\"var:preset|color|white\"}}}},\"backgroundColor\":\"vivid-cyan-blue\",\"textColor\":\"white\"} --><\/p>\n<h2 class=\"wp_cf5e68-block-heading has-text-align-center has-white-color has-vivid-cyan-blue-background-color has-text-color has-background has-link-color\">En primer lugar, echa un vistazo a los pr\u00e9stamos personales que ofrece Caixabank y sus ventajas.<\/h2>\n<p><!-- \/wp_cf5e68:heading --><\/p>\n<p><!-- wp_cf5e68:paragraph --><\/p>\n<p>En CaixaBank encontrar\u00e1s pr\u00e9stamos personales, pr\u00e9stamos de deducci\u00f3n de n\u00f3mina, pr\u00e9stamos para veh\u00edculos, pr\u00e9stamos inmobiliarios, pr\u00e9stamos hipotecarios, pr\u00e9stamos electr\u00f3nicos y pr\u00e9stamos estudiantiles. Con ellos, puedes financiar cualquier proyecto que tengas: tu veh\u00edculo nuevo, usado, h\u00edbrido o el\u00e9ctrico; renovar tu vivienda; invertir en la compra de nuevos productos tecnol\u00f3gicos; cubrir tus gastos anuales de estudiante; \u00a1y mucho m\u00e1s!<\/p>\n<p><!-- \/wp_cf5e68:paragraph --><\/p>\n<p><!-- wp_cf5e68:heading {\"textAlign\":\"center\",\"style\":{\"elements\":{\"link\":{\"color\":{\"text\":\"var:preset|color|white\"}}}},\"backgroundColor\":\"vivid-cyan-blue\",\"textColor\":\"white\"} --><\/p>\n<h2 class=\"wp_cf5e68-block-heading has-text-align-center has-white-color has-vivid-cyan-blue-background-color has-text-color has-background has-link-color\">Consulta ahora tambi\u00e9n las tarjetas de cr\u00e9dito que ofrece CaixaBank y sus ventajas<\/h2>\n<p><!-- \/wp_cf5e68:heading --><\/p>\n<p><!-- wp_cf5e68:paragraph --><\/p>\n<p>En cuanto a las tarjetas de cr\u00e9dito de CaixaBank, encontrar\u00e1s MyCard (una oportunidad de fraccionar tus compras tantas veces como quieras, recibir el cargo solo al d\u00eda siguiente de la compra y, adem\u00e1s, gestionar tus gastos a distancia y en remoto) y Visa &amp;Go (un producto exclusivo donde puedes seleccionar el importe que quieres pagar cada mes por la compra fraccionada. Las comisiones de emisi\u00f3n y mantenimiento son completamente gratuitas el primer a\u00f1o, y en el segundo a\u00f1o solo pagas una peque\u00f1a cantidad, siempre que la uses al menos una vez al a\u00f1o.<\/p>\n<p><!-- \/wp_cf5e68:paragraph --><\/p>\n<p><!-- wp_cf5e68:heading {\"textAlign\":\"center\",\"style\":{\"elements\":{\"link\":{\"color\":{\"text\":\"var:preset|color|white\"}}}},\"backgroundColor\":\"vivid-cyan-blue\",\"textColor\":\"white\"} --><\/p>\n<h2 class=\"wp_cf5e68-block-heading has-text-align-center has-white-color has-vivid-cyan-blue-background-color has-text-color has-background has-link-color\">Algunos consejos \u00fatiles<\/h2>\n<p><!-- \/wp_cf5e68:heading --><\/p>\n<p><!-- wp_cf5e68:paragraph --><\/p>\n<p>Es importante tener en cuenta que en CaixaBank tambi\u00e9n encontrar\u00e1s otros productos de pr\u00e9stamos y tarjetas, pero estos pr\u00e9stamos no son necesariamente personales y estas tarjetas no son necesariamente de tipo cr\u00e9dito, de ah\u00ed esta separaci\u00f3n que hace la propia entidad online.<\/p>\n<p><!-- \/wp_cf5e68:paragraph --><\/p>\n<p><!-- wp_cf5e68:heading {\"textAlign\":\"center\",\"style\":{\"elements\":{\"link\":{\"color\":{\"text\":\"var:preset|color|white\"}}}},\"backgroundColor\":\"vivid-cyan-blue\",\"textColor\":\"white\"} --><\/p>\n<h2 class=\"wp_cf5e68-block-heading has-text-align-center has-white-color has-vivid-cyan-blue-background-color has-text-color has-background has-link-color\">Por \u00faltimo, c\u00f3mo solicitar tu producto de cr\u00e9dito con esta entidad<\/h2>\n<p><!-- \/wp_cf5e68:heading --><\/p>\n<p><!-- wp_cf5e68:paragraph --><\/p>\n<p>Para solicitar tu tarjeta de cr\u00e9dito o pr\u00e9stamo personal de CaixaBank, te recomiendo consultar los art\u00edculos oficiales para obtener una visi\u00f3n general. All\u00ed encontrar\u00e1s una gu\u00eda completa paso a paso que incluye los requisitos para solicitarla. Tambi\u00e9n encontrar\u00e1s el enlace que te llevar\u00e1 directamente al primer paso del proceso. Por lo tanto, es fundamental que accedas a ellos, especialmente para obtener m\u00e1s detalles sobre estas oportunidades.<\/p>\n<p><!-- \/wp_cf5e68:paragraph --><\/p>\n<p><!-- wp_cf5e68:paragraph --><\/p>\n<p>Finalmente, el propio banco tambi\u00e9n asesora a los interesados en sus productos y, a trav\u00e9s de sus art\u00edculos, les informamos sobre los puntos que cubre la entidad, lo cual les ser\u00e1 \u00fatil si desean solicitarlo con CaixaBank o con otra entidad. Sin embargo, siempre recuerdo verificar la fiabilidad de otras entidades y dar preferencia a las m\u00e1s s\u00f3lidas y populares, como BBVA, por ejemplo. Independientemente de las ventajas que tenga una oferta, la mayor ventaja que puede tener es la seguridad. <\/p>\n<p><!-- \/wp_cf5e68:paragraph --><\/p>\n<p><!-- wp_cf5e68:buttons {\"layout\":{\"type\":\"flex\",\"justifyContent\":\"center\"}} --><\/p>\n<div class=\"wp_cf5e68-block-buttons\"><!-- wp_cf5e68:button {\"backgroundColor\":\"vivid-cyan-blue\",\"textColor\":\"white\",\"style\":{\"elements\":{\"link\":{\"color\":{\"text\":\"var:preset|color|white\"}}}}} --><\/p>\n<div class=\"wp_cf5e68-block-button\"><a class=\"wp_cf5e68-block-button__link has-white-color has-vivid-cyan-blue-background-color has-text-color has-background has-link-color wp_cf5e68-element-button\" href=\"https:\/\/bonfimnoticias.com.br\/es\/prestamos-personales-caixabank-una-vision-completa-y-como-solicitarlos\/\">C\u00f3mo solicitar un pr\u00e9stamo personal de Caixabank &gt;&gt;&gt;&gt;<\/a><\/div>\n<p><!-- \/wp_cf5e68:button --><\/div>\n<p><!-- \/wp_cf5e68:buttons --><\/p>\n<p><!-- wp_cf5e68:paragraph {\"align\":\"center\",\"style\":{\"elements\":{\"link\":{\"color\":{\"text\":\"var:preset|color|cyan-bluish-gray\"}}}},\"textColor\":\"cyan-bluish-gray\"} --><\/p>\n<p class=\"has-text-align-center has-cyan-bluish-gray-color has-text-color has-link-color\">Ser\u00e1 dirigido al art\u00edculo mencionado sobre el pr\u00e9stamo.<\/p>\n<p><!-- \/wp_cf5e68:paragraph --><\/p>\n<p><!-- wp_cf5e68:buttons {\"layout\":{\"type\":\"flex\",\"justifyContent\":\"center\"}} --><\/p>\n<div class=\"wp_cf5e68-block-buttons\"><!-- wp_cf5e68:button {\"backgroundColor\":\"vivid-cyan-blue\"} --><\/p>\n<div class=\"wp_cf5e68-block-button\"><a class=\"wp_cf5e68-block-button__link has-vivid-cyan-blue-background-color has-background wp_cf5e68-element-button\" href=\"https:\/\/bonfimnoticias.com.br\/es\/tarjetas-de-credito-caixabank-consulta-las-opciones-y-como-solicitarlas\/\">C\u00f3mo solicitar una tarjeta de cr\u00e9dito de CaixaBank &gt;&gt;&gt;&gt;<\/a><\/div>\n<p><!-- \/wp_cf5e68:button --><\/div>\n<p><!-- \/wp_cf5e68:buttons --><\/p>\n<p><!-- wp_cf5e68:paragraph {\"align\":\"center\",\"style\":{\"elements\":{\"link\":{\"color\":{\"text\":\"var:preset|color|cyan-bluish-gray\"}}}},\"textColor\":\"cyan-bluish-gray\"} --><\/p>\n<p class=\"has-text-align-center has-cyan-bluish-gray-color has-text-color has-link-color\">Ser\u00e1 dirigido al art\u00edculo mencionado sobre las tarjetas.<\/p>\n<p><!-- \/wp_cf5e68:paragraph --><\/p>","protected":false},"excerpt":{"rendered":"<p>CaixaBank es reconocido como una de las mayores instituciones financieras locales. Entre sus productos, ofrece una amplia gama de cr\u00e9ditos,&#8230;<\/p>","protected":false},"author":24,"featured_media":19123,"parent":0,"menu_order":0,"comment_status":"closed","ping_status":"closed","template":"","meta":{"footnotes":""},"class_list":["post-19122","page","type-page","status-publish","has-post-thumbnail","hentry"],"_links":{"self":[{"href":"https:\/\/bonfimnoticias.com.br\/es\/wp-json\/wp\/v2\/pages\/19122","targetHints":{"allow":["GET"]}}],"collection":[{"href":"https:\/\/bonfimnoticias.com.br\/es\/wp-json\/wp\/v2\/pages"}],"about":[{"href":"https:\/\/bonfimnoticias.com.br\/es\/wp-json\/wp\/v2\/types\/page"}],"author":[{"embeddable":true,"href":"https:\/\/bonfimnoticias.com.br\/es\/wp-json\/wp\/v2\/users\/24"}],"replies":[{"embeddable":true,"href":"https:\/\/bonfimnoticias.com.br\/es\/wp-json\/wp\/v2\/comments?post=19122"}],"version-history":[{"count":2,"href":"https:\/\/bonfimnoticias.com.br\/es\/wp-json\/wp\/v2\/pages\/19122\/revisions"}],"predecessor-version":[{"id":19126,"href":"https:\/\/bonfimnoticias.com.br\/es\/wp-json\/wp\/v2\/pages\/19122\/revisions\/19126"}],"wp:featuredmedia":[{"embeddable":true,"href":"https:\/\/bonfimnoticias.com.br\/es\/wp-json\/wp\/v2\/media\/19123"}],"wp:attachment":[{"href":"https:\/\/bonfimnoticias.com.br\/es\/wp-json\/wp\/v2\/media?parent=19122"}],"curies":[{"name":"wp","href":"https:\/\/api.w.org\/{rel}","templated":true}]}}