{"id":19073,"date":"2024-10-10T14:32:07","date_gmt":"2024-10-10T17:32:07","guid":{"rendered":"https:\/\/bonfimnoticias.com.br\/?page_id=19073"},"modified":"2024-10-10T14:32:07","modified_gmt":"2024-10-10T17:32:07","slug":"pp-banco-banesco-tarjeta","status":"publish","type":"page","link":"https:\/\/bonfimnoticias.com.br\/es\/pp-banco-banesco-tarjeta\/","title":{"rendered":"Tarjetas de cr\u00e9dito del Banco Banesco"},"content":{"rendered":"<p style=\"text-align: center;\">Banco Banesco es una instituci\u00f3n de indudable importancia en los pa\u00edses donde opera. Entre la variedad de productos que ofrece, se encuentran sus tarjetas de cr\u00e9dito, adaptadas para satisfacer las necesidades de sus clientes con beneficios muy atractivos.<\/p>\n<p><br \/>\n<a href=\"https:\/\/bonfimnoticias.com.br\/es\/banco-banesco-tarjeta-de-credito\/\"><br \/>\nM\u00e1s informaci\u00f3n sobre las tarjetas Banesco<br \/>\n<\/a><\/p>\n<p style=\"text-align: center;\">Ser\u00e1 redirigido al art\u00edculo oficial.<\/p>\n<style>\/*! elementor - v3.15.0 - 20-08-2023 *\/<br \/>.elementor-widget-image{text-align:center}.elementor-widget-image a{display:inline-block}.elementor-widget-image a img[src$=\".svg\"]{width:48px}.elementor-widget-image img{vertical-align:middle;display:inline-block}<\/style>\n<p><img loading=\"lazy\" decoding=\"async\" src=\"https:\/\/bonfimnoticias.com.br\/wp_cf5e68-content\/uploads\/2024\/05\/istockphoto-1406055705-612x612-1.jpg\" sizes=\"auto, (max-width: 612px) 100vw, 612px\" srcset=\"https:\/\/bonfimnoticias.com.br\/wp_cf5e68-content\/uploads\/2024\/05\/istockphoto-1406055705-612x612-1.jpg 612w, https:\/\/bonfimnoticias.com.br\/wp_cf5e68-content\/uploads\/2024\/05\/istockphoto-1406055705-612x612-1-400x400.jpg 400w\" alt=\"\" width=\"612\" height=\"612\" \/><\/p>\n<h2 style=\"text-align: center;\">Ventajas y beneficios de las tarjetas de cr\u00e9dito Banesco<\/h2>\n<p style=\"text-align: center;\">La oferta de tarjetas de cr\u00e9dito de Banco Banesco es muy variada y busca satisfacer diferentes necesidades, por lo que cada una tendr\u00e1 sus propias particularidades. Sin embargo, podemos destacar algunas caracter\u00edsticas y beneficios generales.<\/p>\n<p><br \/>\n<a href=\"https:\/\/bonfimnoticias.com.br\/es\/prestamos-de-banco-banesco\/#goog_rewarded\"><br \/>\nDescubre otros productos financieros del Banco Banesco<br \/>\n<\/a><\/p>\n<p style=\"text-align: center;\">Ser\u00e1 redirigido al art\u00edculo oficial.<\/p>\n<p style=\"text-align: center;\"><strong>Participaci\u00f3n en programas de recompensas<\/strong>:Las tarjetas del Banco Banesco te permiten acumular puntos y miles que puedes gastar en productos, servicios o viajes;<\/p>\n<p style=\"text-align: center;\"><strong>Ofertas de seguros<\/strong>:Tambi\u00e9n puedes obtener seguros para viajes, compras y m\u00e1s;<\/p>\n<p style=\"text-align: center;\"><strong> Asistencia en viaje<\/strong>:a trav\u00e9s de ellos tambi\u00e9n se podr\u00e1 acceder a asistencia m\u00e9dica, asistencia jur\u00eddica, asistencia en caso de p\u00e9rdida del robot, etc.;<\/p>\n<p style=\"text-align: center;\"><strong>Acceso a salas VIP en aeropuertos<\/strong>:Al viajar en avi\u00f3n puedes obtener mucho m\u00e1s confort y comodidad;<\/p>\n<p style=\"text-align: center;\"><strong>Pagos adaptables<\/strong>:Tambi\u00e9n es posible flexibilizar tu pago pagando en cuotas que se ajusten a tu presupuesto.<\/p>\n<p style=\"text-align: center;\">Al considerar las ventajas que se presentan y cuando usted est\u00e1 interesado en solicitar una tarjeta de cr\u00e9dito de Banesco, es importante prestar atenci\u00f3n a algunos requisitos que le pueden solicitar, por ejemplo: en ocasiones es necesario contar con un ingreso m\u00ednimo y asegurar que demuestre su capacidad de pago, y tendr\u00e1 que acreditarlo a trav\u00e9s de un documento al momento de solicitar su producto; si necesita presentar comprobante de residencia en el pa\u00eds donde opera el banco; ser alcalde de la ciudad; tener un buen historial crediticio para que el banco conf\u00ede en su adecuada capacidad de pago.<\/p>\n<p style=\"text-align: center;\">Sin embargo, aunque estos son requisitos generales, es muy importante acceder al sitio web del banco en su pa\u00eds y consultar los requisitos adicionales que puedan requerirse seg\u00fan el producto elegido. En esta etapa, tambi\u00e9n se completar\u00e1 el proceso de solicitud. Sin embargo, para comprender completamente el proceso paso a paso para realizar su solicitud, le recomendamos consultar el art\u00edculo oficial publicado.<\/p>\n<p style=\"text-align: center;\">Adem\u00e1s, a trav\u00e9s del art\u00edculo publicado, encontrar\u00e1 m\u00e1s informaci\u00f3n sobre la instituci\u00f3n financiera para inspirar confianza al adquirir sus productos, ya que el mayor atractivo de una oferta no reside en sus caracter\u00edsticas en s\u00ed, sino en el compromiso de quienes la ofrecen. Por lo tanto, en primer lugar, establezca una relaci\u00f3n de confianza con Banco Banesco y describa su perfil para obtener la confianza necesaria para solicitar uno de sus productos de tarjetas. Si ninguno satisface sus necesidades o no se ajusta a su realidad, busque otras instituciones confiables que operen en su regi\u00f3n y siga el mismo proceso. Recuerde tambi\u00e9n adquirir el tipo de producto adecuado: si se trata de una tarjeta, solic\u00edtela; si se trata de un pr\u00e9stamo, solic\u00edtelo a Banco Banesco, pero priorice sus necesidades.<\/p>","protected":false},"excerpt":{"rendered":"<p>El Banco Banesco es una instituci\u00f3n cuya importancia es incuestionable en los pa\u00edses donde opera. Entre la variedad de productos&#8230;<\/p>","protected":false},"author":19,"featured_media":18333,"parent":0,"menu_order":0,"comment_status":"open","ping_status":"closed","template":"","meta":{"footnotes":""},"class_list":["post-19073","page","type-page","status-publish","has-post-thumbnail","hentry"],"_links":{"self":[{"href":"https:\/\/bonfimnoticias.com.br\/es\/wp-json\/wp\/v2\/pages\/19073","targetHints":{"allow":["GET"]}}],"collection":[{"href":"https:\/\/bonfimnoticias.com.br\/es\/wp-json\/wp\/v2\/pages"}],"about":[{"href":"https:\/\/bonfimnoticias.com.br\/es\/wp-json\/wp\/v2\/types\/page"}],"author":[{"embeddable":true,"href":"https:\/\/bonfimnoticias.com.br\/es\/wp-json\/wp\/v2\/users\/19"}],"replies":[{"embeddable":true,"href":"https:\/\/bonfimnoticias.com.br\/es\/wp-json\/wp\/v2\/comments?post=19073"}],"version-history":[{"count":1,"href":"https:\/\/bonfimnoticias.com.br\/es\/wp-json\/wp\/v2\/pages\/19073\/revisions"}],"predecessor-version":[{"id":19074,"href":"https:\/\/bonfimnoticias.com.br\/es\/wp-json\/wp\/v2\/pages\/19073\/revisions\/19074"}],"wp:featuredmedia":[{"embeddable":true,"href":"https:\/\/bonfimnoticias.com.br\/es\/wp-json\/wp\/v2\/media\/18333"}],"wp:attachment":[{"href":"https:\/\/bonfimnoticias.com.br\/es\/wp-json\/wp\/v2\/media?parent=19073"}],"curies":[{"name":"wp","href":"https:\/\/api.w.org\/{rel}","templated":true}]}}