{"id":18906,"date":"2024-08-26T21:15:16","date_gmt":"2024-08-27T00:15:16","guid":{"rendered":"https:\/\/bonfimnoticias.com.br\/?page_id=18906"},"modified":"2024-08-27T10:36:49","modified_gmt":"2024-08-27T13:36:49","slug":"tarjetas-itau","status":"publish","type":"page","link":"https:\/\/bonfimnoticias.com.br\/es\/tarjetas-itau\/","title":{"rendered":"Tarjetas Ita\u00fa"},"content":{"rendered":"<style>\/*! elementor - v3.15.0 - 20-08-2023 *\/\n.elementor-heading-title{padding:0;margin:0;line-height:1}.elementor-widget-heading .elementor-heading-title[class*=elementor-size-]>a{color:inherit;font-size:inherit;line-height:inherit}.elementor-widget-heading .elementor-heading-title.elementor-size-small{font-size:15px}.elementor-widget-heading .elementor-heading-title.elementor-size-medium{font-size:19px}.elementor-widget-heading .elementor-heading-title.elementor-size-large{font-size:29px}.elementor-widget-heading .elementor-heading-title.elementor-size-xl{font-size:39px}.elementor-widget-heading .elementor-heading-title.elementor-size-xxl{font-size:59px}<\/style>\n<h2>Tarjetas Ita\u00fa<\/h2>\n<p style=\"text-align: center;\">Las tarjetas Ita\u00fa ofrecen incre\u00edbles opciones de cr\u00e9dito adaptadas a todos los perfiles de clientes. Son oportunidades muy ventajosas, con diversos beneficios, adem\u00e1s de ser una oferta de una de las instituciones financieras l\u00edderes en Latinoam\u00e9rica. Sin embargo, hoy nos centraremos en tres oportunidades de tarjetas. A continuaci\u00f3n, descubra las ventajas generales de estos tres productos en conjunto.<\/p>\n<h2>Los beneficios de las tarjetas Ita\u00fa <\/h2>\n<ul>\n<li style=\"text-align: center;\"><strong>Acceso a diversos descuentos:<\/strong> Los titulares de la tarjeta Ita\u00fa tienen derecho a descuentos en entregas, combustible y restaurantes;<\/li>\n<li style=\"text-align: center;\"><strong>Acceso a salas VIP:<\/strong> Para quienes disfrutan y tienen el h\u00e1bito de viajar, las tarjetas Ita\u00fa ofrecen acceso a salas VIP de aeropuertos y tarifas preferenciales;<\/li>\n<li style=\"text-align: center;\"><strong> Financiaci\u00f3n conveniente:<\/strong> con ellos es posible financiar tus compras subastando 48 acciones sin intereses;<\/li>\n<li style=\"text-align: center;\"><strong>Posibilidad de adelanto efectivo:<\/strong> podr\u00e1s obtener ahorros reales a partir de un determinado porcentaje de tu cr\u00e9dito tanto a nivel nacional como internacional;<\/li>\n<li style=\"text-align: center;\"><strong>Soporte disponible las 24 horas del d\u00eda:<\/strong> La marca Mastercard ofrece soporte y atenci\u00f3n a sus clientes las 24 horas;<\/li>\n<li style=\"text-align: center;\"><strong>Programas de fidelizaci\u00f3n:<\/strong> Podr\u00e1s participar en programas de fidelizaci\u00f3n, obtener puntos y canjearlos por beneficios;<\/li>\n<li style=\"text-align: center;\"><strong> Gesti\u00f3n f\u00e1cil y online:<\/strong> A trav\u00e9s de los canales digitales del banco podr\u00e1s gestionar todos los gastos de tus tarjetas de forma muy c\u00f3moda;<\/li>\n<li style=\"text-align: center;\"><strong> Exenci\u00f3n de impuestos:<\/strong> Durante los primeros periodos de facturaci\u00f3n tendr\u00e1s una tarifa completamente gratuita.<\/li>\n<\/ul>\n<h2>\u00bfCu\u00e1l es la tarjeta Ita\u00fa m\u00e1s adecuada para ti?<br \/>\n<\/h2>\n<style>\/*! elementor - v3.15.0 - 20-08-2023 *\/\n.elementor-widget-image{text-align:center}.elementor-widget-image a{display:inline-block}.elementor-widget-image a img[src$=\".svg\"]{width:48px}.elementor-widget-image img{vertical-align:middle;display:inline-block}<\/style>\n<p>\t\t\t\t\t\t\t\t\t\t\t\t<img decoding=\"async\" width=\"700\" height=\"700\" src=\"https:\/\/bonfimnoticias.com.br\/wp_cf5e68-content\/uploads\/2024\/08\/i640293.webp\" alt=\"\" loading=\"lazy\" srcset=\"https:\/\/bonfimnoticias.com.br\/wp_cf5e68-content\/uploads\/2024\/08\/i640293.webp 700w, https:\/\/bonfimnoticias.com.br\/wp_cf5e68-content\/uploads\/2024\/08\/i640293-400x400.webp 400w\" sizes=\"auto, (max-width: 700px) 100vw, 700px\" \/><br \/>\n\t\t\t<a href=\"https:\/\/bonfimnoticias.com.br\/es\/tarjetas-itau-america-latina\/\"><br \/>\n\t\t\t\t\t\tElige lo que m\u00e1s te convenga<br \/>\n\t\t\t\t\t<\/a><br \/>\n\t\t\t<a href=\"https:\/\/bonfimnoticias.com.br\/es\/tarjetas-itau-america-latina\/\"><br \/>\n\t\t\t\t\t\tBeneficios a tu alcance<br \/>\n\t\t\t\t\t<\/a><br \/>\n\t\t\t<a href=\"https:\/\/bonfimnoticias.com.br\/es\/tarjetas-itau-america-latina\/\"><br \/>\n\t\t\t\t\t\tElige el mejor cierre para pagar<br \/>\n\t\t\t\t\t<\/a><\/p>\n<ul>\n<li style=\"text-align: center;\"><strong>Tarjeta Mastercard Oro Ita\u00fa de Chile:<\/strong> Esta opci\u00f3n de tarjeta de cr\u00e9dito ofrece varios beneficios de Mastercard, como descuentos en entregas, combustible, restaurantes, acceso a salas VIP en aeropuertos y mucho m\u00e1s. Adem\u00e1s, permite financiamiento de hasta 48 cuotas sin intereses en compras nacionales y el titular tiene derecho a asistencia las 24 horas. Sin embargo, se requiere un requisito espec\u00edfico y, para verificarlo, se recomienda consultar el art\u00edculo oficial.<\/li>\n<li style=\"text-align: center;\"><strong>Tarjeta Ita\u00fa Mastercard Gold Colombia:<\/strong> Esta es la misma oferta de la tarjeta Ita\u00fa, pero esta vez en Colombia. Con este producto, el cliente obtiene un l\u00edmite de cr\u00e9dito de hasta $7.999.999, sin comisi\u00f3n de mantenimiento durante los primeros per\u00edodos de facturaci\u00f3n. Adem\u00e1s, puede obtener un aumento m\u00e1ximo en el l\u00edmite de la 50%, participar en programas para acumular puntos y obtener beneficios, y realizar una gesti\u00f3n completamente digital. Sus cuotas pueden ser de hasta 36 meses para compras nacionales y 24 para compras internacionales. Puede acceder a otros beneficios y asistencia gracias a la marca.<\/li>\n<li style=\"text-align: center;\"><strong>Tarjeta Ita\u00fa LATAM Pass Uruguay:<\/strong> Esta opci\u00f3n de tarjeta de cr\u00e9dito se divide en 4 productos: regional, internacional, Platinum y Pass Infinite. Cada uno tiene sus propias caracter\u00edsticas y beneficios.<\/li>\n<\/ul>\n<p>Estas son opciones muy atractivas, sobre las que puede obtener mucha m\u00e1s informaci\u00f3n en el art\u00edculo oficial. El m\u00e9todo de solicitud y los requisitos tambi\u00e9n se mencionar\u00e1n all\u00ed. Acceda, consulte y solicite el producto ideal para su tarjeta de cr\u00e9dito. Recuerde que si ninguna de estas ofertas le convence, puede consultar las dem\u00e1s opciones que presentamos aqu\u00ed. \u00a1La vida financiera depende de la investigaci\u00f3n y de mucha informaci\u00f3n!<\/p>\n<p>\t\t\t<a href=\"https:\/\/bonfimnoticias.com.br\/es\/\"><br \/>\n\t\t\t\t\t\tTe podr\u00eda interesar<br \/>\n\t\t\t\t\t<\/a><\/p>","protected":false},"excerpt":{"rendered":"<p>Tarjetas Ita\u00fa Las tarjetas Ita\u00fa son incre\u00edbles opciones de cr\u00e9dito adaptadas para todos los perfiles de clientes. Se trata de&#8230;<\/p>","protected":false},"author":24,"featured_media":18907,"parent":0,"menu_order":0,"comment_status":"closed","ping_status":"closed","template":"","meta":{"footnotes":""},"class_list":["post-18906","page","type-page","status-publish","has-post-thumbnail","hentry"],"_links":{"self":[{"href":"https:\/\/bonfimnoticias.com.br\/es\/wp-json\/wp\/v2\/pages\/18906","targetHints":{"allow":["GET"]}}],"collection":[{"href":"https:\/\/bonfimnoticias.com.br\/es\/wp-json\/wp\/v2\/pages"}],"about":[{"href":"https:\/\/bonfimnoticias.com.br\/es\/wp-json\/wp\/v2\/types\/page"}],"author":[{"embeddable":true,"href":"https:\/\/bonfimnoticias.com.br\/es\/wp-json\/wp\/v2\/users\/24"}],"replies":[{"embeddable":true,"href":"https:\/\/bonfimnoticias.com.br\/es\/wp-json\/wp\/v2\/comments?post=18906"}],"version-history":[{"count":7,"href":"https:\/\/bonfimnoticias.com.br\/es\/wp-json\/wp\/v2\/pages\/18906\/revisions"}],"predecessor-version":[{"id":18917,"href":"https:\/\/bonfimnoticias.com.br\/es\/wp-json\/wp\/v2\/pages\/18906\/revisions\/18917"}],"wp:featuredmedia":[{"embeddable":true,"href":"https:\/\/bonfimnoticias.com.br\/es\/wp-json\/wp\/v2\/media\/18907"}],"wp:attachment":[{"href":"https:\/\/bonfimnoticias.com.br\/es\/wp-json\/wp\/v2\/media?parent=18906"}],"curies":[{"name":"wp","href":"https:\/\/api.w.org\/{rel}","templated":true}]}}