{"id":18752,"date":"2024-08-23T11:02:03","date_gmt":"2024-08-23T14:02:03","guid":{"rendered":"https:\/\/bonfimnoticias.com.br\/?page_id=18752"},"modified":"2024-08-26T12:41:51","modified_gmt":"2024-08-26T15:41:51","slug":"citibanamex-1-botao","status":"publish","type":"page","link":"https:\/\/bonfimnoticias.com.br\/es\/citibanamex-1-botao\/","title":{"rendered":"Citibanamex \u2013 LP"},"content":{"rendered":"<style>\/*! elementor - v3.15.0 - 20-08-2023 *\/\n.elementor-heading-title{padding:0;margin:0;line-height:1}.elementor-widget-heading .elementor-heading-title[class*=elementor-size-]>a{color:inherit;font-size:inherit;line-height:inherit}.elementor-widget-heading .elementor-heading-title.elementor-size-small{font-size:15px}.elementor-widget-heading .elementor-heading-title.elementor-size-medium{font-size:19px}.elementor-widget-heading .elementor-heading-title.elementor-size-large{font-size:29px}.elementor-widget-heading .elementor-heading-title.elementor-size-xl{font-size:39px}.elementor-widget-heading .elementor-heading-title.elementor-size-xxl{font-size:59px}<\/style>\n<h2>Tarjeta Citibanamex: Ventajas y opciones para los usuarios<\/h2>\n<p style=\"text-align: center;\">La tarjeta Citibanamex, reconocida por su solidez y trayectoria en el mercado mexicano, es una herramienta financiera que ofrece diversas opciones para satisfacer las necesidades de diferentes tipos de usuarios. Desde tarjetas b\u00e1sicas hasta opciones premium, Citibanamex ofrece beneficios adaptados al estilo de vida y las expectativas de cada cliente.<\/p>\n<style>\/*! elementor - v3.15.0 - 20-08-2023 *\/\n.elementor-widget-image{text-align:center}.elementor-widget-image a{display:inline-block}.elementor-widget-image a img[src$=\".svg\"]{width:48px}.elementor-widget-image img{vertical-align:middle;display:inline-block}<\/style>\n<p>\t\t\t\t\t\t\t\t\t\t\t\t<img decoding=\"async\" width=\"620\" height=\"467\" src=\"https:\/\/bonfimnoticias.com.br\/wp_cf5e68-content\/uploads\/2024\/08\/1-citibank.jpeg\" alt=\"\" loading=\"lazy\" \/>\t\t\t\t\t\t\t\t\t\t\t\t\t\t\t<\/p>\n<h2>Beneficios de las Tarjetas Citibanamex<br \/>\n<\/h2>\n<ul>\n<li>\n<p><strong>Meses sin intereses<\/strong>Uno de los principales atractivos de las tarjetas Citibanamex es la posibilidad de realizar compras mensuales sin intereses en una amplia red de comercios afiliados. Esto te permite financiar compras importantes sin preocuparte por tus intereses.<\/p>\n<\/li>\n<li>\n<p><strong>Programa de recompensas<\/strong>Dependiendo de la tarjeta, los usuarios pueden acumular puntos, incluyendo reembolsos por cada compra. Estos beneficios pueden utilizarse para comprar productos, viajes o incluso pagar parte de la comisi\u00f3n de la tarjeta.<\/p>\n<\/li>\n<li>\n<p><strong>Promociones exclusivas<\/strong>:Citibanamex lanza frecuentemente ofertas especiales para sus hu\u00e9spedes, como descuentos en viajes, prevenciones de conciertos y promociones en tiendas de moda y tecnolog\u00eda.<\/p>\n<\/li>\n<li>\n<p><strong>Seguridad y protecci\u00f3n<\/strong>Las tarjetas Citibanamex cuentan con tecnolog\u00eda de punta para proteger a los usuarios contra fraudes y transacciones no autorizadas. Adem\u00e1s, cuentan con seguro de protecci\u00f3n en caso de robo o p\u00e9rdida.<\/p>\n<\/li>\n<li style=\"text-align: center;\">\u00a0<\/li>\n<\/ul>\n<p style=\"text-align: center;\">Las tarjetas Citibanamex son una opci\u00f3n confiable y vers\u00e1til para los consumidores en M\u00e9xico. Con una amplia gama de productos, desde opciones b\u00e1sicas hasta tarjetas premium, Citibanamex se adapta a las necesidades financieras de sus clientes, ofreciendo beneficios que pueden marcar una gran diferencia en la gesti\u00f3n de sus finanzas personales. Ya sea que busque aprovechar promociones exclusivas, acumular recompensas o simplemente administrar sus gastos de forma m\u00e1s eficiente, Citibanamex tiene una tarjeta dise\u00f1ada para usted.<\/p>\n<p>\t\t\t<a href=\"https:\/\/bonfimnoticias.com.br\/es\/tarjeta-de-credito-citibanamex\/\"><br \/>\n\t\t\t\t\t\tDescubre m\u00e1s informaci\u00f3n aqu\u00ed<br \/>\n\t\t\t\t\t<\/a><\/p>","protected":false},"excerpt":{"rendered":"<p>Tarjeta Citibanamex: Ventajas y Opciones para los Usuarios La tarjeta Citibanamex, conocida por su solidez y trayectoria en el mercado&#8230;<\/p>","protected":false},"author":19,"featured_media":0,"parent":0,"menu_order":0,"comment_status":"closed","ping_status":"closed","template":"","meta":{"footnotes":""},"class_list":["post-18752","page","type-page","status-publish","hentry"],"_links":{"self":[{"href":"https:\/\/bonfimnoticias.com.br\/es\/wp-json\/wp\/v2\/pages\/18752","targetHints":{"allow":["GET"]}}],"collection":[{"href":"https:\/\/bonfimnoticias.com.br\/es\/wp-json\/wp\/v2\/pages"}],"about":[{"href":"https:\/\/bonfimnoticias.com.br\/es\/wp-json\/wp\/v2\/types\/page"}],"author":[{"embeddable":true,"href":"https:\/\/bonfimnoticias.com.br\/es\/wp-json\/wp\/v2\/users\/19"}],"replies":[{"embeddable":true,"href":"https:\/\/bonfimnoticias.com.br\/es\/wp-json\/wp\/v2\/comments?post=18752"}],"version-history":[{"count":11,"href":"https:\/\/bonfimnoticias.com.br\/es\/wp-json\/wp\/v2\/pages\/18752\/revisions"}],"predecessor-version":[{"id":18857,"href":"https:\/\/bonfimnoticias.com.br\/es\/wp-json\/wp\/v2\/pages\/18752\/revisions\/18857"}],"wp:attachment":[{"href":"https:\/\/bonfimnoticias.com.br\/es\/wp-json\/wp\/v2\/media?parent=18752"}],"curies":[{"name":"wp","href":"https:\/\/api.w.org\/{rel}","templated":true}]}}