{"id":18584,"date":"2024-08-08T15:12:45","date_gmt":"2024-08-08T18:12:45","guid":{"rendered":"https:\/\/bonfimnoticias.com.br\/?page_id=18584"},"modified":"2025-08-10T12:27:15","modified_gmt":"2025-08-10T15:27:15","slug":"cartao-atacadao-landing-page","status":"publish","type":"page","link":"https:\/\/bonfimnoticias.com.br\/es\/cartao-atacadao-landing-page\/","title":{"rendered":"Tarjeta Atacadao \u2013 Landing Page BR"},"content":{"rendered":"<p style=\"text-align: center;\">Todo mundo conhece a famosa empresa Carrefour, umas das l\u00edderes de venda em todo o Brasil devido a sua variedade de produtos e o grande avan\u00e7o operacional. No entanto, esse n\u00e3o \u00e9 o \u00fanico ramo em que atua o Grupo Carrefour, existe tamb\u00e9m a sua plataforma financeira desenvolvida chamada Carrefour Solu\u00e7\u00f5es, com incr\u00edveis ofertas em seguros, empr\u00e9stimos e cart\u00f5es de cr\u00e9dito, por exemplo o Cart\u00e3o Atacad\u00e3o. Vem conferir mais sobre ele abaixo!<\/p>\n<p><br \/>\n<a href=\"https:\/\/bonfimnoticias.com.br\/es\/cartao-atacadao-carrefour-solucoes\/#goog_rewarded\"><br \/>\nC\u00f3mo solicitar tu tarjeta Atacad\u00e3o<br \/>\n<\/a><\/p>\n<p style=\"text-align: center;\">Ser\u00e1s redirigido al art\u00edculo oficial.<\/p>\n<style>\/*! elementor - v3.15.0 - 20-08-2023 *\/<br \/>.elementor-widget-image{text-align:center}.elementor-widget-image a{display:inline-block}.elementor-widget-image a img[src$=\".svg\"]{width:48px}.elementor-widget-image img{vertical-align:middle;display:inline-block}<\/style>\n<p><img loading=\"lazy\" decoding=\"async\" src=\"https:\/\/bonfimnoticias.com.br\/wp_cf5e68-content\/uploads\/2024\/08\/atacadao_1_x_1400x788-1200x675-1-1024x576.jpg\" sizes=\"auto, (max-width: 1024px) 100vw, 1024px\" srcset=\"https:\/\/bonfimnoticias.com.br\/wp_cf5e68-content\/uploads\/2024\/08\/atacadao_1_x_1400x788-1200x675-1-1024x576.jpg 1024w, https:\/\/bonfimnoticias.com.br\/wp_cf5e68-content\/uploads\/2024\/08\/atacadao_1_x_1400x788-1200x675-1-800x450.jpg 800w, https:\/\/bonfimnoticias.com.br\/wp_cf5e68-content\/uploads\/2024\/08\/atacadao_1_x_1400x788-1200x675-1-768x432.jpg 768w, https:\/\/bonfimnoticias.com.br\/wp_cf5e68-content\/uploads\/2024\/08\/atacadao_1_x_1400x788-1200x675-1.jpg 1200w\" alt=\"\" width=\"1024\" height=\"576\" \/><\/p>\n<h2 style=\"text-align: center;\">Las caracter\u00edsticas y ventajas de la tarjeta Atacad\u00e3o.<\/h2>\n<p style=\"text-align: center;\">La tarjeta Atacad\u00e3o es, sin duda, el producto m\u00e1s ventajoso del mercado brasile\u00f1o para los clientes fieles de las tiendas Atacad\u00e3o. Este producto ofrece descuentos exclusivos en la mercanc\u00eda que se vende all\u00ed; cualquiera de estas tiendas la acepta; las opciones de pago son incre\u00edbles; puedes pagar en hasta 10 cuotas sin intereses en las farmacias del grupo; en las gasolineras Atacad\u00e3o tambi\u00e9n obtienes un plazo de pago m\u00e1s largo; en las terminales de sus tiendas, al pagar la factura, el saldo se libera r\u00e1pidamente; puedes solicitar hasta 4 tarjetas sin pagar nada; puedes elegir hasta 14 opciones de fecha de vencimiento; y tambi\u00e9n disfrutas de beneficios exclusivos de las marcas Visa y Mastercard.<\/p>\n<p><br \/>\n<a href=\"https:\/\/bonfimnoticias.com.br\/es\/cartao-consignado-bmg\/\"><br \/>\nDescubre la tarjeta de cr\u00e9dito n\u00f3mina BMG.<br \/>\n<\/a><\/p>\n<p style=\"text-align: center;\">Ser\u00e1s redirigido al art\u00edculo oficial.<\/p>\n<p style=\"text-align: center;\">Bueno, ahora en base a estas caracter\u00edsticas tenemos disponibles los siguientes beneficios:<\/p>\n<p style=\"text-align: center;\"><strong>Descuentos exclusivos solo para titulares de tarjetas.<\/strong>Esto es ideal para aquellos que les gusta comprar en las tiendas del grupo;<\/p>\n<p style=\"text-align: center;\"><strong>Plan de pago extendido<\/strong>:que ofrece una opci\u00f3n de pago s\u00faper conveniente para los titulares de tarjetas;<\/p>\n<p style=\"text-align: center;\"><strong> T\u00fa eliges tu fecha de parto.<\/strong>Entre las 14 opciones, tienes la libertad de elegir la que te parezca m\u00e1s ideal;<\/p>\n<p style=\"text-align: center;\"><strong>Programas de puntos, seguros y asistencia incluidos.<\/strong>Los beneficios de Mastercard y Visa incluyen todo eso.<\/p>\n<p style=\"text-align: center;\">Adem\u00e1s, quienes hayan recibido estos beneficios y deseen solicitar su tarjeta Atacad\u00e3o deben tener en cuenta que deben tener al menos 18 a\u00f1os de edad, no tener historial de cr\u00e9dito negativo ni deudas pendientes y tener todos sus documentos recientes de CPF (n\u00famero de identificaci\u00f3n fiscal brasile\u00f1o), RG (documento de identidad nacional brasile\u00f1o), comprobante de ingresos y comprobante de residencia.<\/p>\n<p style=\"text-align: center;\">Sin embargo, en cuanto al proceso de solicitud, solo encontrar\u00e1 una explicaci\u00f3n detallada en el art\u00edculo oficial. All\u00ed tambi\u00e9n encontrar\u00e1 un enlace al sitio web oficial donde podr\u00e1 resolver todas sus dudas. Adem\u00e1s, este art\u00edculo incluir\u00e1 una comparaci\u00f3n entre esta tarjeta y otra tarjeta ventajosa y muy popular del mercado. El objetivo es que analice las ventajas y eval\u00fae su atractivo en comparaci\u00f3n con otras opciones del mercado.<\/p>\n<p style=\"text-align: center;\">Por \u00faltimo, si no eres cliente habitual de Carrefour y estas ventajas no te han llamado la atenci\u00f3n, existen otros tipos de cr\u00e9dito que podr\u00edan satisfacer tus expectativas. Un ejemplo es la tarjeta de cr\u00e9dito n\u00f3mina BMG; aunque sus requisitos son un poco m\u00e1s estrictos, si cumples los requisitos, podr\u00e1s disfrutar de excelentes beneficios incluidos. No est\u00e1 de m\u00e1s comprobar si esta oferta podr\u00eda ser ideal para ti, ya que el mercado brasile\u00f1o ofrece much\u00edsimas buenas opciones.<\/p>","protected":false},"excerpt":{"rendered":"<p>Todo mundo conhece a famosa empresa Carrefour, umas das l\u00edderes de venda em todo o Brasil devido a sua variedade&#8230;<\/p>","protected":false},"author":24,"featured_media":18585,"parent":0,"menu_order":0,"comment_status":"open","ping_status":"closed","template":"","meta":{"footnotes":""},"class_list":["post-18584","page","type-page","status-publish","has-post-thumbnail","hentry"],"_links":{"self":[{"href":"https:\/\/bonfimnoticias.com.br\/es\/wp-json\/wp\/v2\/pages\/18584","targetHints":{"allow":["GET"]}}],"collection":[{"href":"https:\/\/bonfimnoticias.com.br\/es\/wp-json\/wp\/v2\/pages"}],"about":[{"href":"https:\/\/bonfimnoticias.com.br\/es\/wp-json\/wp\/v2\/types\/page"}],"author":[{"embeddable":true,"href":"https:\/\/bonfimnoticias.com.br\/es\/wp-json\/wp\/v2\/users\/24"}],"replies":[{"embeddable":true,"href":"https:\/\/bonfimnoticias.com.br\/es\/wp-json\/wp\/v2\/comments?post=18584"}],"version-history":[{"count":6,"href":"https:\/\/bonfimnoticias.com.br\/es\/wp-json\/wp\/v2\/pages\/18584\/revisions"}],"predecessor-version":[{"id":19864,"href":"https:\/\/bonfimnoticias.com.br\/es\/wp-json\/wp\/v2\/pages\/18584\/revisions\/19864"}],"wp:featuredmedia":[{"embeddable":true,"href":"https:\/\/bonfimnoticias.com.br\/es\/wp-json\/wp\/v2\/media\/18585"}],"wp:attachment":[{"href":"https:\/\/bonfimnoticias.com.br\/es\/wp-json\/wp\/v2\/media?parent=18584"}],"curies":[{"name":"wp","href":"https:\/\/api.w.org\/{rel}","templated":true}]}}